{"id":11167,"date":"2020-07-08T18:06:00","date_gmt":"2020-07-08T18:06:00","guid":{"rendered":"https:\/\/www.flagshipcompany.com\/?page_id=11167"},"modified":"2022-11-18T14:20:33","modified_gmt":"2022-11-18T19:20:33","slug":"nouveau-brunswick-services-messagerie","status":"publish","type":"page","link":"https:\/\/www.flagshipcompany.com\/fr\/nouveau-brunswick-services-messagerie\/","title":{"rendered":"Obtenez les meilleurs services de messagerie au Nouveau-Brunswick"},"content":{"rendered":"<div class=\"wpb-content-wrapper\"><p>[vc_row full_width=&#8221;stretch_row_content_no_spaces&#8221;][vc_column][vc_raw_html]JTNDZGl2JTIwY2xhc3MlM0QlMjJoZWFkZXItYm94LXJlbGF0aXZlJTIyJTNFJTBBJTBBJTNDZGl2JTIwY2xhc3MlM0QlMjJoZWFkZXItYm94LWJrZyUyMiUyMCUzRSUwQSUzQ2ltZyUyMHNyYyUzRCUyMiUyRmFwcCUyRnVwbG9hZHMlMkYyMDIwJTJGMDYlMkZGbGFnU2hpcC1iYW5uZXItTmV3LUJydW5zd2ljay5qcGclMjIlMjAlMkYlM0UlMEElM0MlMkZkaXYlM0UlMEElMEElM0NkaXYlMjBjbGFzcyUzRCUyMmhlYWRlci1jZW50ZXItdGV4dC1hYnNvbHV0ZTIlMjIlM0UlMEElM0NkaXYlMjBjbGFzcyUzRCUyMmhlYWRlci1jZW50ZXItdGV4dC1hYnNvbHV0ZTItaW5uZXIlMjIlM0UlMEElM0NoMSUzRU9idGVuZXolMjBsZXMlMjBtZWlsbGV1cnMlMjBzZXJ2aWNlcyUyMGRlJTIwbWVzc2FnZXJpZSUyMGF1JTIwTm91dmVhdS1CcnVuc3dpY2slM0Nmb250JTIwY2xhc3MlM0QlMjJsYXRvLW5vcm1hbCUyMiUzRSUzQyUyRmgxJTNFJTNDJTJGZGl2JTNFJTBBJTNDJTJGZGl2JTNFJTBBJTIwJTIwJTIwJTIwJTBBJTNDJTJGZGl2JTNF[\/vc_raw_html][\/vc_column][\/vc_row][vc_row css=&#8221;.vc_custom_1591976682546{margin-bottom: 0px !important;padding-top: 0px !important;}&#8221;][vc_column width=&#8221;1\/4&#8243; el_class=&#8221;.eip-r1-c1&#8243;][vc_single_image image=&#8221;10820&#8243; img_size=&#8221;full&#8221; alignment=&#8221;center&#8221;][vc_column_text]<\/p>\n<h2>Les exp\u00e9ditions vers et de le Nouveau-Brunswick sont faciles<\/h2>\n<p>[\/vc_column_text][\/vc_column][vc_column width=&#8221;3\/4&#8243; el_class=&#8221;.eip-r1-c2 .lato-light&#8221; css=&#8221;.vc_custom_1592315153172{margin-left: 30px !important;}&#8221;][vc_column_text el_class=&#8221;.lato-light&#8221;]<\/p>\n<p class=\"TranslationPanel_paragraph__D-ucz TranslationPanel_feedback-enabled__3NmpV\">\u00cates-vous une petite ou moyenne entreprise \u00e0 la recherche de services de messagerie rapides, abordables et fiables au Nouveau-Brunswick? En tant que l\u2019une des meilleures<a href=\"\/?page_id=2296\" target=\"_blank\" rel=\"noopener noreferrer\"> solutions d\u2019exp\u00e9dition \u00e0 rabais<\/a> au Canada, la solution d\u2019exp\u00e9dition en ligne de FlagShip facilite la comparaison des tarifs et des services exceptionnels de Purolator, UPS, FedEx, Canpar et DHL. Choisissez le service qui vous convient; traitez, g\u00e9rez et faites le suivi de vos envois \u2013 le tout au m\u00eame endroit!<\/p>\n<p class=\"TranslationPanel_paragraph__D-ucz TranslationPanel_feedback-enabled__3NmpV\">En cr\u00e9ant un compte gratuit avec FlagShip, vous avez acc\u00e8s aux meilleurs tarifs de messagerie en<a href=\"\/?page_id=6554\" target=\"_blank\" rel=\"noopener noreferrer\"> comparant instantan\u00e9ment<\/a> les prix des principaux messagers sans avoir \u00e0 chercher d&#8217;un site \u00e0 l&#8217;autre. FlagShip le fait pour vous \u2013 sur un seul \u00e9cran! \u202fDE PLUS, nous cr\u00e9ons aussi des \u00e9tiquettes d&#8217;exp\u00e9dition conformes pour chaque emballage, stockons les renseignements d&#8217;exp\u00e9dition cl\u00e9s pour une r\u00e9f\u00e9rence rapide et facile pour une utilisation ult\u00e9rieure et vous pouvez faire le suivi de vos exp\u00e9ditions. Inscrivez-vous GRATUITEMENT d\u00e8s aujourd&#8217;hui.<\/p>\n<p class=\"TranslationPanel_paragraph__D-ucz TranslationPanel_feedback-enabled__3NmpV\"><strong>Nous faisons de notre mieux pour vous aider \u00e0 \u00e9conomiser temps et argent sur les services d&#8217;exp\u00e9dition et de messagerie du Nouveau-Brunswick!<\/strong><\/p>\n<p>[\/vc_column_text][vc_raw_html]JTIwJTNDYSUyMGNsYXNzJTNEJTIyY3RhLWJ1dHRvbiUyMiUyMGhyZWYlM0QlMjJodHRwcyUzQSUyRiUyRnd3dy5mbGFnc2hpcGNvbXBhbnkuY29tJTJGZnIlMkZpbnNjcml2ZXotdm91cyUyRiUyMiUzRSUwQSUyMCUyMCUzQ3NwYW4lMjBjbGFzcyUzRCUyMmN0YS1idXR0b24taWNvbiUyMiUzRSUzQ2klMjBjbGFzcyUzRCUyMmZhcyUyMGZhLXRhZyUyMiUyMGFyaWEtaGlkZGVuJTNEJTIydHJ1ZSUyMiUzRSUzQyUyRmklM0UlM0MlMkZzcGFuJTNFJTBBJTIwJTIwJTNDc3BhbiUyMGNsYXNzJTNEJTIyY3RhLWJ1dHRvbi10ZXh0JTIyJTNFT0JURU5FWiUyMFVORSUyMFNPVU1JU1NJT04lM0MlMkZzcGFuJTNFJTBBJTIwJTNDJTJGYSUzRSUwQQ==[\/vc_raw_html][\/vc_column][\/vc_row][vc_row full_width=&#8221;stretch_row&#8221; el_class=&#8221;.eip-r2&#8243; css=&#8221;.vc_custom_1591976999658{margin-bottom: 0px !important;padding-bottom: 0px !important;background-color: #f6f7f9 !important;}&#8221;][vc_column width=&#8221;1\/4&#8243; el_class=&#8221;.eip-r2-c1&#8243;][vc_column_text]<\/p>\n<h2>Exp\u00e9dition \u00e0 rabais pour les exp\u00e9diteurs \u00e0 petit volume<\/h2>\n<p>[\/vc_column_text][\/vc_column][vc_column width=&#8221;3\/4&#8243; el_class=&#8221;.eip-r2-c2 .lato-light&#8221; css=&#8221;.vc_custom_1591802722702{margin-left: 30px !important;}&#8221;][vc_column_text el_class=&#8221;.lato-light&#8221;]Il n\u2019est pas facile d\u2019obtenir des rabais sur le volume lorsque vous \u00eates une petite ou moyenne entreprise. FlagShip travaille avec les plus grandes entreprises de messagerie pour n\u00e9gocier de meilleurs tarifs et nous vous faisons profiter des \u00e9conomies. Notre syst\u00e8me d\u2019exp\u00e9dition en ligne vous donne acc\u00e8s \u00e0 ces tarifs et \u00e0 ces \u00e9conomies en un seul endroit pour que vous puissiez faire votre exp\u00e9dition rapidement et facilement.<\/p>\n<p><span data-contrast=\"none\">FlagShip est l\u00e0 pour vous aider<\/span><span data-contrast=\"none\">:\u00a0<\/span><span data-ccp-props=\"{&quot;201341983&quot;:0,&quot;335559739&quot;:200,&quot;335559740&quot;:276}\">\u00a0<\/span><\/p>\n<ul>\n<li data-leveltext=\"\uf0b7\" data-font=\"Symbol\" data-listid=\"4\" data-aria-posinset=\"1\" data-aria-level=\"1\"><i><span data-contrast=\"none\">Nous sommes un revendeur autoris\u00e9 de services de messagerie de marques reconnues comme Purolator, UPS, FedEx, DHL et Canpar. Cela signifie que nous pouvons accorder des rabais importants sur le volume \u00e0 nos clients.\u00a0<\/span><\/i><\/li>\n<\/ul>\n<ul>\n<li data-leveltext=\"\uf0b7\" data-font=\"Symbol\" data-listid=\"4\" data-aria-posinset=\"1\" data-aria-level=\"1\"><i><span data-contrast=\"none\">Nous ne ramassons et ne livrons jamais de colis, nous offrons simplement des rabais et un moyen plus pratique pour nos clients de g\u00e9rer leurs besoins d\u2019exp\u00e9dition.\u00a0<\/span><\/i><\/li>\n<li data-leveltext=\"\uf0b7\" data-font=\"Symbol\" data-listid=\"4\" data-aria-posinset=\"2\" data-aria-level=\"1\"><i><span data-contrast=\"none\">Nous traitons directement avec les messagers. Si vous avez un probl\u00e8me, quel que soit le service de messagerie, vous appelez porte-\u00e9tendard et nous traitons avec les messagers en votre nom.<\/span><\/i><\/li>\n<li data-leveltext=\"\uf0b7\" data-font=\"Symbol\" data-listid=\"4\" data-aria-posinset=\"3\" data-aria-level=\"1\"><i><span data-contrast=\"none\">L\u2019exp\u00e9dition avec FlagShip est rapide, facile et peut vous faire \u00e9conomiser un ensemble.<\/span><\/i><\/li>\n<\/ul>\n<p>Nous offrons aux propri\u00e9taires de petites entreprises canadiennes des rabais d&#8217;exp\u00e9dition \u00e0 volume \u00e9lev\u00e9 pour les propri\u00e9taires d&#8217;entreprises d&#8217;exp\u00e9dition \u00e0 faible volume. Les clients FlagShip profitent de notre syst\u00e8me d&#8217;exp\u00e9dition en ligne facile \u00e0 utiliser, qui leur permet de magasiner pour le tarif et le service de livraison le moins cher parmi les principaux services de messagerie Purolator, UPS, FedEx, DHL et Canpar. <strong><a href=\"\/?page_id=2380\" target=\"_blank\" rel=\"noopener noreferrer\">Cr\u00e9ez votre compte FlagShip gratuit<\/a> en quelques secondes pour commencer \u00e0 \u00e9conomisez jusqu&#8217;\u00e0 70% sur \u00a0chaque exp\u00e9dition.<\/strong>[\/vc_column_text][\/vc_column][\/vc_row][vc_row full_width=&#8221;stretch_row&#8221; css=&#8221;.vc_custom_1591976994245{margin-top: 0px !important;padding-top: 0px !important;background-color: #f6f7f9 !important;}&#8221;][vc_column][vc_single_image image=&#8221;11049&#8243; img_size=&#8221;full&#8221;][\/vc_column][\/vc_row][vc_row full_width=&#8221;stretch_row&#8221; el_class=&#8221;.eip-r3&#8243; css=&#8221;.vc_custom_1592315735888{margin-top: 0px !important;margin-bottom: 0px !important;padding-top: 60px !important;padding-bottom: 40px !important;}&#8221;][vc_column width=&#8221;1\/2&#8243; el_class=&#8221;.eip-r3-c1 .lato-light&#8221; css=&#8221;.vc_custom_1591976740504{margin-bottom: 0px !important;padding-bottom: 0px !important;}&#8221;][vc_column_text el_class=&#8221;.lato-light&#8221;]<\/p>\n<h2><span style=\"color: #58595b !important;\">Exp\u00e9dition <span style=\"color: #0ca8e2 !important; font-weight: bold;\">\u00c0<\/span> Nouveau-Brunswick<\/span><\/h2>\n<p>Si votre entreprise est situ\u00e9e n\u2019importe o\u00f9 au Canada, FlagShip exp\u00e9diera rapidement les colis de votre entreprise en Nouveau-Brunswick et ce, \u00e0 un excellent tarif! Pour les petites et moyennes entreprises du pays, vous pouvez compter sur nous pour assurer la livraison \u00e0 ce march\u00e9 essentiel, que vous fassiez des exp\u00e9ditions une fois par mois ou 40 fois par semaine.[\/vc_column_text][vc_column_text el_class=&#8221;.lato-light&#8221;]<\/p>\n<h2><span style=\"color: #58595b !important;\">Exp\u00e9dition <span style=\"color: #0ca8e2 !important; font-weight: bold;\">DE<\/span> Nouveau-Brunswick<\/span><\/h2>\n<p>Il est si facile d\u2019exp\u00e9dier \u00e0 partir de le Nouveau-Brunswick, que vous ayez besoin de services de messagerie locaux, nationaux ou internationaux \u2013 nous couvrons tout, \u00e0 un tarif r\u00e9duit. Gr\u00e2ce \u00e0 nos partenariats avec des courriers renomm\u00e9s, nous offrons aux petites et moyennes entreprises les meilleurs tarifs d&#8217;exp\u00e9dition partout dans le monde.[\/vc_column_text][vc_raw_html]JTNDYSUyMGNsYXNzJTNEJTIyY3RhLWJ1dHRvbiUyMiUyMGhyZWYlM0QlMjJodHRwcyUzQSUyRiUyRnd3dy5mbGFnc2hpcGNvbXBhbnkuY29tJTJGZnIlMkZpbnNjcml2ZXotdm91cyUyRiUyMiUyMHN0eWxlJTNEJTIybWFyZ2luLWJvdHRvbSUzQTBweCUzQiUyMiUzRSUwQSUyMCUyMCUzQ3NwYW4lMjBjbGFzcyUzRCUyMmN0YS1idXR0b24taWNvbiUyMiUzRSUzQ2klMjBjbGFzcyUzRCUyMmZhcyUyMGZhLWFycm93LWNpcmNsZS1yaWdodCUyMiUyMGFyaWEtaGlkZGVuJTNEJTIydHJ1ZSUyMiUzRSUzQyUyRmklM0UlM0MlMkZzcGFuJTNFJTBBJTIwJTIwJTNDc3BhbiUyMGNsYXNzJTNEJTIyY3RhLWJ1dHRvbi10ZXh0JTIyJTNFQ09NTUVOQ0VaJTIwJUMzJTgwJTIwRVhQJUMzJTg5RElFUiUzQyUyRnNwYW4lM0UlMEElMjAlM0MlMkZhJTNFJTBBJTBB[\/vc_raw_html][\/vc_column][vc_column width=&#8221;1\/2&#8243; el_class=&#8221;.eip-r3-c1 .lato-light&#8221; css=&#8221;.vc_custom_1591976875081{margin-bottom: 0px !important;padding-bottom: 0px !important;}&#8221;][vc_single_image image=&#8221;10726&#8243; img_size=&#8221;full&#8221; alignment=&#8221;center&#8221;][\/vc_column][\/vc_row][vc_row full_width=&#8221;stretch_row&#8221; el_class=&#8221;.dsp-r4&#8243; css=&#8221;.vc_custom_1592406799039{margin-bottom: 0px !important;padding-top: 40px !important;padding-bottom: 0px !important;background-color: #09a8e1 !important;}&#8221;][vc_column width=&#8221;1\/2&#8243; css=&#8221;.vc_custom_1592405127456{margin-bottom: 0px !important;padding-bottom: 0px !important;}&#8221; el_class=&#8221;.dsp-r4-c1&#8243;][vc_single_image image=&#8221;16149&#8243; img_size=&#8221;&#8221; css=&#8221;.vc_custom_1668799232337{margin-bottom: 0px !important;padding-top: 0px !important;padding-bottom: 0px !important;}&#8221;][vc_column_text]<\/p>\n<h2 class=\"whitesubhead\">Plus qu&#8217;un calculateur de co\u00fbt d&#8217;exp\u00e9dition<\/h2>\n<p>En tant que leader de services de messagerie du Nouveau-Brunswick, nous offrons plus que les meilleurs tarifs d&#8217;exp\u00e9dition pour les grandes entreprises de messagerie. FlagShip s&#8217;engage \u00e0 aider les petites et moyennes entreprises \u00e0 prosp\u00e9rer en \u00e9liminant les incertitudes li\u00e9es \u00e0 l&#8217;exp\u00e9dition au Nouveau-Brunswick et en provenance.[\/vc_column_text][\/vc_column][vc_column width=&#8221;1\/2&#8243; css=&#8221;.vc_custom_1592405162573{padding-top: 80px !important;padding-bottom: 0px !important;}&#8221; el_class=&#8221;.dsp-r4-c2&#8243;][vc_column_text]\u00c9CONOMISEZ DU TEMPS : le syst\u00e8me d\u2019exp\u00e9dition en ligne de FlagShip est le seul calculateur de co\u00fbt d\u2019exp\u00e9dition dont vous avez besoin \u2013 entrez les d\u00e9tails de votre envoi et voyez les tarifs et services d\u2019exp\u00e9dition des principales entreprises de messagerie comme Purolator, UPS, FedEx, DHL et Canpar \u2013 le tout au m\u00eame endroit, sur un seul \u00e9cran. <a href=\"\/?page_id=2286\" target=\"_blank\" rel=\"noopener noreferrer\">Cliquez ici pour voir comment \u00e7a fonctionne<\/a>!<\/p>\n<p>\u00c9CONOMISEZ : avec de nouvelles entreprises en d\u00e9marrage et de petites entreprises, il est difficile d\u2019obtenir des rabais d\u2019exp\u00e9dition, car la plupart des entreprises de messagerie exigent un volume d\u2019exp\u00e9dition important avant d\u2019avoir acc\u00e8s \u00e0 de meilleurs rabais. L&#8217;avantage de l&#8217;exp\u00e9dition avec FlagShip est que vous obtenez 15 ans de rabais sur volume \u00e9tablis sans avoir \u00e0 garantir le volume ou \u00e0 signer des ententes. Il n&#8217;y a aucuns frais de service hebdomadaires, aucuns frais mensuels et aucun renouvellement d&#8217;abonnement annuel. <a href=\"\/?page_id=2380\" target=\"_blank\" rel=\"noopener noreferrer\">Inscrivez-vous d\u00e8s maintenant<\/a> et commencez \u00e0 \u00e9conomiser d\u00e8s aujourd&#8217;hui!<\/p>\n<p>AVANTAGES SUPPL\u00c9MENTAIRES : avec FlagShip, non seulement vous gagnez du temps et de l\u2019argent, mais vous profitez aussi de la meilleure \u00e9quipe de soutien \u00e0 la client\u00e8le qui soit pour vous et vos clients. Il n\u2019y a qu\u2019un seul num\u00e9ro de t\u00e9l\u00e9phone \u00e0 composer, une facture consolid\u00e9e, un service \u00e0 la client\u00e8le en direct (m\u00eame apr\u00e8s les heures d\u2019ouverture!), la derni\u00e8re innovation technologique, 15 ans de service \u00e9prouv\u00e9 et FlagShip ont \u00e9t\u00e9 class\u00e9s dans la liste de croissance des entreprises canadiennes 500 parmi les entreprises les plus florissantes du pays depuis 2012.[\/vc_column_text][\/vc_column][\/vc_row][vc_row el_class=&#8221;.eip-r5 .lato-light&#8221; css=&#8221;.vc_custom_1591976938440{padding-top: 40px !important;}&#8221;][vc_column width=&#8221;1\/3&#8243; el_class=&#8221;.eip-r5-c1&#8243;][vc_single_image image=&#8221;6453&#8243; img_size=&#8221;&#8221; onclick=&#8221;custom_link&#8221; link=&#8221;https:\/\/www.flagshipcompany.com\/fr\/prix-reduits\/&#8221; css=&#8221;.vc_custom_1594231085763{margin-left: -10px !important;}&#8221;][vc_column_text el_class=&#8221;.lato-light&#8221;]<\/p>\n<h2 style=\"color: #0ca8e2 !important;\"><a href=\"\/?page_id=6802\">Service de messagerie rabais <\/a><\/h2>\n<p>Obtenez les meilleurs tarifs aupr\u00e8s des plus grands fournisseurs de services de messagerie, que ce soit pour l&#8217;exp\u00e9dition au Nouveau-Brunswick, de n&#8217;importe o\u00f9 au Canada, ou pour l&#8217;exp\u00e9dition de Nouveau-Brunswick \u00e0 l&#8217;\u00e9tranger. [\/vc_column_text][\/vc_column][vc_column width=&#8221;1\/3&#8243; el_class=&#8221;.eip-r5-c2&#8243;][vc_single_image image=&#8221;6772&#8243; img_size=&#8221;&#8221; onclick=&#8221;custom_link&#8221; css=&#8221;.vc_custom_1594231101395{margin-left: -10px !important;}&#8221; link=&#8221;https:\/\/www.flagshipcompany.com\/fr\/services-dexpedition-internationaux\/&#8221;][vc_column_text el_class=&#8221;.lato-light&#8221;]<\/p>\n<h2><a href=\"\/?page_id=6541\">Exp\u00e9dition internationale <\/a><\/h2>\n<p>FlagShip vous offre une exp\u00e9dition pratique et peu co\u00fbteuse de Nouveau-Brunswick \u00e0 n&#8217;importe o\u00f9 dans le monde! C\u2019est un excellent moyen pour les petites et moyennes entreprises de profiter des prix sur les gros volumes de rabais! [\/vc_column_text][\/vc_column][vc_column width=&#8221;1\/3&#8243; el_class=&#8221;.eip-r5-c3&#8243;][vc_single_image image=&#8221;10178&#8243; img_size=&#8221;&#8221; onclick=&#8221;custom_link&#8221; css=&#8221;.vc_custom_1594231147848{margin-left: -10px !important;}&#8221; link=&#8221;https:\/\/www.flagshipcompany.com\/fr\/integration-ecommerce\/&#8221;][vc_column_text el_class=&#8221;.lato-light&#8221;]<\/p>\n<h2><a href=\"\/?page_id=7435\">Int\u00e9gration du commerce \u00e9lectronique <\/a><\/h2>\n<p>Pour votre boutique en ligne, livrer des marchandises \u00e0 destination et en provenance de Nouveau-Brunswick est facile avec les solutions d\u2019exp\u00e9dition simplifi\u00e9es de FlagShip pour le commerce \u00e9lectronique. D\u00e9couvrez comment vous pouvez am\u00e9liorer l&#8217;exp\u00e9rience de votre client d\u00e8s maintenant. [\/vc_column_text][\/vc_column][\/vc_row][vc_row full_width=&#8221;stretch_row&#8221; css=&#8221;.vc_custom_1592315663465{margin-top: 0px !important;padding-top: 0px !important;padding-bottom: 20px !important;}&#8221; el_class=&#8221;.eip-r6&#8243;][vc_column width=&#8221;1\/3&#8243;][\/vc_column][vc_column width=&#8221;1\/3&#8243;][vc_raw_html]JTNDZGl2JTIwc3R5bGUlM0QlMjJkaXNwbGF5JTNBYmxvY2slM0IlMjB3aWR0aCUzQTM0MHB4JTNCJTIwbWFyZ2luJTNBJTIwMCUyMGF1dG8lM0IlMjB0ZXh0LWFsaWduJTNBJTIwY2VudGVyJTNCJTIyJTNFJTBBJTNDYSUyMGNsYXNzJTNEJTIyY3RhLWJ1dHRvbiUyMiUyMGhyZWYlM0QlMjJodHRwcyUzQSUyRiUyRnd3dy5mbGFnc2hpcGNvbXBhbnkuY29tJTJGZnIlMkZpbnNjcml2ZXotdm91cyUyRiUyMiUzRSUwQSUyMCUyMCUzQ3NwYW4lMjBjbGFzcyUzRCUyMmN0YS1idXR0b24taWNvbiUyMiUzRSUzQ2klMjBjbGFzcyUzRCUyMmZhcyUyMGZhLWFycm93LWNpcmNsZS1yaWdodCUyMiUyMGFyaWEtaGlkZGVuJTNEJTIydHJ1ZSUyMiUzRSUzQyUyRmklM0UlM0MlMkZzcGFuJTNFJTBBJTIwJTIwJTNDc3BhbiUyMGNsYXNzJTNEJTIyY3RhLWJ1dHRvbi10ZXh0JTIyJTNFT0JURU5FWiUyMFVOJTIwQ09NUFRFJTNDJTJGc3BhbiUzRSUwQSUyMCUzQyUyRmElM0UlMEElM0MlMkZkaXYlM0UlMEE=[\/vc_raw_html][\/vc_column][vc_column width=&#8221;1\/3&#8243;][\/vc_column][\/vc_row][vc_row full_width=&#8221;stretch_row&#8221; el_class=&#8221;.hp-r9&#8243; css=&#8221;.vc_custom_1591882700928{padding-top: 60px !important;padding-right: 20px !important;padding-left: 20px !important;background-color: #09a8e1 !important;}&#8221;][vc_column width=&#8221;1\/6&#8243; el_class=&#8221;.hp-r9-c1&#8243;][\/vc_column][vc_column width=&#8221;2\/3&#8243;][vc_single_image image=&#8221;10314&#8243; img_size=&#8221;160&#215;118&#8243; alignment=&#8221;center&#8221;][vc_raw_html]JTNDZGl2JTIwY2xhc3MlM0QlMjJkc3AtcjMtc3ViLXRpdGxlJTIyJTNFJTIwQXBwcmVuZXotZW4lMjBkYXZhbnRhZ2UlMjBzdXIlMjBsZXMlMjBzZXJ2aWNlcyUyMGQlMjdleHAlQzMlQTlkaXRpb24lMjBkdSUyMG5vdXZlYXUtQnJ1bnN3aWNrJTIwZXQlMjBzdXIlMjBsYSUyMGZhJUMzJUE3b24lMjBkb250JTIwbm91cyUyMHBvdXZvbnMlMjB2b3VzJTIwYWlkZXIlMjAlQzMlQTAlMjAlQzMlQTljb25vbWlzZXIlMjBkZSUyMGwlMjdhcmdlbnQlMjBsb3JzcXVlJTIwdm91cyUyMGV4cCVDMyVBOWRpZXolMjBkZXMlMjBhcnRpY2xlcyUyMGRhbnMlMjBsZXMlMjB2aWxsZXMlMjBzdWl2YW50ZXMlMjAlM0ElMjAlM0MlMkZkaXYlM0U=[\/vc_raw_html][vc_separator color=&#8221;white&#8221; el_width=&#8221;80&#8243;][vc_raw_html]JTNDZGl2JTIwY2xhc3MlM0QlMjJocC1yOS1jMS10aXRsZTIlMjIlMjBzdHlsZSUzRCUyMmZvbnQtc2l6ZSUzQSUyMDExMCUyNSUzQiUyMHRleHQtYWxpZ24lM0ElMjBjZW50ZXIlM0IlMjB0cmFucyUyMiUzRSUyMEZyZWRlcmljdG9uJTIwJTIwJTdDJTIwJTIwU3QuJTIwSm9obiUzQyUyRmRpdiUzRQ==[\/vc_raw_html][\/vc_column][vc_column width=&#8221;1\/6&#8243;][\/vc_column][\/vc_row][vc_row][vc_column][\/vc_column][\/vc_row]<\/p>\n<\/div>","protected":false},"excerpt":{"rendered":"<p>[vc_row full_width=&#8221;stretch_row_content_no_spaces&#8221;][vc_column][vc_raw_html]JTNDZGl2JTIwY2xhc3MlM0QlMjJoZWFkZXItYm94LXJlbGF0aXZlJTIyJTNFJTBBJTBBJTNDZGl2JTIwY2xhc3MlM0QlMjJoZWFkZXItYm94LWJrZyUyMiUyMCUzRSUwQSUzQ2ltZyUyMHNyYyUzRCUyMiUyRmFwcCUyRnVwbG9hZHMlMkYyMDIwJTJGMDYlMkZGbGFnU2hpcC1iYW5uZXItTmV3LUJydW5zd2ljay5qcGclMjIlMjAlMkYlM0UlMEElM0MlMkZkaXYlM0UlMEElMEElM0NkaXYlMjBjbGFzcyUzRCUyMmhlYWRlci1jZW50ZXItdGV4dC1hYnNvbHV0ZTIlMjIlM0UlMEElM0NkaXYlMjBjbGFzcyUzRCUyMmhlYWRlci1jZW50ZXItdGV4dC1hYnNvbHV0ZTItaW5uZXIlMjIlM0UlMEElM0NoMSUzRU9idGVuZXolMjBsZXMlMjBtZWlsbGV1cnMlMjBzZXJ2aWNlcyUyMGRlJTIwbWVzc2FnZXJpZSUyMGF1JTIwTm91dmVhdS1CcnVuc3dpY2slM0Nmb250JTIwY2xhc3MlM0QlMjJsYXRvLW5vcm1hbCUyMiUzRSUzQyUyRmgxJTNFJTNDJTJGZGl2JTNFJTBBJTNDJTJGZGl2JTNFJTBBJTIwJTIwJTIwJTIwJTBBJTNDJTJGZGl2JTNF[\/vc_raw_html][\/vc_column][\/vc_row][vc_row css=&#8221;.vc_custom_1591976682546{margin-bottom: 0px !important;padding-top: 0px !important;}&#8221;][vc_column width=&#8221;1\/4&#8243; el_class=&#8221;.eip-r1-c1&#8243;][vc_single_image image=&#8221;10820&#8243; img_size=&#8221;full&#8221; alignment=&#8221;center&#8221;][vc_column_text] Les exp\u00e9ditions vers et de le Nouveau-Brunswick sont faciles [\/vc_column_text][\/vc_column][vc_column width=&#8221;3\/4&#8243; el_class=&#8221;.eip-r1-c2 .lato-light&#8221; css=&#8221;.vc_custom_1592315153172{margin-left: 30px !important;}&#8221;][vc_column_text el_class=&#8221;.lato-light&#8221;] \u00cates-vous une petite ou&#8230;<\/p>\n","protected":false},"author":5,"featured_media":0,"parent":0,"menu_order":0,"comment_status":"closed","ping_status":"closed","template":"","meta":{"footnotes":""},"class_list":["post-11167","page","type-page","status-publish","hentry"],"_links":{"self":[{"href":"https:\/\/www.flagshipcompany.com\/fr\/wp-json\/wp\/v2\/pages\/11167","targetHints":{"allow":["GET"]}}],"collection":[{"href":"https:\/\/www.flagshipcompany.com\/fr\/wp-json\/wp\/v2\/pages"}],"about":[{"href":"https:\/\/www.flagshipcompany.com\/fr\/wp-json\/wp\/v2\/types\/page"}],"author":[{"embeddable":true,"href":"https:\/\/www.flagshipcompany.com\/fr\/wp-json\/wp\/v2\/users\/5"}],"replies":[{"embeddable":true,"href":"https:\/\/www.flagshipcompany.com\/fr\/wp-json\/wp\/v2\/comments?post=11167"}],"version-history":[{"count":20,"href":"https:\/\/www.flagshipcompany.com\/fr\/wp-json\/wp\/v2\/pages\/11167\/revisions"}],"predecessor-version":[{"id":16169,"href":"https:\/\/www.flagshipcompany.com\/fr\/wp-json\/wp\/v2\/pages\/11167\/revisions\/16169"}],"wp:attachment":[{"href":"https:\/\/www.flagshipcompany.com\/fr\/wp-json\/wp\/v2\/media?parent=11167"}],"curies":[{"name":"wp","href":"https:\/\/api.w.org\/{rel}","templated":true}]}}