{"id":11183,"date":"2020-07-08T18:31:29","date_gmt":"2020-07-08T18:31:29","guid":{"rendered":"https:\/\/www.flagshipcompany.com\/?page_id=11183"},"modified":"2022-11-18T14:26:29","modified_gmt":"2022-11-18T19:26:29","slug":"nouvelle-ecosse-services-messagerie","status":"publish","type":"page","link":"https:\/\/www.flagshipcompany.com\/fr\/nouvelle-ecosse-services-messagerie\/","title":{"rendered":"Services d&#8217;exp\u00e9dition et de messagerie simplifi\u00e9s en Nouvelle-\u00c9cosse"},"content":{"rendered":"<div class=\"wpb-content-wrapper\"><p>[vc_row full_width=&#8221;stretch_row_content_no_spaces&#8221;][vc_column][vc_raw_html]JTNDZGl2JTIwY2xhc3MlM0QlMjJoZWFkZXItYm94LXJlbGF0aXZlJTIyJTNFJTBBJTBBJTNDZGl2JTIwY2xhc3MlM0QlMjJoZWFkZXItYm94LWJrZyUyMiUyMCUzRSUwQSUzQ2ltZyUyMHNyYyUzRCUyMiUyRmFwcCUyRnVwbG9hZHMlMkYyMDIwJTJGMDYlMkZGbGFnU2hpcC1iYW5uZXItTm92YS1TY290aWEuanBnJTIyJTIwJTJGJTNFJTBBJTNDJTJGZGl2JTNFJTBBJTBBJTNDZGl2JTIwY2xhc3MlM0QlMjJoZWFkZXItY2VudGVyLXRleHQtYWJzb2x1dGUyJTIyJTNFJTBBJTNDZGl2JTIwY2xhc3MlM0QlMjJoZWFkZXItY2VudGVyLXRleHQtYWJzb2x1dGUyLWlubmVyJTIyJTNFJTBBJTNDaDElM0VTZXJ2aWNlcyUyMGQlMjdleHAlQzMlQTlkaXRpb24lMjBldCUyMGRlJTIwbWVzc2FnZXJpZSUyMHNpbXBsaWZpJUMzJUE5cyUyMGVuJTIwTm91dmVsbGUtJUMzJTg5Y29zc2UlMjAlM0Nmb250JTIwY2xhc3MlM0QlMjJsYXRvLW5vcm1hbCUyMiUzRSUzQyUyRmgxJTNFJTNDJTJGZGl2JTNFJTBBJTNDJTJGZGl2JTNFJTBBJTIwJTIwJTIwJTIwJTBBJTNDJTJGZGl2JTNF[\/vc_raw_html][\/vc_column][\/vc_row][vc_row css=&#8221;.vc_custom_1591976682546{margin-bottom: 0px !important;padding-top: 0px !important;}&#8221;][vc_column width=&#8221;1\/4&#8243; el_class=&#8221;.eip-r1-c1&#8243;][vc_single_image image=&#8221;11265&#8243; img_size=&#8221;full&#8221; alignment=&#8221;center&#8221;][vc_column_text]<\/p>\n<h2>Faire de votre exp\u00e9dition en Nouvelle-\u00c9cosse une exp\u00e9rience sans tracas<\/h2>\n<p>[\/vc_column_text][\/vc_column][vc_column width=&#8221;3\/4&#8243; el_class=&#8221;.eip-r1-c2 .lato-light&#8221; css=&#8221;.vc_custom_1592315153172{margin-left: 30px !important;}&#8221;][vc_column_text el_class=&#8221;.lato-light&#8221;]<\/p>\n<p class=\"TranslationPanel_paragraph__D-ucz TranslationPanel_feedback-enabled__3NmpV\">\u00cates-vous une petite ou moyenne entreprise \u00e0 la recherche de services de messagerie rapides, abordables et fiables en Nouvelle-\u00c9cosse? En tant que l\u2019une des meilleures<a href=\"\/?page_id=2296\" target=\"_blank\" rel=\"noopener noreferrer\"> solutions d\u2019exp\u00e9dition \u00e0 rabais<\/a> au Canada, la solution d\u2019exp\u00e9dition en ligne de FlagShip facilite la comparaison des tarifs et des services exceptionnels de Purolator, UPS, FedEx, Canpar et DHL. Choisissez le service qui vous convient; traitez, g\u00e9rez et faites le suivi de vos envois \u2013 le tout au m\u00eame endroit!<\/p>\n<p class=\"TranslationPanel_paragraph__D-ucz TranslationPanel_feedback-enabled__3NmpV\">En cr\u00e9ant un compte gratuit avec FlagShip, vous avez acc\u00e8s aux meilleurs tarifs de messagerie en<a href=\"\/?page_id=6554\" target=\"_blank\" rel=\"noopener noreferrer\"> comparant instantan\u00e9ment<\/a> les prix des principaux messagers sans avoir \u00e0 chercher d&#8217;un site \u00e0 l&#8217;autre. FlagShip le fait pour vous \u2013 sur un seul \u00e9cran! \u202fDE PLUS, nous cr\u00e9ons aussi des \u00e9tiquettes d&#8217;exp\u00e9dition conformes pour chaque emballage, stockons les renseignements d&#8217;exp\u00e9dition cl\u00e9s pour une r\u00e9f\u00e9rence rapide et facile pour une utilisation ult\u00e9rieure et vous pouvez faire le suivi de vos exp\u00e9ditions. Inscrivez-vous GRATUITEMENT d\u00e8s aujourd&#8217;hui.<\/p>\n<p class=\"TranslationPanel_paragraph__D-ucz TranslationPanel_feedback-enabled__3NmpV\"><strong>Nous faisons de notre mieux pour vous aider \u00e0 \u00e9conomiser temps et argent sur les services d&#8217;exp\u00e9dition et de messagerie de la Nouvelle-\u00c9cosse!<\/strong><\/p>\n<p>[\/vc_column_text][vc_raw_html]JTIwJTNDYSUyMGNsYXNzJTNEJTIyY3RhLWJ1dHRvbiUyMiUyMGhyZWYlM0QlMjJodHRwcyUzQSUyRiUyRnd3dy5mbGFnc2hpcGNvbXBhbnkuY29tJTJGZnIlMkZpbnNjcml2ZXotdm91cyUyRiUyMiUzRSUwQSUyMCUyMCUzQ3NwYW4lMjBjbGFzcyUzRCUyMmN0YS1idXR0b24taWNvbiUyMiUzRSUzQ2klMjBjbGFzcyUzRCUyMmZhcyUyMGZhLXRhZyUyMiUyMGFyaWEtaGlkZGVuJTNEJTIydHJ1ZSUyMiUzRSUzQyUyRmklM0UlM0MlMkZzcGFuJTNFJTBBJTIwJTIwJTNDc3BhbiUyMGNsYXNzJTNEJTIyY3RhLWJ1dHRvbi10ZXh0JTIyJTNFT0JURU5FWiUyMFVORSUyMFNPVU1JU1NJT04lM0MlMkZzcGFuJTNFJTBBJTIwJTNDJTJGYSUzRSUwQQ==[\/vc_raw_html][\/vc_column][\/vc_row][vc_row full_width=&#8221;stretch_row&#8221; el_class=&#8221;.eip-r2&#8243; css=&#8221;.vc_custom_1591976999658{margin-bottom: 0px !important;padding-bottom: 0px !important;background-color: #f6f7f9 !important;}&#8221;][vc_column width=&#8221;1\/4&#8243; el_class=&#8221;.eip-r2-c1&#8243;][vc_column_text]<\/p>\n<h2>Nous n\u00e9gocions les meilleurs tarifs possibles pour l&#8217;exp\u00e9dition et le service de messagerie<\/h2>\n<p>[\/vc_column_text][\/vc_column][vc_column width=&#8221;3\/4&#8243; el_class=&#8221;.eip-r2-c2 .lato-light&#8221; css=&#8221;.vc_custom_1591802722702{margin-left: 30px !important;}&#8221;][vc_column_text el_class=&#8221;.lato-light&#8221;]<\/p>\n<p class=\"TranslationPanel_paragraph__D-ucz TranslationPanel_feedback-enabled__3NmpV\">En tant que principal revendeur autoris\u00e9 d&#8217;exp\u00e9dition au Canada, nous travaillons en \u00e9troite collaboration avec les plus grandes entreprises de messagerie nationales pour obtenir des rabais sur le volume, puis nous vous offrons ces rabais. Vous fait \u00e9conomiser temps et argent sur tous vos besoins en mati\u00e8re d&#8217;exp\u00e9dition.<\/p>\n<p class=\"TranslationPanel_paragraph__D-ucz TranslationPanel_feedback-enabled__3NmpV\">G\u00e9n\u00e9ralement, avec les entreprises d&#8217;exp\u00e9dition traditionnelles, les rabais sont directement li\u00e9s \u00e0 votre volume d&#8217;exp\u00e9dition. Plus vous achetez, plus vous obtenez de prix avantageux. Mais si votre volume d&#8217;achat est faible, vous devez malheureusement vivre avec un co\u00fbt plus \u00e9lev\u00e9 et r\u00e9duire votre marge b\u00e9n\u00e9ficiaire pour \u00eatre concurrentiel.<\/p>\n<p class=\"TranslationPanel_paragraph__D-ucz TranslationPanel_feedback-enabled__3NmpV\">Avec FlagShip, vous avez le \u00abmeilleur prix\u00bb sans avoir \u00e0 \u00eatre un gros exp\u00e9diteur. Notre mission est d&#8217;aider les exp\u00e9diteurs de petits volumes \u00e0 avoir acc\u00e8s \u00e0 des tarifs d&#8217;exp\u00e9dition \u00e0 prix r\u00e9duits en plus d&#8217;avoir le meilleur soutien \u00e0 la client\u00e8le, le plus fiable et le plus fiable de l&#8217;industrie. Au fil des ans, nous avons b\u00e2ti une client\u00e8le solide et fid\u00e8le et avons n\u00e9goci\u00e9 de bons taux d&#8217;exp\u00e9dition que nous offrons \u00e0 nos clients \u2013 sans aucune attente de volumes d&#8217;exp\u00e9dition minimaux.<\/p>\n<p class=\"TranslationPanel_paragraph__D-ucz TranslationPanel_feedback-enabled__3NmpV\">Les clients de FlagShip b\u00e9n\u00e9ficient de notre syst\u00e8me d&#8217;exp\u00e9dition en ligne facile \u00e0 utiliser qui leur permet de magasiner au meilleur tarif et au meilleur service parmi les principaux transporteurs Purolator, UPS, FedEx, DHL et Canpar. <strong><a href=\"\/?page_id=2380\" target=\"_blank\" rel=\"noopener noreferrer\">Cr\u00e9ez votre compte FlagShip gratuit<\/a> en quelques secondes pour commencer \u00e0<span style=\"text-decoration: underline;\"> \u00e9conomiser jusqu&#8217;\u00e0 70% sur <\/span>chaque exp\u00e9dition.<\/strong><\/p>\n<p>[\/vc_column_text][\/vc_column][\/vc_row][vc_row full_width=&#8221;stretch_row&#8221; css=&#8221;.vc_custom_1591976994245{margin-top: 0px !important;padding-top: 0px !important;background-color: #f6f7f9 !important;}&#8221;][vc_column][vc_single_image image=&#8221;11049&#8243; img_size=&#8221;full&#8221;][\/vc_column][\/vc_row][vc_row full_width=&#8221;stretch_row&#8221; el_class=&#8221;.eip-r3&#8243; css=&#8221;.vc_custom_1592315735888{margin-top: 0px !important;margin-bottom: 0px !important;padding-top: 60px !important;padding-bottom: 40px !important;}&#8221;][vc_column width=&#8221;1\/2&#8243; el_class=&#8221;.eip-r3-c1 .lato-light&#8221; css=&#8221;.vc_custom_1591976740504{margin-bottom: 0px !important;padding-bottom: 0px !important;}&#8221;][vc_column_text el_class=&#8221;.lato-light&#8221;]<\/p>\n<h2><span style=\"color: #58595b !important;\">Exp\u00e9dition <span style=\"color: #0ca8e2 !important; font-weight: bold;\">VERS<\/span> Nouvelle-\u00c9cosse<\/span><\/h2>\n<p>Si votre entreprise est situ\u00e9e n\u2019importe o\u00f9 au Canada, FlagShip exp\u00e9diera rapidement les colis de votre entreprise en Nouvelle-\u00c9cosse et ce, \u00e0 un excellent tarif! Pour les petites et moyennes entreprises du pays, vous pouvez compter sur nous pour assurer la livraison \u00e0 ce march\u00e9 essentiel, que vous fassiez des exp\u00e9ditions une fois par mois ou 40 fois par semaine.[\/vc_column_text][vc_column_text el_class=&#8221;.lato-light&#8221;]<\/p>\n<h2><span style=\"color: #58595b !important;\">Exp\u00e9dition <span style=\"color: #0ca8e2 !important; font-weight: bold;\">DE<\/span> Nouvelle-\u00c9cosse<\/span><\/h2>\n<p>Il est si facile d\u2019exp\u00e9dier \u00e0 partir de la Nouvelle-\u00c9cosse, que vous ayez besoin de services de messagerie locaux, nationaux ou internationaux \u2013 nous couvrons tout, \u00e0 un tarif r\u00e9duit. Gr\u00e2ce \u00e0 nos partenariats avec des courriers renomm\u00e9s, nous offrons aux petites et moyennes entreprises les meilleurs tarifs d&#8217;exp\u00e9dition partout dans le monde. [\/vc_column_text][vc_raw_html]JTNDYSUyMGNsYXNzJTNEJTIyY3RhLWJ1dHRvbiUyMiUyMGhyZWYlM0QlMjJodHRwcyUzQSUyRiUyRnd3dy5mbGFnc2hpcGNvbXBhbnkuY29tJTJGZnIlMkZpbnNjcml2ZXotdm91cyUyRiUyMiUyMHN0eWxlJTNEJTIybWFyZ2luLWJvdHRvbSUzQTBweCUzQiUyMiUzRSUwQSUyMCUyMCUzQ3NwYW4lMjBjbGFzcyUzRCUyMmN0YS1idXR0b24taWNvbiUyMiUzRSUzQ2klMjBjbGFzcyUzRCUyMmZhcyUyMGZhLWFycm93LWNpcmNsZS1yaWdodCUyMiUyMGFyaWEtaGlkZGVuJTNEJTIydHJ1ZSUyMiUzRSUzQyUyRmklM0UlM0MlMkZzcGFuJTNFJTBBJTIwJTIwJTNDc3BhbiUyMGNsYXNzJTNEJTIyY3RhLWJ1dHRvbi10ZXh0JTIyJTNFQ09NTUVOQ0VaJTIwJUMzJTgwJTIwRVhQJUMzJTg5RElFUiUzQyUyRnNwYW4lM0UlMEElMjAlM0MlMkZhJTNFJTBBJTBB[\/vc_raw_html][\/vc_column][vc_column width=&#8221;1\/2&#8243; el_class=&#8221;.eip-r3-c1 .lato-light&#8221; css=&#8221;.vc_custom_1591976875081{margin-bottom: 0px !important;padding-bottom: 0px !important;}&#8221;][vc_single_image image=&#8221;10714&#8243; img_size=&#8221;full&#8221; alignment=&#8221;center&#8221;][\/vc_column][\/vc_row][vc_row full_width=&#8221;stretch_row&#8221; el_class=&#8221;.dsp-r4&#8243; css=&#8221;.vc_custom_1592406799039{margin-bottom: 0px !important;padding-top: 40px !important;padding-bottom: 0px !important;background-color: #09a8e1 !important;}&#8221;][vc_column width=&#8221;1\/2&#8243; css=&#8221;.vc_custom_1592405127456{margin-bottom: 0px !important;padding-bottom: 0px !important;}&#8221; el_class=&#8221;.dsp-r4-c1&#8243;][vc_single_image image=&#8221;16149&#8243; img_size=&#8221;&#8221; css=&#8221;.vc_custom_1668799588454{margin-bottom: 0px !important;padding-top: 0px !important;padding-bottom: 0px !important;}&#8221;][vc_column_text el_class=&#8221;.dsp-r4-c1&#8243;]<\/p>\n<h2 class=\"whitesubhead\">Comparez instantan\u00e9ment les tarifs et les services de messagerie, le tout au m\u00eame endroit.<\/h2>\n<p>Nous offrons bien plus que<a href=\"\/?page_id=6554\" target=\"_blank\" rel=\"noopener noreferrer\"> les meilleurs tarifs d&#8217;exp\u00e9dition<\/a> des entreprises de messagerie les plus populaires. FlagShip s&#8217;engage \u00e0 aider les petites et moyennes entreprises \u00e0 prosp\u00e9rer en \u00e9liminant les incertitudes li\u00e9es \u00e0 l&#8217;exp\u00e9dition de la Nouvelle-\u00c9cosse \u00e0 destination et en provenance de celle-ci. Nous sommes votre solution d&#8217;exp\u00e9dition unique.[\/vc_column_text][\/vc_column][vc_column width=&#8221;1\/2&#8243; css=&#8221;.vc_custom_1592405162573{padding-top: 80px !important;padding-bottom: 0px !important;}&#8221; el_class=&#8221;.dsp-r4-c2&#8243;][vc_column_text]<span data-contrast=\"none\"><em>Quelle est votre solution d&#8217;exp\u00e9dition unique de FlagShip? L&#8217;exp\u00e9dition \u00e0 un seul endroit est essentiellement un mod\u00e8le o\u00f9 tous vos besoins d&#8217;exp\u00e9dition peuvent \u00eatre combl\u00e9s en un seul endroit, par une seule entreprise, plut\u00f4t que d&#8217;aller vers plusieurs sources. Vous n&#8217;avez plus besoin d&#8217;appeler diff\u00e9rentes entreprises pour r\u00e9pondre \u00e0 tous vos besoins en mati\u00e8re d&#8217;exp\u00e9dition. Voici comment fonctionne le mod\u00e8le d&#8217;entreprise \u00e0 guichet unique pour l&#8217;exp\u00e9dition de rabais en ligne avecFlagShip. \u202fLe syst\u00e8me d\u2019exp\u00e9dition en ligne de FlagShip\u202foffre \u00e0 ses clients tout cela, et plus encore!\u00a0<\/em><\/span><\/p>\n<ul class=\"whitebullet\">\n<li><span class=\"TextRun MacChromeBold SCXW245840523 BCX0\" lang=\"EN-US\" xml:lang=\"EN-US\" data-contrast=\"none\"><span class=\"NormalTextRun SCXW245840523 BCX0\">Comparaison instantan\u00e9e :\u202fcomparez les tarifs des services de messagerie les plus populaires au Canada \u2013 Purolator, UPS, FedEx, Canpar et DHL \u2013 tous sur un m\u00eame \u00e9cran!\u00a0<\/span><\/span><\/li>\n<li><span class=\"TextRun MacChromeBold SCXW171996947 BCX0\" lang=\"EN-US\" xml:lang=\"EN-US\" data-contrast=\"none\"><span class=\"NormalTextRun SCXW171996947 BCX0\">Vous choisissez :\u202fs\u00e9lectionnez votre service de messagerie pr\u00e9f\u00e9r\u00e9.\u00a0<\/span><\/span><\/li>\n<li><span class=\"TextRun MacChromeBold SCXW179474219 BCX0\" lang=\"EN-US\" xml:lang=\"EN-US\" data-contrast=\"none\"><span class=\"NormalTextRun SCXW179474219 BCX0\">\u00c9conomisez :\u202f\u00e9conomisez gr\u00e2ce \u00e0 des tarifs d\u2019exp\u00e9dition exclusifs et r\u00e9duits sur chaque exp\u00e9dition.\u00a0<\/span><\/span><\/li>\n<li><span class=\"TextRun MacChromeBold SCXW229297514 BCX0\" lang=\"EN-US\" xml:lang=\"EN-US\" data-contrast=\"none\"><span class=\"NormalTextRun SCXW229297514 BCX0\">Une seule facture :\u202ffacture consolid\u00e9e pour toutes vos activit\u00e9s d\u2019exp\u00e9dition, peu importe le messager \u2026 ou des services de messagerie que vous choisissez.\u00a0<\/span><\/span><\/li>\n<li><span class=\"TextRun MacChromeBold SCXW171910267 BCX0\" lang=\"EN-US\" xml:lang=\"EN-US\" data-contrast=\"none\"><span class=\"NormalTextRun SCXW171910267 BCX0\">Un seul num\u00e9ro :\u202fun service \u00e0 la client\u00e8le exceptionnel sans \u00e9gal; offert apr\u00e8s les heures d&#8217;ouverture et les fins de semaine.\u00a0<\/span><\/span><\/li>\n<li><span class=\"TextRun MacChromeBold SCXW185046941 BCX0\" lang=\"EN-US\" xml:lang=\"EN-US\" data-contrast=\"none\"><span class=\"NormalTextRun SCXW185046941 BCX0\">Un seul syst\u00e8me d\u2019exp\u00e9dition :\u202fle syst\u00e8me d\u2019exp\u00e9dition en ligne de FlagShip vous donne acc\u00e8s \u00e0 de nombreuses fonctions pour vous faire gagner du temps une fois l\u2019exp\u00e9dition pass\u00e9e, comme la production d\u2019\u00e9tiquettes conformes et le suivi des exp\u00e9ditions.\u00a0<\/span><\/span><\/li>\n<\/ul>\n<p>[\/vc_column_text][\/vc_column][\/vc_row][vc_row el_class=&#8221;.eip-r5 .lato-light&#8221; css=&#8221;.vc_custom_1591976938440{padding-top: 40px !important;}&#8221;][vc_column width=&#8221;1\/3&#8243; el_class=&#8221;.eip-r5-c1&#8243;][vc_single_image image=&#8221;6453&#8243; img_size=&#8221;&#8221; onclick=&#8221;custom_link&#8221; link=&#8221;https:\/\/www.flagshipcompany.com\/fr\/prix-reduits\/&#8221; css=&#8221;.vc_custom_1594232587796{margin-left: -10px !important;}&#8221;][vc_column_text el_class=&#8221;.lato-light&#8221;]<\/p>\n<h2 style=\"color: #0ca8e2 !important;\"><a href=\"\/?page_id=6802\">Service de messagerie rabais <\/a><\/h2>\n<p>Obtenez les meilleurs tarifs aupr\u00e8s des plus grands fournisseurs de services de messagerie, que ce soit pour l&#8217;exp\u00e9dition en Ontario de n&#8217;importe o\u00f9 au Canada, ou pour l&#8217;exp\u00e9dition de la Nouvelle-\u00c9cosse \u00e0 l&#8217;\u00e9tranger. [\/vc_column_text][\/vc_column][vc_column width=&#8221;1\/3&#8243; el_class=&#8221;.eip-r5-c2&#8243;][vc_single_image image=&#8221;6772&#8243; img_size=&#8221;&#8221; onclick=&#8221;custom_link&#8221; css=&#8221;.vc_custom_1594232602014{margin-left: -10px !important;}&#8221; link=&#8221;https:\/\/www.flagshipcompany.com\/fr\/services-dexpedition-internationaux\/&#8221;][vc_column_text el_class=&#8221;.lato-light&#8221;]<\/p>\n<h2><a href=\"\/?page_id=6541\">Exp\u00e9dition internationale <\/a><\/h2>\n<p>FlagShip vous offre une exp\u00e9dition pratique et peu co\u00fbteuse de la Nouvelle-\u00c9cosse \u00e0 n&#8217;importe o\u00f9 dans le monde! C\u2019est un excellent moyen pour les petites et moyennes entreprises de profiter des prix sur les gros volumes de rabais! [\/vc_column_text][\/vc_column][vc_column width=&#8221;1\/3&#8243; el_class=&#8221;.eip-r5-c3&#8243;][vc_single_image image=&#8221;10178&#8243; img_size=&#8221;&#8221; onclick=&#8221;custom_link&#8221; css=&#8221;.vc_custom_1594232657426{margin-left: -10px !important;}&#8221; link=&#8221;https:\/\/www.flagshipcompany.com\/fr\/integration-ecommerce\/&#8221;][vc_column_text el_class=&#8221;.lato-light&#8221;]<\/p>\n<h2><a href=\"\/?page_id=7435\">Int\u00e9gration du commerce \u00e9lectronique <\/a><\/h2>\n<p>Pour votre boutique en ligne, livrer des marchandises \u00e0 destination et en provenance de la Nouvelle-\u00c9cosse est facile avec les solutions d\u2019exp\u00e9dition simplifi\u00e9es de FlagShip pour le commerce \u00e9lectronique. D\u00e9couvrez comment vous pouvez am\u00e9liorer l&#8217;exp\u00e9rience de votre client d\u00e8s maintenant. [\/vc_column_text][\/vc_column][\/vc_row][vc_row full_width=&#8221;stretch_row&#8221; css=&#8221;.vc_custom_1592315663465{margin-top: 0px !important;padding-top: 0px !important;padding-bottom: 20px !important;}&#8221; el_class=&#8221;.eip-r6&#8243;][vc_column width=&#8221;1\/3&#8243;][\/vc_column][vc_column width=&#8221;1\/3&#8243;][vc_raw_html]JTNDZGl2JTIwc3R5bGUlM0QlMjJkaXNwbGF5JTNBYmxvY2slM0IlMjB3aWR0aCUzQTM0MHB4JTNCJTIwbWFyZ2luJTNBJTIwMCUyMGF1dG8lM0IlMjB0ZXh0LWFsaWduJTNBJTIwY2VudGVyJTNCJTIyJTNFJTBBJTNDYSUyMGNsYXNzJTNEJTIyY3RhLWJ1dHRvbiUyMiUyMGhyZWYlM0QlMjJodHRwcyUzQSUyRiUyRnd3dy5mbGFnc2hpcGNvbXBhbnkuY29tJTJGZnIlMkZpbnNjcml2ZXotdm91cyUyRiUyMiUzRSUwQSUyMCUyMCUzQ3NwYW4lMjBjbGFzcyUzRCUyMmN0YS1idXR0b24taWNvbiUyMiUzRSUzQ2klMjBjbGFzcyUzRCUyMmZhcyUyMGZhLWFycm93LWNpcmNsZS1yaWdodCUyMiUyMGFyaWEtaGlkZGVuJTNEJTIydHJ1ZSUyMiUzRSUzQyUyRmklM0UlM0MlMkZzcGFuJTNFJTBBJTIwJTIwJTNDc3BhbiUyMGNsYXNzJTNEJTIyY3RhLWJ1dHRvbi10ZXh0JTIyJTNFT0JURU5FWiUyMFVOJTIwQ09NUFRFJTNDJTJGc3BhbiUzRSUwQSUyMCUzQyUyRmElM0UlMEElM0MlMkZkaXYlM0UlMEE=[\/vc_raw_html][\/vc_column][vc_column width=&#8221;1\/3&#8243;][\/vc_column][\/vc_row][vc_row full_width=&#8221;stretch_row&#8221; el_class=&#8221;.hp-r9&#8243; css=&#8221;.vc_custom_1591882700928{padding-top: 60px !important;padding-right: 20px !important;padding-left: 20px !important;background-color: #09a8e1 !important;}&#8221;][vc_column width=&#8221;1\/6&#8243; el_class=&#8221;.hp-r9-c1&#8243;][\/vc_column][vc_column width=&#8221;2\/3&#8243;][vc_single_image image=&#8221;10314&#8243; img_size=&#8221;160&#215;118&#8243; alignment=&#8221;center&#8221;][vc_raw_html]JTNDZGl2JTIwY2xhc3MlM0QlMjJkc3AtcjMtc3ViLXRpdGxlJTIyJTNFJTIwJTBBQXBwcmVuZXotZW4lMjBkYXZhbnRhZ2UlMjBzdXIlMjBsZXMlMjBzZXJ2aWNlcyUyMGQlMjdleHAlQzMlQTlkaXRpb24lMjBkZSUyMGxhJTIwTm91dmVsbGUtJUMzJTg5Y29zc2UlMjBldCUyMHN1ciUyMGxhJTIwZmElQzMlQTdvbiUyMGRvbnQlMjBub3VzJTIwcG91dm9ucyUyMHZvdXMlMjBhaWRlciUyMCVDMyVBMCUyMCVDMyVBOWNvbm9taXNlciUyMGRlJTIwbCUyN2FyZ2VudCUyMGxvcnNxdWUlMjB2b3VzJTIwZXhwJUMzJUE5ZGlleiUyMGRlcyUyMGFydGljbGVzJTIwZGFucyUyMGxlcyUyMHZpbGxlcyUyMHN1aXZhbnRlcyUyMCUzQSUyMCUzQyUyRmRpdiUzRQ==[\/vc_raw_html][vc_separator color=&#8221;white&#8221; el_width=&#8221;80&#8243;][vc_raw_html]JTNDZGl2JTIwY2xhc3MlM0QlMjJocC1yOS1jMS10aXRsZTIlMjIlMjBzdHlsZSUzRCUyMmZvbnQtc2l6ZSUzQSUyMDExMCUyNSUzQiUyMHRleHQtYWxpZ24lM0ElMjBjZW50ZXIlM0IlMjB0cmFucyUyMiUzRSUzQ2ElMjBocmVmJTNEJTIyaHR0cHMlM0ElMkYlMkZ3d3cuZmxhZ3NoaXBjb21wYW55LmNvbSUyRmZyJTJGbGV4cGVkaXRpb24tYS1yYWJhaXMtaGFsaWZheCUyRiUyMiUyMHN0eWxlJTNEJTIyY29sb3IlM0ElMjAlMjNmZmZmZmYlM0IlMjIlM0VIYWxpZmF4JTNDJTJGYSUzRSUyMCUyMCUzQyUyRmRpdiUzRQ==[\/vc_raw_html][\/vc_column][vc_column width=&#8221;1\/6&#8243;][\/vc_column][\/vc_row][vc_row][vc_column][\/vc_column][\/vc_row]<\/p>\n<\/div>","protected":false},"excerpt":{"rendered":"<p>[vc_row full_width=&#8221;stretch_row_content_no_spaces&#8221;][vc_column][vc_raw_html]JTNDZGl2JTIwY2xhc3MlM0QlMjJoZWFkZXItYm94LXJlbGF0aXZlJTIyJTNFJTBBJTBBJTNDZGl2JTIwY2xhc3MlM0QlMjJoZWFkZXItYm94LWJrZyUyMiUyMCUzRSUwQSUzQ2ltZyUyMHNyYyUzRCUyMiUyRmFwcCUyRnVwbG9hZHMlMkYyMDIwJTJGMDYlMkZGbGFnU2hpcC1iYW5uZXItTm92YS1TY290aWEuanBnJTIyJTIwJTJGJTNFJTBBJTNDJTJGZGl2JTNFJTBBJTBBJTNDZGl2JTIwY2xhc3MlM0QlMjJoZWFkZXItY2VudGVyLXRleHQtYWJzb2x1dGUyJTIyJTNFJTBBJTNDZGl2JTIwY2xhc3MlM0QlMjJoZWFkZXItY2VudGVyLXRleHQtYWJzb2x1dGUyLWlubmVyJTIyJTNFJTBBJTNDaDElM0VTZXJ2aWNlcyUyMGQlMjdleHAlQzMlQTlkaXRpb24lMjBldCUyMGRlJTIwbWVzc2FnZXJpZSUyMHNpbXBsaWZpJUMzJUE5cyUyMGVuJTIwTm91dmVsbGUtJUMzJTg5Y29zc2UlMjAlM0Nmb250JTIwY2xhc3MlM0QlMjJsYXRvLW5vcm1hbCUyMiUzRSUzQyUyRmgxJTNFJTNDJTJGZGl2JTNFJTBBJTNDJTJGZGl2JTNFJTBBJTIwJTIwJTIwJTIwJTBBJTNDJTJGZGl2JTNF[\/vc_raw_html][\/vc_column][\/vc_row][vc_row css=&#8221;.vc_custom_1591976682546{margin-bottom: 0px !important;padding-top: 0px !important;}&#8221;][vc_column width=&#8221;1\/4&#8243; el_class=&#8221;.eip-r1-c1&#8243;][vc_single_image image=&#8221;11265&#8243; img_size=&#8221;full&#8221; alignment=&#8221;center&#8221;][vc_column_text] Faire de votre exp\u00e9dition en Nouvelle-\u00c9cosse une exp\u00e9rience sans tracas [\/vc_column_text][\/vc_column][vc_column width=&#8221;3\/4&#8243; el_class=&#8221;.eip-r1-c2 .lato-light&#8221; css=&#8221;.vc_custom_1592315153172{margin-left: 30px !important;}&#8221;][vc_column_text el_class=&#8221;.lato-light&#8221;] \u00cates-vous une petite&#8230;<\/p>\n","protected":false},"author":5,"featured_media":0,"parent":0,"menu_order":0,"comment_status":"closed","ping_status":"closed","template":"","meta":{"footnotes":""},"class_list":["post-11183","page","type-page","status-publish","hentry"],"_links":{"self":[{"href":"https:\/\/www.flagshipcompany.com\/fr\/wp-json\/wp\/v2\/pages\/11183","targetHints":{"allow":["GET"]}}],"collection":[{"href":"https:\/\/www.flagshipcompany.com\/fr\/wp-json\/wp\/v2\/pages"}],"about":[{"href":"https:\/\/www.flagshipcompany.com\/fr\/wp-json\/wp\/v2\/types\/page"}],"author":[{"embeddable":true,"href":"https:\/\/www.flagshipcompany.com\/fr\/wp-json\/wp\/v2\/users\/5"}],"replies":[{"embeddable":true,"href":"https:\/\/www.flagshipcompany.com\/fr\/wp-json\/wp\/v2\/comments?post=11183"}],"version-history":[{"count":15,"href":"https:\/\/www.flagshipcompany.com\/fr\/wp-json\/wp\/v2\/pages\/11183\/revisions"}],"predecessor-version":[{"id":16179,"href":"https:\/\/www.flagshipcompany.com\/fr\/wp-json\/wp\/v2\/pages\/11183\/revisions\/16179"}],"wp:attachment":[{"href":"https:\/\/www.flagshipcompany.com\/fr\/wp-json\/wp\/v2\/media?parent=11183"}],"curies":[{"name":"wp","href":"https:\/\/api.w.org\/{rel}","templated":true}]}}