{"id":11193,"date":"2024-09-08T18:55:53","date_gmt":"2024-09-08T22:55:53","guid":{"rendered":"https:\/\/www.flagshipcompany.com\/?page_id=11193"},"modified":"2025-04-25T01:13:37","modified_gmt":"2025-04-25T05:13:37","slug":"quebec-services-messagerie","status":"publish","type":"page","link":"https:\/\/www.flagshipcompany.com\/fr\/quebec-services-messagerie\/","title":{"rendered":"Services d&#8217;exp\u00e9dition au Qu\u00e9bec, en quelques \u00e9tapes simples"},"content":{"rendered":"<div class=\"wpb-content-wrapper\"><p>[vc_row full_width=&#8221;stretch_row_content_no_spaces&#8221;][vc_column][vc_raw_html]JTNDZGl2JTIwY2xhc3MlM0QlMjJoZWFkZXItYm94LXJlbGF0aXZlJTIyJTNFJTBBJTBBJTNDZGl2JTIwY2xhc3MlM0QlMjJoZWFkZXItYm94LWJrZyUyMiUyMCUzRSUwQSUzQ2ltZyUyMHNyYyUzRCUyMiUyRmFwcCUyRnVwbG9hZHMlMkYyMDIwJTJGMDYlMkZGbGFnU2hpcC1iYW5uZXItUXVlYmVjLmpwZyUyMiUyMCUyRiUzRSUwQSUzQyUyRmRpdiUzRSUwQSUwQSUzQ2RpdiUyMGNsYXNzJTNEJTIyaGVhZGVyLWNlbnRlci10ZXh0LWFic29sdXRlMiUyMiUzRSUwQSUzQ2RpdiUyMGNsYXNzJTNEJTIyaGVhZGVyLWNlbnRlci10ZXh0LWFic29sdXRlMi1pbm5lciUyMiUzRSUwQSUzQ2gxJTNFU2VydmljZXMlMjBkJTI3ZXhwJUMzJUE5ZGl0aW9uJTIwYXUlMjBRdSVDMyVBOWJlYyUyQyUyMCUzQ2ZvbnQlMjBjbGFzcyUzRCUyMmxhdG8tbm9ybWFsJTIyJTNFZW4lMjBxdWVscXVlcyUyMCVDMyVBOXRhcGVzJTIwc2ltcGxlcyUzQyUyRmgxJTNFJTNDJTJGZGl2JTNFJTBBJTNDJTJGZGl2JTNFJTBBJTIwJTIwJTIwJTIwJTBBJTNDJTJGZGl2JTNF[\/vc_raw_html][\/vc_column][\/vc_row][vc_row css=&#8221;.vc_custom_1591976682546{margin-bottom: 0px !important;padding-top: 0px !important;}&#8221;][vc_column width=&#8221;1\/4&#8243; el_class=&#8221;.eip-r1-c1&#8243;][vc_single_image image=&#8221;10828&#8243; img_size=&#8221;full&#8221; alignment=&#8221;center&#8221;][vc_column_text]<\/p>\n<h2>Pour des exp\u00e9ditions simples et sans tracas vers et de le Qu\u00e9bec<\/h2>\n<p>[\/vc_column_text][\/vc_column][vc_column width=&#8221;3\/4&#8243; el_class=&#8221;.eip-r1-c2 .lato-light&#8221; css=&#8221;.vc_custom_1592315153172{margin-left: 30px !important;}&#8221;][vc_column_text el_class=&#8221;.lato-light&#8221;]Si vous \u00eates une petite ou moyenne entreprise au Canada, il est essentiel que vous ayez acc\u00e8s \u00e0 un service de livraison et de messagerie rapide, abordable et fiable pour vous rendre au Qu\u00e9bec et en provenance de celui-ci. En tant que l\u2019une des meilleures <a href=\"\/?page_id=2296\" target=\"_blank\" rel=\"noopener noreferrer\">solutions d\u2019exp\u00e9dition \u00e0 rabais<\/a> au Canada, le syst\u00e8me d\u2019exp\u00e9dition en ligne de FlagShip facilite la comparaison des tarifs r\u00e9duits et des services exceptionnels de Purolator, UPS, FedEx, Canpar, DHL et GLS. Choisissez le service qui vous convient; traitez, g\u00e9rez et faites le suivi de vos envois \u2013 le tout au m\u00eame endroit!<\/p>\n<p class=\"TranslationPanel_paragraph__D-ucz TranslationPanel_feedback-enabled__3NmpV\">En vous abonnant \u00e0 FlagShip, vous obtenez les meilleurs tarifs de livraison en <a href=\"\/?page_id=6554\" target=\"_blank\" rel=\"noopener noreferrer\">comparant instantan\u00e9ment<\/a> des prix des principaux services de messagerie sans avoir \u00e0 chercher d&#8217;un site \u00e0 l&#8217;autre. FlagShip le fait pour vous! \u202fNous cr\u00e9ons \u00e9galement des \u00e9tiquettes d&#8217;exp\u00e9dition conformes pour chaque emballage, nous stockons les renseignements cl\u00e9s sur l&#8217;exp\u00e9dition pour une r\u00e9f\u00e9rence rapide et facile pour une utilisation ult\u00e9rieure et vous pouvez faire le suivi de vos exp\u00e9ditions. Avec FlagShip\u202f, il n&#8217;y a pas de frais d&#8217;inscription ou d&#8217;utilisation.<strong><a href=\"\/?page_id=2380\" target=\"_blank\" rel=\"noopener noreferrer\"> Inscrivez-vous GRATUITEMENT<\/a> d\u00e8s aujourd&#8217;hui<\/strong>.<\/p>\n<p class=\"TranslationPanel_paragraph__D-ucz TranslationPanel_feedback-enabled__3NmpV\"><strong>Si vous avez des questions pour nous, nous sommes ici pour vous &#8211; apr\u00e8s tout, nous sommes des experts du service de messagerie du Qu\u00e9bec.<\/strong><\/p>\n<p>[\/vc_column_text][vc_raw_html]JTIwJTNDYSUyMGNsYXNzJTNEJTIyY3RhLWJ1dHRvbiUyMiUyMGhyZWYlM0QlMjJodHRwcyUzQSUyRiUyRnd3dy5mbGFnc2hpcGNvbXBhbnkuY29tJTJGZnIlMkZpbnNjcml2ZXotdm91cyUyRiUyMiUzRSUwQSUyMCUyMCUzQ3NwYW4lMjBjbGFzcyUzRCUyMmN0YS1idXR0b24taWNvbiUyMiUzRSUzQ2klMjBjbGFzcyUzRCUyMmZhcyUyMGZhLXRhZyUyMiUyMGFyaWEtaGlkZGVuJTNEJTIydHJ1ZSUyMiUzRSUzQyUyRmklM0UlM0MlMkZzcGFuJTNFJTBBJTIwJTIwJTNDc3BhbiUyMGNsYXNzJTNEJTIyY3RhLWJ1dHRvbi10ZXh0JTIyJTNFT0JURU5FWiUyMFVORSUyMFNPVU1JU1NJT04lM0MlMkZzcGFuJTNFJTBBJTIwJTNDJTJGYSUzRSUwQQ==[\/vc_raw_html][\/vc_column][\/vc_row][vc_row full_width=&#8221;stretch_row&#8221; el_class=&#8221;.eip-r2&#8243; css=&#8221;.vc_custom_1591976999658{margin-bottom: 0px !important;padding-bottom: 0px !important;background-color: #f6f7f9 !important;}&#8221;][vc_column width=&#8221;1\/4&#8243; el_class=&#8221;.eip-r2-c1&#8243;][vc_column_text]<\/p>\n<h2>Nous n\u00e9gocions les meilleurs tarifs possibles pour les solutions d\u2019exp\u00e9dition au Qu\u00e9bec<\/h2>\n<p>[\/vc_column_text][\/vc_column][vc_column width=&#8221;3\/4&#8243; el_class=&#8221;.eip-r2-c2 .lato-light&#8221; css=&#8221;.vc_custom_1591802722702{margin-left: 30px !important;}&#8221;][vc_column_text el_class=&#8221;.lato-light&#8221;]<\/p>\n<p class=\"TranslationPanel_paragraph__D-ucz TranslationPanel_feedback-enabled__3NmpV\">Leader canadien en tant revendeur autoris\u00e9 d&#8217;exp\u00e9dition, nous travaillons de pr\u00e8s avec les plus grandes entreprises de messagerie au monde pour obtenir des rabais sur le volume, puis nous vous faisons profiter de ces \u00e9conomies. Nous vous faisons ainsi \u00e9conomiser temps et argent sur tous vos besoins en mati\u00e8re d&#8217;exp\u00e9dition.<\/p>\n<p class=\"TranslationPanel_paragraph__D-ucz TranslationPanel_feedback-enabled__3NmpV\"><a href=\"\/?page_id=2380\" target=\"_blank\" rel=\"noopener noreferrer\">Cr\u00e9ez votre compte FlagShip gratuit<\/a> en quelques secondes pour commencer \u00e0 \u00e9conomisez jusqu\u2019\u00e0 70% sur chaque envoi. Gr\u00e2ce \u00e0 notre syst\u00e8me d&#8217;exp\u00e9dition en ligne, vous pouvez comparer facilement les tarifs r\u00e9duits et les services de messagerie aupr\u00e8s de Purolator, UPS, FedEx, Canpar, DHL et GLS. Vous choisissez le service de messagerie et le service tout en \u00e9conomisant un ensemble. C&#8217;est aussi simple que cela.<\/p>\n<p>[\/vc_column_text][\/vc_column][\/vc_row][vc_row full_width=&#8221;stretch_row&#8221; css=&#8221;.vc_custom_1591976994245{margin-top: 0px !important;padding-top: 0px !important;background-color: #f6f7f9 !important;}&#8221;][vc_column][vc_single_image image=&#8221;13635&#8243; img_size=&#8221;full&#8221;][\/vc_column][\/vc_row][vc_row full_width=&#8221;stretch_row&#8221; el_class=&#8221;.eip-r3&#8243; css=&#8221;.vc_custom_1592315735888{margin-top: 0px !important;margin-bottom: 0px !important;padding-top: 60px !important;padding-bottom: 40px !important;}&#8221;][vc_column width=&#8221;1\/2&#8243; el_class=&#8221;.eip-r3-c1 .lato-light&#8221; css=&#8221;.vc_custom_1591976740504{margin-bottom: 0px !important;padding-bottom: 0px !important;}&#8221;][vc_column_text el_class=&#8221;.lato-light&#8221;]<\/p>\n<h2><span style=\"color: #58595b !important;\">Exp\u00e9dition <span style=\"color: #0ca8e2 !important; font-weight: bold;\">VERS<\/span> Qu\u00e9bec<\/span><\/h2>\n<p>Si votre entreprise est situ\u00e9e n\u2019importe o\u00f9 au Canada, FlagShip exp\u00e9diera rapidement les colis de votre entreprise au Qu\u00e9bec et ce, \u00e0 un excellent tarif! Pour les petites et moyennes entreprises du pays, vous pouvez compter sur nous pour assurer la livraison \u00e0 ce march\u00e9 essentiel, que vous fassiez des exp\u00e9ditions une fois par mois ou 40 fois par semaine.[\/vc_column_text][vc_column_text el_class=&#8221;.lato-light&#8221;]<\/p>\n<h2><span style=\"color: #58595b !important;\">Exp\u00e9dition <span style=\"color: #0ca8e2 !important; font-weight: bold;\">DU<\/span> Qu\u00e9bec<\/span><\/h2>\n<p>Il est si facile d\u2019exp\u00e9dier \u00e0 partir du Qu\u00e9bec, que vous ayez besoin de services de messagerie locaux, nationaux ou internationaux \u2013 nous couvrons tout, \u00e0 un tarif r\u00e9duit. Gr\u00e2ce \u00e0 nos partenariats avec des courriers renomm\u00e9s, nous offrons aux petites et moyennes entreprises les meilleurs tarifs d&#8217;exp\u00e9dition partout dans le monde.[\/vc_column_text][vc_raw_html]JTNDYSUyMGNsYXNzJTNEJTIyY3RhLWJ1dHRvbiUyMiUyMGhyZWYlM0QlMjJodHRwcyUzQSUyRiUyRnd3dy5mbGFnc2hpcGNvbXBhbnkuY29tJTJGZnIlMkZpbnNjcml2ZXotdm91cyUyRiUyMiUyMHN0eWxlJTNEJTIybWFyZ2luLWJvdHRvbSUzQTBweCUzQiUyMiUzRSUwQSUyMCUyMCUzQ3NwYW4lMjBjbGFzcyUzRCUyMmN0YS1idXR0b24taWNvbiUyMiUzRSUzQ2klMjBjbGFzcyUzRCUyMmZhcyUyMGZhLWFycm93LWNpcmNsZS1yaWdodCUyMiUyMGFyaWEtaGlkZGVuJTNEJTIydHJ1ZSUyMiUzRSUzQyUyRmklM0UlM0MlMkZzcGFuJTNFJTBBJTIwJTIwJTNDc3BhbiUyMGNsYXNzJTNEJTIyY3RhLWJ1dHRvbi10ZXh0JTIyJTNFQ09NTUVOQ0VaJTIwJUMzJTgwJTIwRVhQJUMzJTg5RElFUiUzQyUyRnNwYW4lM0UlMEElMjAlM0MlMkZhJTNFJTBBJTBB[\/vc_raw_html][\/vc_column][vc_column width=&#8221;1\/2&#8243; el_class=&#8221;.eip-r3-c1 .lato-light&#8221; css=&#8221;.vc_custom_1591976875081{margin-bottom: 0px !important;padding-bottom: 0px !important;}&#8221;][vc_single_image image=&#8221;10722&#8243; img_size=&#8221;full&#8221; alignment=&#8221;center&#8221;][\/vc_column][\/vc_row][vc_row full_width=&#8221;stretch_row&#8221; el_class=&#8221;.dsp-r4&#8243; css=&#8221;.vc_custom_1592406799039{margin-bottom: 0px !important;padding-top: 40px !important;padding-bottom: 0px !important;background-color: #09a8e1 !important;}&#8221;][vc_column width=&#8221;1\/2&#8243; css=&#8221;.vc_custom_1592405127456{margin-bottom: 0px !important;padding-bottom: 0px !important;}&#8221; el_class=&#8221;.dsp-r4-c1&#8243;][vc_single_image image=&#8221;16149&#8243; img_size=&#8221;&#8221; css=&#8221;.vc_custom_1668799483854{margin-bottom: 0px !important;padding-top: 0px !important;padding-bottom: 0px !important;}&#8221;][vc_column_text el_class=&#8221;.dsp-r4-c1&#8243;]<\/p>\n<h2 class=\"whitesubhead\">Plus de service. Plus de messagers. Plus d&#8217;\u00e9conomies. Tout au m\u00eame endroit.<\/h2>\n<p>En tant que leader au Qu\u00e9bec en mati\u00e8re d&#8217;exp\u00e9dition et de services de messagerie, nous offrons plus que <a href=\"\/?page_id=2296\" target=\"_blank\" rel=\"noopener noreferrer\">les meilleurs tarifs d&#8217;exp\u00e9dition<\/a> pour les grandes entreprises de messagerie. FlagShips&#8217;engage \u00e0 aider les petites et moyennes entreprises \u00e0 prosp\u00e9rer en \u00e9liminant les incertitudes li\u00e9es \u00e0 l&#8217;exp\u00e9dition au Qu\u00e9bec et en provenance de celui-ci.[\/vc_column_text][\/vc_column][vc_column width=&#8221;1\/2&#8243; css=&#8221;.vc_custom_1592405162573{padding-top: 80px !important;padding-bottom: 0px !important;}&#8221; el_class=&#8221;.dsp-r4-c2&#8243;][vc_column_text]<span data-contrast=\"none\">Fiable, \u00e9conomique, services d\u2019exp\u00e9dition et de messagerie : nous sommes le service de messagerie fiable du Qu\u00e9bec et en choisissant FlagShip auquel vous pouvez vous attendre :\u00a0<\/span><\/p>\n<ul class=\"whitebullet\">\n<li><span class=\"TextRun SCXW10913933 BCX0\" lang=\"EN-US\" xml:lang=\"EN-US\" data-contrast=\"none\"><span class=\"NormalTextRun SCXW10913933 BCX0\">Gros rabais d&#8217;au jusqu&#8217;\u00e0 70% sur leschaque livraison. <\/span><\/span><\/li>\n<li><span class=\"TextRun SCXW2825941 BCX0\" lang=\"EN-US\" xml:lang=\"EN-US\" data-contrast=\"none\"><span class=\"NormalTextRun SCXW2825941 BCX0\">Acc\u00e9dez \u00e0 notre<a href=\"\/?page_id=2305\" target=\"_blank\" rel=\"noopener noreferrer\"> syst\u00e8me d&#8217;exp\u00e9dition en ligne<\/a> exclusif et facile \u00e0 utiliser sans avoir \u00e0 t\u00e9l\u00e9charger de logiciel.\u00a0<\/span><\/span><\/li>\n<li><span class=\"TextRun SCXW222466675 BCX0\" lang=\"EN-US\" xml:lang=\"EN-US\" data-contrast=\"none\"><span class=\"NormalTextRun SCXW222466675 BCX0\">Des solutions d\u2019exp\u00e9dition simples qui vous permettront de stocker vos renseignements cl\u00e9s en toute s\u00e9curit\u00e9, d\u2019imprimer des documents conformes et essentiels et plus encore!\u00a0<\/span><\/span><\/li>\n<li><span class=\"TextRun SCXW252097560 BCX0\" lang=\"EN-US\" xml:lang=\"EN-US\" data-contrast=\"none\"><span class=\"NormalTextRun SCXW252097560 BCX0\">Couverture d&#8217;assurance additionnelle de 1,25 $\/100 $.\u00a0<\/span><\/span><\/li>\n<li><span class=\"TextRun SCXW208870090 BCX0\" lang=\"EN-US\" xml:lang=\"EN-US\" data-contrast=\"none\"><span class=\"NormalTextRun SCXW208870090 BCX0\">Suivi des courriels et avis de livraison pour chaque envoi.\u00a0<\/span><\/span><\/li>\n<li><span class=\"TextRun SCXW101316478 BCX0\" lang=\"EN-US\" xml:lang=\"EN-US\" data-contrast=\"none\"><span class=\"NormalTextRun SCXW101316478 BCX0\">Une seule facture consolid\u00e9e pour toutes vos activit\u00e9s d&#8217;exp\u00e9dition. Nous faisons tout le travail pour le d\u00e9composer simplement et clairement afin que vous puissiez vous concentrer sur votre entreprise.\u00a0<\/span><\/span><\/li>\n<li><span class=\"TextRun SCXW208488510 BCX0\" lang=\"EN-US\" xml:lang=\"EN-US\" data-contrast=\"none\"><span class=\"NormalTextRun SCXW208488510 BCX0\">Une \u00e9quipe de service \u00e0 la client\u00e8le bien form\u00e9e et bien inform\u00e9e, pr\u00eate \u00e0 vous aider pendant les heures d&#8217;ouverture ou en ligne apr\u00e8s les heures d&#8217;ouverture.\u00a0<\/span><\/span><\/li>\n<li><span class=\"TextRun SCXW265789450 BCX0\" lang=\"EN-US\" xml:lang=\"EN-US\" data-contrast=\"none\"><span class=\"NormalTextRun SCXW265789450 BCX0\">\u00c9conomisez sans frais de ramassage\u00a0<\/span><\/span><\/li>\n<\/ul>\n<p>[\/vc_column_text][\/vc_column][\/vc_row][vc_row el_class=&#8221;.eip-r5 .lato-light&#8221; css=&#8221;.vc_custom_1591976938440{padding-top: 40px !important;}&#8221;][vc_column width=&#8221;1\/3&#8243; el_class=&#8221;.eip-r5-c1&#8243;][vc_single_image image=&#8221;6453&#8243; img_size=&#8221;&#8221; onclick=&#8221;custom_link&#8221; link=&#8221;https:\/\/www.flagshipcompany.com\/fr\/prix-reduits\/&#8221; css=&#8221;.vc_custom_1594233943896{margin-left: -10px !important;}&#8221;][vc_column_text el_class=&#8221;.lato-light&#8221;]<\/p>\n<h2 style=\"color: #0ca8e2 !important;\"><a href=\"\/?page_id=6802\">Service de messagerie \u00e0 rabais <\/a><\/h2>\n<p>Obtenez les meilleurs tarifs aupr\u00e8s des plus grands fournisseurs de services de messagerie, que ce soit pour l&#8217;exp\u00e9dition vers Qu\u00e9bec, de n&#8217;importe o\u00f9 au Canada, ou pour l&#8217;exp\u00e9dition du Qu\u00e9bec \u00e0 partout dans le monde.[\/vc_column_text][\/vc_column][vc_column width=&#8221;1\/3&#8243; el_class=&#8221;.eip-r5-c2&#8243;][vc_single_image image=&#8221;6772&#8243; img_size=&#8221;&#8221; onclick=&#8221;custom_link&#8221; css=&#8221;.vc_custom_1594234027006{margin-left: -10px !important;}&#8221; link=&#8221;https:\/\/www.flagshipcompany.com\/fr\/services-dexpedition-internationaux\/&#8221;][vc_column_text el_class=&#8221;.lato-light&#8221;]<\/p>\n<h2><a href=\"\/?page_id=6541\">Exp\u00e9dition internationale <\/a><\/h2>\n<p>FlagShip vous offre une exp\u00e9dition pratique et peu co\u00fbteuse au Qu\u00e9bec \u00e0 n&#8217;importe o\u00f9 dans le monde! C\u2019est un excellent moyen pour les petites et moyennes entreprises de profiter de rabais de volume sur les tarifs![\/vc_column_text][\/vc_column][vc_column width=&#8221;1\/3&#8243; el_class=&#8221;.eip-r5-c3&#8243;][vc_single_image image=&#8221;10178&#8243; img_size=&#8221;&#8221; onclick=&#8221;custom_link&#8221; css=&#8221;.vc_custom_1594234109559{margin-left: -10px !important;}&#8221; link=&#8221;https:\/\/www.flagshipcompany.com\/fr\/integration-ecommerce\/&#8221;][vc_column_text el_class=&#8221;.lato-light&#8221;]<\/p>\n<h2><a href=\"\/?page_id=7435\">Int\u00e9gration du commerce \u00e9lectronique <\/a><\/h2>\n<p>C&#8217;est facile de livrer des marchandises \u00e0 destination et en provenance du Qu\u00e9bec avec les solutions d\u2019exp\u00e9dition simplifi\u00e9es pour le commerce \u00e9lectronique de FlagShip. D\u00e9couvrez comment vous pouvez am\u00e9liorer l&#8217;exp\u00e9rience de votre client d\u00e8s maintenant.[\/vc_column_text][\/vc_column][\/vc_row][vc_row full_width=&#8221;stretch_row&#8221; css=&#8221;.vc_custom_1592315663465{margin-top: 0px !important;padding-top: 0px !important;padding-bottom: 20px !important;}&#8221; el_class=&#8221;.eip-r6&#8243;][vc_column width=&#8221;1\/3&#8243;][\/vc_column][vc_column width=&#8221;1\/3&#8243;][vc_raw_html]JTNDZGl2JTIwc3R5bGUlM0QlMjJkaXNwbGF5JTNBYmxvY2slM0IlMjB3aWR0aCUzQTM0MHB4JTNCJTIwbWFyZ2luJTNBJTIwMCUyMGF1dG8lM0IlMjB0ZXh0LWFsaWduJTNBJTIwY2VudGVyJTNCJTIyJTNFJTBBJTNDYSUyMGNsYXNzJTNEJTIyY3RhLWJ1dHRvbiUyMiUyMGhyZWYlM0QlMjJodHRwcyUzQSUyRiUyRnd3dy5mbGFnc2hpcGNvbXBhbnkuY29tJTJGZnIlMkZpbnNjcml2ZXotdm91cyUyRiUyMiUzRSUwQSUyMCUyMCUzQ3NwYW4lMjBjbGFzcyUzRCUyMmN0YS1idXR0b24taWNvbiUyMiUzRSUzQ2klMjBjbGFzcyUzRCUyMmZhcyUyMGZhLWFycm93LWNpcmNsZS1yaWdodCUyMiUyMGFyaWEtaGlkZGVuJTNEJTIydHJ1ZSUyMiUzRSUzQyUyRmklM0UlM0MlMkZzcGFuJTNFJTBBJTIwJTIwJTNDc3BhbiUyMGNsYXNzJTNEJTIyY3RhLWJ1dHRvbi10ZXh0JTIyJTNFT0JURU5FWiUyMFVOJTIwQ09NUFRFJTNDJTJGc3BhbiUzRSUwQSUyMCUzQyUyRmElM0UlMEElM0MlMkZkaXYlM0UlMEE=[\/vc_raw_html][\/vc_column][vc_column width=&#8221;1\/3&#8243;][\/vc_column][\/vc_row][vc_row full_width=&#8221;stretch_row&#8221; el_class=&#8221;.hp-r9&#8243; css=&#8221;.vc_custom_1591882700928{padding-top: 60px !important;padding-right: 20px !important;padding-left: 20px !important;background-color: #09a8e1 !important;}&#8221;][vc_column width=&#8221;1\/6&#8243; el_class=&#8221;.hp-r9-c1&#8243;][\/vc_column][vc_column width=&#8221;2\/3&#8243;][vc_single_image image=&#8221;10314&#8243; img_size=&#8221;160&#215;118&#8243; alignment=&#8221;center&#8221;][vc_raw_html]JTNDZGl2JTIwY2xhc3MlM0QlMjJkc3AtcjMtc3ViLXRpdGxlJTIyJTNFRmxhZ1NoaXAlMjBwZXV0JTIwdm91cyUyMGZhaXJlJTIwJUMzJUE5Y29ub21pc2VyJTIwdGVtcHMlMjBldCUyMGFyZ2VudCUyMHBvdXIlMjB0b3VzJTIwbGVzJTIwYmVzb2lucyUyMGQlMjdleHAlQzMlQTlkaXRpb24lMjBhdSUyMFF1JUMzJUE5YmVjJTJDJTIwcXVlJTIwY2UlMjBzb2l0JTIwYXUlMjBDYW5hZGElMjBvdSUyMGFpbGxldXJzJTIwZGFucyUyMGxlJTIwbW9uZGUlMjElMjBQb3VyJTIwZW4lMjBzYXZvaXIlMjBwbHVzJTIwc3VyJTIwbGVzJTIwc2VydmljZXMlMjBkJTI3ZXhwJUMzJUE5ZGl0aW9uJTIwZGFucyUyMGxlcyUyMHZpbGxlcyUyMHN1aXZhbnRlcyUyMCUzQSUyMCUzQyUyRmRpdiUzRQ==[\/vc_raw_html][vc_separator color=&#8221;white&#8221; el_width=&#8221;80&#8243;][vc_raw_html]JTNDZGl2JTIwY2xhc3MlM0QlMjJocC1yOS1jMS10aXRsZTIlMjIlMjBzdHlsZSUzRCUyMmZvbnQtc2l6ZSUzQSUyMDExMCUyNSUzQiUyMHRleHQtYWxpZ24lM0ElMjBjZW50ZXIlM0IlMjB0cmFucyUyMiUzRSUzQ2ElMjBocmVmJTNEJTIyaHR0cHMlM0ElMkYlMkZ3d3cuZmxhZ3NoaXBjb21wYW55LmNvbSUyRmZyJTJGZXhwZWRpdGlvbi1hLXJhYmFpcy1tb250cmVhbCUyRiUyMiUyMHN0eWxlJTNEJTIyY29sb3IlM0ElMjAlMjNmZmZmZmYlM0IlMjIlM0VNb250ciVDMyVBOWFsJTNDJTJGYSUzRSUyMCUyMCU3QyUyMCUyMCUzQ2ElMjBocmVmJTNEJTIyaHR0cHMlM0ElMkYlMkZ3d3cuZmxhZ3NoaXBjb21wYW55LmNvbSUyRmZyJTJGbGV4cGVkaXRpb24tYS1yYWJhaXMtcXVlYmVjJTJGJTIyJTIwc3R5bGUlM0QlMjJjb2xvciUzQSUyMCUyM2ZmZmZmZiUzQiUyMiUzRVF1JUMzJUE5YmVjJTNDJTJGYSUzRSUyMCUyMCUzQyUyRmRpdiUzRQ==[\/vc_raw_html][\/vc_column][vc_column width=&#8221;1\/6&#8243;][\/vc_column][\/vc_row][vc_row][vc_column][\/vc_column][\/vc_row]<\/p>\n<\/div>","protected":false},"excerpt":{"rendered":"<p>[vc_row full_width=&#8221;stretch_row_content_no_spaces&#8221;][vc_column][vc_raw_html]JTNDZGl2JTIwY2xhc3MlM0QlMjJoZWFkZXItYm94LXJlbGF0aXZlJTIyJTNFJTBBJTBBJTNDZGl2JTIwY2xhc3MlM0QlMjJoZWFkZXItYm94LWJrZyUyMiUyMCUzRSUwQSUzQ2ltZyUyMHNyYyUzRCUyMiUyRmFwcCUyRnVwbG9hZHMlMkYyMDIwJTJGMDYlMkZGbGFnU2hpcC1iYW5uZXItUXVlYmVjLmpwZyUyMiUyMCUyRiUzRSUwQSUzQyUyRmRpdiUzRSUwQSUwQSUzQ2RpdiUyMGNsYXNzJTNEJTIyaGVhZGVyLWNlbnRlci10ZXh0LWFic29sdXRlMiUyMiUzRSUwQSUzQ2RpdiUyMGNsYXNzJTNEJTIyaGVhZGVyLWNlbnRlci10ZXh0LWFic29sdXRlMi1pbm5lciUyMiUzRSUwQSUzQ2gxJTNFU2VydmljZXMlMjBkJTI3ZXhwJUMzJUE5ZGl0aW9uJTIwYXUlMjBRdSVDMyVBOWJlYyUyQyUyMCUzQ2ZvbnQlMjBjbGFzcyUzRCUyMmxhdG8tbm9ybWFsJTIyJTNFZW4lMjBxdWVscXVlcyUyMCVDMyVBOXRhcGVzJTIwc2ltcGxlcyUzQyUyRmgxJTNFJTNDJTJGZGl2JTNFJTBBJTNDJTJGZGl2JTNFJTBBJTIwJTIwJTIwJTIwJTBBJTNDJTJGZGl2JTNF[\/vc_raw_html][\/vc_column][\/vc_row][vc_row css=&#8221;.vc_custom_1591976682546{margin-bottom: 0px !important;padding-top: 0px !important;}&#8221;][vc_column width=&#8221;1\/4&#8243; el_class=&#8221;.eip-r1-c1&#8243;][vc_single_image image=&#8221;10828&#8243; img_size=&#8221;full&#8221; alignment=&#8221;center&#8221;][vc_column_text] Pour des exp\u00e9ditions simples et sans tracas vers et de le Qu\u00e9bec [\/vc_column_text][\/vc_column][vc_column width=&#8221;3\/4&#8243; el_class=&#8221;.eip-r1-c2 .lato-light&#8221; css=&#8221;.vc_custom_1592315153172{margin-left: 30px !important;}&#8221;][vc_column_text el_class=&#8221;.lato-light&#8221;]Si vous&#8230;<\/p>\n","protected":false},"author":5,"featured_media":0,"parent":0,"menu_order":0,"comment_status":"closed","ping_status":"closed","template":"","meta":{"footnotes":""},"class_list":["post-11193","page","type-page","status-publish","hentry"],"_links":{"self":[{"href":"https:\/\/www.flagshipcompany.com\/fr\/wp-json\/wp\/v2\/pages\/11193","targetHints":{"allow":["GET"]}}],"collection":[{"href":"https:\/\/www.flagshipcompany.com\/fr\/wp-json\/wp\/v2\/pages"}],"about":[{"href":"https:\/\/www.flagshipcompany.com\/fr\/wp-json\/wp\/v2\/types\/page"}],"author":[{"embeddable":true,"href":"https:\/\/www.flagshipcompany.com\/fr\/wp-json\/wp\/v2\/users\/5"}],"replies":[{"embeddable":true,"href":"https:\/\/www.flagshipcompany.com\/fr\/wp-json\/wp\/v2\/comments?post=11193"}],"version-history":[{"count":29,"href":"https:\/\/www.flagshipcompany.com\/fr\/wp-json\/wp\/v2\/pages\/11193\/revisions"}],"predecessor-version":[{"id":16176,"href":"https:\/\/www.flagshipcompany.com\/fr\/wp-json\/wp\/v2\/pages\/11193\/revisions\/16176"}],"wp:attachment":[{"href":"https:\/\/www.flagshipcompany.com\/fr\/wp-json\/wp\/v2\/media?parent=11193"}],"curies":[{"name":"wp","href":"https:\/\/api.w.org\/{rel}","templated":true}]}}