{"id":11215,"date":"2020-07-08T19:34:54","date_gmt":"2020-07-08T19:34:54","guid":{"rendered":"https:\/\/www.flagshipcompany.com\/?page_id=11215"},"modified":"2022-11-18T14:27:01","modified_gmt":"2022-11-18T19:27:01","slug":"prince-edouard-services-messagerie","status":"publish","type":"page","link":"https:\/\/www.flagshipcompany.com\/fr\/prince-edouard-services-messagerie\/","title":{"rendered":"Nous sommes votre solution d\u2019exp\u00e9dition et de messagerie \u00e0 l\u2019\u00cele-du-Prince-\u00c9douard"},"content":{"rendered":"<div class=\"wpb-content-wrapper\"><p>[vc_row full_width=&#8221;stretch_row_content_no_spaces&#8221;][vc_column][vc_raw_html]JTNDZGl2JTIwY2xhc3MlM0QlMjJoZWFkZXItYm94LXJlbGF0aXZlJTIyJTNFJTBBJTBBJTNDZGl2JTIwY2xhc3MlM0QlMjJoZWFkZXItYm94LWJrZyUyMiUyMCUzRSUwQSUzQ2ltZyUyMHNyYyUzRCUyMiUyRmFwcCUyRnVwbG9hZHMlMkYyMDIwJTJGMDYlMkZGbGFnU2hpcC1iYW5uZXItUEVJLmpwZyUyMiUyMCUyRiUzRSUwQSUzQyUyRmRpdiUzRSUwQSUwQSUzQ2RpdiUyMGNsYXNzJTNEJTIyaGVhZGVyLWNlbnRlci10ZXh0LWFic29sdXRlMiUyMiUzRSUwQSUzQ2RpdiUyMGNsYXNzJTNEJTIyaGVhZGVyLWNlbnRlci10ZXh0LWFic29sdXRlMi1pbm5lciUyMiUzRSUwQSUzQ2gxJTNFTm91cyUyMHNvbW1lcyUyMHZvdHJlJTIwc29sdXRpb24lMjBkJUUyJTgwJTk5ZXhwJUMzJUE5ZGl0aW9uJTIwZXQlMjBkZSUyMG1lc3NhZ2VyaWUlMjAlQzMlQTAlMjBsJUUyJTgwJTk5JUMzJThFbGUtZHUtUHJpbmNlLSVDMyU4OWRvdWFyZCUzQ2ZvbnQlMjBjbGFzcyUzRCUyMmxhdG8tbm9ybWFsJTIyJTNFJTNDJTJGaDElM0UlM0MlMkZkaXYlM0UlMEElM0MlMkZkaXYlM0UlMEElMjAlMjAlMjAlMjAlMEElM0MlMkZkaXYlM0U=[\/vc_raw_html][\/vc_column][\/vc_row][vc_row css=&#8221;.vc_custom_1591976682546{margin-bottom: 0px !important;padding-top: 0px !important;}&#8221;][vc_column width=&#8221;1\/4&#8243; el_class=&#8221;.eip-r1-c1&#8243;][vc_single_image image=&#8221;11268&#8243; img_size=&#8221;full&#8221; alignment=&#8221;center&#8221;][vc_column_text]<\/p>\n<h2>Excellents prix pour l\u2019exp\u00e9dition \u00e0 l\u2019\u00cele-du-Prince-\u00c9douard<\/h2>\n<p>[\/vc_column_text][\/vc_column][vc_column width=&#8221;3\/4&#8243; el_class=&#8221;.eip-r1-c2 .lato-light&#8221; css=&#8221;.vc_custom_1592315153172{margin-left: 30px !important;}&#8221;][vc_column_text el_class=&#8221;.lato-light&#8221;]\u00cates-vous une petite ou moyenne entreprise \u00e0 la recherche de services de messagerie rapides, abordables et fiables de l&#8217;\u00ce.-P.-\u00c9.? En tant que l\u2019une des meilleures solutions d\u2019<a href=\"\/?page_id=2296\" target=\"_blank\" rel=\"noopener noreferrer\">exp\u00e9dition \u00e0 rabais<\/a> au Canada, la solution d\u2019exp\u00e9dition en ligne de FlagShip facilite la comparaison des tarifs et des services exceptionnels de Purolator, UPS, FedEx, Canpar et DHL. Choisissez le service qui vous convient; traitez, g\u00e9rez et faites le suivi de vos envois \u2013 le tout au m\u00eame endroit!<\/p>\n<p class=\"TranslationPanel_paragraph__D-ucz TranslationPanel_feedback-enabled__3NmpV\">En cr\u00e9ant un compte gratuit avec FlagShip, vous avez acc\u00e8s aux meilleurs tarifs de messagerie en <a href=\"\/?page_id=6554\" target=\"_blank\" rel=\"noopener noreferrer\">comparant instantan\u00e9ment<\/a> les prix des principaux messagers sans avoir \u00e0 chercher d&#8217;un site \u00e0 l&#8217;autre. FlagShip le fait pour vous \u2013 sur un seul \u00e9cran! \u202fDE PLUS, nous cr\u00e9ons aussi des \u00e9tiquettes d&#8217;exp\u00e9dition conformes pour chaque emballage, stockons les renseignements d&#8217;exp\u00e9dition cl\u00e9s pour une r\u00e9f\u00e9rence rapide et facile pour une utilisation ult\u00e9rieure et vous pouvez faire le suivi de vos exp\u00e9ditions. <a href=\"\/?page_id=2380\" target=\"_blank\" rel=\"noopener noreferrer\">Inscrivez-vous GRATUITEMENT d\u00e8s aujourd&#8217;hui.<\/a><\/p>\n<p class=\"TranslationPanel_paragraph__D-ucz TranslationPanel_feedback-enabled__3NmpV\"><strong>Nous faisons de notre mieux pour vous aider \u00e0 \u00e9conomiser temps et argent sur les services d\u2019exp\u00e9dition et de messagerie de l\u2019\u00ce.-P.-\u00c9.<\/strong><\/p>\n<p>[\/vc_column_text][vc_raw_html]JTIwJTNDYSUyMGNsYXNzJTNEJTIyY3RhLWJ1dHRvbiUyMiUyMGhyZWYlM0QlMjJodHRwcyUzQSUyRiUyRnd3dy5mbGFnc2hpcGNvbXBhbnkuY29tJTJGZnIlMkZpbnNjcml2ZXotdm91cyUyRiUyMiUzRSUwQSUyMCUyMCUzQ3NwYW4lMjBjbGFzcyUzRCUyMmN0YS1idXR0b24taWNvbiUyMiUzRSUzQ2klMjBjbGFzcyUzRCUyMmZhcyUyMGZhLXRhZyUyMiUyMGFyaWEtaGlkZGVuJTNEJTIydHJ1ZSUyMiUzRSUzQyUyRmklM0UlM0MlMkZzcGFuJTNFJTBBJTIwJTIwJTNDc3BhbiUyMGNsYXNzJTNEJTIyY3RhLWJ1dHRvbi10ZXh0JTIyJTNFT0JURU5FWiUyMFVORSUyMFNPVU1JU1NJT04lM0MlMkZzcGFuJTNFJTBBJTIwJTNDJTJGYSUzRSUwQQ==[\/vc_raw_html][\/vc_column][\/vc_row][vc_row full_width=&#8221;stretch_row&#8221; el_class=&#8221;.eip-r2&#8243; css=&#8221;.vc_custom_1591976999658{margin-bottom: 0px !important;padding-bottom: 0px !important;background-color: #f6f7f9 !important;}&#8221;][vc_column width=&#8221;1\/4&#8243; el_class=&#8221;.eip-r2-c1&#8243;][vc_column_text]<\/p>\n<h2>Exp\u00e9dition \u00e9conomique pour les petites entreprises<\/h2>\n<p>[\/vc_column_text][\/vc_column][vc_column width=&#8221;3\/4&#8243; el_class=&#8221;.eip-r2-c2 .lato-light&#8221; css=&#8221;.vc_custom_1591802722702{margin-left: 30px !important;}&#8221;][vc_column_text el_class=&#8221;.lato-light&#8221;]<\/p>\n<p class=\"TranslationPanel_paragraph__D-ucz TranslationPanel_feedback-enabled__3NmpV\">Les petites entreprises nous disent qu\u2019elles sont frustr\u00e9es par les tracas et les co\u00fbts d\u2019exp\u00e9dition dans l\u2019\u00e9conomie d\u2019aujourd\u2019hui. Mais c\u2019est une partie importante de n\u2019importe quelle entreprise, alors quelles options avez-vous? Laissez FlagShip vous aider avec notre solution unique de livraison \u00e0 rabais en ligne. Chez FlagShip, vous pouvez comparer et magasiner instantan\u00e9ment le meilleur service de messagerie \u2013 Purolator, UPS, FedEx. DHL et Canpar \u2013 tous au m\u00eame endroit. Notre approche en mati\u00e8re d&#8217;exp\u00e9dition permet \u00e0 votre petite entreprise d&#8217;\u00e9conomiser temps et argent sur l&#8217;ensemble de votre processus d&#8217;exp\u00e9dition, de la commande de fournitures au suivi de l&#8217;\u00e9tat de votre exp\u00e9dition.<\/p>\n<p class=\"TranslationPanel_paragraph__D-ucz TranslationPanel_feedback-enabled__3NmpV\">Les petites entreprises de l&#8217;\u00ce.-P.-\u00c9. peuvent maintenant profiter des avantages suivants :<\/p>\n<p>\u2022 Comparez instantan\u00e9ment les tarifs de messagerie, tous au m\u00eame endroit, pour les services de messagerie de marque suivants : Purolator, UPS, FedEx, DHL et Canpar<\/p>\n<p>\u2022 Choisissez le service de messagerie que vous voulez.<\/p>\n<p>\u2022 \u00c9conomisez sur chaque exp\u00e9dition.<\/p>\n<p>\u2022 Service \u00e0 la client\u00e8le disponible apr\u00e8s les heures d&#8217;ouverture et la fin de semaine.<\/p>\n<p>\u2022 Et encore plus!<\/p>\n<p><strong>Magasinez les meilleurs tarifs de messagerie en toute facilit\u00e9!<\/strong> Les clients de FlagShip profitent de notre syst\u00e8me d&#8217;exp\u00e9dition en ligne facile \u00e0 utiliser, qui leur permet de magasiner pour le tarif et le service de livraison le moins cher parmi les principaux services de messagerie Purolator, UPS, FedEx, DHL et Canpar.<strong><a href=\"\/?page_id=2380\" target=\"_blank\" rel=\"noopener noreferrer\"> Cr\u00e9ez votre compte FlagShip gratuit<\/a> en quelques secondes pour commencer \u00e0 <span style=\"text-decoration: underline;\">\u00e9conomisez jusqu\u2019\u00e0 70% \u00a0sur les <\/span>\u00a0chaque exp\u00e9dition.<\/strong>[\/vc_column_text][\/vc_column][\/vc_row][vc_row full_width=&#8221;stretch_row&#8221; css=&#8221;.vc_custom_1591976994245{margin-top: 0px !important;padding-top: 0px !important;background-color: #f6f7f9 !important;}&#8221;][vc_column][vc_single_image image=&#8221;11049&#8243; img_size=&#8221;full&#8221;][\/vc_column][\/vc_row][vc_row full_width=&#8221;stretch_row&#8221; el_class=&#8221;.eip-r3&#8243; css=&#8221;.vc_custom_1592315735888{margin-top: 0px !important;margin-bottom: 0px !important;padding-top: 60px !important;padding-bottom: 40px !important;}&#8221;][vc_column width=&#8221;1\/2&#8243; el_class=&#8221;.eip-r3-c1 .lato-light&#8221; css=&#8221;.vc_custom_1591976740504{margin-bottom: 0px !important;padding-bottom: 0px !important;}&#8221;][vc_column_text el_class=&#8221;.lato-light&#8221;]<\/p>\n<h2><span style=\"color: #58595b !important;\">Exp\u00e9dition <span style=\"color: #0ca8e2 !important; font-weight: bold;\">VERS<\/span> \u00ce.-P.-\u00c9<\/span><\/h2>\n<p>Si votre entreprise est situ\u00e9e n\u2019importe o\u00f9 au Canada, FlagShip exp\u00e9diera rapidement les colis de votre entreprise \u00e0 l\u2019\u00cele-du-Prince-\u00c9douard et \u00e0 un excellent taux! Pour les petites et moyennes entreprises du pays, vous pouvez compter sur nous pour assurer la livraison \u00e0 ce march\u00e9 essentiel, que vous fassiez des livraisons une fois par mois ou 40 fois par semaine.[\/vc_column_text][vc_column_text el_class=&#8221;.lato-light&#8221;]<\/p>\n<h2><span style=\"color: #58595b !important;\">Exp\u00e9dition <span style=\"color: #0ca8e2 !important; font-weight: bold;\">DE<\/span> \u00ce.-P.-\u00c9<\/span><\/h2>\n<p>Il est si facile d\u2019exp\u00e9dier \u00e0 partir de P.E.I , que vous ayez besoin de services de messagerie locaux, nationaux ou internationaux \u2013 nous couvrons tout, \u00e0 un tarif r\u00e9duit. Gr\u00e2ce \u00e0 nos partenariats avec des entreprises de messagerie de grande envergure, nous offrons aux petites et moyennes entreprises les meilleurs tarifs d&#8217;exp\u00e9dition partout dans le monde.[\/vc_column_text][vc_raw_html]JTNDYSUyMGNsYXNzJTNEJTIyY3RhLWJ1dHRvbiUyMiUyMGhyZWYlM0QlMjJodHRwcyUzQSUyRiUyRnd3dy5mbGFnc2hpcGNvbXBhbnkuY29tJTJGZnIlMkZpbnNjcml2ZXotdm91cyUyRiUyMiUyMHN0eWxlJTNEJTIybWFyZ2luLWJvdHRvbSUzQTBweCUzQiUyMiUzRSUwQSUyMCUyMCUzQ3NwYW4lMjBjbGFzcyUzRCUyMmN0YS1idXR0b24taWNvbiUyMiUzRSUzQ2klMjBjbGFzcyUzRCUyMmZhcyUyMGZhLWFycm93LWNpcmNsZS1yaWdodCUyMiUyMGFyaWEtaGlkZGVuJTNEJTIydHJ1ZSUyMiUzRSUzQyUyRmklM0UlM0MlMkZzcGFuJTNFJTBBJTIwJTIwJTNDc3BhbiUyMGNsYXNzJTNEJTIyY3RhLWJ1dHRvbi10ZXh0JTIyJTNFQ09NTUVOQ0VaJTIwJUMzJTgwJTIwRVhQJUMzJTg5RElFUiUzQyUyRnNwYW4lM0UlMEElMjAlM0MlMkZhJTNFJTBBJTBB[\/vc_raw_html][\/vc_column][vc_column width=&#8221;1\/2&#8243; el_class=&#8221;.eip-r3-c1 .lato-light&#8221; css=&#8221;.vc_custom_1591976875081{margin-bottom: 0px !important;padding-bottom: 0px !important;}&#8221;][vc_single_image image=&#8221;10710&#8243; img_size=&#8221;full&#8221; alignment=&#8221;center&#8221;][\/vc_column][\/vc_row][vc_row full_width=&#8221;stretch_row&#8221; el_class=&#8221;.dsp-r4&#8243; css=&#8221;.vc_custom_1592406799039{margin-bottom: 0px !important;padding-top: 40px !important;padding-bottom: 0px !important;background-color: #09a8e1 !important;}&#8221;][vc_column width=&#8221;1\/2&#8243; css=&#8221;.vc_custom_1592405127456{margin-bottom: 0px !important;padding-bottom: 0px !important;}&#8221; el_class=&#8221;.dsp-r4-c1&#8243;][vc_single_image image=&#8221;16149&#8243; img_size=&#8221;&#8221; css=&#8221;.vc_custom_1668799619937{margin-bottom: 0px !important;padding-top: 0px !important;padding-bottom: 0px !important;}&#8221;][vc_column_text el_class=&#8221;.dsp-r4-c1&#8243;]<\/p>\n<h2 class=\"whitesubhead\">Ne faites pas de compromis sur vos besoins d\u2019exp\u00e9dition de l\u2019\u00ce.-P.-\u00c9<\/h2>\n<p>Choisir la bonne solution d&#8217;exp\u00e9dition peut vous faire gagner du temps et \u00e9conomiser de l&#8217;argent, tout en vous \u00e9pargnant de la frustration inutile. Voici trois v\u00e9rit\u00e9s pour aider \u00e0 r\u00e9duire les co\u00fbts et \u00e0 ne pas compromettre le service que vous choisissez.[\/vc_column_text][\/vc_column][vc_column width=&#8221;1\/2&#8243; css=&#8221;.vc_custom_1592405162573{padding-top: 80px !important;padding-bottom: 0px !important;}&#8221; el_class=&#8221;.dsp-r4-c2&#8243;][vc_column_text]<b><span data-contrast=\"none\">#1 \u2013 Faites votre travail et comparez les tarifs de messagerie.<\/span><\/b><span data-ccp-props=\"{&quot;201341983&quot;:2,&quot;335559739&quot;:200,&quot;335559740&quot;:360}\">\u00a0<\/span><\/p>\n<p>Payer trop cher sur vos frais d&#8217;exp\u00e9dition et commencer \u00e0 comparer les tarifs d&#8217;exp\u00e9dition. \u202fLe <a href=\"\/?p=3288\" target=\"_blank\" rel=\"noopener noreferrer\">magasinage de tarifs<\/a>\u202fest la nouvelle fa\u00e7on pour les petites entreprises d\u2019obtenir le meilleur tarif de livraison disponible en moins de temps; comme pour les vols, vous pouvez maintenant le faire pour vos exp\u00e9ditions. Le<a href=\"\/?page_id=2305\" target=\"_blank\" rel=\"noopener noreferrer\"> syst\u00e8me d\u2019exp\u00e9dition exclusif<\/a> de FlagShip \u202fvous donne acc\u00e8s gratuitement aux meilleurs tarifs d\u2019exp\u00e9dition et vous permet de comparer les services de messagerie de marque de premier plan.<\/p>\n<p><b><span data-contrast=\"none\">#2 \u2013La livraison est facile (si vous travaillez avec la bonne entreprise!).<\/span><\/b><\/p>\n<p>\u00c9valuer les sites Web de magasinage pour les services de messagerie est une douzaine et ils sont indubitablement utiles, jusqu&#8217;\u00e0 un certain point. Avec FlagShip, nous passons au niveau sup\u00e9rieur, o\u00f9 vous pouvez comparer et s\u00e9lectionner le service de messagerie de votre choix sur le m\u00eame \u00e9cran. \u202fPas besoin d\u2019utiliser plusieurs services en ligne, nous vous offrons la possibilit\u00e9 de g\u00e9rer facilement tous vos besoins d\u2019exp\u00e9dition en un seul endroit. Comparez les tarifs du service de messagerie, s\u00e9lectionnez votre service d\u2019exp\u00e9dition et \u00e9conomisez gr\u00e2ce aux tarifs d\u2019exp\u00e9dition exclusifs, le tout sur un seul \u00e9cran. C&#8217;est aussi simple que \u00e7a!<\/p>\n<p><b><span data-contrast=\"none\">#3 \u2013 Rabais exclusifs, syst\u00e9matiquement.<\/span><\/b><\/p>\n<p>FlagShip est un revendeur exp\u00e9diteur et peut fournir aux utilisateurs finaux des services d&#8217;exp\u00e9dition \u00e0 des tarifs beaucoup plus avantageux que ceux qu&#8217;ils peuvent recevoir eux-m\u00eames, \u00e0 maintes et maintes reprises. <a href=\"\/?p=3693\" target=\"_blank\" rel=\"noopener noreferrer\">\u202fPlus d&#8217;info sur l&#8217;exp\u00e9dition des revendeurs<\/a>.[\/vc_column_text][\/vc_column][\/vc_row][vc_row el_class=&#8221;.eip-r5 .lato-light&#8221; css=&#8221;.vc_custom_1591976938440{padding-top: 40px !important;}&#8221;][vc_column width=&#8221;1\/3&#8243; el_class=&#8221;.eip-r5-c1&#8243;][vc_single_image image=&#8221;6453&#8243; img_size=&#8221;&#8221; onclick=&#8221;custom_link&#8221; link=&#8221;https:\/\/www.flagshipcompany.com\/fr\/prix-reduits\/&#8221; css=&#8221;.vc_custom_1594236334123{margin-left: -10px !important;}&#8221;][vc_column_text el_class=&#8221;.lato-light&#8221;]<\/p>\n<h2 style=\"color: #0ca8e2 !important;\"><a href=\"\/?page_id=6802\">Service de messagerie rabais <\/a><\/h2>\n<p>Obtenez les meilleurs tarifs aupr\u00e8s des plus grands fournisseurs de services de messagerie, que ce soit pour l&#8217;exp\u00e9dition \u00e0 l&#8217;\u00cele-du-Prince-\u00c9douard depuis n&#8217;importe o\u00f9 au Canada ou pour l&#8217;exp\u00e9dition depuis l&#8217;\u00cele-du-Prince-\u00c9douard \u00e0 l&#8217;\u00e9chelle internationale.[\/vc_column_text][\/vc_column][vc_column width=&#8221;1\/3&#8243; el_class=&#8221;.eip-r5-c2&#8243;][vc_single_image image=&#8221;6772&#8243; img_size=&#8221;&#8221; onclick=&#8221;custom_link&#8221; css=&#8221;.vc_custom_1594236412206{margin-left: -10px !important;}&#8221; link=&#8221;https:\/\/www.flagshipcompany.com\/fr\/services-dexpedition-internationaux\/&#8221;][vc_column_text el_class=&#8221;.lato-light&#8221;]<\/p>\n<h2><a href=\"\/?page_id=6541\">Exp\u00e9dition internationale <\/a><\/h2>\n<p>FlagShip vous offre une exp\u00e9dition pratique et peu co\u00fbteuse de l&#8217;\u00ce.-P.-\u00c9. \u00c0 n&#8217;importe quel endroit dans le monde! C\u2019est un excellent moyen pour les petites et moyennes entreprises de profiter des prix sur les gros volumes de rabais![\/vc_column_text][\/vc_column][vc_column width=&#8221;1\/3&#8243; el_class=&#8221;.eip-r5-c3&#8243;][vc_single_image image=&#8221;10178&#8243; img_size=&#8221;&#8221; onclick=&#8221;custom_link&#8221; css=&#8221;.vc_custom_1594236457897{margin-left: -10px !important;}&#8221; link=&#8221;https:\/\/www.flagshipcompany.com\/fr\/integration-ecommerce\/&#8221;][vc_column_text el_class=&#8221;.lato-light&#8221;]<\/p>\n<h2><a href=\"\/?page_id=7435\">Int\u00e9gration du commerce \u00e9lectronique <\/a><\/h2>\n<p>Pour votre magasin en ligne, livrer des produits \u00e0 partir de P.E.I est facile avec les solutions d\u2019exp\u00e9dition plug-and-play de FlagShip pour le commerce \u00e9lectronique. D\u00e9couvrez comment vous pouvez am\u00e9liorer l&#8217;exp\u00e9rience de votre client d\u00e8s maintenant.[\/vc_column_text][\/vc_column][\/vc_row][vc_row full_width=&#8221;stretch_row&#8221; css=&#8221;.vc_custom_1592315663465{margin-top: 0px !important;padding-top: 0px !important;padding-bottom: 20px !important;}&#8221; el_class=&#8221;.eip-r6&#8243;][vc_column width=&#8221;1\/3&#8243;][\/vc_column][vc_column width=&#8221;1\/3&#8243;][vc_raw_html]JTNDZGl2JTIwc3R5bGUlM0QlMjJkaXNwbGF5JTNBYmxvY2slM0IlMjB3aWR0aCUzQTM0MHB4JTNCJTIwbWFyZ2luJTNBJTIwMCUyMGF1dG8lM0IlMjB0ZXh0LWFsaWduJTNBJTIwY2VudGVyJTNCJTIyJTNFJTBBJTNDYSUyMGNsYXNzJTNEJTIyY3RhLWJ1dHRvbiUyMiUyMGhyZWYlM0QlMjJodHRwcyUzQSUyRiUyRnd3dy5mbGFnc2hpcGNvbXBhbnkuY29tJTJGZnIlMkZpbnNjcml2ZXotdm91cyUyRiUyMiUzRSUwQSUyMCUyMCUzQ3NwYW4lMjBjbGFzcyUzRCUyMmN0YS1idXR0b24taWNvbiUyMiUzRSUzQ2klMjBjbGFzcyUzRCUyMmZhcyUyMGZhLWFycm93LWNpcmNsZS1yaWdodCUyMiUyMGFyaWEtaGlkZGVuJTNEJTIydHJ1ZSUyMiUzRSUzQyUyRmklM0UlM0MlMkZzcGFuJTNFJTBBJTIwJTIwJTNDc3BhbiUyMGNsYXNzJTNEJTIyY3RhLWJ1dHRvbi10ZXh0JTIyJTNFT0JURU5FWiUyMFVOJTIwQ09NUFRFJTNDJTJGc3BhbiUzRSUwQSUyMCUzQyUyRmElM0UlMEElM0MlMkZkaXYlM0UlMEE=[\/vc_raw_html][\/vc_column][vc_column width=&#8221;1\/3&#8243;][\/vc_column][\/vc_row][vc_row full_width=&#8221;stretch_row&#8221; el_class=&#8221;.hp-r9&#8243; css=&#8221;.vc_custom_1591882700928{padding-top: 60px !important;padding-right: 20px !important;padding-left: 20px !important;background-color: #09a8e1 !important;}&#8221;][vc_column width=&#8221;1\/6&#8243; el_class=&#8221;.hp-r9-c1&#8243;][\/vc_column][vc_column width=&#8221;2\/3&#8243;][vc_single_image image=&#8221;10314&#8243; img_size=&#8221;160&#215;118&#8243; alignment=&#8221;center&#8221;][vc_raw_html]JTNDZGl2JTIwY2xhc3MlM0QlMjJkc3AtcjMtc3ViLXRpdGxlJTIyJTNFQXBwcmVuZXotZW4lMjBwbHVzJTIwc3VyJTIwbGVzJTIwc2VydmljZXMlMjBkJTI3ZXhwJUMzJUE5ZGl0aW9uJTIwZGUlMjBsJTI3JUMzJThFbGUtZHUtUHJpbmNlLSVDMyU4OWRvdWFyZCUyMGV0JTIwc3VyJTIwbGElMjBmYSVDMyVBN29uJTIwZG9udCUyMG5vdXMlMjBwb3V2b25zJTIwdm91cyUyMGFpZGVyJTIwJUMzJUEwJTIwJUMzJUE5Y29ub21pc2VyJTIwZGUlMjBsJTI3YXJnZW50JTIwbG9yc3F1ZSUyMHZvdXMlMjBleHAlQzMlQTlkaWV6JTIwZGVzJTIwYXJ0aWNsZXMlMjBkYW5zJTIwbGVzJTIwdmlsbGVzJTIwc3VpdmFudGVzJTIwJTNBJTIwJTNDJTJGZGl2JTNF[\/vc_raw_html][vc_separator color=&#8221;white&#8221; el_width=&#8221;80&#8243;][vc_raw_html]JTNDZGl2JTIwY2xhc3MlM0QlMjJocC1yOS1jMS10aXRsZTIlMjIlMjBzdHlsZSUzRCUyMmZvbnQtc2l6ZSUzQSUyMDExMCUyNSUzQiUyMHRleHQtYWxpZ24lM0ElMjBjZW50ZXIlM0IlMjB0cmFucyUyMiUzRSUyMENoYXJsb3R0ZXRvd24lMjAlM0MlMkZkaXYlM0U=[\/vc_raw_html][\/vc_column][vc_column width=&#8221;1\/6&#8243;][\/vc_column][\/vc_row][vc_row][vc_column][\/vc_column][\/vc_row]<\/p>\n<\/div>","protected":false},"excerpt":{"rendered":"<p>[vc_row full_width=&#8221;stretch_row_content_no_spaces&#8221;][vc_column][vc_raw_html]JTNDZGl2JTIwY2xhc3MlM0QlMjJoZWFkZXItYm94LXJlbGF0aXZlJTIyJTNFJTBBJTBBJTNDZGl2JTIwY2xhc3MlM0QlMjJoZWFkZXItYm94LWJrZyUyMiUyMCUzRSUwQSUzQ2ltZyUyMHNyYyUzRCUyMiUyRmFwcCUyRnVwbG9hZHMlMkYyMDIwJTJGMDYlMkZGbGFnU2hpcC1iYW5uZXItUEVJLmpwZyUyMiUyMCUyRiUzRSUwQSUzQyUyRmRpdiUzRSUwQSUwQSUzQ2RpdiUyMGNsYXNzJTNEJTIyaGVhZGVyLWNlbnRlci10ZXh0LWFic29sdXRlMiUyMiUzRSUwQSUzQ2RpdiUyMGNsYXNzJTNEJTIyaGVhZGVyLWNlbnRlci10ZXh0LWFic29sdXRlMi1pbm5lciUyMiUzRSUwQSUzQ2gxJTNFTm91cyUyMHNvbW1lcyUyMHZvdHJlJTIwc29sdXRpb24lMjBkJUUyJTgwJTk5ZXhwJUMzJUE5ZGl0aW9uJTIwZXQlMjBkZSUyMG1lc3NhZ2VyaWUlMjAlQzMlQTAlMjBsJUUyJTgwJTk5JUMzJThFbGUtZHUtUHJpbmNlLSVDMyU4OWRvdWFyZCUzQ2ZvbnQlMjBjbGFzcyUzRCUyMmxhdG8tbm9ybWFsJTIyJTNFJTNDJTJGaDElM0UlM0MlMkZkaXYlM0UlMEElM0MlMkZkaXYlM0UlMEElMjAlMjAlMjAlMjAlMEElM0MlMkZkaXYlM0U=[\/vc_raw_html][\/vc_column][\/vc_row][vc_row css=&#8221;.vc_custom_1591976682546{margin-bottom: 0px !important;padding-top: 0px !important;}&#8221;][vc_column width=&#8221;1\/4&#8243; el_class=&#8221;.eip-r1-c1&#8243;][vc_single_image image=&#8221;11268&#8243; img_size=&#8221;full&#8221; alignment=&#8221;center&#8221;][vc_column_text] Excellents prix pour l\u2019exp\u00e9dition \u00e0 l\u2019\u00cele-du-Prince-\u00c9douard [\/vc_column_text][\/vc_column][vc_column width=&#8221;3\/4&#8243; el_class=&#8221;.eip-r1-c2 .lato-light&#8221; css=&#8221;.vc_custom_1592315153172{margin-left: 30px !important;}&#8221;][vc_column_text el_class=&#8221;.lato-light&#8221;]\u00cates-vous une petite ou moyenne entreprise \u00e0 la&#8230;<\/p>\n","protected":false},"author":5,"featured_media":0,"parent":0,"menu_order":0,"comment_status":"closed","ping_status":"closed","template":"","meta":{"footnotes":""},"class_list":["post-11215","page","type-page","status-publish","hentry"],"_links":{"self":[{"href":"https:\/\/www.flagshipcompany.com\/fr\/wp-json\/wp\/v2\/pages\/11215","targetHints":{"allow":["GET"]}}],"collection":[{"href":"https:\/\/www.flagshipcompany.com\/fr\/wp-json\/wp\/v2\/pages"}],"about":[{"href":"https:\/\/www.flagshipcompany.com\/fr\/wp-json\/wp\/v2\/types\/page"}],"author":[{"embeddable":true,"href":"https:\/\/www.flagshipcompany.com\/fr\/wp-json\/wp\/v2\/users\/5"}],"replies":[{"embeddable":true,"href":"https:\/\/www.flagshipcompany.com\/fr\/wp-json\/wp\/v2\/comments?post=11215"}],"version-history":[{"count":16,"href":"https:\/\/www.flagshipcompany.com\/fr\/wp-json\/wp\/v2\/pages\/11215\/revisions"}],"predecessor-version":[{"id":16180,"href":"https:\/\/www.flagshipcompany.com\/fr\/wp-json\/wp\/v2\/pages\/11215\/revisions\/16180"}],"wp:attachment":[{"href":"https:\/\/www.flagshipcompany.com\/fr\/wp-json\/wp\/v2\/media?parent=11215"}],"curies":[{"name":"wp","href":"https:\/\/api.w.org\/{rel}","templated":true}]}}