{"id":14327,"date":"2022-03-11T15:59:46","date_gmt":"2022-03-11T20:59:46","guid":{"rendered":"https:\/\/www.flagshipcompany.com\/?page_id=14327"},"modified":"2025-04-24T17:57:18","modified_gmt":"2025-04-24T21:57:18","slug":"factures-ameliorees","status":"publish","type":"page","link":"https:\/\/www.flagshipcompany.com\/fr\/factures-ameliorees\/","title":{"rendered":"Factures Am\u00e9lior\u00e9es | FlagShip"},"content":{"rendered":"<div class=\"wpb-content-wrapper\"><p>[vc_row full_width=&#8221;stretch_row_content_no_spaces&#8221;][vc_column][vc_raw_html]JTNDZGl2JTIwY2xhc3MlM0QlMjJoZWFkZXItYm94LXJlbGF0aXZlJTIyJTNFJTBBJTBBJTNDZGl2JTIwY2xhc3MlM0QlMjJoZWFkZXItYm94LWJrZyUyMiUyMCUzRSUwQSUzQ2ltZyUyMHNyYyUzRCUyMi4uJTJGYXBwJTJGdXBsb2FkcyUyRjIwMjIlMkYwMyUyRmRldGFpbGVkLWludm9pY2VzLWhlYWRlci1pbWFnZS5wbmclMjIlMjAlMkYlM0UlMEElM0MlMkZkaXYlM0UlMEElMEElM0NkaXYlMjBjbGFzcyUzRCUyMmhlYWRlci1jZW50ZXItdGV4dC1hYnNvbHV0ZSUyMiUzRSUzQ2gxJTNFJTNDZm9udCUyMGNsYXNzJTNEJTIybGF0by1ub3JtYWwlMjIlM0VGQUNUVVJFUyUzQyUyRmZvbnQlM0UlMjBBTSVDMyU4OUxJT1IlQzMlODlFUyUzQyUyRmgxJTNFJTNDJTJGZGl2JTNFJTBBJTIwJTIwJTIwJTIwJTBBJTNDJTJGZGl2JTNF[\/vc_raw_html][\/vc_column][\/vc_row][vc_row css=&#8221;.vc_custom_1646747507878{padding-top: 50px !important;padding-bottom: 50px !important;}&#8221;][vc_column width=&#8221;1\/4&#8243;][vc_column_text]<\/p>\n<h2>LE NOUVEAU FORMAT DE FACTURE DE FLAGSHIP VOUS DONNE UNE VENTILATION COMPL\u00c8TE DE VOS FRAIS D\u2019EXP\u00c9DITION<\/h2>\n<p>[\/vc_column_text][\/vc_column][vc_column width=&#8221;3\/4&#8243; css=&#8221;.vc_custom_1646747500516{padding-top: 35px !important;}&#8221;][vc_column_text]FlagShip a r\u00e9outill\u00e9 ses factures pour donner aux clients une image plus claire de leurs frais d\u2019exp\u00e9dition en un coup d\u2019\u0153il, y compris les ajustements des compagnies de messagerie, les exp\u00e9ditions manuelles et les frais de courtage.<\/p>\n<p><span style=\"font-weight: 900; color: #10a7e0;\">Jetez un coup d\u2019\u0153il au nouveau format :<\/span>[\/vc_column_text][\/vc_column][\/vc_row][vc_row full_width=&#8221;stretch_row&#8221; el_class=&#8221;.oossv2-r2&#8243; css=&#8221;.vc_custom_1646748355214{margin-bottom: 0px !important;padding-top: 50px !important;background-color: #f6f7f9 !important;border-radius: 1px !important;}&#8221;][vc_column width=&#8221;1\/4&#8243; el_class=&#8221;.oossv2-r2-c1&#8243; css=&#8221;.vc_custom_1543424803505{padding-right: 0px !important;padding-left: 0px !important;}&#8221;][vc_column_text css=&#8221;.vc_custom_1646754106854{margin-bottom: 20px !important;}&#8221;]<\/p>\n<p style=\"font-weight: bold; color: #00a7e0; font-size: 120%;\"><b>PARTIE 1:<br \/>\nAper\u00e7u des frais et du montant d\u00fb<\/b><\/p>\n<p>[\/vc_column_text][vc_column_text]Une ventilation d\u00e9taill\u00e9e des frais de la semaine, y compris :<\/p>\n<ol>\n<li>Total des frais d\u2019exp\u00e9dition<\/li>\n<li>Tous les ajustements des compagnies de messagerie, uniquement si de tels frais s\u2019appliquent \u00e0 cette facture (par exemple. Livraison r\u00e9sidentielle, manutention sp\u00e9ciale, etc.)<\/li>\n<li>Solde impay\u00e9<\/li>\n<\/ol>\n<p>[\/vc_column_text][\/vc_column][vc_column width=&#8221;3\/4&#8243; el_class=&#8221;.oossv2-r2-c2&#8243;][vc_single_image image=&#8221;14346&#8243; img_size=&#8221;full&#8221; alignment=&#8221;center&#8221;][\/vc_column][\/vc_row][vc_row full_width=&#8221;stretch_row&#8221; el_class=&#8221;.oossv2-r2&#8243; css=&#8221;.vc_custom_1646748189571{background-color: #f6f7f9 !important;}&#8221;][vc_column el_class=&#8221;.oossv2-r2-c1&#8243; css=&#8221;.vc_custom_1543424803505{padding-right: 0px !important;padding-left: 0px !important;}&#8221;][vc_separator color=&#8221;custom&#8221; css=&#8221;.vc_custom_1646748365631{padding-top: 20px !important;padding-bottom: 20px !important;}&#8221; accent_color=&#8221;#c3c3c3&#8243;][\/vc_column][\/vc_row][vc_row full_width=&#8221;stretch_row&#8221; el_class=&#8221;.oossv2-r2&#8243; css=&#8221;.vc_custom_1646748686618{margin-bottom: 0px !important;padding-top: 20px !important;background-color: #f6f7f9 !important;border-radius: 1px !important;}&#8221;][vc_column width=&#8221;1\/4&#8243; el_class=&#8221;.oossv2-r2-c1&#8243; css=&#8221;.vc_custom_1543424803505{padding-right: 0px !important;padding-left: 0px !important;}&#8221;][vc_column_text css=&#8221;.vc_custom_1646754261073{margin-bottom: 20px !important;}&#8221;]<\/p>\n<p style=\"font-weight: bold; color: #00a7e0; font-size: 120%;\"><b>PARTIE 2:<br \/>\nD\u00e9tails de l\u2019exp\u00e9dition<\/b><\/p>\n<p>[\/vc_column_text][vc_column_text]Une liste d\u00e9taill\u00e9e de chaque envoi que vous avez effectu\u00e9 indiquant les frais totaux pour chacun, y compris vos frais d\u2019exp\u00e9dition + tous les frais suppl\u00e9mentaires.[\/vc_column_text][\/vc_column][vc_column width=&#8221;3\/4&#8243; el_class=&#8221;.oossv2-r2-c2&#8243;][vc_single_image image=&#8221;14348&#8243; img_size=&#8221;full&#8221; alignment=&#8221;center&#8221;][\/vc_column][\/vc_row][vc_row full_width=&#8221;stretch_row&#8221; el_class=&#8221;.oossv2-r2&#8243; css=&#8221;.vc_custom_1646748189571{background-color: #f6f7f9 !important;}&#8221;][vc_column el_class=&#8221;.oossv2-r2-c1&#8243; css=&#8221;.vc_custom_1543424803505{padding-right: 0px !important;padding-left: 0px !important;}&#8221;][vc_separator color=&#8221;custom&#8221; css=&#8221;.vc_custom_1646748365631{padding-top: 20px !important;padding-bottom: 20px !important;}&#8221; accent_color=&#8221;#c3c3c3&#8243;][\/vc_column][\/vc_row][vc_row full_width=&#8221;stretch_row&#8221; el_class=&#8221;.oossv2-r2&#8243; css=&#8221;.vc_custom_1646749513313{padding-top: 20px !important;padding-bottom: 50px !important;background-color: #f6f7f9 !important;border-radius: 1px !important;}&#8221;][vc_column width=&#8221;1\/4&#8243; el_class=&#8221;.oossv2-r2-c1&#8243; css=&#8221;.vc_custom_1543424803505{padding-right: 0px !important;padding-left: 0px !important;}&#8221;][vc_column_text css=&#8221;.vc_custom_1647277853691{margin-bottom: 20px !important;}&#8221;]<\/p>\n<p style=\"font-weight: bold; color: #00a7e0; font-size: 120%;\"><b>PARTIE 3:<br \/>\nVentilation de l\u2019ajustements de la compagnie de messagerie<\/b><\/p>\n<p>[\/vc_column_text][vc_column_text]Une liste d\u00e9taill\u00e9e des ajustements individuels des compagnies de messagerie.[\/vc_column_text][\/vc_column][vc_column width=&#8221;3\/4&#8243; el_class=&#8221;.oossv2-r2-c2&#8243;][vc_single_image image=&#8221;14350&#8243; img_size=&#8221;full&#8221; alignment=&#8221;center&#8221;][\/vc_column][\/vc_row][vc_row full_width=&#8221;stretch_row&#8221; css=&#8221;.vc_custom_1543429287621{padding-top: 50px !important;padding-bottom: 50px !important;background-color: #ffffff !important;}&#8221;][vc_column css=&#8221;.vc_custom_1543429321755{padding-top: 10px !important;}&#8221;][vc_column_text]<\/p>\n<p class=\"p1\" style=\"font-weight: bold; color: #f38d6a; margin-bottom: 6px; text-align: center; font-size: 120%;\"><b>Pourquoi changer le format ?<\/b><\/p>\n<p style=\"text-align: center;\">Nous croyons au changement pour le mieux. Voici ce que le nouveau format signifie pour vous :<\/p>\n<p>[\/vc_column_text][vc_row_inner][vc_column_inner width=&#8221;1\/3&#8243;][vc_single_image image=&#8221;14253&#8243; alignment=&#8221;center&#8221;][vc_column_text]<\/p>\n<p class=\"p1\" style=\"font-weight: bold; color: #00a7e0; margin-bottom: 6px; text-align: center; font-size: 120%;\"><b>Commodit\u00e9<\/b><\/p>\n<p style=\"text-align: center;\">Gagnez du temps en consultant une ventilation compl\u00e8te de vos frais hebdomadaires livr\u00e9s dans votre bo\u00eete de r\u00e9ception sans avoir besoin de vous connecter \u00e0 votre compte FlagShip.<\/p>\n<p>[\/vc_column_text][\/vc_column_inner][vc_column_inner width=&#8221;1\/3&#8243;][vc_single_image image=&#8221;14267&#8243; alignment=&#8221;center&#8221;][vc_column_text]<\/p>\n<p class=\"p1\" style=\"font-weight: bold; color: #00a7e0; margin-bottom: 6px; text-align: center; font-size: 120%;\"><b>Transparence<\/b><\/p>\n<p style=\"text-align: center;\">Voir plus de d\u00e9tails pour mieux comprendre comment vos dollars d\u2019exp\u00e9dition sont d\u00e9pens\u00e9s.<\/p>\n<p>[\/vc_column_text][\/vc_column_inner][vc_column_inner width=&#8221;1\/3&#8243;][vc_single_image image=&#8221;14270&#8243; alignment=&#8221;center&#8221;][vc_column_text]<\/p>\n<p class=\"p1\" style=\"font-weight: bold; color: #00a7e0; margin-bottom: 6px; text-align: center; font-size: 120%;\"><b>Vous avez demand\u00e9!<\/b><\/p>\n<p style=\"text-align: center;\">Nous sommes toujours \u00e0 l\u2019\u00e9coute des commentaires de nos clients pour rendre votre exp\u00e9rience d\u2019exp\u00e9dition encore plus facile.<\/p>\n<p>[\/vc_column_text][\/vc_column_inner][\/vc_row_inner][\/vc_column][\/vc_row][vc_row full_width=&#8221;stretch_row&#8221; el_class=&#8221;.dsp-r3&#8243; css=&#8221;.vc_custom_1464624921184{background-color: #00aae3 !important;}&#8221;][vc_column][vc_column_text css=&#8221;.vc_custom_1646754385290{margin-bottom: 30px !important;}&#8221;]<\/p>\n<div class=\"dsp-r3-title\"><b>Besoin d\u2019aide ? <\/b><\/div>\n<div class=\"dsp-r3-sub-title\">Si vous avez des questions ou si vous avez besoin d\u2019aide avec vos factures, veuillez nous contacter :<\/div>\n<div class=\"dsp-r3-title\" style=\"margin-top: 15px;\"><span style=\"font-weight: 900;\">1-866-320-8383<\/span><\/div>\n<p>[\/vc_column_text][vc_raw_html css=&#8221;.vc_custom_1646753282213{margin-top: 5px !important;}&#8221;]JTNDZGl2JTIwc3R5bGUlM0QlMjJ0ZXh0LWFsaWduJTNBY2VudGVyJTNCJTIyJTNFJTNDYSUyMGNsYXNzJTNEJTIyY3RhLWJ1dHRvbiUyMiUyMGhyZWYlM0QlMjJodHRwcyUzQSUyRiUyRnd3dy5mbGFnc2hpcGNvbXBhbnkuY29tJTJGY29udGFjdC11cyUyRiUyMiUzRSUwQSUyMCUyMCUzQ3NwYW4lMjBjbGFzcyUzRCUyMmN0YS1idXR0b24tdGV4dCUyMiUzRUNPTlRBQ1QlMjBVUyUzQyUyRnNwYW4lM0UlMEElMjAlM0MlMkZhJTNFJTNDJTJGZGl2JTNFJTBB[\/vc_raw_html][\/vc_column][\/vc_row]<\/p>\n<\/div>","protected":false},"excerpt":{"rendered":"<p>[vc_row full_width=&#8221;stretch_row_content_no_spaces&#8221;][vc_column][vc_raw_html]JTNDZGl2JTIwY2xhc3MlM0QlMjJoZWFkZXItYm94LXJlbGF0aXZlJTIyJTNFJTBBJTBBJTNDZGl2JTIwY2xhc3MlM0QlMjJoZWFkZXItYm94LWJrZyUyMiUyMCUzRSUwQSUzQ2ltZyUyMHNyYyUzRCUyMi4uJTJGYXBwJTJGdXBsb2FkcyUyRjIwMjIlMkYwMyUyRmRldGFpbGVkLWludm9pY2VzLWhlYWRlci1pbWFnZS5wbmclMjIlMjAlMkYlM0UlMEElM0MlMkZkaXYlM0UlMEElMEElM0NkaXYlMjBjbGFzcyUzRCUyMmhlYWRlci1jZW50ZXItdGV4dC1hYnNvbHV0ZSUyMiUzRSUzQ2gxJTNFJTNDZm9udCUyMGNsYXNzJTNEJTIybGF0by1ub3JtYWwlMjIlM0VGQUNUVVJFUyUzQyUyRmZvbnQlM0UlMjBBTSVDMyU4OUxJT1IlQzMlODlFUyUzQyUyRmgxJTNFJTNDJTJGZGl2JTNFJTBBJTIwJTIwJTIwJTIwJTBBJTNDJTJGZGl2JTNF[\/vc_raw_html][\/vc_column][\/vc_row][vc_row css=&#8221;.vc_custom_1646747507878{padding-top: 50px !important;padding-bottom: 50px !important;}&#8221;][vc_column width=&#8221;1\/4&#8243;][vc_column_text] LE NOUVEAU FORMAT DE FACTURE DE FLAGSHIP VOUS DONNE UNE VENTILATION COMPL\u00c8TE DE VOS FRAIS D\u2019EXP\u00c9DITION [\/vc_column_text][\/vc_column][vc_column width=&#8221;3\/4&#8243; css=&#8221;.vc_custom_1646747500516{padding-top: 35px !important;}&#8221;][vc_column_text]FlagShip a r\u00e9outill\u00e9 ses factures&#8230;<\/p>\n","protected":false},"author":5,"featured_media":0,"parent":0,"menu_order":0,"comment_status":"closed","ping_status":"closed","template":"","meta":{"footnotes":""},"class_list":["post-14327","page","type-page","status-publish","hentry"],"_links":{"self":[{"href":"https:\/\/www.flagshipcompany.com\/fr\/wp-json\/wp\/v2\/pages\/14327","targetHints":{"allow":["GET"]}}],"collection":[{"href":"https:\/\/www.flagshipcompany.com\/fr\/wp-json\/wp\/v2\/pages"}],"about":[{"href":"https:\/\/www.flagshipcompany.com\/fr\/wp-json\/wp\/v2\/types\/page"}],"author":[{"embeddable":true,"href":"https:\/\/www.flagshipcompany.com\/fr\/wp-json\/wp\/v2\/users\/5"}],"replies":[{"embeddable":true,"href":"https:\/\/www.flagshipcompany.com\/fr\/wp-json\/wp\/v2\/comments?post=14327"}],"version-history":[{"count":10,"href":"https:\/\/www.flagshipcompany.com\/fr\/wp-json\/wp\/v2\/pages\/14327\/revisions"}],"predecessor-version":[{"id":21930,"href":"https:\/\/www.flagshipcompany.com\/fr\/wp-json\/wp\/v2\/pages\/14327\/revisions\/21930"}],"wp:attachment":[{"href":"https:\/\/www.flagshipcompany.com\/fr\/wp-json\/wp\/v2\/media?parent=14327"}],"curies":[{"name":"wp","href":"https:\/\/api.w.org\/{rel}","templated":true}]}}