{"id":14573,"date":"2022-05-16T10:06:12","date_gmt":"2022-05-16T14:06:12","guid":{"rendered":"https:\/\/www.flagshipcompany.com\/?page_id=14573"},"modified":"2025-01-13T12:59:54","modified_gmt":"2025-01-13T17:59:54","slug":"navigation-amelioree","status":"publish","type":"page","link":"https:\/\/www.flagshipcompany.com\/fr\/navigation-amelioree\/","title":{"rendered":"Navigation am\u00e9lior\u00e9e"},"content":{"rendered":"<div class=\"wpb-content-wrapper\"><p>[vc_row full_width=&#8221;stretch_row_content_no_spaces&#8221;][vc_column][vc_raw_html]JTNDZGl2JTIwY2xhc3MlM0QlMjJoZWFkZXItYm94LXJlbGF0aXZlJTIyJTNFJTBBJTBBJTNDZGl2JTIwY2xhc3MlM0QlMjJoZWFkZXItYm94LWJrZyUyMiUyMCUzRSUwQSUzQ2ltZyUyMHNyYyUzRCUyMmh0dHBzJTNBJTJGJTJGd3d3LmZsYWdzaGlwY29tcGFueS5jb20lMkZhcHAlMkZ1cGxvYWRzJTJGMjAyMiUyRjA1JTJGbmV3LW5hdmlnYXRpb24taGVhZGVyLWltYWdlLTIucG5nJTIyJTIwJTJGJTNFJTBBJTNDJTJGZGl2JTNFJTBBJTBBJTNDZGl2JTIwY2xhc3MlM0QlMjJoZWFkZXItY2VudGVyLXRleHQtYWJzb2x1dGUlMjIlM0UlM0NoMSUzRU5hdmlnYXRpb24lMjBhbSVDMyVBOWxpb3IlQzMlQTllJTIwJTNDZm9udCUyMGNsYXNzJTNEJTIybGF0by1ub3JtYWwlMjIlM0VkdSUyMHN5c3QlQzMlQThtZSUyMGQlRTIlODAlOTlleHAlQzMlQTlkaXRpb24lMjBlbiUyMGxpZ25lJTNDJTJGZm9udCUzRSUzQyUyRmgxJTNFJTNDJTJGZGl2JTNFJTBBJTIwJTIwJTIwJTIwJTBBJTNDJTJGZGl2JTNF[\/vc_raw_html][\/vc_column][\/vc_row][vc_row el_class=&#8221;.dsp-r1&#8243;][vc_column width=&#8221;1\/2&#8243; el_class=&#8221;.dsp-r1-c1&#8243;][vc_column_text]<\/p>\n<h2>Obtenez un acc\u00e8s plus rapide et plus facile \u00e0 vos t\u00e2ches d&#8217;exp\u00e9dition gr\u00e2ce \u00e0 la navigation am\u00e9lior\u00e9e de notre syst\u00e8me d&#8217;exp\u00e9dition en ligne<\/h2>\n<p>[\/vc_column_text][vc_column_text el_class=&#8221;.lato-light&#8221;]Nous sommes ravis d\u2019annoncer que nous avons rationalis\u00e9 notre syst\u00e8me d\u2019exp\u00e9dition en ligne pour une exp\u00e9rience utilisateur encore plus efficace. Tous les \u00e9crans d\u2019exp\u00e9dition et les fonctionnalit\u00e9s que vous connaissez restent les m\u00eames mais vous aurez d\u00e9sormais un acc\u00e8s plus rapide et plus facile aux t\u00e2ches que vous utilisez tous les jours avec des menus et des boutons repens\u00e9s.<\/p>\n<p><strong>Continuez \u00e0 faire d\u00e9filer pour plus de d\u00e9tails.<\/strong>[\/vc_column_text][\/vc_column][vc_column width=&#8221;1\/2&#8243; el_class=&#8221;.dsp-r1-c2&#8243;][vc_single_image image=&#8221;14653&#8243; img_size=&#8221;full&#8221; alignment=&#8221;right&#8221; css=&#8221;.vc_custom_1652838464363{padding-top: 20px !important;}&#8221;][\/vc_column][\/vc_row][vc_row full_width=&#8221;stretch_row&#8221; css=&#8221;.vc_custom_1652291383423{margin-bottom: 0px !important;padding-bottom: 0px !important;background-color: #f9fafc !important;}&#8221;][vc_column el_class=&#8221;.dsp-r2-c1&#8243; css=&#8221;.vc_custom_1652291406176{margin-bottom: 0px !important;padding-bottom: 0px !important;}&#8221;][vc_column_text]<\/p>\n<div class=\"dsp-r3-title\" style=\"color: #ef855f; margin-bottom: 0px;\">QUOI DE NEUF:<\/div>\n<p>[\/vc_column_text][\/vc_column][\/vc_row][vc_row full_width=&#8221;stretch_row&#8221; el_class=&#8221;.dsp-r2&#8243; css=&#8221;.vc_custom_1652293735592{margin-top: 0px !important;margin-bottom: 0px !important;padding-top: 0px !important;padding-bottom: 0px !important;background-color: #f9fafc !important;}&#8221;][vc_column width=&#8221;1\/3&#8243; el_class=&#8221;.dsp-r2-c1&#8243;][vc_tta_accordion style=&#8221;flat&#8221; color=&#8221;white&#8221; c_icon=&#8221;&#8221; active_section=&#8221;1&#8243;][vc_tta_section i_type=&#8221;material&#8221; i_icon_material=&#8221;vc-material vc-material-looks_one&#8221; add_icon=&#8221;true&#8221; tab_id=&#8221;1652291189194-ea16f47c-d7c8&#8243; title=&#8221;Pages de destination&#8221;][vc_column_text]Basculez entre votre tableau de bord d\u2019exp\u00e9dition pour un aper\u00e7u de votre activit\u00e9 d\u2019exp\u00e9dition r\u00e9cente et notre nouvel \u00e9cran d\u2019accueil pour vos t\u00e2ches d\u2019exp\u00e9dition les plus fr\u00e9quemment utilis\u00e9es \u00e0 port\u00e9e de main. Vous pouvez \u00e9galement choisir lequel de ces \u00e9crans \u00e0 utiliser comme page de destination par d\u00e9faut lors de la connexion.[\/vc_column_text][\/vc_tta_section][vc_tta_section i_type=&#8221;material&#8221; i_icon_material=&#8221;vc-material vc-material-looks_two&#8221; add_icon=&#8221;true&#8221; title=&#8221;Menu principal&#8221; tab_id=&#8221;1652291189221-df89c696-b350&#8243;][vc_column_text]Acc\u00e9dez facilement \u00e0 tous les services et fonctionnalit\u00e9s de FlagShip en moins de clics depuis notre nouveau menu lat\u00e9ral.[\/vc_column_text][\/vc_tta_section][vc_tta_section i_type=&#8221;material&#8221; i_icon_material=&#8221;vc-material vc-material-looks_3&#8243; add_icon=&#8221;true&#8221; title=&#8221;Onglets&#8221; tab_id=&#8221;1652291189246-7bef76ac-94dc&#8221;][vc_column_text]Les onglets d\u2019en-t\u00eate vous donnent un acc\u00e8s rapide \u00e0 toutes les t\u00e2ches et fonctionnalit\u00e9s disponibles dans chaque section du syst\u00e8me d\u2019exp\u00e9dition en ligne.[\/vc_column_text][\/vc_tta_section][vc_tta_section i_type=&#8221;material&#8221; i_icon_material=&#8221;vc-material vc-material-looks_4&#8243; add_icon=&#8221;true&#8221; title=&#8221;Comptes&#8221; tab_id=&#8221;1652291189272-e8534697-b7b2&#8243;][vc_column_text]Acc\u00e9dez et g\u00e9rez tous les d\u00e9tails de votre compte en un seul endroit.[\/vc_column_text][\/vc_tta_section][vc_tta_section i_type=&#8221;material&#8221; i_icon_material=&#8221;vc-material vc-material-looks_5&#8243; add_icon=&#8221;true&#8221; title=&#8221;Commerce \u00e9lectronique&#8221; tab_id=&#8221;1652291189296-1a5927a5-1a55&#8243;][vc_column_text]Connectez FlagShip \u00e0 votre boutique en ligne \u00e0 partir de notre nouvelle page de commerce \u00e9lectronique pr\u00e9sentant notre gamme compl\u00e8te d\u2019int\u00e9grations de commerce \u00e9lectronique.[\/vc_column_text][\/vc_tta_section][vc_tta_section i_type=&#8221;material&#8221; i_icon_material=&#8221;vc-material vc-material-looks_6&#8243; add_icon=&#8221;true&#8221; title=&#8221;Notifications&#8221; tab_id=&#8221;1652291189316-c9b8e658-8a68&#8243;][vc_column_text]Les notifications, alertes et mises \u00e0 jour sont d\u00e9sormais contenues dans message d\u00e9roulant pour occuper moins de place sur votre \u00e9cran.[\/vc_column_text][\/vc_tta_section][\/vc_tta_accordion][\/vc_column][vc_column width=&#8221;2\/3&#8243; el_class=&#8221;.dsp-r2-c2&#8243; css=&#8221;.vc_custom_1652291475203{padding-top: 15px !important;}&#8221;][vc_single_image image=&#8221;14663&#8243; img_size=&#8221;full&#8221;][\/vc_column][\/vc_row][vc_row full_width=&#8221;stretch_row&#8221; el_class=&#8221;.dsp-r2&#8243; css=&#8221;.vc_custom_1652293728320{margin-top: 0px !important;padding-top: 0px !important;background-color: #f9fafc !important;}&#8221;][vc_column width=&#8221;1\/4&#8243; el_class=&#8221;.dsp-r2-c1&#8243;][vc_column_text el_class=&#8221;.lato-light&#8221;]<\/p>\n<h2>Choisissez votre page de destination<\/h2>\n<p>Vous pouvez d\u00e9sormais choisir entre notre <strong>tableau de bord d\u2019exp\u00e9dition standard<\/strong> ou notre <strong>nouvel \u00e9cran d\u2019accueil<\/strong> comme page d\u2019accueil par d\u00e9faut qui vous accueille lorsque vous vous connectez \u00e0 notre syst\u00e8me d\u2019exp\u00e9dition en ligne. Cliquez simplement sur le lien <em><strong>\u201c Choisir comme page de destination par d\u00e9faut \u201d<\/strong><\/em> sur la page de votre choix. Vous pouvez le modifier \u00e0 tout moment et vous avez toujours acc\u00e8s aux deux \u00e9crans \u00e0 l\u2019aide des boutons en haut \u00e0 gauche du menu principal.[\/vc_column_text][\/vc_column][vc_column width=&#8221;3\/4&#8243; el_class=&#8221;.dsp-r2-c2&#8243; css=&#8221;.vc_custom_1652293711096{padding-top: 20px !important;}&#8221;][vc_column_text el_class=&#8221;.lato-light&#8221; css=&#8221;.vc_custom_1652711405636{margin-bottom: 0px !important;padding-bottom: 0px !important;padding-left: 20px !important;}&#8221;]<span class=\"lato-normal uppercase-all title-blue\"><span style=\"color: #ef855f;\">Nouvel<\/span> \u00e9cran d&#8217;accueil<\/span>[\/vc_column_text][vc_single_image image=&#8221;14657&#8243; img_size=&#8221;full&#8221; css=&#8221;.vc_custom_1652838678121{margin-top: 0px !important;padding-top: 0px !important;}&#8221;][vc_column_text el_class=&#8221;.lato-light&#8221; css=&#8221;.vc_custom_1652711444835{margin-bottom: 0px !important;padding-bottom: 0px !important;padding-left: 20px !important;}&#8221;]<span class=\"lato-normal uppercase-all title-blue\">Tableau de bord d\u2019exp\u00e9dition standard <\/span>[\/vc_column_text][vc_single_image image=&#8221;14659&#8243; img_size=&#8221;full&#8221; css=&#8221;.vc_custom_1652838518466{margin-top: 0px !important;padding-top: 0px !important;}&#8221;][\/vc_column][\/vc_row][vc_row full_width=&#8221;stretch_row&#8221; el_class=&#8221;.dsp-r3&#8243; css=&#8221;.vc_custom_1464624921184{background-color: #00aae3 !important;}&#8221;][vc_column][vc_column_text]<\/p>\n<div class=\"dsp-r3-title\">Est-ce que cela changera la fa\u00e7on dont j\u2019exp\u00e9die ?<\/div>\n<div class=\"dsp-r3-sub-title\" style=\"font-weight: bold;\">Absolument pas!<\/div>\n<div class=\"dsp-r3-sub-title\">Ces am\u00e9liorations n&#8217;affectent que la fa\u00e7on dont vous naviguez dans le syst\u00e8me d&#8217;exp\u00e9dition en ligne, pas la fa\u00e7on dont vous exp\u00e9diez. Voici ce qui reste pareil :<\/div>\n<p>[\/vc_column_text][\/vc_column][\/vc_row][vc_row full_width=&#8221;stretch_row&#8221; el_class=&#8221;.dsp-r4&#8243; css=&#8221;.vc_custom_1560802110044{margin-bottom: 0px !important;padding-bottom: 0px !important;background-color: #00aae3 !important;}&#8221;][vc_column width=&#8221;1\/3&#8243; el_class=&#8221;.dsp-r4-c1&#8243;][vc_column_text]<\/p>\n<div class=\"dsp-num-item\">1<\/div>\n<p>Chaque \u00e9cran individuel reste exactement le m\u00eame, seuls les menus ont \u00e9t\u00e9 repens\u00e9s[\/vc_column_text][\/vc_column][vc_column width=&#8221;1\/3&#8243; el_class=&#8221;.dsp-r4-c2&#8243;][vc_column_text]<\/p>\n<div class=\"dsp-num-item\">2<\/div>\n<p>Continuez \u00e0 effectuer les t\u00e2ches comme vous l\u2019avez toujours fait, y compris le traitement et la gestion des envois, la planification des ramassages, le paiement des factures, etc.[\/vc_column_text][\/vc_column][vc_column width=&#8221;1\/3&#8243; el_class=&#8221;.dsp-r4-c3&#8243;][vc_column_text]<\/p>\n<div class=\"dsp-num-item\">3<\/div>\n<p>Vous recevrez toujours des alertes de service et des mises \u00e0 jour, mais elles ne prendront plus autant de place sur votre \u00e9cran d&#8217;exp\u00e9dition.[\/vc_column_text][\/vc_column][\/vc_row][vc_row full_width=&#8221;stretch_row&#8221; el_class=&#8221;.dsp-r3&#8243; css=&#8221;.vc_custom_1464624921184{background-color: #00aae3 !important;}&#8221;][vc_column][vc_column_text]<\/p>\n<div class=\"dsp-r3-title\">Vous avez toujours des questions ?<\/div>\n<div class=\"dsp-r3-sub-title\">Contactez-nous: 1 866 320 8383 | <a style=\"color: #ffffff !important;\" href=\"mailto:support@flagshipcompany.com\">support@flagshipcompany.com<\/a><\/div>\n<p>[\/vc_column_text][\/vc_column][\/vc_row]<\/p>\n<\/div>","protected":false},"excerpt":{"rendered":"<p>[vc_row full_width=&#8221;stretch_row_content_no_spaces&#8221;][vc_column][vc_raw_html]JTNDZGl2JTIwY2xhc3MlM0QlMjJoZWFkZXItYm94LXJlbGF0aXZlJTIyJTNFJTBBJTBBJTNDZGl2JTIwY2xhc3MlM0QlMjJoZWFkZXItYm94LWJrZyUyMiUyMCUzRSUwQSUzQ2ltZyUyMHNyYyUzRCUyMmh0dHBzJTNBJTJGJTJGd3d3LmZsYWdzaGlwY29tcGFueS5jb20lMkZhcHAlMkZ1cGxvYWRzJTJGMjAyMiUyRjA1JTJGbmV3LW5hdmlnYXRpb24taGVhZGVyLWltYWdlLTIucG5nJTIyJTIwJTJGJTNFJTBBJTNDJTJGZGl2JTNFJTBBJTBBJTNDZGl2JTIwY2xhc3MlM0QlMjJoZWFkZXItY2VudGVyLXRleHQtYWJzb2x1dGUlMjIlM0UlM0NoMSUzRU5hdmlnYXRpb24lMjBhbSVDMyVBOWxpb3IlQzMlQTllJTIwJTNDZm9udCUyMGNsYXNzJTNEJTIybGF0by1ub3JtYWwlMjIlM0VkdSUyMHN5c3QlQzMlQThtZSUyMGQlRTIlODAlOTlleHAlQzMlQTlkaXRpb24lMjBlbiUyMGxpZ25lJTNDJTJGZm9udCUzRSUzQyUyRmgxJTNFJTNDJTJGZGl2JTNFJTBBJTIwJTIwJTIwJTIwJTBBJTNDJTJGZGl2JTNF[\/vc_raw_html][\/vc_column][\/vc_row][vc_row el_class=&#8221;.dsp-r1&#8243;][vc_column width=&#8221;1\/2&#8243; el_class=&#8221;.dsp-r1-c1&#8243;][vc_column_text] Obtenez un acc\u00e8s plus rapide et plus facile \u00e0 vos t\u00e2ches d&#8217;exp\u00e9dition gr\u00e2ce \u00e0 la navigation am\u00e9lior\u00e9e de notre syst\u00e8me d&#8217;exp\u00e9dition en ligne [\/vc_column_text][vc_column_text el_class=&#8221;.lato-light&#8221;]Nous sommes ravis d\u2019annoncer&#8230;<\/p>\n","protected":false},"author":5,"featured_media":0,"parent":0,"menu_order":0,"comment_status":"closed","ping_status":"closed","template":"","meta":{"footnotes":""},"class_list":["post-14573","page","type-page","status-publish","hentry"],"_links":{"self":[{"href":"https:\/\/www.flagshipcompany.com\/fr\/wp-json\/wp\/v2\/pages\/14573","targetHints":{"allow":["GET"]}}],"collection":[{"href":"https:\/\/www.flagshipcompany.com\/fr\/wp-json\/wp\/v2\/pages"}],"about":[{"href":"https:\/\/www.flagshipcompany.com\/fr\/wp-json\/wp\/v2\/types\/page"}],"author":[{"embeddable":true,"href":"https:\/\/www.flagshipcompany.com\/fr\/wp-json\/wp\/v2\/users\/5"}],"replies":[{"embeddable":true,"href":"https:\/\/www.flagshipcompany.com\/fr\/wp-json\/wp\/v2\/comments?post=14573"}],"version-history":[{"count":19,"href":"https:\/\/www.flagshipcompany.com\/fr\/wp-json\/wp\/v2\/pages\/14573\/revisions"}],"predecessor-version":[{"id":14666,"href":"https:\/\/www.flagshipcompany.com\/fr\/wp-json\/wp\/v2\/pages\/14573\/revisions\/14666"}],"wp:attachment":[{"href":"https:\/\/www.flagshipcompany.com\/fr\/wp-json\/wp\/v2\/media?parent=14573"}],"curies":[{"name":"wp","href":"https:\/\/api.w.org\/{rel}","templated":true}]}}