{"id":15155,"date":"2022-08-15T13:32:12","date_gmt":"2022-08-15T17:32:12","guid":{"rendered":"https:\/\/www.flagshipcompany.com\/?page_id=15155"},"modified":"2025-10-24T11:50:31","modified_gmt":"2025-10-24T15:50:31","slug":"lapplication-mobile-flagship","status":"publish","type":"page","link":"https:\/\/www.flagshipcompany.com\/fr\/lapplication-mobile-flagship\/","title":{"rendered":"L\u2019application mobile FlagShip"},"content":{"rendered":"<div class=\"wpb-content-wrapper\"><p>[vc_row full_width=&#8221;stretch_row&#8221; content_placement=&#8221;top&#8221; css=&#8221;.vc_custom_1659715010433{background-image: url(https:\/\/www.flagshipcompany.com\/app\/uploads\/2022\/08\/FlagShip-Mobile-App-Web-Header-2-scaled.jpg?id=15024) !important;background-position: center !important;background-repeat: no-repeat !important;background-size: cover !important;}&#8221;][vc_column offset=&#8221;vc_hidden-sm vc_hidden-xs&#8221;][vc_empty_space height=&#8221;500&#8243;][\/vc_column][\/vc_row][vc_row full_width=&#8221;stretch_row&#8221; content_placement=&#8221;top&#8221; css=&#8221;.vc_custom_1659715094584{background-image: url(https:\/\/www.flagshipcompany.com\/app\/uploads\/2022\/08\/FlagShip-Mobile-App-Web-Header-Mobile.jpg?id=15028) !important;background-position: center !important;background-repeat: no-repeat !important;background-size: cover !important;}&#8221;][vc_column offset=&#8221;vc_hidden-lg vc_hidden-md&#8221;][vc_empty_space height=&#8221;500&#8243;][\/vc_column][\/vc_row][vc_row full_width=&#8221;stretch_row&#8221; content_placement=&#8221;top&#8221; css=&#8221;.vc_custom_1659714164137{margin-top: -450px !important;background-position: center !important;background-repeat: no-repeat !important;background-size: cover !important;}&#8221;][vc_column][vc_row_inner][vc_column_inner width=&#8221;1\/2&#8243; css=&#8221;.vc_custom_1674061922435{padding-top: 220px !important;}&#8221; offset=&#8221;vc_hidden-md vc_hidden-sm vc_hidden-xs&#8221;][vc_column_text css=&#8221;.vc_custom_1660584827616{padding-left: 0px !important;}&#8221;]<\/p>\n<h1 class=\"fs-app\"><span style=\"font-weight: 900; font-size: 48px;\">T\u00e9l\u00e9chargez<\/span><br \/>\nl\u2019application mobile FlagShip<\/h1>\n<p>[\/vc_column_text][vc_empty_space height=&#8221;300px&#8221;][vc_raw_html el_class=&#8221;.bottom-align&#8221;]JTNDZGl2JTIwc3R5bGUlM0QlMjJmbG9hdCUzQWxlZnQlM0IlMjB3aWR0aCUzQTE4MHB4JTNCJTIyJTNFJTNDYSUyMGhyZWYlM0QlMjJodHRwcyUzQSUyRiUyRmFwcHMuYXBwbGUuY29tJTJGYXBwJTJGaWQxNjM1NjI2ODQyJTIyJTIwdGFyZ2V0JTNEJTIyX2JsYW5rJTIyJTNFJTNDaW1nJTIwc3JjJTNEJTIyJTJGYXBwJTJGdXBsb2FkcyUyRjIwMjMlMkYwNSUyRkFwcC1TdG9yZS1RUi1Db2RlLUZSLnBuZyUyMiUyMHdpZHRoJTNEJTIyMTgwcHglMjIlM0UlM0MlMkZhJTNFJTNDJTJGZGl2JTNFJTNDZGl2JTIwc3R5bGUlM0QlMjJmbG9hdCUzQWxlZnQlM0IlMjB3aWR0aCUzQTE4MHB4JTNCJTIwbWFyZ2luLWxlZnQlM0ElMjAzMHB4JTNCJTIyJTNFJTNDYSUyMGhyZWYlM0QlMjJodHRwcyUzQSUyRiUyRnBsYXkuZ29vZ2xlLmNvbSUyRnN0b3JlJTJGYXBwcyUyRmRldGFpbHMlM0ZpZCUzRGNvbS5mbGFnc2hpcGNvbXBhbnkuc2hpcG1lbnRzJTIyJTIwdGFyZ2V0JTNEJTIyX2JsYW5rJTIyJTNFJTNDaW1nJTIwc3JjJTNEJTIyJTJGYXBwJTJGdXBsb2FkcyUyRjIwMjMlMkYwNSUyRkdvb2dsZS1QbGF5LVFSLUNvZGUtRlIucG5nJTIyJTIwd2lkdGglM0QlMjIxODBweCUyMiUzRSUzQyUyRmElM0UlM0MlMkZkaXYlM0U=[\/vc_raw_html][vc_empty_space height=&#8221;45px&#8221;][\/vc_column_inner][vc_column_inner width=&#8221;1\/2&#8243; offset=&#8221;vc_hidden-md vc_hidden-sm vc_hidden-xs&#8221;][vc_single_image image=&#8221;17466&#8243; img_size=&#8221;full&#8221; alignment=&#8221;right&#8221;][\/vc_column_inner][\/vc_row_inner][vc_row_inner css=&#8221;.vc_custom_1659968782048{padding-left: 20px !important;}&#8221;][vc_column_inner width=&#8221;1\/2&#8243; css=&#8221;.vc_custom_1674061903905{padding-top: 200px !important;}&#8221; offset=&#8221;vc_hidden-lg&#8221;][vc_column_text css=&#8221;.vc_custom_1660584834669{padding-left: 0px !important;}&#8221;]<\/p>\n<h1 class=\"fs-app\"><span style=\"font-weight: 900; font-size: 48px;\"> T\u00e9l\u00e9chargez <\/span><br \/>\nl\u2019application mobile FlagShip<\/h1>\n<p>[\/vc_column_text][vc_empty_space height=&#8221;30px&#8221;][vc_raw_html el_class=&#8221;.bottom-align&#8221;]JTNDZGl2JTIwc3R5bGUlM0QlMjJmbG9hdCUzQWxlZnQlM0IlMjB3aWR0aCUzQTE1MHB4JTNCJTIyJTNFJTNDYSUyMGhyZWYlM0QlMjJodHRwcyUzQSUyRiUyRmFwcHMuYXBwbGUuY29tJTJGYXBwJTJGaWQxNjM1NjI2ODQyJTIyJTIwdGFyZ2V0JTNEJTIyX2JsYW5rJTIyJTNFJTNDaW1nJTIwc3JjJTNEJTIyJTJGYXBwJTJGdXBsb2FkcyUyRjIwMjIlMkYwOCUyRkJhZGdlX0FwcFN0b3JlX0FwcGxlX0ZSLnN2ZyUyMiUyMHdpZHRoJTNEJTIyMTUwcHglMjIlM0UlM0MlMkZhJTNFJTNDJTJGZGl2JTNFJTNDZGl2JTIwc3R5bGUlM0QlMjJmbG9hdCUzQWxlZnQlM0IlMjB3aWR0aCUzQTE1MHB4JTNCJTIwbWFyZ2luLWxlZnQlM0ExMHB4JTNCJTIyJTNFJTNDYSUyMGhyZWYlM0QlMjJodHRwcyUzQSUyRiUyRnBsYXkuZ29vZ2xlLmNvbSUyRnN0b3JlJTJGYXBwcyUyRmRldGFpbHMlM0ZpZCUzRGNvbS5mbGFnc2hpcGNvbXBhbnkuc2hpcG1lbnRzJTIyJTIwdGFyZ2V0JTNEJTIyX2JsYW5rJTIyJTNFJTNDaW1nJTIwc3JjJTNEJTIyJTJGYXBwJTJGdXBsb2FkcyUyRjIwMjIlMkYwOCUyRkJhZGdlX0dvb2dsZV9QbGF5X0ZSLnN2ZyUyMiUyMHdpZHRoJTNEJTIyMTUwcHglMjIlM0UlM0MlMkZhJTNFJTNDJTJGZGl2JTNF[\/vc_raw_html][vc_empty_space height=&#8221;30px&#8221;][\/vc_column_inner][vc_column_inner width=&#8221;1\/2&#8243; offset=&#8221;vc_hidden-lg&#8221;][vc_single_image image=&#8221;17466&#8243; img_size=&#8221;full&#8221; alignment=&#8221;right&#8221;][\/vc_column_inner][\/vc_row_inner][\/vc_column][\/vc_row][vc_row full_width=&#8221;stretch_row&#8221; css=&#8221;.vc_custom_1660765505112{padding-top: 32px !important;padding-bottom: 32px !important;background-color: #f0f0f0 !important;}&#8221;][vc_column width=&#8221;1\/4&#8243;][\/vc_column][vc_column width=&#8221;1\/2&#8243;][vc_video link=&#8221;https:\/\/youtu.be\/dXb_TxRHAoM&#8221;][\/vc_column][vc_column width=&#8221;1\/4&#8243;][\/vc_column][\/vc_row][vc_row css=&#8221;.vc_custom_1660765500289{padding-top: 32px !important;background-color: #ffffff !important;}&#8221;][vc_column][vc_column_text]<\/p>\n<h2>Tout pour l\u2019exp\u00e9dition, au bout de vos doigts<\/h2>\n<p>[\/vc_column_text][vc_column_text]Lorsque vos journ\u00e9es deviennent occup\u00e9es, vous ne pouvez pas tout faire \u00e0 partir du bureau. Parfois, vous devez \u00eatre flexible pour accomplir vos t\u00e2ches de partout. C\u2019est pourquoi FlagShip montre la voie en mati\u00e8re de commodit\u00e9 d\u2019exp\u00e9dition avec notre application mobile am\u00e9lior\u00e9e et compl\u00e8te. Nous avons mis notre solution d\u2019exp\u00e9dition globale dans votre poche, vous donnant acc\u00e8s \u00e0 toutes vos activit\u00e9s d\u2019exp\u00e9dition essentielles \u00e0 tout moment, n\u2019importe o\u00f9. Obtenez des estim\u00e9s, comparez les tarifs, traitez vos envois, planifiez vos ramassages, suivez vos colis et plus, tout de votre t\u00e9l\u00e9phone intelligent.[\/vc_column_text][\/vc_column][\/vc_row][vc_row full_width=&#8221;stretch_row&#8221; css=&#8221;.vc_custom_1659966544955{padding-top: 45px !important;padding-bottom: 30px !important;background: #f0f0f0 url(https:\/\/www.flagshipcompany.com\/app\/uploads\/2022\/08\/FlagShip-App-Bg.png?id=15050) !important;}&#8221;][vc_column width=&#8221;1\/3&#8243; offset=&#8221;vc_hidden-sm vc_hidden-xs&#8221;][vc_single_image image=&#8221;17455&#8243; img_size=&#8221;full&#8221; alignment=&#8221;center&#8221;][vc_column_text]<\/p>\n<p style=\"text-align: center;\">Comparez les tarifs et services des principales compagnies de messagerie, ou demandez une soumission<\/p>\n<p>[\/vc_column_text][\/vc_column][vc_column width=&#8221;1\/3&#8243; offset=&#8221;vc_hidden-sm vc_hidden-xs&#8221;][vc_single_image image=&#8221;17460&#8243; img_size=&#8221;full&#8221; alignment=&#8221;center&#8221;][vc_column_text]<\/p>\n<p style=\"text-align: center;\">Recevez les mises \u00e0 jour de vos suivis en temps r\u00e9el et visualisez toute l\u2019historique de votre envoi<\/p>\n<p>[\/vc_column_text][\/vc_column][vc_column width=&#8221;1\/3&#8243; offset=&#8221;vc_hidden-sm vc_hidden-xs&#8221;][vc_single_image image=&#8221;17463&#8243; img_size=&#8221;full&#8221; alignment=&#8221;center&#8221;][vc_column_text]<\/p>\n<p style=\"text-align: center;\">Obtenez les mises \u00e0 jour de suivi en temps r\u00e9el pour toutes vos exp\u00e9ditions r\u00e9centes<\/p>\n<p>[\/vc_column_text][\/vc_column][\/vc_row][vc_row full_width=&#8221;stretch_row&#8221; css=&#8221;.vc_custom_1682954424298{padding-top: 25px !important;padding-bottom: 30px !important;background: #f0f0f0 url(https:\/\/www.flagshipcompany.com\/app\/uploads\/2022\/08\/FlagShip-App-Bg.png?id=15050) !important;background-position: center !important;background-repeat: no-repeat !important;background-size: cover !important;}&#8221;][vc_column width=&#8221;1\/3&#8243; offset=&#8221;vc_hidden-lg vc_hidden-md&#8221;][vc_single_image image=&#8221;17457&#8243; img_size=&#8221;full&#8221; alignment=&#8221;center&#8221;][vc_column_text]<\/p>\n<p style=\"text-align: center;\">Comparez les tarifs et services des principales compagnies de messagerie, ou demandez une soumission<\/p>\n<p>[\/vc_column_text][vc_empty_space height=&#8221;24px&#8221;][\/vc_column][vc_column width=&#8221;1\/3&#8243; offset=&#8221;vc_hidden-lg vc_hidden-md&#8221;][vc_single_image image=&#8221;17460&#8243; img_size=&#8221;full&#8221; alignment=&#8221;center&#8221;][vc_column_text]<\/p>\n<p style=\"text-align: center;\">Recevez les mises \u00e0 jour de vos suivis en temps r\u00e9el et visualisez toute l\u2019historique de votre envoi<\/p>\n<p>[\/vc_column_text][vc_empty_space height=&#8221;24px&#8221;][\/vc_column][vc_column width=&#8221;1\/3&#8243; offset=&#8221;vc_hidden-lg vc_hidden-md&#8221;][vc_single_image image=&#8221;17463&#8243; img_size=&#8221;full&#8221; alignment=&#8221;center&#8221;][vc_column_text]<\/p>\n<p style=\"text-align: center;\">Obtenez les mises \u00e0 jour de suivi en temps r\u00e9el pour toutes vos exp\u00e9ditions r\u00e9centes<\/p>\n<p>[\/vc_column_text][\/vc_column][\/vc_row][vc_row full_width=&#8221;stretch_row&#8221; css=&#8221;.vc_custom_1682954433313{padding-bottom: 45px !important;background-color: #f0f0f0 !important;}&#8221;][vc_column][vc_column_text]<\/p>\n<p style=\"text-align: center; font-size: 150%; color: #10a7e0; margin-bottom: 0px; font-weight: 900;\">\u2026 et plus!<\/p>\n<p>[\/vc_column_text][\/vc_column][\/vc_row][vc_row css=&#8221;.vc_custom_1659969221348{margin-bottom: 032px !important;padding-top: 60px !important;}&#8221;][vc_column][vc_column_text css=&#8221;.vc_custom_1660585037927{margin-bottom: 0px !important;padding-bottom: 0px !important;}&#8221;]<\/p>\n<p style=\"text-align: center; font-size: 120%; color: #10a7e0; margin-bottom: 0px;\">T\u00e9l\u00e9chargez l\u2019application mobile FlagShip et connectez-vous \u00e0 votre compte FlagShip :<\/p>\n<p>[\/vc_column_text][vc_row_inner css=&#8221;.vc_custom_1659966950186{margin-top: 32px !important;padding-top: 0px !important;}&#8221;][vc_column_inner width=&#8221;1\/4&#8243;][\/vc_column_inner][vc_column_inner width=&#8221;1\/4&#8243; css=&#8221;.vc_custom_1659967556441{padding-bottom: 24px !important;}&#8221;][vc_single_image image=&#8221;15161&#8243; img_size=&#8221;&#8221; alignment=&#8221;center&#8221; onclick=&#8221;custom_link&#8221; img_link_target=&#8221;_blank&#8221; link=&#8221;https:\/\/apps.apple.com\/app\/id1635626842&#8243;][\/vc_column_inner][vc_column_inner width=&#8221;1\/4&#8243;][vc_single_image image=&#8221;15164&#8243; img_size=&#8221;&#8221; alignment=&#8221;center&#8221; onclick=&#8221;custom_link&#8221; img_link_target=&#8221;_blank&#8221; link=&#8221;https:\/\/play.google.com\/store\/apps\/details?id=com.flagshipcompany.shipments&#8221;][\/vc_column_inner][vc_column_inner width=&#8221;1\/4&#8243;][\/vc_column_inner][\/vc_row_inner][vc_column_text css=&#8221;.vc_custom_1660585186107{margin-top: 45px !important;margin-bottom: 24px !important;}&#8221;]<\/p>\n<p style=\"text-align: center; font-size: 120%; color: #10a7e0; font-weight: 900;\">Vous n\u2019avez pas de compte FlagShip? Inscrivez-vous gratuitement!<\/p>\n<p>[\/vc_column_text][vc_row_inner][vc_column_inner width=&#8221;1\/3&#8243;][\/vc_column_inner][vc_column_inner width=&#8221;1\/3&#8243;][vc_raw_html]JTNDcCUyMHN0eWxlJTNEJTIydGV4dC1hbGlnbiUzQSUyMGNlbnRlciUzQiUyMiUzRSUwQSUzQ2ElMjBjbGFzcyUzRCUyMmN0YS1idXR0b24lMjIlMjBocmVmJTNEJTIyaHR0cHMlM0ElMkYlMkZ3d3cuZmxhZ3NoaXBjb21wYW55LmNvbSUyRmZyJTJGaW5zY3JpdmV6LXZvdXMlMkYlMjIlM0UlMEElMjAlMjAlM0NzcGFuJTIwY2xhc3MlM0QlMjJjdGEtYnV0dG9uLWljb24lMjIlM0UlM0NpJTIwY2xhc3MlM0QlMjJmYXIlMjBmYS1hcnJvdy1hbHQtY2lyY2xlLXJpZ2h0JTIyJTIwYXJpYS1oaWRkZW4lM0QlMjJ0cnVlJTIyJTNFJTNDJTJGaSUzRSUzQyUyRnNwYW4lM0UlMEElMjAlMjAlM0NzcGFuJTIwY2xhc3MlM0QlMjJjdGEtYnV0dG9uLXRleHQlMjIlM0VDUiVDMyU4OUVSJTIwVU4lMjBDT01QVEUlM0MlMkZzcGFuJTNFJTBBJTIwJTNDJTJGYSUzRSUwQSUzQyUyRnAlM0U=[\/vc_raw_html][\/vc_column_inner][vc_column_inner width=&#8221;1\/3&#8243;][\/vc_column_inner][\/vc_row_inner][\/vc_column][\/vc_row]<\/p>\n<\/div>","protected":false},"excerpt":{"rendered":"<p>[vc_row full_width=&#8221;stretch_row&#8221; content_placement=&#8221;top&#8221; css=&#8221;.vc_custom_1659715010433{background-image: url(https:\/\/www.flagshipcompany.com\/app\/uploads\/2022\/08\/FlagShip-Mobile-App-Web-Header-2-scaled.jpg?id=15024) !important;background-position: center !important;background-repeat: no-repeat !important;background-size: cover !important;}&#8221;][vc_column offset=&#8221;vc_hidden-sm vc_hidden-xs&#8221;][vc_empty_space height=&#8221;500&#8243;][\/vc_column][\/vc_row][vc_row full_width=&#8221;stretch_row&#8221; content_placement=&#8221;top&#8221; css=&#8221;.vc_custom_1659715094584{background-image: url(https:\/\/www.flagshipcompany.com\/app\/uploads\/2022\/08\/FlagShip-Mobile-App-Web-Header-Mobile.jpg?id=15028) !important;background-position: center !important;background-repeat: no-repeat !important;background-size: cover !important;}&#8221;][vc_column offset=&#8221;vc_hidden-lg vc_hidden-md&#8221;][vc_empty_space height=&#8221;500&#8243;][\/vc_column][\/vc_row][vc_row full_width=&#8221;stretch_row&#8221; content_placement=&#8221;top&#8221; css=&#8221;.vc_custom_1659714164137{margin-top: -450px&#8230;<\/p>\n","protected":false},"author":5,"featured_media":0,"parent":0,"menu_order":0,"comment_status":"closed","ping_status":"closed","template":"","meta":{"footnotes":""},"class_list":["post-15155","page","type-page","status-publish","hentry"],"_links":{"self":[{"href":"https:\/\/www.flagshipcompany.com\/fr\/wp-json\/wp\/v2\/pages\/15155","targetHints":{"allow":["GET"]}}],"collection":[{"href":"https:\/\/www.flagshipcompany.com\/fr\/wp-json\/wp\/v2\/pages"}],"about":[{"href":"https:\/\/www.flagshipcompany.com\/fr\/wp-json\/wp\/v2\/types\/page"}],"author":[{"embeddable":true,"href":"https:\/\/www.flagshipcompany.com\/fr\/wp-json\/wp\/v2\/users\/5"}],"replies":[{"embeddable":true,"href":"https:\/\/www.flagshipcompany.com\/fr\/wp-json\/wp\/v2\/comments?post=15155"}],"version-history":[{"count":21,"href":"https:\/\/www.flagshipcompany.com\/fr\/wp-json\/wp\/v2\/pages\/15155\/revisions"}],"predecessor-version":[{"id":21627,"href":"https:\/\/www.flagshipcompany.com\/fr\/wp-json\/wp\/v2\/pages\/15155\/revisions\/21627"}],"wp:attachment":[{"href":"https:\/\/www.flagshipcompany.com\/fr\/wp-json\/wp\/v2\/media?parent=15155"}],"curies":[{"name":"wp","href":"https:\/\/api.w.org\/{rel}","templated":true}]}}