{"id":15769,"date":"2022-10-06T15:36:10","date_gmt":"2022-10-06T19:36:10","guid":{"rendered":"https:\/\/www.flagshipcompany.com\/?page_id=15769"},"modified":"2026-01-23T12:49:10","modified_gmt":"2026-01-23T17:49:10","slug":"expedition-ecommerce","status":"publish","type":"page","link":"https:\/\/www.flagshipcompany.com\/fr\/expedition-ecommerce\/","title":{"rendered":"L\u2019exp\u00e9dition pour E-commerce"},"content":{"rendered":"<div class=\"wpb-content-wrapper\"><p>[vc_row full_width=&#8221;stretch_row&#8221; css=&#8221;.vc_custom_1662743157514{padding-top: 60px !important;padding-bottom: 60px !important;background-image: url(https:\/\/www.flagshipcompany.com\/app\/uploads\/2022\/09\/FlagShip-eCommerce-Header-3-scaled.jpg?id=15318) !important;background-position: center !important;background-repeat: no-repeat !important;background-size: cover !important;}&#8221;][vc_column][vc_single_image image=&#8221;15299&#8243; img_size=&#8221;400&#215;200&#8243; alignment=&#8221;center&#8221;][vc_column_text el_class=&#8221;ecip-r1-title&#8221;]<\/p>\n<h1 class=\"ecommheader\">L\u2019exp\u00e9dition pour E-commerce<\/h1>\n<p>[\/vc_column_text][vc_column_text el_class=&#8221;ecip-r1-sub-title&#8221;](E = Efficace)[\/vc_column_text][vc_column_text el_class=&#8221;ecip-r1-text&#8221;]Lorsque vous connectez votre commerce \u00e9lectronique avec FlagShip, vous pouvez instantan\u00e9ment proposer des tarifs d\u2019exp\u00e9dition pr\u00e9cis \u00e0 vos clients. Ensuite, vous n\u2019avez qu\u2019\u00e0 laisser votre site Web faire le travail \u00e0 votre place, traiter automatiquement les commandes et organiser vos envois. Simplifiez les exp\u00e9ditions de votre boutique en ligne! Il ne faut que quelques instants pour ouvrir un compte FlagShip GRATUIT et installer l\u2019une de nos int\u00e9grations pr\u00eates \u00e0 l\u2019emploi. [\/vc_column_text][\/vc_column][\/vc_row][vc_row el_class=&#8221;ecip-r2&#8243;][vc_column][vc_column_text el_class=&#8221;ecip-r3-title&#8221;]\u00c9conomisez jusqu\u2019\u00e0 70 % aupr\u00e8s des grandes entreprises d\u2019exp\u00e9dition [\/vc_column_text][vc_single_image image=&#8221;13635&#8243; img_size=&#8221;full&#8221; alignment=&#8221;center&#8221;][vc_column_text el_class=&#8221;ecip-r2-text&#8221;]Nous voulons vous aider \u00e0 rendre les achats faciles et attrayants pour vos clients en ligne en leur proposant instantan\u00e9ment des estimations des frais d\u2019exp\u00e9dition en temps r\u00e9el ou des tarifs fixes sur une s\u00e9lection de prix accrocheurs et diverses options de livraison. Vous personnalisez les tarifs, les services et les compagnies d\u2019exp\u00e9dition que vous offrez, et vos clients choisissent le prix et le moment de livraison qui leur convient le mieux! [\/vc_column_text][vc_raw_html]JTNDcCUyMHN0eWxlJTNEJTIydGV4dC1hbGlnbiUzQSUyMGNlbnRlciUzQiUyMiUzRSUzQ2ElMjBjbGFzcyUzRCUyMmVjb21tLW9yYW5nZS1zaGFkb3ctYnV0dG9uJTIyJTIwaHJlZiUzRCUyMmh0dHBzJTNBJTJGJTJGd3d3LmZsYWdzaGlwY29tcGFueS5jb20lMkZmciUyRmluc2NyaXZlei12b3VzJTJGJTIyJTNFQ29tbWVuY2V6JTIwJUMzJUEwJTIwY29tcGFyZXIlMjBsZXMlMjB0YXJpZnMlM0MlMkZhJTNFJTNDJTJGcCUzRQ==[\/vc_raw_html][\/vc_column][\/vc_row][vc_row][vc_column width=&#8221;1\/4&#8243;][\/vc_column][vc_column width=&#8221;1\/2&#8243;][vc_raw_html]JTNDZGl2JTIwY2xhc3MlM0QlMjJ2aWRlby1jb250YWluZXIlMjIlM0UlMEElMjAlMjAlMjAlMjAlM0NpZnJhbWUlMjBjbGFzcyUzRCUyMnlvdXR1YmUtdmlkZW8lMjIlMjBzcmMlM0QlMjJodHRwcyUzQSUyRiUyRnd3dy55b3V0dWJlLmNvbSUyRmVtYmVkJTJGSmZkN0NIMlFlOUklMjIlMjBhbGxvd2Z1bGxzY3JlZW4lM0UlM0MlMkZpZnJhbWUlM0UlMEElM0MlMkZkaXYlM0U=[\/vc_raw_html][vc_empty_space][\/vc_column][vc_column width=&#8221;1\/4&#8243;][\/vc_column][\/vc_row][vc_row full_width=&#8221;stretch_row&#8221; el_class=&#8221;ecip-r3&#8243; css=&#8221;.vc_custom_1662747157586{padding-top: 30px !important;padding-bottom: 50px !important;background-color: #e6f4fc !important;}&#8221;][vc_column][vc_column_text css=&#8221;.vc_custom_1665147990787{margin-bottom: 0px !important;padding-top: 0px !important;}&#8221; el_class=&#8221;ecip-r3-title&#8221;]Tout ce dont vous avez besoin pour commencer :[\/vc_column_text][vc_row_inner css=&#8221;.vc_custom_1662747134973{margin-top: -20px !important;}&#8221;][vc_column_inner width=&#8221;1\/2&#8243;][vc_single_image image=&#8221;15812&#8243; img_size=&#8221;&#8221; alignment=&#8221;center&#8221; css=&#8221;.vc_custom_1665167715150{margin-top: 0px !important;margin-bottom: 0px !important;padding-top: 0px !important;padding-bottom: 0px !important;}&#8221;][vc_column_text css=&#8221;.vc_custom_1665147398076{margin-top: -50px !important;margin-bottom: 10px !important;padding-top: 0px !important;padding-bottom: 0px !important;}&#8221; el_class=&#8221;ecomm-subhead&#8221;]<\/p>\n<p style=\"text-align: center; font-size: 120%;\">1.<br \/>\nUn compte FlagShip gratuit<\/p>\n<p>[\/vc_column_text][vc_column_text css=&#8221;.vc_custom_1665147450343{margin-top: 0px !important;margin-bottom: 30px !important;padding-top: 0px !important;}&#8221;]<\/p>\n<p style=\"text-align: center; margin-top: 0px !important;\">Vous n\u2019\u00eates pas encore client de FlagShip? La premi\u00e8re \u00e9tape consiste \u00e0 cr\u00e9er votre compte gratuit pour obtenir des tarifs r\u00e9duits aupr\u00e8s des principales entreprises d\u2019exp\u00e9dition. En quelques clics seulement, vous serez pr\u00eat \u00e0 exp\u00e9dier!<\/p>\n<p>[\/vc_column_text][vc_raw_html css=&#8221;.vc_custom_1665147468290{margin-top: 0px !important;margin-bottom: 10px !important;}&#8221;]JTNDcCUyMHN0eWxlJTNEJTIydGV4dC1hbGlnbiUzQSUyMGNlbnRlciUzQiUyMiUzRSUzQ2ElMjBjbGFzcyUzRCUyMmVjb21tLW9yYW5nZS1zaGFkb3ctYnV0dG9uJTIyJTIwaHJlZiUzRCUyMmh0dHBzJTNBJTJGJTJGd3d3LmZsYWdzaGlwY29tcGFueS5jb20lMkZmciUyRmluc2NyaXZlei12b3VzJTJGJTIyJTNFQ3IlQzMlQTlleiUyMHZvdHJlJTIwY29tcHRlJTNDJTJGYSUzRSUzQyUyRnAlM0U=[\/vc_raw_html][\/vc_column_inner][vc_column_inner width=&#8221;1\/2&#8243;][vc_single_image image=&#8221;22046&#8243; img_size=&#8221;&#8221; alignment=&#8221;center&#8221; css=&#8221;.vc_custom_1748441473273{margin-top: 0px !important;margin-bottom: 0px !important;padding-top: 0px !important;padding-bottom: 0px !important;}&#8221;][vc_column_text css=&#8221;.vc_custom_1665147484191{margin-top: -50px !important;margin-bottom: 10px !important;padding-top: 0px !important;padding-bottom: 0px !important;}&#8221; el_class=&#8221;ecomm-subhead&#8221;]<\/p>\n<p style=\"text-align: center; font-size: 120%;\">2.<br \/>\nInt\u00e9gration pour commerce \u00e9lectronique<\/p>\n<p>[\/vc_column_text][vc_column_text css=&#8221;.vc_custom_1665147494627{margin-top: 0px !important;margin-bottom: 30px !important;padding-top: 0px !important;}&#8221;]<\/p>\n<p style=\"text-align: center; margin-top: 0px !important;\">Connectez votre compte FlagShip \u00e0 votre boutique en ligne au moyen de nos int\u00e9grations E-commerce. Nous supportons la plupart des plateformes de commerce \u00e9lectronique les plus populaires.<\/p>\n<p>[\/vc_column_text][vc_raw_html css=&#8221;.vc_custom_1665147997655{margin-top: 0px !important;margin-bottom: 10px !important;}&#8221;]JTNDcCUyMHN0eWxlJTNEJTIydGV4dC1hbGlnbiUzQSUyMGNlbnRlciUzQiUyMiUzRSUzQ2ElMjBjbGFzcyUzRCUyMmVjb21tLW9yYW5nZS1zaGFkb3ctYnV0dG9uJTIyJTIwaHJlZiUzRCUyMmh0dHBzJTNBJTJGJTJGd3d3LmZsYWdzaGlwY29tcGFueS5jb20lMkZmciUyRmludGVncmF0aW9uLWVjb21tZXJjZSUyRiUyMiUzRUludCVDMyVBOWdyYXRpb25zJTNDJTJGYSUzRSUzQyUyRnAlM0U=[\/vc_raw_html][\/vc_column_inner][\/vc_row_inner][\/vc_column][\/vc_row][vc_row full_width=&#8221;stretch_row&#8221; css=&#8221;.vc_custom_1662747231503{background-color: #00a8e2 !important;}&#8221;][vc_column][vc_column_text el_class=&#8221;ecip-r7-title&#8221;]<\/p>\n<p style=\"text-align: center;\">Pourquoi FlagShip pour le commerce \u00e9lectronique?<\/p>\n<p>[\/vc_column_text][vc_row_inner][vc_column_inner width=&#8221;1\/2&#8243;][vc_single_image image=&#8221;15400&#8243; img_size=&#8221;large&#8221; alignment=&#8221;center&#8221; css=&#8221;.vc_custom_1662747739639{margin-top: -60px !important;}&#8221;][\/vc_column_inner][vc_column_inner width=&#8221;1\/2&#8243; css=&#8221;.vc_custom_1662747732403{padding-top: 50px !important;}&#8221;][vc_column_text css=&#8221;.vc_custom_1665148014720{margin-bottom: 10px !important;}&#8221; el_class=&#8221;ecip-r7-sub-title&#8221;]<span style=\"font-size: 120%;\">Exp\u00e9ditions \u00e0 prix r\u00e9duit<\/span>[\/vc_column_text][vc_column_text el_class=&#8221;ecip-r7-text&#8221;]Notre \u00e9troite collaboration avec des entreprises d\u2019exp\u00e9dition de confiance nous permet de n\u00e9gocier des escomptes de volume dont nous faisons b\u00e9n\u00e9ficier les petites entreprises comme la v\u00f4tre. Gr\u00e2ce \u00e0 nos tarifs r\u00e9duits, vous pourrez \u00e9conomiser jusqu\u2019\u00e0 70 % sur les frais d\u2019exp\u00e9dition de votre boutique en ligne. Cr\u00e9ez un compte FlagShip, et commencez \u00e0 comparer les tarifs![\/vc_column_text][vc_raw_html css=&#8221;.vc_custom_1665147605813{margin-top: 0px !important;margin-bottom: 10px !important;}&#8221;]JTNDYSUyMGNsYXNzJTNEJTIyZWNvbW0td2hpdGUtc2hhZG93LWJ1dHRvbiUyMiUyMGhyZWYlM0QlMjJodHRwcyUzQSUyRiUyRnd3dy5mbGFnc2hpcGNvbXBhbnkuY29tJTJGZnIlMkZpbnNjcml2ZXotdm91cyUyRiUyMiUzRUNyJUMzJUE5ZXolMjB1biUyMGNvbXB0ZSUzQyUyRmElM0U=[\/vc_raw_html][\/vc_column_inner][\/vc_row_inner][vc_row_inner equal_height=&#8221;yes&#8221; content_placement=&#8221;middle&#8221;][vc_column_inner width=&#8221;1\/2&#8243; css=&#8221;.vc_custom_1662748167463{padding-top: 50px !important;}&#8221;][vc_column_text css=&#8221;.vc_custom_1665147631258{margin-bottom: 10px !important;}&#8221; el_class=&#8221;ecip-r7-sub-title&#8221;]<span style=\"font-size: 120%;\">Soutien en direct<\/span>[\/vc_column_text][vc_column_text el_class=&#8221;ecip-r7-text&#8221;]Un soutien fiable fait partie de notre engagement \u00e0 faciliter les exp\u00e9ditions des commerces \u00e9lectroniques. Que vous ayez besoin d\u2019aide pour installer et configurer l\u2019int\u00e9gration FlagShip pour votre plateforme ou pour r\u00e9soudre des probl\u00e8mes de livraison concernant la commande d\u2019un client, nous vous aiderons \u00e0 trouver une solution. [\/vc_column_text][vc_raw_html css=&#8221;.vc_custom_1665148026906{margin-top: 0px !important;margin-bottom: 10px !important;}&#8221;]JTNDYSUyMGNsYXNzJTNEJTIyZWNvbW0td2hpdGUtc2hhZG93LWJ1dHRvbiUyMiUyMGhyZWYlM0QlMjJodHRwcyUzQSUyRiUyRnd3dy5mbGFnc2hpcGNvbXBhbnkuY29tJTJGZnIlMkZub3VzLWpvaW5kcmUlMkYlMjIlM0VDb250YWN0ZXotbm91cyUzQyUyRmElM0U=[\/vc_raw_html][\/vc_column_inner][vc_column_inner width=&#8221;1\/2&#8243;][vc_single_image image=&#8221;15413&#8243; img_size=&#8221;large&#8221; alignment=&#8221;center&#8221;][\/vc_column_inner][\/vc_row_inner][vc_row_inner equal_height=&#8221;yes&#8221; content_placement=&#8221;middle&#8221; css=&#8221;.vc_custom_1769190548233{margin-top: 50px !important;}&#8221; el_id=&#8221;calculateur-optimal&#8221;][vc_column_inner width=&#8221;1\/2&#8243;][vc_single_image image=&#8221;15814&#8243; img_size=&#8221;large&#8221; alignment=&#8221;center&#8221; css=&#8221;.vc_custom_1665167737854{margin-top: -80px !important;margin-bottom: -80px !important;}&#8221;][\/vc_column_inner][vc_column_inner width=&#8221;1\/2&#8243;][vc_column_text css=&#8221;.vc_custom_1665147682441{margin-bottom: 10px !important;}&#8221; el_class=&#8221;ecip-r7-sub-title&#8221;]<span style=\"font-size: 120%;\">Gestionnaire d\u2019exp\u00e9dition E-commerce<\/span>[\/vc_column_text][vc_column_text el_class=&#8221;ecip-r7-text&#8221;]Le gestionnaire d\u2019exp\u00e9dition E-commerce de FlagShip simplifie les exp\u00e9ditions de votre boutique en ligne avec un seul nom d\u2019utilisateur et un simple \u00e9cran pour traiter et g\u00e9rer tous vos envois. Configurez rapidement et facilement la connexion de plusieurs boutiques en ligne \u00e0 votre compte FlagShip.[\/vc_column_text][vc_raw_html css=&#8221;.vc_custom_1665494687243{margin-top: 0px !important;margin-bottom: 10px !important;}&#8221;]JTNDYSUyMGNsYXNzJTNEJTIyZWNvbW0td2hpdGUtc2hhZG93LWJ1dHRvbiUyMiUyMGhyZWYlM0QlMjJodHRwcyUzQSUyRiUyRnd3dy5mbGFnc2hpcGNvbXBhbnkuY29tJTJGZnIlMkZnZXN0aW9ubmFpcmUtZXhwZWRpdGlvbi1lLWNvbW1lcmNlJTJGJTIyJTNFUG91ciUyMGVuJTIwc2F2b2lyJTIwcGx1cyUzQyUyRmElM0U=[\/vc_raw_html][\/vc_column_inner][\/vc_row_inner][vc_row_inner][vc_column_inner width=&#8221;1\/3&#8243; css=&#8221;.vc_custom_1662748167463{padding-top: 50px !important;}&#8221;][vc_column_text css=&#8221;.vc_custom_1665147780173{margin-bottom: 10px !important;}&#8221; el_class=&#8221;ecip-r7-sub-title&#8221;]<span style=\"font-size: 120%;\">Calculateur de l\u2019emballage optimal<\/span>[\/vc_column_text][vc_column_text el_class=&#8221;ecip-r7-text&#8221;]Le calculateur de l\u2019emballage optimal de FlagShip vous aide \u00e0 fournir instantan\u00e9ment une estimation pr\u00e9cise des frais d\u2019exp\u00e9dition au moment o\u00f9 votre client est en train de d\u00e9cider s\u2019il va acheter ou non. Entrez simplement les dimensions de votre produit et de son emballage dans votre compte FlagShip et notre syst\u00e8me choisira automatiquement la taille optimale de la bo\u00eete, en plus de g\u00e9n\u00e9rer une estimation pr\u00e9cise des frais d\u2019exp\u00e9dition.[\/vc_column_text][\/vc_column_inner][vc_column_inner width=&#8221;2\/3&#8243;][vc_single_image image=&#8221;15429&#8243; img_size=&#8221;large&#8221; alignment=&#8221;center&#8221; css=&#8221;.vc_custom_1662748643432{margin-top: -80px !important;}&#8221;][\/vc_column_inner][\/vc_row_inner][\/vc_column][\/vc_row][vc_row full_width=&#8221;stretch_row&#8221; equal_height=&#8221;yes&#8221; css=&#8221;.vc_custom_1662749685821{padding-top: 0px !important;padding-right: 0px !important;padding-bottom: 0px !important;padding-left: 0px !important;background-color: #e6f4fc !important;}&#8221;][vc_column width=&#8221;1\/2&#8243; css=&#8221;.vc_custom_1662749207381{padding-top: 0px !important;padding-right: 0px !important;padding-bottom: 0px !important;padding-left: 0px !important;}&#8221;][vc_single_image image=&#8221;15434&#8243; img_size=&#8221;full&#8221;][\/vc_column][vc_column width=&#8221;1\/2&#8243; css=&#8221;.vc_custom_1662749326633{padding-top: 80px !important;padding-right: 80px !important;padding-bottom: 80px !important;padding-left: 80px !important;}&#8221;][vc_row_inner][vc_column_inner width=&#8221;3\/4&#8243;][vc_column_text el_class=&#8221;ecip-r3-title&#8221;]<\/p>\n<p style=\"text-align: left;\">Quels sont les avantages pour vous?<\/p>\n<p>[\/vc_column_text][vc_column_text el_class=&#8221;ecomm&#8221;]<\/p>\n<ul>\n<li>D\u2019excellents tarifs d\u2019exp\u00e9dition r\u00e9duits et des estimations pr\u00e9cises des frais d\u2019exp\u00e9dition qui incitent les clients \u00e0 acheter imm\u00e9diatement\u2026 et \u00e0 revenir \u00e0 votre boutique en ligne.<\/li>\n<li>Vos envois seront trait\u00e9s instantan\u00e9ment et automatiquement, vous faisant gagner du temps sur chaque commande.<\/li>\n<li>Des \u00e9tiquettes d\u2019exp\u00e9dition g\u00e9n\u00e9r\u00e9es automatiquement pour exp\u00e9dier vos commandes plus rapidement.<\/li>\n<li>La possibilit\u00e9 de regrouper toutes vos activit\u00e9s d\u2019exp\u00e9dition sur une seule facture \u00e9mise une fois par semaine.<\/li>\n<\/ul>\n<p>[\/vc_column_text][\/vc_column_inner][vc_column_inner width=&#8221;1\/4&#8243;][\/vc_column_inner][\/vc_row_inner][\/vc_column][\/vc_row][vc_row full_width=&#8221;stretch_row&#8221; equal_height=&#8221;yes&#8221; css=&#8221;.vc_custom_1662749685821{padding-top: 0px !important;padding-right: 0px !important;padding-bottom: 0px !important;padding-left: 0px !important;background-color: #e6f4fc !important;}&#8221;][vc_column width=&#8221;1\/2&#8243; css=&#8221;.vc_custom_1664215456753{padding-top: 80px !important;padding-right: 80px !important;padding-bottom: 80px !important;padding-left: 80px !important;}&#8221;][vc_row_inner][vc_column_inner][vc_column_text el_class=&#8221;ecip-r3-title&#8221;]<\/p>\n<p style=\"text-align: left;\">Quels sont les avantages pour vos clients?<\/p>\n<p>[\/vc_column_text][vc_column_text el_class=&#8221;ecomm&#8221;]<\/p>\n<ul>\n<li>Des estimations rapides des frais d\u2019exp\u00e9dition lors du paiement.<\/li>\n<li>La possibilit\u00e9 de choisir le moment de la livraison aupr\u00e8s d\u2019entreprises d\u2019exp\u00e9dition de confiance et reconnues.<\/li>\n<li>Des tarifs d\u2019exp\u00e9dition comp\u00e9titifs qui les inciteront \u00e0 ne pas abandonner leur panier.<\/li>\n<\/ul>\n<p>[\/vc_column_text][\/vc_column_inner][\/vc_row_inner][\/vc_column][vc_column width=&#8221;1\/2&#8243; css=&#8221;.vc_custom_1664215467453{padding-top: 0px !important;padding-right: 0px !important;padding-bottom: 0px !important;padding-left: 0px !important;}&#8221;][vc_single_image image=&#8221;15702&#8243; img_size=&#8221;full&#8221;][\/vc_column][\/vc_row][vc_row full_width=&#8221;stretch_row&#8221; equal_height=&#8221;yes&#8221; content_placement=&#8221;middle&#8221; css=&#8221;.vc_custom_1663682328878{padding-top: 100px !important;padding-bottom: 60px !important;}&#8221;][vc_column width=&#8221;1\/4&#8243;][vc_single_image image=&#8221;15462&#8243; img_size=&#8221;&#8221; css=&#8221;.vc_custom_1664927951208{margin-bottom: 30px !important;}&#8221;][\/vc_column][vc_column width=&#8221;3\/4&#8243;][vc_column_text css=&#8221;.vc_custom_1665147899988{margin-bottom: 10px !important;padding-top: 0px !important;padding-bottom: 0px !important;}&#8221; el_class=&#8221;ecomm-subhead&#8221;]<\/p>\n<p style=\"text-align: left; font-size: 120%; color: #233b8b;\">Nous sommes l\u00e0 pour vous aider<\/p>\n<p>[\/vc_column_text][vc_column_text css=&#8221;.vc_custom_1665148100399{margin-top: 0px !important;margin-bottom: 0px !important;padding-top: 0px !important;}&#8221;]<\/p>\n<p style=\"text-align: left; margin-top: 0px !important;\">Composez le <strong>1-866-320-8383<\/strong> pour parler avec un sp\u00e9cialiste des exp\u00e9ditions qui vous aidera \u00e0 d\u00e9marrer avec FlagShip pour E-commerce.<\/p>\n<p>[\/vc_column_text][\/vc_column][\/vc_row]<\/p>\n<\/div>","protected":false},"excerpt":{"rendered":"<p>[vc_row full_width=&#8221;stretch_row&#8221; css=&#8221;.vc_custom_1662743157514{padding-top: 60px !important;padding-bottom: 60px !important;background-image: url(https:\/\/www.flagshipcompany.com\/app\/uploads\/2022\/09\/FlagShip-eCommerce-Header-3-scaled.jpg?id=15318) !important;background-position: center !important;background-repeat: no-repeat !important;background-size: cover !important;}&#8221;][vc_column][vc_single_image image=&#8221;15299&#8243; img_size=&#8221;400&#215;200&#8243; alignment=&#8221;center&#8221;][vc_column_text el_class=&#8221;ecip-r1-title&#8221;] L\u2019exp\u00e9dition pour E-commerce [\/vc_column_text][vc_column_text el_class=&#8221;ecip-r1-sub-title&#8221;](E = Efficace)[\/vc_column_text][vc_column_text el_class=&#8221;ecip-r1-text&#8221;]Lorsque vous connectez votre commerce \u00e9lectronique avec&#8230;<\/p>\n","protected":false},"author":5,"featured_media":0,"parent":0,"menu_order":0,"comment_status":"closed","ping_status":"closed","template":"","meta":{"footnotes":""},"class_list":["post-15769","page","type-page","status-publish","hentry"],"_links":{"self":[{"href":"https:\/\/www.flagshipcompany.com\/fr\/wp-json\/wp\/v2\/pages\/15769","targetHints":{"allow":["GET"]}}],"collection":[{"href":"https:\/\/www.flagshipcompany.com\/fr\/wp-json\/wp\/v2\/pages"}],"about":[{"href":"https:\/\/www.flagshipcompany.com\/fr\/wp-json\/wp\/v2\/types\/page"}],"author":[{"embeddable":true,"href":"https:\/\/www.flagshipcompany.com\/fr\/wp-json\/wp\/v2\/users\/5"}],"replies":[{"embeddable":true,"href":"https:\/\/www.flagshipcompany.com\/fr\/wp-json\/wp\/v2\/comments?post=15769"}],"version-history":[{"count":25,"href":"https:\/\/www.flagshipcompany.com\/fr\/wp-json\/wp\/v2\/pages\/15769\/revisions"}],"predecessor-version":[{"id":25055,"href":"https:\/\/www.flagshipcompany.com\/fr\/wp-json\/wp\/v2\/pages\/15769\/revisions\/25055"}],"wp:attachment":[{"href":"https:\/\/www.flagshipcompany.com\/fr\/wp-json\/wp\/v2\/media?parent=15769"}],"curies":[{"name":"wp","href":"https:\/\/api.w.org\/{rel}","templated":true}]}}