{"id":15779,"date":"2022-10-07T09:22:22","date_gmt":"2022-10-07T13:22:22","guid":{"rendered":"https:\/\/www.flagshipcompany.com\/?page_id=15779"},"modified":"2025-10-24T09:20:53","modified_gmt":"2025-10-24T13:20:53","slug":"gestionnaire-expedition-e-commerce","status":"publish","type":"page","link":"https:\/\/www.flagshipcompany.com\/fr\/gestionnaire-expedition-e-commerce\/","title":{"rendered":"Gestionnaire d\u2019exp\u00e9dition pour E-Commerce"},"content":{"rendered":"<div class=\"wpb-content-wrapper\"><p>[vc_row full_width=&#8221;stretch_row&#8221; content_placement=&#8221;top&#8221; css=&#8221;.vc_custom_1664929893373{padding-top: 50px !important;padding-bottom: 50px !important;background-color: #e6f4fc !important;background-position: center !important;background-repeat: no-repeat !important;background-size: cover !important;}&#8221;][vc_column][vc_row_inner equal_height=&#8221;yes&#8221; content_placement=&#8221;middle&#8221;][vc_column_inner width=&#8221;1\/4&#8243;][vc_single_image image=&#8221;15481&#8243; img_size=&#8221;&#8221;][\/vc_column_inner][vc_column_inner width=&#8221;3\/4&#8243;][vc_column_text el_class=&#8221;ecip-r1-title&#8221;]<\/p>\n<h1 class=\"ecommheader\" style=\"color: #233b8b; text-align: left; font-size: 70%;\">Gestionnaire d\u2019exp\u00e9dition E-commerce<\/h1>\n<p>[\/vc_column_text][\/vc_column_inner][\/vc_row_inner][vc_row_inner equal_height=&#8221;yes&#8221; content_placement=&#8221;middle&#8221; css=&#8221;.vc_custom_1663683770782{padding-top: 20px !important;padding-bottom: 40px !important;}&#8221;][vc_column_inner][vc_column_text]<span style=\"font-size: 38px; line-height: 46px; color: #10a7e0;\">Tous vos envois d\u2019E-commerce au m\u00eame endroit<\/span>[\/vc_column_text][\/vc_column_inner][\/vc_row_inner][vc_row_inner equal_height=&#8221;yes&#8221; content_placement=&#8221;top&#8221;][vc_column_inner width=&#8221;1\/3&#8243;][vc_column_text css=&#8221;.vc_custom_1665148329318{margin-bottom: 16px !important;padding-left: 0px !important;}&#8221;]Le gestionnaire d\u2019exp\u00e9dition E-commerce de FlagShip regroupe tous les envois de votre boutique en ligne sur un seul \u00e9cran, ce qui est tr\u00e8s pratique. Donnez \u00e0 vos clients des tarifs r\u00e9duits aupr\u00e8s des entreprises d\u2019exp\u00e9dition, traitez et suivez vos envois, obtenez de plus un soutien exceptionnel pour chaque commande, m\u00eame si vous g\u00e9rez plusieurs boutiques en ligne![\/vc_column_text][vc_raw_html css=&#8221;.vc_custom_1665148513209{margin-bottom: 20px !important;}&#8221;]JTNDcCUyMHN0eWxlJTNEJTIybWFyZ2luLWJvdHRvbSUzQSUyMDhweCUzQiUyMGNvbG9yJTNBJTIwJTIzMTBhN2UwJTNCJTIyJTNFTm91dmVhdSUyMGNsaWVudCUyMEZsYWdTaGlwJUMyJUEwJTNGJTNDJTJGcCUzRSUzQ3AlMjBzdHlsZSUzRCUyMnRleHQtYWxpZ24lM0ElMjBsZWZ0JTNCJTIyJTNFJTNDYSUyMGNsYXNzJTNEJTIyZWNvbW0tb3JhbmdlLXNoYWRvdy1idXR0b24lMjIlMjBocmVmJTNEJTIyaHR0cHMlM0ElMkYlMkZ3d3cuZmxhZ3NoaXBjb21wYW55LmNvbSUyRmZyJTJGaW5zY3JpdmV6LXZvdXMlMkYlMjIlM0VQb3VyJTIwY3IlQzMlQTllciUyMHVuJTIwY29tcHRlJTIwZ3JhdHVpdCUzQyUyRmElM0U=[\/vc_raw_html][vc_raw_html]JTNDcCUyMHN0eWxlJTNEJTIybWFyZ2luLWJvdHRvbSUzQSUyMDhweCUzQiUyMGNvbG9yJTNBJTIwJTIzMTBhN2UwJTNCJTIyJTNFRCVDMyVBOWolQzMlQTAlMjBjbGllbnQlMjBkZSUyMEZsYWdTaGlwJTIwJTNGJTNDJTJGcCUzRSUzQ3AlMjBzdHlsZSUzRCUyMnRleHQtYWxpZ24lM0ElMjBsZWZ0JTNCJTIyJTNFJTNDYSUyMGNsYXNzJTNEJTIyZWNvbW0tb3JhbmdlLXNoYWRvdy1idXR0b24lMjIlMjBocmVmJTNEJTIyaHR0cHMlM0ElMkYlMkZzbWFydHNoaXAtbmcuZmxhZ3NoaXBjb21wYW55LmNvbSUyRmNvbXBhbnklMkZzbWFydG9yZGVycyUyMiUzRVBvdXIlMjBvdXZyaXIlMjB1bmUlMjBzZXNzaW9uJTNDJTJGYSUzRQ==[\/vc_raw_html][\/vc_column_inner][vc_column_inner width=&#8221;2\/3&#8243;][vc_single_image image=&#8221;15841&#8243; img_size=&#8221;full&#8221; alignment=&#8221;right&#8221;][\/vc_column_inner][\/vc_row_inner][\/vc_column][\/vc_row][vc_row css=&#8221;.vc_custom_1664205700162{padding-top: 64px !important;padding-bottom: 64px !important;background-color: #ffffff !important;}&#8221;][vc_column][vc_column_text el_class=&#8221;ecip-r3-title&#8221;]Int\u00e9grations du gestionnaire d\u2019exp\u00e9dition E-commerce[\/vc_column_text][vc_column_text]<\/p>\n<p style=\"text-align: center;\">Le gestionnaire d\u2019exp\u00e9dition E-commerce de FlagShip est compatible avec les principales plateformes de commerce \u00e9lectronique d\u2019aujourd\u2019hui : Shopify, Woocommerce, Wix et Squarespace. Si vous n\u2019utilisez pas d\u00e9j\u00e0 des int\u00e9grations de commerce \u00e9lectronique pour votre boutique en ligne, cliquez ci-dessous sur votre plateforme pour commencer.<\/p>\n<p>[\/vc_column_text][vc_row_inner][vc_column_inner width=&#8221;1\/4&#8243;][\/vc_column_inner][vc_column_inner width=&#8221;1\/4&#8243;][vc_raw_html]JTNDcCUyMHN0eWxlJTNEJTIydGV4dC1hbGlnbiUzQSUyMGNlbnRlciUzQiUyMiUzRSUzQ2ElMjBjbGFzcyUzRCUyMmVjb21tLXNob3BpZnktc2hhZG93LWJ1dHRvbiUyMiUyMGhyZWYlM0QlMjJodHRwcyUzQSUyRiUyRnd3dy5mbGFnc2hpcGNvbXBhbnkuY29tJTJGZnIlMkZhcHBsaS1kZXhwZWRpdGlvbi1zaG9waWZ5JTJGJTIyJTNFJTNDaW1nJTIwc3JjJTNEJTIyJTJGYXBwJTJGdXBsb2FkcyUyRjIwMjIlMkYwOSUyRmVzdG9yZS1tYW5hZ2VyLXNob3BpZnkuc3ZnJTIyJTIwJTJGJTNFJTNDJTJGYSUzRSUzQyUyRnAlM0UlMEE=[\/vc_raw_html][\/vc_column_inner][vc_column_inner width=&#8221;1\/4&#8243;][vc_raw_html]JTNDcCUyMHN0eWxlJTNEJTIydGV4dC1hbGlnbiUzQSUyMGNlbnRlciUzQiUyMiUzRSUzQ2ElMjBjbGFzcyUzRCUyMmVjb21tLXdvb2NvbW1lcmNlLXNoYWRvdy1idXR0b24lMjIlMjBocmVmJTNEJTIyaHR0cHMlM0ElMkYlMkZ3d3cuZmxhZ3NoaXBjb21wYW55LmNvbSUyRmZyJTJGZXh0ZW5zaW9uLXdvb2NvbW1lcmNlLXBvdXItbC1leHBlZGl0aW9uJTJGJTIyJTNFJTNDaW1nJTIwc3JjJTNEJTIyJTJGYXBwJTJGdXBsb2FkcyUyRjIwMjIlMkYwOSUyRmVzdG9yZS1tYW5hZ2VyLXdvb2NvbW1lcmNlLnN2ZyUyMiUyMCUyRiUzRSUzQyUyRmElM0UlM0MlMkZwJTNFJTBB[\/vc_raw_html][\/vc_column_inner][vc_column_inner width=&#8221;1\/4&#8243;][\/vc_column_inner][\/vc_row_inner][vc_row_inner][vc_column_inner width=&#8221;1\/4&#8243;][\/vc_column_inner][vc_column_inner width=&#8221;1\/4&#8243;][vc_raw_html]JTNDcCUyMHN0eWxlJTNEJTIydGV4dC1hbGlnbiUzQSUyMGNlbnRlciUzQiUyMiUzRSUzQ2ElMjBjbGFzcyUzRCUyMmVjb21tLXdpeC1zaGFkb3ctYnV0dG9uJTIyJTIwaHJlZiUzRCUyMmh0dHBzJTNBJTJGJTJGd3d3LmZsYWdzaGlwY29tcGFueS5jb20lMkZmciUyRmFwcGxpLWRleHBlZGl0aW9uLXdpeCUyRiUyMiUzRSUzQ2ltZyUyMHNyYyUzRCUyMiUyRmFwcCUyRnVwbG9hZHMlMkYyMDIyJTJGMDklMkZlc3RvcmUtbWFuYWdlci13aXguc3ZnJTIyJTIwJTJGJTNFJTNDJTJGYSUzRSUzQyUyRnAlM0UlMEE=[\/vc_raw_html][\/vc_column_inner][vc_column_inner width=&#8221;1\/4&#8243;][vc_raw_html]JTNDcCUyMHN0eWxlJTNEJTIydGV4dC1hbGlnbiUzQSUyMGNlbnRlciUzQiUyMiUzRSUzQ2ElMjBjbGFzcyUzRCUyMmVjb21tLXNxdWFyZXNwYWNlLXNoYWRvdy1idXR0b24lMjIlMjBocmVmJTNEJTIyaHR0cHMlM0ElMkYlMkZ3d3cuZmxhZ3NoaXBjb21wYW55LmNvbSUyRmZyJTJGbW9kdWxlLXNxdWFyZXNwYWNlJTJGJTIyJTNFJTNDaW1nJTIwc3JjJTNEJTIyJTJGYXBwJTJGdXBsb2FkcyUyRjIwMjMlMkYwMyUyRmVzdG9yZS1tYW5hZ2VyLXNxdWFyZXNwYWNlLTQtMS5zdmclMjIlMjAlMkYlM0UlM0MlMkZhJTNFJTNDJTJGcCUzRSUwQQ==[\/vc_raw_html][\/vc_column_inner][vc_column_inner width=&#8221;1\/4&#8243;][\/vc_column_inner][\/vc_row_inner][\/vc_column][\/vc_row][vc_row][vc_column width=&#8221;1\/4&#8243;][\/vc_column][vc_column width=&#8221;1\/2&#8243;][vc_raw_html]JTNDZGl2JTIwc3R5bGUlM0QlMjJ0ZXh0LWFsaWduJTNBJTIwY2VudGVyJTNCJTIyJTNFJTNDaWZyYW1lJTIwd2lkdGglM0QlMjI1NjAlMjIlMjBoZWlnaHQlM0QlMjIzMTUlMjIlMjBzcmMlM0QlMjJodHRwcyUzQSUyRiUyRnd3dy55b3V0dWJlLmNvbSUyRmVtYmVkJTJGWWFrNzUtQl9YNjglMjIlMjB0aXRsZSUzRCUyMllvdVR1YmUlMjB2aWRlbyUyMHBsYXllciUyMiUyMGZyYW1lYm9yZGVyJTNEJTIyMCUyMiUyMGFsbG93JTNEJTIyYWNjZWxlcm9tZXRlciUzQiUyMGF1dG9wbGF5JTNCJTIwY2xpcGJvYXJkLXdyaXRlJTNCJTIwZW5jcnlwdGVkLW1lZGlhJTNCJTIwZ3lyb3Njb3BlJTNCJTIwcGljdHVyZS1pbi1waWN0dXJlJTNCJTIwd2ViLXNoYXJlJTIyJTIwYWxsb3dmdWxsc2NyZWVuJTNFJTNDJTJGaWZyYW1lJTNFJTNDJTJGZGl2JTNF[\/vc_raw_html][vc_empty_space][\/vc_column][vc_column width=&#8221;1\/4&#8243;][\/vc_column][\/vc_row][vc_row full_width=&#8221;stretch_row&#8221; css=&#8221;.vc_custom_1663688130572{padding-top: 64px !important;padding-bottom: 64px !important;background-color: #e6f4fc !important;}&#8221;][vc_column][vc_column_text el_class=&#8221;ecip-r3-title&#8221;]Exp\u00e9ditions E-commerce faciles, efficaces et bien organis\u00e9es[\/vc_column_text][vc_column_text css=&#8221;.vc_custom_1665148981640{margin-bottom: 0px !important;}&#8221;]<\/p>\n<p style=\"font-weight: 400; text-align: center;\">Le gestionnaire d\u2019exp\u00e9dition E-commerce de FlagShip rationalise les exp\u00e9ditions de votre boutique en ligne avec un seul nom d\u2019utilisateur et un seul \u00e9cran simplifi\u00e9 pour traiter et g\u00e9rer tous vos envois. Il n\u2019y aura plus de va-et-vient entre de multiples comptes et noms d\u2019utilisateur. Vous aurez acc\u00e8s \u00e0 vos activit\u00e9s d\u2019exp\u00e9dition E-commerce directement \u00e0 partir du syst\u00e8me d\u2019exp\u00e9dition en ligne de FlagShip pour\u00a0:<\/p>\n<p>[\/vc_column_text][vc_row_inner css=&#8221;.vc_custom_1663687865720{margin-top: 0px !important;}&#8221;][vc_column_inner width=&#8221;1\/4&#8243;][vc_single_image image=&#8221;15583&#8243; img_size=&#8221;&#8221; alignment=&#8221;center&#8221; css=&#8221;.vc_custom_1663687850277{margin-bottom: 0px !important;}&#8221;][vc_column_text el_class=&#8221;ecomm-subhead&#8221; css=&#8221;.vc_custom_1665148661406{margin-top: 0px !important;}&#8221;]<\/p>\n<p style=\"text-align: center;\">Obtenir des tarifs avantageux<\/p>\n<p>[\/vc_column_text][\/vc_column_inner][vc_column_inner width=&#8221;1\/4&#8243;][vc_single_image image=&#8221;15576&#8243; img_size=&#8221;&#8221; alignment=&#8221;center&#8221; css=&#8221;.vc_custom_1664929945233{margin-bottom: 0px !important;}&#8221;][vc_column_text el_class=&#8221;ecomm-subhead&#8221; css=&#8221;.vc_custom_1665148673527{margin-top: 0px !important;}&#8221;]<\/p>\n<p style=\"text-align: center; margin-top: 0px;\">Traiter vos envois<\/p>\n<p>[\/vc_column_text][\/vc_column_inner][vc_column_inner width=&#8221;1\/4&#8243;][vc_single_image image=&#8221;15593&#8243; img_size=&#8221;&#8221; alignment=&#8221;center&#8221; css=&#8221;.vc_custom_1664929933974{margin-bottom: 0px !important;}&#8221;][vc_column_text el_class=&#8221;ecomm-subhead&#8221; css=&#8221;.vc_custom_1665148684690{margin-top: 0px !important;}&#8221;]<\/p>\n<p style=\"text-align: center; margin-top: 0px;\">Planifier les ramassages<\/p>\n<p>[\/vc_column_text][\/vc_column_inner][vc_column_inner width=&#8221;1\/4&#8243;][vc_single_image image=&#8221;15590&#8243; img_size=&#8221;&#8221; alignment=&#8221;center&#8221; css=&#8221;.vc_custom_1664929940256{margin-bottom: 0px !important;}&#8221;][vc_column_text el_class=&#8221;ecomm-subhead&#8221; css=&#8221;.vc_custom_1665148696107{margin-top: 0px !important;}&#8221;]<\/p>\n<p style=\"text-align: center; margin-top: 0px;\">Suivre les livraisons<\/p>\n<p>[\/vc_column_text][\/vc_column_inner][\/vc_row_inner][vc_raw_html css=&#8221;.vc_custom_1665148722043{margin-top: 64px !important;}&#8221;]JTNDcCUyMHN0eWxlJTNEJTIydGV4dC1hbGlnbiUzQSUyMGNlbnRlciUzQiUyMiUzRSUzQ2ElMjBjbGFzcyUzRCUyMmVjb21tLW9yYW5nZS1zaGFkb3ctYnV0dG9uJTIyJTIwaHJlZiUzRCUyMm1haWx0byUzQXN1cHBvcnQlNDBmbGFnc2hpcGNvbXBhbnkuY29tJTNGc3ViamVjdCUzRGVDb21tZXJjZSUyMGRlbW8lMjByZXF1ZXN0JTIyJTNFUG91ciUyMHBsYW5pZmllciUyMHVuZSUyMGQlQzMlQTltb25zdHJhdGlvbiUzQyUyRmElM0UlM0MlMkZwJTNF[\/vc_raw_html][\/vc_column][\/vc_row][vc_row full_width=&#8221;stretch_row&#8221; equal_height=&#8221;yes&#8221; content_placement=&#8221;middle&#8221; css=&#8221;.vc_custom_1663688633765{padding-top: 64px !important;background-color: #ffffff !important;}&#8221;][vc_column width=&#8221;1\/2&#8243;][vc_single_image image=&#8221;16406&#8243; img_size=&#8221;full&#8221;][\/vc_column][vc_column width=&#8221;1\/2&#8243;][vc_column_text el_class=&#8221;ecip-r3-title&#8221;]<\/p>\n<p style=\"text-align: left;\">G\u00e9rez les exp\u00e9ditions de<br \/>\nplusieurs boutiques et plateformes<\/p>\n<p>[\/vc_column_text][vc_column_text]<\/p>\n<p style=\"text-align: left;\">Si vous g\u00e9rez plusieurs boutiques en ligne, le gestionnaire d\u2019exp\u00e9dition E-commerce vous donnera acc\u00e8s \u00e0 toutes ces boutiques au sein du syst\u00e8me d\u2019exp\u00e9dition en ligne de FlagShip\u2026 m\u00eame si elles sont sur des plateformes diff\u00e9rentes! Les int\u00e9grations d\u2019exp\u00e9dition E-commerce de FlagShip transmettent les donn\u00e9es d\u2019exp\u00e9dition provenant de chaque commande au gestionnaire d\u2019exp\u00e9dition E-commerce install\u00e9 dans votre boutique en ligne pour que vous puissiez les consulter.<\/p>\n<p>[\/vc_column_text][\/vc_column][\/vc_row][vc_row full_width=&#8221;stretch_row&#8221; equal_height=&#8221;yes&#8221; content_placement=&#8221;middle&#8221; css=&#8221;.vc_custom_1663689178759{padding-top: 0px !important;padding-bottom: 0px !important;background-color: #e6f4fc !important;}&#8221;][vc_column width=&#8221;1\/3&#8243;][vc_column_text el_class=&#8221;ecip-r3-title&#8221;]<\/p>\n<p style=\"text-align: left;\">Une configuration simple,<br \/>\nfaite une fois pour toutes<\/p>\n<p>[\/vc_column_text][vc_column_text]<\/p>\n<p style=\"text-align: left;\">Lorsque vous utiliserez l\u2019int\u00e9gration de commerce \u00e9lectronique de FlagShip pour vos boutiques en ligne sur Shopify, WooCommerce, Wix et Squarespace, vous pourrez rapidement et facilement lier chacune d\u2019elles au gestionnaire d\u2019exp\u00e9dition E-commerce en un seul clic. Vous devrez vous connecter une seule fois pour commencer \u00e0 avoir acc\u00e8s \u00e0 tous les envois de votre boutique en ligne dans le gestionnaire d\u2019exp\u00e9dition E-commerce\u2026 rien d\u2019autre \u00e0 installer ou configurer!<\/p>\n<p>[\/vc_column_text][vc_raw_html css=&#8221;.vc_custom_1665508852257{margin-top: 64px !important;}&#8221;]JTNDZGl2JTIwc3R5bGUlM0QlMjJ0ZXh0LWFsaWduJTNBJTIwbGVmdCUzQiUyMGZsb2F0JTNBbGVmdCUzQiUyMG1hcmdpbi1yaWdodCUzQSUyMDIwcHglM0IlMjIlM0UlM0NhJTIwY2xhc3MlM0QlMjJlY29tbS1vcmFuZ2Utc2hhZG93LWJ1dHRvbiUyMiUyMGhyZWYlM0QlMjJodHRwcyUzQSUyRiUyRnNtYXJ0c2hpcC1uZy5mbGFnc2hpcGNvbXBhbnkuY29tJTJGY29tcGFueSUyRnNtYXJ0b3JkZXJzJTIyJTNFUG91ciUyMG91dnJpciUyMHVuZSUyMHNlc3Npb24lM0MlMkZhJTNFJTNDJTJGZGl2JTNFJTNDZGl2JTIwc3R5bGUlM0QlMjJ0ZXh0LWFsaWduJTNBJTIwbGVmdCUzQmZsb2F0JTNBJTIwbGVmdCUzQiUyMiUzRSUzQ2JyJTNFJTNDYSUyMGNsYXNzJTNEJTIyZWNvbW0tb3JhbmdlLXNoYWRvdy1idXR0b24lMjIlMjBocmVmJTNEJTIyaHR0cHMlM0ElMkYlMkZ3d3cuZmxhZ3NoaXBjb21wYW55LmNvbSUyRmZyJTJGaW5zY3JpdmV6LXZvdXMlMkYlMjIlM0VQb3VyJTIwdm91cyUyMGluc2NyaXJlJTNDJTJGYSUzRSUzQyUyRmRpdiUzRQ==[\/vc_raw_html][\/vc_column][vc_column width=&#8221;2\/3&#8243; css=&#8221;.vc_custom_1665149260149{padding-top: 40px !important;}&#8221;][vc_single_image image=&#8221;22057&#8243; img_size=&#8221;full&#8221;][\/vc_column][\/vc_row][vc_row full_width=&#8221;stretch_row&#8221; css=&#8221;.vc_custom_1664205520346{padding-top: 45px !important;padding-bottom: 45px !important;background-color: #10a7e0 !important;}&#8221;][vc_column][vc_single_image image=&#8221;15627&#8243; img_size=&#8221;&#8221; alignment=&#8221;center&#8221;][vc_column_text el_class=&#8221;ecip-r1-title&#8221;]<\/p>\n<p style=\"text-align: center; font-size: 75% !important;\">Pour commencer avec l\u2019aide d\u2019un sp\u00e9cialiste du commerce \u00e9lectronique, appelez au :<\/p>\n<p>[\/vc_column_text][vc_column_text el_class=&#8221;ecip-r1-title&#8221;]<\/p>\n<p style=\"text-align: center;\">1-866-320-8383<\/p>\n<p>[\/vc_column_text][vc_empty_space][vc_raw_html]JTNDcCUyMHN0eWxlJTNEJTIydGV4dC1hbGlnbiUzQWNlbnRlciUzQiUyMiUzRSUzQ2ElMjBjbGFzcyUzRCUyMmVjb21tLXdoaXRlLXNoYWRvdy1idXR0b24lMjIlMjBocmVmJTNEJTIyaHR0cHMlM0ElMkYlMkZ3d3cuZmxhZ3NoaXBjb21wYW55LmNvbSUyRmZyJTJGbm91cy1qb2luZHJlJTJGJTIyJTNFQ29udGFjdGV6LW5vdXMlM0MlMkZhJTNFJTNDJTJGcCUzRQ==[\/vc_raw_html][\/vc_column][\/vc_row]<\/p>\n<\/div>","protected":false},"excerpt":{"rendered":"<p>[vc_row full_width=&#8221;stretch_row&#8221; content_placement=&#8221;top&#8221; css=&#8221;.vc_custom_1664929893373{padding-top: 50px !important;padding-bottom: 50px !important;background-color: #e6f4fc !important;background-position: center !important;background-repeat: no-repeat !important;background-size: cover !important;}&#8221;][vc_column][vc_row_inner equal_height=&#8221;yes&#8221; content_placement=&#8221;middle&#8221;][vc_column_inner width=&#8221;1\/4&#8243;][vc_single_image image=&#8221;15481&#8243; img_size=&#8221;&#8221;][\/vc_column_inner][vc_column_inner width=&#8221;3\/4&#8243;][vc_column_text el_class=&#8221;ecip-r1-title&#8221;] Gestionnaire d\u2019exp\u00e9dition E-commerce [\/vc_column_text][\/vc_column_inner][\/vc_row_inner][vc_row_inner equal_height=&#8221;yes&#8221; content_placement=&#8221;middle&#8221; css=&#8221;.vc_custom_1663683770782{padding-top: 20px !important;padding-bottom: 40px&#8230;<\/p>\n","protected":false},"author":5,"featured_media":0,"parent":0,"menu_order":0,"comment_status":"closed","ping_status":"closed","template":"","meta":{"footnotes":""},"class_list":["post-15779","page","type-page","status-publish","hentry"],"_links":{"self":[{"href":"https:\/\/www.flagshipcompany.com\/fr\/wp-json\/wp\/v2\/pages\/15779","targetHints":{"allow":["GET"]}}],"collection":[{"href":"https:\/\/www.flagshipcompany.com\/fr\/wp-json\/wp\/v2\/pages"}],"about":[{"href":"https:\/\/www.flagshipcompany.com\/fr\/wp-json\/wp\/v2\/types\/page"}],"author":[{"embeddable":true,"href":"https:\/\/www.flagshipcompany.com\/fr\/wp-json\/wp\/v2\/users\/5"}],"replies":[{"embeddable":true,"href":"https:\/\/www.flagshipcompany.com\/fr\/wp-json\/wp\/v2\/comments?post=15779"}],"version-history":[{"count":26,"href":"https:\/\/www.flagshipcompany.com\/fr\/wp-json\/wp\/v2\/pages\/15779\/revisions"}],"predecessor-version":[{"id":22059,"href":"https:\/\/www.flagshipcompany.com\/fr\/wp-json\/wp\/v2\/pages\/15779\/revisions\/22059"}],"wp:attachment":[{"href":"https:\/\/www.flagshipcompany.com\/fr\/wp-json\/wp\/v2\/media?parent=15779"}],"curies":[{"name":"wp","href":"https:\/\/api.w.org\/{rel}","templated":true}]}}