{"id":16974,"date":"2023-03-08T11:55:29","date_gmt":"2023-03-08T16:55:29","guid":{"rendered":"https:\/\/www.flagshipcompany.com\/?page_id=16974"},"modified":"2023-10-13T11:19:11","modified_gmt":"2023-10-13T15:19:11","slug":"fonction-de-distribution","status":"publish","type":"page","link":"https:\/\/www.flagshipcompany.com\/fr\/fonction-de-distribution\/","title":{"rendered":"Fonction de Distribution"},"content":{"rendered":"<div class=\"wpb-content-wrapper\"><p>[vc_row full_width=&#8221;stretch_row_content_no_spaces&#8221;][vc_column][vc_raw_html]JTNDZGl2JTIwY2xhc3MlM0QlMjJoZWFkZXItYm94LXJlbGF0aXZlJTIyJTNFJTBBJTBBJTNDZGl2JTIwY2xhc3MlM0QlMjJoZWFkZXItYm94LWJrZyUyMiUyMCUzRSUwQSUzQ2ltZyUyMHNyYyUzRCUyMmh0dHBzJTNBJTJGJTJGd3d3LmZsYWdzaGlwY29tcGFueS5jb20lMkZhcHAlMkZ1cGxvYWRzJTJGMjAyMyUyRjAzJTJGRGlzdHJpYnV0aW9uLUZlYXR1cmUtSGVhZGVyLTEucG5nJTIyJTIwJTJGJTNFJTBBJTNDJTJGZGl2JTNFJTBBJTBBJTNDZGl2JTIwY2xhc3MlM0QlMjJoZWFkZXItY2VudGVyLXRleHQtYWJzb2x1dGUlMjIlM0UlM0NoMSUzRSUzQ2ZvbnQlMjBjbGFzcyUzRCUyMmxhdG8tbm9ybWFsJTIyJTNFRm9uY3Rpb24lMjBkZSUzQyUyRmZvbnQlM0UlMjBkaXN0cmlidXRpb24lM0MlMkZoMSUzRSUzQyUyRmRpdiUzRSUwQSUyMCUyMCUyMCUyMCUwQSUzQyUyRmRpdiUzRQ==[\/vc_raw_html][\/vc_column][\/vc_row][vc_row el_class=&#8221;.dsp-r1&#8243;][vc_column width=&#8221;1\/4&#8243; el_class=&#8221;.dsp-r1-c1&#8243;][vc_column_text]<\/p>\n<h2 style=\"color: #58595b !important;\">Utilisez la fonction de distribution de FlagShip pour gagner du temps lorsque vous exp\u00e9diez des paquets identiques<\/h2>\n<p>[\/vc_column_text][\/vc_column][vc_column width=&#8221;5\/12&#8243; el_class=&#8221;.dsp-r1-c2&#8243;][vc_column_text el_class=&#8221;.lato-light&#8221;]<\/p>\n<p style=\"font-weight: bold; color: #00a7e0;\">Qu\u2019est-ce que la fonction de distribution de FlagShip?<\/p>\n<p>Exp\u00e9diez-vous des paquets identiques vers de multiples destinations? Si c\u2019est le cas, alors vous savez \u00e0 quel point il peut \u00eatre fastidieux et long de configurer chaque envoi lorsque vous avez de nombreuses bo\u00eetes de m\u00eame taille et de m\u00eame poids \u00e0 exp\u00e9dier. En utilisant la fonction de distribution de FlagShip, vous r\u00e9cup\u00e9rerez ce temps perdu en effectuant de nombreux envois en m\u00eame temps en suivant une proc\u00e9dure simple, au lieu de les cr\u00e9er s\u00e9par\u00e9ment. [\/vc_column_text][\/vc_column][vc_column width=&#8221;1\/3&#8243; el_class=&#8221;.dsp-r1-c3&#8243;][vc_single_image image=&#8221;16253&#8243; img_size=&#8221;full&#8221; alignment=&#8221;right&#8221;][\/vc_column][\/vc_row][vc_row full_width=&#8221;stretch_row&#8221; el_class=&#8221;.eip-r2&#8243; css=&#8221;.vc_custom_1678206668315{margin-bottom: 0px !important;background-color: #f6f7f9 !important;}&#8221;][vc_column el_class=&#8221;.eip-r2-c1&#8243;][vc_column_text css=&#8221;.vc_custom_1678294459603{margin-bottom: 30px !important;}&#8221;]<\/p>\n<p style=\"text-align: center;\"><span class=\"lato-normal uppercase-all title-blue\" style=\"font-size: 120% !important; text-transform: uppercase;\">Exp\u00e9dition de plusieurs paquets identiques vers de nombreuses destinations<\/span><\/p>\n<p>[\/vc_column_text][vc_row_inner el_id=&#8221;at-a-glance&#8221;][vc_column_inner width=&#8221;1\/3&#8243;][vc_column_text]<\/p>\n<p style=\"margin-top: 20px !important;\"><a href=\"#at-a-glance\">Aper\u00e7u de la fonction de distribution <i class=\"fas fa-arrow-circle-right\" style=\"color: #f38d6a;\"><\/i><\/a><\/p>\n<p style=\"margin-top: 20px !important;\"><a style=\"margin-top: 30px !important;\" href=\"#example\">Exemple d\u2019une distribution <i class=\"fas fa-arrow-circle-right\" style=\"color: #f38d6a;\"><\/i><\/a><\/p>\n<p>[\/vc_column_text][\/vc_column_inner][vc_column_inner width=&#8221;1\/3&#8243;][vc_column_text]<\/p>\n<p style=\"margin-top: 20px !important;\"><a href=\"#save-time\">Gagnez du temps avec la fonction de distribution <i class=\"fas fa-arrow-circle-right\" style=\"color: #f38d6a;\"><\/i><\/a><\/p>\n<p style=\"margin-top: 20px !important;\"><a href=\"#how-to\">Cr\u00e9ation d\u2019une distribution <i class=\"fas fa-arrow-circle-right\" style=\"color: #f38d6a;\"><\/i><\/a><\/p>\n<p>[\/vc_column_text][\/vc_column_inner][vc_column_inner width=&#8221;1\/3&#8243;][vc_column_text]<\/p>\n<p style=\"margin-top: 20px !important;\"><a href=\"#downloads\">Ressources et t\u00e9l\u00e9chargements <i class=\"fas fa-arrow-circle-right\" style=\"color: #f38d6a;\"><\/i><\/a><\/p>\n<p style=\"margin-top: 20px !important;\"><a href=\"#help\">Aide et soutien <i class=\"fas fa-arrow-circle-right\" style=\"color: #f38d6a;\"><\/i><\/a><\/p>\n<p>[\/vc_column_text][\/vc_column_inner][\/vc_row_inner][\/vc_column][\/vc_row][vc_row full_width=&#8221;stretch_row&#8221; el_class=&#8221;.dsp-r3&#8243; css=&#8221;.vc_custom_1678206856017{background-color: #00aae3 !important;}&#8221;][vc_column][vc_column_text]<\/p>\n<div class=\"dsp-r3-title\">Aper\u00e7u de la fonction de distribution de FlagShip<\/div>\n<p>[\/vc_column_text][vc_single_image image=&#8221;16259&#8243; img_size=&#8221;full&#8221; alignment=&#8221;center&#8221;][\/vc_column][\/vc_row][vc_row full_width=&#8221;stretch_row&#8221; gap=&#8221;20&#8243; el_class=&#8221;.dsp-r4&#8243; css=&#8221;.vc_custom_1678206865001{margin-bottom: 0px !important;padding-bottom: 45px !important;background-color: #00aae3 !important;}&#8221; el_id=&#8221;example&#8221;][vc_column width=&#8221;1\/3&#8243; el_class=&#8221;.dsp-r4-c1&#8243;][vc_column_text]<\/p>\n<div style=\"text-align: center; font-weight: bold; line-height: 120%;\">Elle est con\u00e7ue pour les entreprises qui exp\u00e9dient des paquets identiques vers diff\u00e9rentes destinations<\/div>\n<p>[\/vc_column_text][\/vc_column][vc_column width=&#8221;1\/3&#8243; el_class=&#8221;.dsp-r4-c2&#8243;][vc_column_text]<\/p>\n<div style=\"text-align: center; font-weight: bold; line-height: 120%;\">Suivez une proc\u00e9dure simple pour t\u00e9l\u00e9verser les adresses, g\u00e9n\u00e9rer des tarifs d\u2019exp\u00e9dition et effectuer de nombreux envois<\/div>\n<p>[\/vc_column_text][\/vc_column][vc_column width=&#8221;1\/3&#8243; el_class=&#8221;.dsp-r4-c3&#8243;][vc_column_text]<\/p>\n<div style=\"text-align: center; font-weight: bold; line-height: 120%;\">Suivez et g\u00e9rez chaque lot d\u2019envois en un seul endroit<\/div>\n<p>[\/vc_column_text][\/vc_column][\/vc_row][vc_row full_width=&#8221;stretch_row&#8221; equal_height=&#8221;yes&#8221; content_placement=&#8221;middle&#8221; css=&#8221;.vc_custom_1678206873114{padding-top: 0px !important;padding-right: 0px !important;padding-bottom: 0px !important;padding-left: 0px !important;background-color: #f5f3f3 !important;}&#8221;][vc_column width=&#8221;1\/2&#8243; css=&#8221;.vc_custom_1671116480472{padding-top: 0px !important;padding-right: 0px !important;padding-bottom: 0px !important;padding-left: 0px !important;}&#8221;][vc_single_image image=&#8221;16279&#8243; img_size=&#8221;full&#8221;][\/vc_column][vc_column width=&#8221;1\/2&#8243; css=&#8221;.vc_custom_1662749326633{padding-top: 80px !important;padding-right: 80px !important;padding-bottom: 80px !important;padding-left: 80px !important;}&#8221;][vc_row_inner content_placement=&#8221;middle&#8221; el_id=&#8221;save-time&#8221;][vc_column_inner width=&#8221;5\/6&#8243;][vc_column_text]<\/p>\n<p style=\"font-weight: bold; color: #00a7e0;\">Exemple d\u2019une distribution:<\/p>\n<p>Votre entreprise a cr\u00e9\u00e9 une trousse de promotion que vous souhaitez envoyer \u00e0 vos 50 principaux clients du pays. Le contenu de chaque trousse est identique et toutes les trousses sont emball\u00e9es dans des bo\u00eetes identiques. Configurer chaque envoi serait un gaspillage de temps et d\u2019\u00e9nergie, alors vous d\u00e9cidez plut\u00f4t d\u2019utiliser la fonction de distribution. Il suffit de t\u00e9l\u00e9verser les 50 adresses de vos clients dans le syst\u00e8me d\u2019exp\u00e9dition en ligne de FlagShip pour cr\u00e9er une seule liste, d\u2019entrer les informations (dimensions et poids) du paquet et de choisir les options d\u2019exp\u00e9dition une seule fois. En dernier lieu, vous g\u00e9n\u00e9rez les \u00e9tiquettes pour les 50 destinations en un seul clic, et vous \u00eates pr\u00eat \u00e0 exp\u00e9dier![\/vc_column_text][\/vc_column_inner][vc_column_inner width=&#8221;1\/6&#8243;][\/vc_column_inner][\/vc_row_inner][\/vc_column][\/vc_row][vc_row el_class=&#8221;.dsp-r1&#8243; el_id=&#8221;how-to&#8221;][vc_column width=&#8221;2\/3&#8243; el_class=&#8221;.dsp-r1-c1&#8243;][vc_column_text el_class=&#8221;.lato-light&#8221;]<\/p>\n<h2 style=\"font-weight: bold;\">Comment la fonction de distribution vous fait-elle gagner du temps?<\/h2>\n<ul>\n<li>Vous entrez une seule fois les informations (dimensions et poids) du paquet, vos options et pr\u00e9f\u00e9rences d\u2019exp\u00e9dition.<\/li>\n<li>Vous t\u00e9l\u00e9versez la liste compl\u00e8te des adresses de vos destinataires dans un fichier unique, que vous pourrez r\u00e9utiliser pour de nouvelles distributions.<\/li>\n<li>Vous s\u00e9lectionnez sur un seul \u00e9cran le service et le transporteur pour chaque paquet figurant dans votre distribution, obtenez les m\u00eames tarifs au rabais et les m\u00eames services que si vous envoyiez vos paquets s\u00e9par\u00e9ment.<\/li>\n<li>Vous cr\u00e9ez en un seul clic les \u00e9tiquettes d\u2019exp\u00e9dition pour tous vos paquets.<\/li>\n<li>Vous g\u00e9rez le ramassage et le suivi de votre lot d\u2019envois en un seul endroit.<\/li>\n<\/ul>\n<p>[\/vc_column_text][\/vc_column][vc_column width=&#8221;1\/3&#8243; el_class=&#8221;.dsp-r1-c2&#8243;][vc_single_image image=&#8221;16294&#8243; img_size=&#8221;full&#8221; alignment=&#8221;right&#8221;][\/vc_column][\/vc_row][vc_row full_width=&#8221;stretch_row&#8221; css=&#8221;.vc_custom_1678206907801{padding-top: 70px !important;padding-bottom: 50px !important;background: #f6f7f9 url(http:\/\/flagwp.test\/app\/uploads\/2020\/10\/Shipping-Box-Bg-1.png?id=11728) !important;background-position: 0 0 !important;background-repeat: no-repeat !important;}&#8221;][vc_column][vc_row_inner el_id=&#8221;downloads&#8221;][vc_column_inner][vc_column_text el_class=&#8221;.lato-light&#8221;]<\/p>\n<h2 style=\"font-weight: bold;\">Comment faire pour cr\u00e9er une distribution?<\/h2>\n<p>[\/vc_column_text][\/vc_column_inner][\/vc_row_inner][vc_empty_space][vc_tta_accordion style=&#8221;flat&#8221; color=&#8221;white&#8221; c_icon=&#8221;&#8221; active_section=&#8221;99&#8243; collapsible_all=&#8221;true&#8221; el_class=&#8221;.lato-light&#8221;][vc_tta_section i_icon_fontawesome=&#8221;fas fa-plus-square&#8221; add_icon=&#8221;true&#8221; title=&#8221;Cliquez ici pour consulter notre guide \u00e9tape par \u00e9tape&#8221; tab_id=&#8221;1601668171497-716720dc-0fef&#8221;][vc_row_inner][vc_column_inner width=&#8221;1\/4&#8243;][vc_column_text]<strong>\u00c9TAPE 1 :<\/strong><br \/>\n<span style=\"color: #00a3e0; font-weight: bold;\">Cr\u00e9ez votre distribution<\/span><br \/>\nCliquez sur <span style=\"color: #00a3e0;\">Distribution pour envoi de masse<\/span> dans le menu principal du syst\u00e8me d\u2019exp\u00e9dition en ligne FlagShip et choisissez <span style=\"color: #00a3e0;\">Nouvelle distribution<\/span>.<\/p>\n<p><strong>\u00c9TAPE 2 :<\/strong><br \/>\n<span style=\"color: #00a3e0; font-weight: bold;\">Entrez vos informations d\u2019exp\u00e9dition<\/span><br \/>\nEntrez toutes vos informations sur l\u2019exp\u00e9diteur, la distribution et le paquet dans les sections d\u00e9sign\u00e9es. S\u00e9lectionnez les options ou pr\u00e9f\u00e9rences que vous souhaitez appliquer \u00e0 votre distribution. Par exemple, vous pouvez choisir d\u2019exclure certaines compagnies de messagerie propos\u00e9es dans votre estimation. Cliquez sur <span style=\"color: #00a3e0;\">Suivant<\/span> pour continuer.[\/vc_column_text][\/vc_column_inner][vc_column_inner width=&#8221;3\/4&#8243;][vc_single_image image=&#8221;17090&#8243; img_size=&#8221;large&#8221; alignment=&#8221;center&#8221;][\/vc_column_inner][\/vc_row_inner][vc_separator css=&#8221;.vc_custom_1670443189824{margin-top: 20px !important;margin-bottom: 20px !important;}&#8221;][vc_row_inner][vc_column_inner width=&#8221;1\/4&#8243;][vc_column_text]<strong>\u00c9TAPE 3 :<\/strong><br \/>\n<span style=\"color: #00a3e0; font-weight: bold;\">S\u00e9lectionnez votre liste d\u2019adresses<\/span><br \/>\nS\u00e9lectionnez une liste d\u2019adresses dans votre carnet d\u2019adresses \u00e0 l\u2019aide du bouton <span style=\"color: #00a3e0;\">Groupes d\u2019adresses<\/span> ou t\u00e9l\u00e9chargez une nouvelle liste \u00e0 l\u2019aide du bouton <span style=\"color: #00a3e0;\">T\u00e9l\u00e9versement d\u2019adresses<\/span>.<\/p>\n<p><strong>Remarque : <\/strong>les listes d\u2019adresses t\u00e9l\u00e9charg\u00e9es doivent \u00eatre format\u00e9es \u00e0 l\u2019aide de notre mod\u00e8le CSV Excel. Veuillez demander \u00e0 notre service \u00e0 la client\u00e8le de vous fournir ce fichier, ou <a href=\"https:\/\/www.flagshipcompany.com\/app\/uploads\/2023\/03\/FlagShip-template-address-import.xls\">cliquez ici pour le t\u00e9l\u00e9charger<\/a>.<\/p>\n<p>Le cas \u00e9ch\u00e9ant, s\u00e9lectionnez <span style=\"color: #00a3e0;\">Consid\u00e9rer toutes les adresses comme r\u00e9sidentielles<\/span> et\/ou <span style=\"color: #00a3e0;\">Ajouter les adresses e-mail au suivi si disponible<\/span>.<\/p>\n<p>Cliquez sur <span style=\"color: #00a3e0;\">Suivant<\/span> pour recevoir votre estimation de co\u00fbts.[\/vc_column_text][\/vc_column_inner][vc_column_inner width=&#8221;3\/4&#8243;][vc_single_image image=&#8221;17092&#8243; img_size=&#8221;full&#8221;][\/vc_column_inner][\/vc_row_inner][vc_separator css=&#8221;.vc_custom_1670443189824{margin-top: 20px !important;margin-bottom: 20px !important;}&#8221;][vc_row_inner][vc_column_inner width=&#8221;1\/4&#8243;][vc_column_text]<strong>\u00c9TAPE QUATRE :<\/strong><br \/>\n<span style=\"color: #00a3e0; font-weight: bold;\">Recevez et confirmez votre estimation<\/span><br \/>\nL\u2019estimation de votre distribution sera maintenant calcul\u00e9e ; cela peut prendre quelques minutes. Le syst\u00e8me d\u2019exp\u00e9dition de FlagShip g\u00e9n\u00e9rera des tarifs d\u2019exp\u00e9dition pour chaque destination en fonction des param\u00e8tres que vous avez entr\u00e9s \u00e0 l\u2019\u00e9tape 2.<\/p>\n<p><strong>Conseil :<\/strong> vous pouvez modifier manuellement la compagnie de messagerie et le tarif s\u00e9lectionn\u00e9es pour n\u2019importe quelle destination.<\/p>\n<p>Une fois que vous \u00eates satisfait de votre distribution, vous pouvez cliquer sur <span style=\"color: #00a3e0;\">Confirmez la distribution<\/span> au bas de la page.[\/vc_column_text][\/vc_column_inner][vc_column_inner width=&#8221;3\/4&#8243;][vc_single_image image=&#8221;17094&#8243; img_size=&#8221;full&#8221;][\/vc_column_inner][\/vc_row_inner][vc_separator css=&#8221;.vc_custom_1670443189824{margin-top: 20px !important;margin-bottom: 20px !important;}&#8221;][vc_row_inner][vc_column_inner width=&#8221;1\/4&#8243;][vc_column_text]<strong>\u00c9TAPE CINQ :<\/strong><br \/>\n<span style=\"color: #00a3e0; font-weight: bold;\">Imprimez vos \u00e9tiquettes d\u2019exp\u00e9dition<\/span><br \/>\nLe syst\u00e8me d\u2019exp\u00e9dition g\u00e9n\u00e9rera toutes les \u00e9tiquettes d\u2019exp\u00e9dition dans un seul fichier qui vous sera envoy\u00e9 par courriel une fois termin\u00e9 afin que vous puissiez toutes les imprimer ensemble ; cela peut prendre quelques minutes. \u00c0 partir de l\u2019onglet <span style=\"color: #00a3e0;\">Gestion des distributions<\/span> dans le menu de gauche, vous pouvez facilement suivre l\u2019ensemble de votre distribution.[\/vc_column_text][\/vc_column_inner][vc_column_inner width=&#8221;3\/4&#8243;][vc_single_image image=&#8221;17113&#8243; img_size=&#8221;full&#8221;][\/vc_column_inner][\/vc_row_inner][\/vc_tta_section][\/vc_tta_accordion][\/vc_column][\/vc_row][vc_row full_width=&#8221;stretch_row&#8221; el_class=&#8221;.eip-r3&#8243; css=&#8221;.vc_custom_1678206930300{margin-top: 0px !important;margin-bottom: 0px !important;padding-top: 60px !important;padding-bottom: 60px !important;background-image: url(http:\/\/flagwp.test\/app\/uploads\/2020\/10\/FAQ-Bg.png?id=11807) !important;background-position: 0 0 !important;background-repeat: no-repeat !important;}&#8221;][vc_column el_class=&#8221;.eip-r3-c1 .lato-light&#8221; css=&#8221;.vc_custom_1601667732036{margin-bottom: 0px !important;padding-right: 40px !important;padding-bottom: 0px !important;}&#8221;][vc_row_inner el_id=&#8221;help&#8221;][vc_column_inner width=&#8221;1\/2&#8243;][vc_column_text el_class=&#8221;.lato-light&#8221;]<\/p>\n<h2 style=\"font-weight: bold;\">T\u00e9l\u00e9chargements et ressources<\/h2>\n<p>[\/vc_column_text][vc_raw_html]JTNDZGl2JTIwc3R5bGUlM0QlMjJ2ZXJ0aWNhbC1hbGlnbiUzQSUyMG1pZGRsZSUzQiUyMiUzRSUzQ2ltZyUyMHNyYyUzRCUyMmh0dHBzJTNBJTJGJTJGd3d3LmZsYWdzaGlwY29tcGFueS5jb20lMkZhcHAlMkZ1cGxvYWRzJTJGMjAyMiUyRjEyJTJGcGRmLnN2ZyUyMiUyMHN0eWxlJTNEJTIyd2lkdGglM0ElMjA2MHB4JTNCJTIwbWFyZ2luLXJpZ2h0JTNBJTIwMzBweCUzQiUyMiUzRSUzQ2ElMjBjbGFzcyUzRCUyMmVjb21tLW9yYW5nZS1zaGFkb3ctYnV0dG9uJTIyJTIwaHJlZiUzRCUyMmh0dHBzJTNBJTJGJTJGd3d3LmZsYWdzaGlwY29tcGFueS5jb20lMkZhcHAlMkZ1cGxvYWRzJTJGMjAyMyUyRjAzJTJGRmxhZ1NoaXAtRGlzdHJpYnV0aW9uLUhvdy10by1HdWlkZS1GUi0xLnBkZiUyMiUyMHRhcmdldCUzRCUyMl9ibGFuayUyMiUzRUd1aWRlJTIwZCVFMiU4MCU5OWluc3RydWN0aW9uJTNDJTJGYSUzRSUzQyUyRmRpdiUzRQ==[\/vc_raw_html][vc_raw_html]JTNDZGl2JTIwc3R5bGUlM0QlMjJ2ZXJ0aWNhbC1hbGlnbiUzQSUyMG1pZGRsZSUzQiUyMiUzRSUzQ2ltZyUyMHNyYyUzRCUyMmh0dHBzJTNBJTJGJTJGd3d3LmZsYWdzaGlwY29tcGFueS5jb20lMkZhcHAlMkZ1cGxvYWRzJTJGMjAyMiUyRjEyJTJGc3ByZWFkc2hlZXQuc3ZnJTNCJTIyJTIwc3R5bGUlM0QlMjJ3aWR0aCUzQSUyMDYwcHglM0IlMjBtYXJnaW4tcmlnaHQlM0ElMjAzMHB4JTNCJTIyJTNFJTNDYSUyMGNsYXNzJTNEJTIyZWNvbW0tb3JhbmdlLXNoYWRvdy1idXR0b24lMjIlMjBocmVmJTNEJTIyaHR0cHMlM0ElMkYlMkZ3d3cuZmxhZ3NoaXBjb21wYW55LmNvbSUyRmFwcCUyRnVwbG9hZHMlMkYyMDIzJTJGMDMlMkZGbGFnU2hpcC10ZW1wbGF0ZS1hZGRyZXNzLWltcG9ydC54bHMlMjIlM0VNb2QlQzMlQThsZSUyMHBvdXIlMjBsYSUyMGxpc3RlJTIwZCVFMiU4MCU5OWFkcmVzc2VzJTNDJTJGYSUzRSUzQyUyRmRpdiUzRQ==[\/vc_raw_html][\/vc_column_inner][vc_column_inner width=&#8221;1\/2&#8243;][vc_column_text el_class=&#8221;.lato-light&#8221;]<\/p>\n<h2><span style=\"color: #58595b !important;\">FAQ<\/span><\/h2>\n<p>[\/vc_column_text][vc_toggle title=&#8221;Puis-je envoyer une distribution en utilisant un compte en tierce partie ?&#8221; style=&#8221;simple&#8221; el_id=&#8221;1601922891988-66031d52-1907&#8243;]Absolument ! N\u2019oubliez pas de s\u00e9lectionner \u201cTierce partie\u201d dans les options de paiement et de saisir l\u2019adresse de facturation associ\u00e9e au compte sur lequel l\u2019envoi sera factur\u00e9. Notez qu\u2019il y a des frais de service de 1,95 $ + taxes par envoi pour le paiement par une tierce partie.[\/vc_toggle][vc_toggle title=&#8221;Comment pr\u00e9parer ma liste d\u2019adresses ?&#8221; style=&#8221;simple&#8221; el_id=&#8221;1601922926129-dc962b6d-a133&#8243;]<\/p>\n<ol>\n<li style=\"margin-bottom: 5px;\"><a href=\"https:\/\/www.flagshipcompany.com\/app\/uploads\/2023\/03\/FlagShip-template-address-import.xls\"><span style=\"text-decoration: underline;\">Cliquez ici pour t\u00e9l\u00e9charger notre mod\u00e8le pour la liste d\u2019adresses<\/span><\/a><\/li>\n<li style=\"margin-bottom: 5px;\">Ouvrez le fichier dans Microsoft Excel ou un autre logiciel d\u2019\u00e9dition de feuille de calcul.<\/li>\n<li style=\"margin-bottom: 5px;\">Remplissez les informations d\u2019adresse appropri\u00e9es dans les champs du mod\u00e8le.<\/li>\n<li style=\"margin-bottom: 5px;\">Enregistrez ou exportez au format CSV (d\u00e9limit\u00e9 par des virgules).<\/li>\n<li style=\"margin-bottom: 5px;\">Connectez-vous \u00e0 votre tableau de bord FlagShip, cliquez sur <em>Carnets d\u2019adresses, produits et paquets<\/em> dans le menu principal.<\/li>\n<li style=\"margin-bottom: 5px;\">Dans le menu d\u00e9roulant, s\u00e9lectionnez <em>Importer des adresses<\/em>, puis cochez la case \u201cAjouter un nouveau groupe d\u2019adresses\u201d et nommez votre groupe.<\/li>\n<li style=\"margin-bottom: 5px;\">Cliquez sur <em>Choisir un fichier<\/em> et importez votre liste, puis cliquez sur <em>continuer<\/em>.<\/li>\n<li style=\"margin-bottom: 5px;\">Assurez-vous de cocher la case indiquant \u201cLa premi\u00e8re ligne du fichier ne contient PAS d\u2019adresse\u201d, cliquez sur <em>Ajouter de nouvelles adresses.<\/em><\/li>\n<li style=\"margin-bottom: 5px;\">Le syst\u00e8me corrigera automatiquement le nom de la ville pour le code postal saisi. Si le code postal est incorrect ou contient trop de caract\u00e8res dans les champs limit\u00e9s, le syst\u00e8me affichera les erreurs en rouge en haut de votre \u00e9cran et vous pourrez modifier avec les informations appropri\u00e9es.<\/li>\n<\/ol>\n<p>[\/vc_toggle][vc_toggle title=&#8221;Ai-je besoin de toutes les informations d\u2019exp\u00e9dition pour recevoir un estim\u00e9 ?&#8221; style=&#8221;simple&#8221; el_id=&#8221;1601922985450-c75e6394-4ba3&#8243;]Oui, vous devez entrer toutes les informations requises pour recevoir un estim\u00e9 pour votre distribution.[\/vc_toggle][vc_toggle title=&#8221;Dois-je ajouter la liste d\u2019adresses \u00e0 mon carnet d\u2019adresses ?&#8221; style=&#8221;simple&#8221;]Non, mais l\u2019ajout de la liste \u00e0 votre carnet d\u2019adresses vous fera gagner du temps si vous pr\u00e9voyez de r\u00e9utiliser la liste \u00e0 l\u2019avenir.[\/vc_toggle][vc_toggle title=&#8221;La fonction de distribution programme-t-elle automatiquement un ramassage ?&#8221; style=&#8221;simple&#8221;]Non, vous devez programmer votre ramassage.[\/vc_toggle][\/vc_column_inner][\/vc_row_inner][\/vc_column][\/vc_row][vc_row full_width=&#8221;stretch_row&#8221; css=&#8221;.vc_custom_1678206723946{padding-top: 45px !important;padding-bottom: 45px !important;background-color: #10a7e0 !important;}&#8221; el_id=&#8221;help&#8221;][vc_column][vc_column_text el_class=&#8221;ecip-r1-title&#8221;]<\/p>\n<p style=\"text-align: center; font-size: 75% !important;\">VOUS AVEZ BESOIN D\u2019AIDE?<\/p>\n<p>[\/vc_column_text][vc_column_text el_class=&#8221;.dsp-r4-c1&#8243; css=&#8221;.vc_custom_1678294835357{margin-top: 20px !important;margin-bottom: 0px !important;}&#8221;]<\/p>\n<p style=\"text-align: center;\">L\u2019un de nos sp\u00e9cialistes de l\u2019exp\u00e9dition se fera un plaisir de vous aider \u00e0 configurer votre distribution.<\/p>\n<p style=\"text-align: center; font-size: 200%; font-weight: bold;\">1-866-320-8383<\/p>\n<p>[\/vc_column_text][vc_raw_html css=&#8221;.vc_custom_1678294843918{margin-top: 40px !important;}&#8221;]JTNDcCUyMHN0eWxlJTNEJTIydGV4dC1hbGlnbiUzQWNlbnRlciUzQiUyMiUzRSUzQ2ElMjBjbGFzcyUzRCUyMmVjb21tLW9yYW5nZS1zaGFkb3ctYnV0dG9uJTIyJTIwaHJlZiUzRCUyMmh0dHBzJTNBJTJGJTJGd3d3LmZsYWdzaGlwY29tcGFueS5jb20lMkZjb250YWN0LXVzJTJGJTIyJTNFQ29udGFjdGV6LW5vdXMlM0MlMkZhJTNFJTNDJTJGcCUzRQ==[\/vc_raw_html][\/vc_column][\/vc_row]<\/p>\n<\/div>","protected":false},"excerpt":{"rendered":"<p>[vc_row full_width=&#8221;stretch_row_content_no_spaces&#8221;][vc_column][vc_raw_html]JTNDZGl2JTIwY2xhc3MlM0QlMjJoZWFkZXItYm94LXJlbGF0aXZlJTIyJTNFJTBBJTBBJTNDZGl2JTIwY2xhc3MlM0QlMjJoZWFkZXItYm94LWJrZyUyMiUyMCUzRSUwQSUzQ2ltZyUyMHNyYyUzRCUyMmh0dHBzJTNBJTJGJTJGd3d3LmZsYWdzaGlwY29tcGFueS5jb20lMkZhcHAlMkZ1cGxvYWRzJTJGMjAyMyUyRjAzJTJGRGlzdHJpYnV0aW9uLUZlYXR1cmUtSGVhZGVyLTEucG5nJTIyJTIwJTJGJTNFJTBBJTNDJTJGZGl2JTNFJTBBJTBBJTNDZGl2JTIwY2xhc3MlM0QlMjJoZWFkZXItY2VudGVyLXRleHQtYWJzb2x1dGUlMjIlM0UlM0NoMSUzRSUzQ2ZvbnQlMjBjbGFzcyUzRCUyMmxhdG8tbm9ybWFsJTIyJTNFRm9uY3Rpb24lMjBkZSUzQyUyRmZvbnQlM0UlMjBkaXN0cmlidXRpb24lM0MlMkZoMSUzRSUzQyUyRmRpdiUzRSUwQSUyMCUyMCUyMCUyMCUwQSUzQyUyRmRpdiUzRQ==[\/vc_raw_html][\/vc_column][\/vc_row][vc_row el_class=&#8221;.dsp-r1&#8243;][vc_column width=&#8221;1\/4&#8243; el_class=&#8221;.dsp-r1-c1&#8243;][vc_column_text] Utilisez la fonction de distribution de FlagShip pour gagner du temps lorsque vous exp\u00e9diez des paquets identiques [\/vc_column_text][\/vc_column][vc_column width=&#8221;5\/12&#8243; el_class=&#8221;.dsp-r1-c2&#8243;][vc_column_text el_class=&#8221;.lato-light&#8221;] Qu\u2019est-ce que la fonction de distribution de&#8230;<\/p>\n","protected":false},"author":5,"featured_media":0,"parent":0,"menu_order":0,"comment_status":"closed","ping_status":"closed","template":"","meta":{"footnotes":""},"class_list":["post-16974","page","type-page","status-publish","hentry"],"_links":{"self":[{"href":"https:\/\/www.flagshipcompany.com\/fr\/wp-json\/wp\/v2\/pages\/16974","targetHints":{"allow":["GET"]}}],"collection":[{"href":"https:\/\/www.flagshipcompany.com\/fr\/wp-json\/wp\/v2\/pages"}],"about":[{"href":"https:\/\/www.flagshipcompany.com\/fr\/wp-json\/wp\/v2\/types\/page"}],"author":[{"embeddable":true,"href":"https:\/\/www.flagshipcompany.com\/fr\/wp-json\/wp\/v2\/users\/5"}],"replies":[{"embeddable":true,"href":"https:\/\/www.flagshipcompany.com\/fr\/wp-json\/wp\/v2\/comments?post=16974"}],"version-history":[{"count":36,"href":"https:\/\/www.flagshipcompany.com\/fr\/wp-json\/wp\/v2\/pages\/16974\/revisions"}],"predecessor-version":[{"id":18029,"href":"https:\/\/www.flagshipcompany.com\/fr\/wp-json\/wp\/v2\/pages\/16974\/revisions\/18029"}],"wp:attachment":[{"href":"https:\/\/www.flagshipcompany.com\/fr\/wp-json\/wp\/v2\/media?parent=16974"}],"curies":[{"name":"wp","href":"https:\/\/api.w.org\/{rel}","templated":true}]}}