{"id":2296,"date":"2016-05-14T11:01:14","date_gmt":"2016-05-14T11:01:14","guid":{"rendered":"http:\/\/localhost\/flagshipcompany\/fr\/?page_id=2296"},"modified":"2025-01-13T12:47:38","modified_gmt":"2025-01-13T17:47:38","slug":"lexpedition-a-rabais","status":"publish","type":"page","link":"https:\/\/www.flagshipcompany.com\/fr\/lexpedition-a-rabais\/","title":{"rendered":"L\u2019exp\u00e9dition \u00e0 rabais"},"content":{"rendered":"<div class=\"wpb-content-wrapper\"><p>[vc_row full_width=&#8221;stretch_row_content_no_spaces&#8221;][vc_column][vc_raw_html]JTNDZGl2JTIwY2xhc3MlM0QlMjJoZWFkZXItYm94LXJlbGF0aXZlJTIyJTNFJTBBJTBBJTNDZGl2JTIwY2xhc3MlM0QlMjJoZWFkZXItYm94LWJrZyUyMiUyMCUzRSUwQSUzQ2ltZyUyMHNyYyUzRCUyMi4uJTJGLi4lMkZhcHAlMkZ1cGxvYWRzJTJGMjAxNiUyRjA1JTJGZGlzY291bnQtc2hpcHBpbmctaGVhZGVyLWltYWdlLnBuZyUyMiUyMCUyRiUzRSUwQSUzQyUyRmRpdiUzRSUwQSUwQSUzQ2RpdiUyMGNsYXNzJTNEJTIyaGVhZGVyLWNlbnRlci10ZXh0LWFic29sdXRlJTIyJTNFJTNDaDElM0VMJUUyJTgwJTk5RVhQJUMzJTg5RElUSU9OJTIwJUMzJTgwJTIwJTNDZm9udCUyMGNsYXNzJTNEJTIybGF0by1ub3JtYWwlMjIlM0VSQUJBSVMlM0MlMkZmb250JTNFJTNDJTJGaDElM0UlM0MlMkZkaXYlM0UlMEElMjAlMjAlMjAlMjAlMEElM0MlMkZkaXYlM0U=[\/vc_raw_html][\/vc_column][\/vc_row][vc_row el_class=&#8221;.dsp-r1&#8243;][vc_column width=&#8221;1\/4&#8243; el_class=&#8221;.dsp-r1-c1&#8243;][vc_column_text]<\/p>\n<h2>Comment l\u2019exp\u00e9dition \u00e0 rabais avec FlagShip peut vous faire \u00e9conomiser temps et argent !<\/h2>\n<p>[\/vc_column_text][\/vc_column][vc_column width=&#8221;5\/12&#8243; el_class=&#8221;.dsp-r1-c2&#8243;][vc_column_text el_class=&#8221;.lato-light&#8221;]Lorsque vous n\u2019exp\u00e9diez pas tr\u00e8s souvent, il peut \u00eatre difficile de profiter de rabais de volume. Mais en tant que petite ou moyenne entreprise, vous m\u00e9ritez de profiter d\u2019une offre avantageuse, tout comme les grandes entreprises.<\/p>\n<p>FlagShip est l\u2019une des entreprises chef de file au Canada en mati\u00e8re de solutions d\u2019exp\u00e9dition \u00e0 rabais en ligne qui offre des services aux petites et moyennes entreprises comme la v\u00f4tre. Vous voulez et avez besoin de b\u00e9n\u00e9ficier d\u2019\u00e9conomies, d\u2019une gamme de services et d\u2019un excellent service \u00e0 la client\u00e8le? Notre objectif est de vous offrir tout cela pour que vous puissiez exp\u00e9dier vos produits et colis en toute FACILIT\u00c9, et \u00e9conomiser temps et argent.[\/vc_column_text][\/vc_column][vc_column width=&#8221;1\/3&#8243; el_class=&#8221;.dsp-r1-c3&#8243;][vc_single_image image=&#8221;2891&#8243; img_size=&#8221;full&#8221; alignment=&#8221;right&#8221;][\/vc_column][\/vc_row][vc_row full_width=&#8221;stretch_row&#8221; el_class=&#8221;.dsp-r2&#8243; css=&#8221;.vc_custom_1462599760911{background-color: #f9fafc !important;}&#8221;][vc_column width=&#8221;1\/2&#8243; el_class=&#8221;.dsp-r2-c1&#8243;][vc_column_text el_class=&#8221;.lato-light&#8221;]<span class=\"lato-normal uppercase-all title-blue\">En quoi consiste l\u2019exp\u00e9dition \u00e0 rabais ?<\/span><\/p>\n<p>FlagShip est un revendeur autoris\u00e9 dans le domaine de l\u2019exp\u00e9dition. Nous travaillons en \u00e9troite collaboration avec les principales entreprises de messagerie comme Purolator, UPS, FedEx, DHL, Canpar et GLS afin d\u2019obtenir les rabais de volume qui \u00e9taient auparavant r\u00e9serv\u00e9s uniquement aux grands exp\u00e9diteurs ayant un fort volume. Nous prenons ces \u00e9conomies, puis nous vous les transmettons&#8230; afin que vous puissiez \u00e9conomiser \u00e9galement de l\u2019argent sur vos envois.[\/vc_column_text][\/vc_column][vc_column width=&#8221;1\/2&#8243; el_class=&#8221;.dsp-r2-c2&#8243;][vc_column_text el_class=&#8221;.lato-light&#8221;]<span class=\"lato-normal uppercase-all title-blue\">Comment puis-je savoir si l\u2019exp\u00e9dition \u00e0 rabais convient \u00e0 mon entreprise ?<\/span><\/p>\n<p>Avez-vous une petite ou une moyenne entreprise au Canada ?<br \/>\nExp\u00e9diez-vous r\u00e9guli\u00e8rement des colis chaque mois, ou m\u00eame chaque semaine ?<br \/>\nPassez-vous beaucoup de temps \u00e0 rechercher les meilleures offres et les tarifs les plus avantageux ?<br \/>\nAvez-vous parfois besoin d\u2019aide pour choisir les bons services d\u2019exp\u00e9dition ?<br \/>\nCherchez-vous une solution \u00e0 guichet unique pour tous vos besoins d\u2019exp\u00e9dition ?<br \/>\nVoulez-vous \u00e9conomiser temps et argent ?<\/p>\n<p>Si vous avez r\u00e9pondu par l\u2019affirmative \u00e0 ces questions, alors l\u2019exp\u00e9dition \u00e0 rabais de FlagShip vous convient ![\/vc_column_text][\/vc_column][\/vc_row][vc_row full_width=&#8221;stretch_row&#8221; el_class=&#8221;.dsp-r3&#8243; css=&#8221;.vc_custom_1464625030075{background-color: #00aae3 !important;}&#8221;][vc_column][vc_column_text]<\/p>\n<div class=\"dsp-r3-title\">Cinq raisons de choisir FlagShip d\u00e8s aujourd\u2019hui !<\/div>\n<div class=\"dsp-r3-sub-title\">Lorsque vous exp\u00e9diez avec FlagShip, vous b\u00e9n\u00e9ficiez des avantages suivants :<\/div>\n<p>[\/vc_column_text][\/vc_column][\/vc_row][vc_row full_width=&#8221;stretch_row&#8221; el_class=&#8221;.dsp-r4&#8243; css=&#8221;.vc_custom_1464625040307{background-color: #00aae3 !important;}&#8221;][vc_column width=&#8221;1\/3&#8243; el_class=&#8221;.dsp-r4-c1&#8243;][vc_column_text]<\/p>\n<div class=\"dsp-num-item\">1<\/div>\n<p>De grandes \u00e9conomies lorsque vous comparez les tarifs et les services des principales entreprises de messagerie et choisissez ceux qui vous conviennent[\/vc_column_text][\/vc_column][vc_column width=&#8221;1\/3&#8243; el_class=&#8221;.dsp-r4-c2&#8243;][vc_column_text]<\/p>\n<div class=\"dsp-num-item\">2<\/div>\n<p>Un syst\u00e8me <a href=\"..\/notre-systeme-dexpedition-en-ligne\/\">d\u2019exp\u00e9dition en ligne<\/a> convivial qui vous aide \u00e0 r\u00e9aliser vos activit\u00e9s d\u2019exp\u00e9dition du d\u00e9but \u00e0 la fin. Il est s\u00e9curitaire. Il est facile d\u2019acc\u00e8s de partout. Et il n\u2019y a aucun logiciel \u00e0 t\u00e9l\u00e9charger. D\u00e9couvrez <a href=\"..\/expedier-avec-flagship\/\">comment le syst\u00e8me fonctionne<\/a>[\/vc_column_text][\/vc_column][vc_column width=&#8221;1\/3&#8243; el_class=&#8221;.dsp-r4-c3&#8243;][vc_column_text]<\/p>\n<div class=\"dsp-num-item\">3<\/div>\n<p>Toute la fonctionnalit\u00e9 que vous voulez et \u00e0 laquelle vous vous attendez, comme la conservation des renseignements cl\u00e9s d\u2019exp\u00e9dition pour une utilisation ult\u00e9rieure, l\u2019impression d\u2019\u00e9tiquettes conformes, le suivi en temps r\u00e9el, et plus.[\/vc_column_text][\/vc_column][\/vc_row][vc_row full_width=&#8221;stretch_row&#8221; el_class=&#8221;.dsp-r5&#8243; css=&#8221;.vc_custom_1464625047380{background-color: #00aae3 !important;}&#8221;][vc_column width=&#8221;1\/3&#8243; el_class=&#8221;.dsp-r5-c1&#8243;][vc_column_text]<\/p>\n<div class=\"dsp-num-item\">4<\/div>\n<p>Une facture consolidant toutes vos activit\u00e9s d\u2019exp\u00e9dition, peu importe l\u2019entreprise de messagerie\u2026 ou les entreprises de messagerie avec lesquelles vous avez r\u00e9alis\u00e9 vos envois.[\/vc_column_text][\/vc_column][vc_column width=&#8221;1\/3&#8243; el_class=&#8221;.dsp-r5-c2&#8243;][vc_column_text]<\/p>\n<div class=\"dsp-num-item\">5<\/div>\n<p>Une \u00e9quipe du service \u00e0 la client\u00e8le comp\u00e9tente qui est l\u00e0 pour vous, m\u00eame apr\u00e8s les heures d\u2019ouverture, pour r\u00e9pondre \u00e0 vos questions et vous aider \u00e0 trouver les solutions \u00e0 vos probl\u00e8mes d\u2019exp\u00e9dition.[\/vc_column_text][\/vc_column][vc_column width=&#8221;1\/3&#8243; el_class=&#8221;.dsp-r5-c3&#8243;][vc_column_text]<\/p>\n<div class=\"dsp-circle-item-fr\">N\u2019attendez plus. Commencez \u00e0 \u00e9conomiser sur votre exp\u00e9dition \u2013 <a href=\"..\/inscrivez-vous\/\">ouvrez un compte GRATUIT<\/a> et essayez FlagShip d\u00e8s aujourd\u2019hui.<\/div>\n<p>[\/vc_column_text][\/vc_column][\/vc_row]<\/p>\n<\/div>","protected":false},"excerpt":{"rendered":"<p>[vc_row full_width=&#8221;stretch_row_content_no_spaces&#8221;][vc_column][vc_raw_html]JTNDZGl2JTIwY2xhc3MlM0QlMjJoZWFkZXItYm94LXJlbGF0aXZlJTIyJTNFJTBBJTBBJTNDZGl2JTIwY2xhc3MlM0QlMjJoZWFkZXItYm94LWJrZyUyMiUyMCUzRSUwQSUzQ2ltZyUyMHNyYyUzRCUyMi4uJTJGLi4lMkZhcHAlMkZ1cGxvYWRzJTJGMjAxNiUyRjA1JTJGZGlzY291bnQtc2hpcHBpbmctaGVhZGVyLWltYWdlLnBuZyUyMiUyMCUyRiUzRSUwQSUzQyUyRmRpdiUzRSUwQSUwQSUzQ2RpdiUyMGNsYXNzJTNEJTIyaGVhZGVyLWNlbnRlci10ZXh0LWFic29sdXRlJTIyJTNFJTNDaDElM0VMJUUyJTgwJTk5RVhQJUMzJTg5RElUSU9OJTIwJUMzJTgwJTIwJTNDZm9udCUyMGNsYXNzJTNEJTIybGF0by1ub3JtYWwlMjIlM0VSQUJBSVMlM0MlMkZmb250JTNFJTNDJTJGaDElM0UlM0MlMkZkaXYlM0UlMEElMjAlMjAlMjAlMjAlMEElM0MlMkZkaXYlM0U=[\/vc_raw_html][\/vc_column][\/vc_row][vc_row el_class=&#8221;.dsp-r1&#8243;][vc_column width=&#8221;1\/4&#8243; el_class=&#8221;.dsp-r1-c1&#8243;][vc_column_text] Comment l\u2019exp\u00e9dition \u00e0 rabais avec FlagShip peut vous faire \u00e9conomiser temps et argent ! [\/vc_column_text][\/vc_column][vc_column width=&#8221;5\/12&#8243; el_class=&#8221;.dsp-r1-c2&#8243;][vc_column_text el_class=&#8221;.lato-light&#8221;]Lorsque vous n\u2019exp\u00e9diez pas tr\u00e8s souvent, il peut \u00eatre difficile de&#8230;<\/p>\n","protected":false},"author":5,"featured_media":0,"parent":0,"menu_order":0,"comment_status":"closed","ping_status":"closed","template":"","meta":{"footnotes":""},"class_list":["post-2296","page","type-page","status-publish","hentry"],"_links":{"self":[{"href":"https:\/\/www.flagshipcompany.com\/fr\/wp-json\/wp\/v2\/pages\/2296","targetHints":{"allow":["GET"]}}],"collection":[{"href":"https:\/\/www.flagshipcompany.com\/fr\/wp-json\/wp\/v2\/pages"}],"about":[{"href":"https:\/\/www.flagshipcompany.com\/fr\/wp-json\/wp\/v2\/types\/page"}],"author":[{"embeddable":true,"href":"https:\/\/www.flagshipcompany.com\/fr\/wp-json\/wp\/v2\/users\/5"}],"replies":[{"embeddable":true,"href":"https:\/\/www.flagshipcompany.com\/fr\/wp-json\/wp\/v2\/comments?post=2296"}],"version-history":[{"count":20,"href":"https:\/\/www.flagshipcompany.com\/fr\/wp-json\/wp\/v2\/pages\/2296\/revisions"}],"predecessor-version":[{"id":12837,"href":"https:\/\/www.flagshipcompany.com\/fr\/wp-json\/wp\/v2\/pages\/2296\/revisions\/12837"}],"wp:attachment":[{"href":"https:\/\/www.flagshipcompany.com\/fr\/wp-json\/wp\/v2\/media?parent=2296"}],"curies":[{"name":"wp","href":"https:\/\/api.w.org\/{rel}","templated":true}]}}