{"id":2305,"date":"2016-05-14T11:25:56","date_gmt":"2016-05-14T11:25:56","guid":{"rendered":"http:\/\/localhost\/flagshipcompany\/fr\/?page_id=2305"},"modified":"2025-10-23T22:59:44","modified_gmt":"2025-10-24T02:59:44","slug":"notre-systeme-dexpedition-en-ligne","status":"publish","type":"page","link":"https:\/\/www.flagshipcompany.com\/fr\/notre-systeme-dexpedition-en-ligne\/","title":{"rendered":"Notre syst\u00e8me d\u2019exp\u00e9dition en ligne"},"content":{"rendered":"<div class=\"wpb-content-wrapper\"><p>[vc_row full_width=&#8221;stretch_row_content_no_spaces&#8221;][vc_column][vc_raw_html]JTNDZGl2JTIwY2xhc3MlM0QlMjJoZWFkZXItYm94LXJlbGF0aXZlJTIyJTNFJTBBJTBBJTNDZGl2JTIwY2xhc3MlM0QlMjJoZWFkZXItYm94LWJrZyUyMiUyMCUzRSUwQSUzQ2ltZyUyMHNyYyUzRCUyMi4uJTJGLi4lMkZhcHAlMkZ1cGxvYWRzJTJGMjAxNiUyRjA1JTJGb25saW5lLXNoaXBwaW5nLXN5c3RlbS1oZWFkZXItaW1hZ2UtMS5wbmclMjIlMjAlMkYlM0UlMEElM0MlMkZkaXYlM0UlMEElMEElM0NkaXYlMjBjbGFzcyUzRCUyMmhlYWRlci1jZW50ZXItdGV4dC1hYnNvbHV0ZTIlMjIlM0UlM0NkaXYlMjBjbGFzcyUzRCUyMmhlYWRlci1jZW50ZXItdGV4dC1hYnNvbHV0ZTItaW5uZXIlMjIlM0UlM0NoMSUzRVNZU1QlQzMlODhNRSUyMCUzQ2ZvbnQlMjBjbGFzcyUzRCUyMmxhdG8tbm9ybWFsJTIyJTNFRCVFMiU4MCU5OUVYUCVDMyU4OURJVElPTiUyMEVOJTIwTElHTkUlM0MlMkZmb250JTNFJTNDJTJGaDElM0UlM0MlMkZkaXYlM0UlM0MlMkZkaXYlM0UlMEElMjAlMjAlMjAlMjAlMEElM0MlMkZkaXYlM0U=[\/vc_raw_html][\/vc_column][\/vc_row][vc_row full_width=&#8221;stretch_row&#8221; el_class=&#8221;.oossv2-r1&#8243; css=&#8221;.vc_custom_1464021983884{background-color: #f6f7f9 !important;}&#8221;][vc_column el_class=&#8221;.ooss-r1-c1&#8243;][vc_column_text]<\/p>\n<div class=\"oossv2-r1-title\" style=\"font-size: 25px !important;\"><b>UN ENDROIT O\u00d9 COMPARER LES TARIFS, EXP\u00c9DIER ET \u00c9CONOMISER \u2026 FACILE !<\/b><\/div>\n<p>[\/vc_column_text][\/vc_column][\/vc_row][vc_row full_width=&#8221;stretch_row&#8221; el_class=&#8221;.oossv2-r2&#8243; css=&#8221;.vc_custom_1464022001037{background-color: #f6f7f9 !important;}&#8221;][vc_column width=&#8221;1\/2&#8243; el_class=&#8221;.oossv2-r2-c1&#8243;][stm_video_popup img_size=&#8221;full&#8221; image=&#8221;2607&#8243; video=&#8221;https:\/\/www.youtube.com\/embed\/j5B_y_Jj4Yw?si=YgcwByy3OJEaOLf7&#8243;][\/vc_column][vc_column width=&#8221;1\/2&#8243; el_class=&#8221;.oossv2-r2-c2&#8243;][vc_column_text el_class=&#8221;.ooss-r1-c2-b1&#8243;]En quoi le syst\u00e8me d\u2019exp\u00e9dition en ligne de FlagShip est-il diff\u00e9rent des autres solutions d\u2019exp\u00e9dition ? C\u2019est simple. Avec FlagShip, vous pouvez calculer et voir les services et tarifs d\u2019exp\u00e9dition des principales entreprises de messagerie, comme Purolator, UPS, FedEx, DHL, Canpar et GLS \u00e0 un seul endroit et sur un seul \u00e9cran. Lorsque vous avez g\u00e9n\u00e9r\u00e9 ces soumissions d\u2019exp\u00e9dition, vous pouvez les examiner, les comparer et choisir l\u2019option qui vous convient. C\u2019est facile.[\/vc_column_text][vc_column_text el_class=&#8221;.oossv2-r2-c2-title&#8221;]VOUS VOULEZ VOIR COMMENT CELA FONCTIONNE ?[\/vc_column_text][vc_raw_html el_class=&#8221;.oossv2-r2-c2-button&#8221;]JTNDYSUyMGNsYXNzJTNEJTIyb29zcy1idG4tYSUyMiUyMGhyZWYlM0QlMjIuLiUyRmV4cGVkaWVyLWF2ZWMtZmxhZ3NoaXAlMkYlMjIlM0UlMEElM0NzcGFuJTIwY2xhc3MlM0QlMjJvb3NzLWJ0biUyMiUzRUNMSVFVRVolMjBJQ0klMjAlMjElM0MlMkZzcGFuJTNFJTBBJTNDJTJGYSUzRQ==[\/vc_raw_html][\/vc_column][\/vc_row][vc_row el_class=&#8221;.oossv2-r3&#8243;][vc_column width=&#8221;1\/2&#8243; el_class=&#8221;.oossv2-r3-c1&#8243;][vc_column_text]<span class=\"lato-normal uppercase-all title-blue\">MAIS NOUS SOMMES BIEN PLUS QU\u2019UN CALCULATEUR DE TARIFS !<\/span><\/p>\n<p>Apr\u00e8s avoir utilis\u00e9 le syst\u00e8me d\u2019exp\u00e9dition en ligne de FlagShip pour obtenir des soumissions d\u2019exp\u00e9dition, comparer les tarifs et choisir l\u2019option que vous souhaitez, vous pouvez r\u00e9server le service et l\u2019entreprise de messagerie de votre choix, au m\u00eame endroit et sans d\u00e9lai. Il n\u2019y a rien de plus facile ![\/vc_column_text][\/vc_column][vc_column width=&#8221;1\/2&#8243; el_class=&#8221;.oossv2-r3-c2&#8243;][vc_row_inner el_class=&#8221;.oossv2-r3-c2-icon-wrapper&#8221;][vc_column_inner el_class=&#8221;.oossv2-r2-c2-img&#8221; width=&#8221;1\/4&#8243;][vc_single_image image=&#8221;2610&#8243; img_size=&#8221;full&#8221;][\/vc_column_inner][vc_column_inner width=&#8221;3\/4&#8243;][vc_column_text]<\/p>\n<div class=\"oossv2-r3-c2-icon-info-box-title\">Sauvez du temps<\/div>\n<ul>\n<li>Facile d\u2019utilisation<\/li>\n<li>Compare instantan\u00e9ment les tarifs et services des compagnies demessagerie<\/li>\n<li>Soumission rapide de prix<\/li>\n<\/ul>\n<p>[\/vc_column_text][\/vc_column_inner][\/vc_row_inner][vc_row_inner el_class=&#8221;.oossv2-r3-c2-icon-wrapper&#8221;][vc_column_inner el_class=&#8221;.oossv2-r2-c2-img&#8221; width=&#8221;1\/4&#8243;][vc_single_image image=&#8221;2612&#8243; img_size=&#8221;full&#8221;][\/vc_column_inner][vc_column_inner width=&#8221;3\/4&#8243;][vc_column_text]<\/p>\n<div class=\"oossv2-r3-c2-icon-info-box-title\">\u00c9pargnez<\/div>\n<ul>\n<li>Magasinez pour le meilleur tarif et service<\/li>\n<li>Tarifs exclusifs d\u2019exp\u00e9dition escompt\u00e9s<\/li>\n<li>\u00c9pargnez gr\u00e2ce au ramassage sans frais<\/li>\n<\/ul>\n<p>[\/vc_column_text][\/vc_column_inner][\/vc_row_inner][vc_row_inner el_class=&#8221;.oossv2-r3-c2-icon-wrapper&#8221;][vc_column_inner el_class=&#8221;.oossv2-r2-c2-img&#8221; width=&#8221;1\/4&#8243;][vc_single_image image=&#8221;2614&#8243; img_size=&#8221;full&#8221;][\/vc_column_inner][vc_column_inner width=&#8221;3\/4&#8243;][vc_column_text]<\/p>\n<div class=\"oossv2-r3-c2-icon-info-box-title\">Profitez de valeurs ajout\u00e9es<\/div>\n<ul>\n<li>Une seule facture consolid\u00e9e pour tous vos envois<\/li>\n<li>Int\u00e9gration e-Commerce<\/li>\n<li>Une \u00e9quipe dynamique au service \u00e0 la client\u00e8le, m\u00eame apr\u00e8s les heures d\u2019ouverture<\/li>\n<\/ul>\n<p>[\/vc_column_text][\/vc_column_inner][\/vc_row_inner][\/vc_column][\/vc_row][vc_row full_width=&#8221;stretch_row&#8221; el_class=&#8221;.oossv2-r4&#8243; css=&#8221;.vc_custom_1464028835652{background-color: #f6f5f4 !important;}&#8221;][vc_column width=&#8221;1\/2&#8243; el_class=&#8221;.oossv2-r4-c1&#8243;][vc_single_image image=&#8221;16087&#8243; img_size=&#8221;full&#8221;][\/vc_column][vc_column width=&#8221;1\/2&#8243; el_class=&#8221;.oossv2-r4-c2&#8243;][vc_column_text]<span class=\"lato-normal uppercase-all title-blue\">Plus de fonctions pour vous aider \u00e0 g\u00e9rer toutes vos activit\u00e9s d\u2019exp\u00e9dition<\/span><\/p>\n<p>Chez FlagShip, notre objectif est de faciliter votre exp\u00e9dition afin que vous puissiez retourner \u00e0 vos activit\u00e9s. Notre syst\u00e8me fonctionne enti\u00e8rement en ligne; vous n\u2019avez pas \u00e0 t\u00e9l\u00e9charger ou \u00e0 installer de logiciel sp\u00e9cial pour profiter de notre service s\u00e9curis\u00e9. Tout ce dont vous avez besoin est d\u2019une connexion Internet.<br \/>\nDe plus, avec notre syst\u00e8me, vous pouvez :<\/p>\n<ul>\n<li>Conserver les informations importantes concernant vos envois pour une utilisation ult\u00e9rieure plus rapide et plus facile.<\/li>\n<li>Planifier les ramassages.<\/li>\n<li>Visualiser tous les d\u00e9lais de livraison disponibles, en toute facilit\u00e9.<\/li>\n<li>Cr\u00e9er automatiquement des \u00e9tiquettes d\u2019exp\u00e9dition conformes pour chaque envoi \u2013 plus besoin de bordereau manuscrit !<\/li>\n<li>Voir l\u2019information de suivi de vos envois en temps r\u00e9el.<\/li>\n<\/ul>\n<p>[\/vc_column_text][\/vc_column][\/vc_row][vc_row el_class=&#8221;.oossv2-r5&#8243;][vc_column width=&#8221;1\/2&#8243; el_class=&#8221;.oossv2-r5-c1&#8243;][vc_column_text]<span class=\"lato-normal uppercase-all title-blue\">Choisissez FlagShip pour profiter d\u2019\u00e9conomies et d\u2019une exp\u00e9dition plus facile !<\/span><\/p>\n<p>Il n\u2019est pas facile d\u2019obtenir des rabais de volume lorsque vous \u00eates une petite ou moyenne entreprise. FlagShip travaille en collaboration avec les principales entreprises de messagerie pour n\u00e9gocier de meilleurs tarifs, et nous vous transmettons ensuite ces \u00e9conomies. Notre syst\u00e8me d\u2019exp\u00e9dition en ligne vous donne acc\u00e8s \u00e0 ces tarifs et \u00e0 ces \u00e9conomies \u00e0 un seul endroit afin que vous puissiez r\u00e9aliser vos exp\u00e9ditions plus rapidement et facilement. N\u2019attendez pas \u2013 commencez \u00e0 exp\u00e9dier avec FlagShip d\u00e8s aujourd\u2019hui.[\/vc_column_text][\/vc_column][vc_column width=&#8221;1\/2&#8243; el_class=&#8221;.oossv2-r5-c2&#8243;][vc_single_image image=&#8221;16929&#8243; img_size=&#8221;full&#8221;][\/vc_column][\/vc_row]<\/p>\n<\/div>","protected":false},"excerpt":{"rendered":"<p>[vc_row full_width=&#8221;stretch_row_content_no_spaces&#8221;][vc_column][vc_raw_html]JTNDZGl2JTIwY2xhc3MlM0QlMjJoZWFkZXItYm94LXJlbGF0aXZlJTIyJTNFJTBBJTBBJTNDZGl2JTIwY2xhc3MlM0QlMjJoZWFkZXItYm94LWJrZyUyMiUyMCUzRSUwQSUzQ2ltZyUyMHNyYyUzRCUyMi4uJTJGLi4lMkZhcHAlMkZ1cGxvYWRzJTJGMjAxNiUyRjA1JTJGb25saW5lLXNoaXBwaW5nLXN5c3RlbS1oZWFkZXItaW1hZ2UtMS5wbmclMjIlMjAlMkYlM0UlMEElM0MlMkZkaXYlM0UlMEElMEElM0NkaXYlMjBjbGFzcyUzRCUyMmhlYWRlci1jZW50ZXItdGV4dC1hYnNvbHV0ZTIlMjIlM0UlM0NkaXYlMjBjbGFzcyUzRCUyMmhlYWRlci1jZW50ZXItdGV4dC1hYnNvbHV0ZTItaW5uZXIlMjIlM0UlM0NoMSUzRVNZU1QlQzMlODhNRSUyMCUzQ2ZvbnQlMjBjbGFzcyUzRCUyMmxhdG8tbm9ybWFsJTIyJTNFRCVFMiU4MCU5OUVYUCVDMyU4OURJVElPTiUyMEVOJTIwTElHTkUlM0MlMkZmb250JTNFJTNDJTJGaDElM0UlM0MlMkZkaXYlM0UlM0MlMkZkaXYlM0UlMEElMjAlMjAlMjAlMjAlMEElM0MlMkZkaXYlM0U=[\/vc_raw_html][\/vc_column][\/vc_row][vc_row full_width=&#8221;stretch_row&#8221; el_class=&#8221;.oossv2-r1&#8243; css=&#8221;.vc_custom_1464021983884{background-color: #f6f7f9 !important;}&#8221;][vc_column el_class=&#8221;.ooss-r1-c1&#8243;][vc_column_text] UN ENDROIT O\u00d9 COMPARER LES TARIFS, EXP\u00c9DIER ET \u00c9CONOMISER \u2026 FACILE ! [\/vc_column_text][\/vc_column][\/vc_row][vc_row full_width=&#8221;stretch_row&#8221; el_class=&#8221;.oossv2-r2&#8243; css=&#8221;.vc_custom_1464022001037{background-color: #f6f7f9 !important;}&#8221;][vc_column width=&#8221;1\/2&#8243; el_class=&#8221;.oossv2-r2-c1&#8243;][stm_video_popup img_size=&#8221;full&#8221; image=&#8221;2607&#8243; video=&#8221;https:\/\/www.youtube.com\/embed\/j5B_y_Jj4Yw?si=YgcwByy3OJEaOLf7&#8243;][\/vc_column][vc_column width=&#8221;1\/2&#8243; el_class=&#8221;.oossv2-r2-c2&#8243;][vc_column_text&#8230;<\/p>\n","protected":false},"author":5,"featured_media":0,"parent":0,"menu_order":0,"comment_status":"closed","ping_status":"closed","template":"","meta":{"footnotes":""},"class_list":["post-2305","page","type-page","status-publish","hentry"],"_links":{"self":[{"href":"https:\/\/www.flagshipcompany.com\/fr\/wp-json\/wp\/v2\/pages\/2305","targetHints":{"allow":["GET"]}}],"collection":[{"href":"https:\/\/www.flagshipcompany.com\/fr\/wp-json\/wp\/v2\/pages"}],"about":[{"href":"https:\/\/www.flagshipcompany.com\/fr\/wp-json\/wp\/v2\/types\/page"}],"author":[{"embeddable":true,"href":"https:\/\/www.flagshipcompany.com\/fr\/wp-json\/wp\/v2\/users\/5"}],"replies":[{"embeddable":true,"href":"https:\/\/www.flagshipcompany.com\/fr\/wp-json\/wp\/v2\/comments?post=2305"}],"version-history":[{"count":27,"href":"https:\/\/www.flagshipcompany.com\/fr\/wp-json\/wp\/v2\/pages\/2305\/revisions"}],"predecessor-version":[{"id":22551,"href":"https:\/\/www.flagshipcompany.com\/fr\/wp-json\/wp\/v2\/pages\/2305\/revisions\/22551"}],"wp:attachment":[{"href":"https:\/\/www.flagshipcompany.com\/fr\/wp-json\/wp\/v2\/media?parent=2305"}],"curies":[{"name":"wp","href":"https:\/\/api.w.org\/{rel}","templated":true}]}}