{"id":2342,"date":"2016-05-14T12:35:42","date_gmt":"2016-05-14T12:35:42","guid":{"rendered":"http:\/\/localhost\/flagshipcompany\/fr\/?page_id=2342"},"modified":"2025-04-25T00:54:11","modified_gmt":"2025-04-25T04:54:11","slug":"services-de-fret-ltl-ou-ftl","status":"publish","type":"page","link":"https:\/\/www.flagshipcompany.com\/fr\/services-de-fret-ltl-ou-ftl\/","title":{"rendered":"Services de fret LTL ou FTL"},"content":{"rendered":"<div class=\"wpb-content-wrapper\"><p>[vc_row full_width=&#8221;stretch_row_content_no_spaces&#8221;][vc_column][vc_raw_html]JTNDZGl2JTIwY2xhc3MlM0QlMjJoZWFkZXItYm94LXJlbGF0aXZlJTIyJTNFJTBBJTBBJTNDZGl2JTIwY2xhc3MlM0QlMjJoZWFkZXItYm94LWJrZyUyMiUyMCUzRSUwQSUzQ2ltZyUyMHNyYyUzRCUyMi4uJTJGLi4lMkZhcHAlMkZ1cGxvYWRzJTJGMjAxNiUyRjA1JTJGTFRMLWFuZC1GVEwtZnJlaWdodC1zZXJ2aWNlcy1oZWFkZXItaW1hZ2UucG5nJTIyJTIwJTJGJTNFJTBBJTNDJTJGZGl2JTNFJTBBJTBBJTNDZGl2JTIwY2xhc3MlM0QlMjJoZWFkZXItY2VudGVyLXRleHQtYWJzb2x1dGUlMjIlM0UlM0NoMSUzRVRyYW5zcG9ydCUyMCUzQ2ZvbnQlMjBjbGFzcyUzRCUyMmxhdG8tbm9ybWFsJTIyJTNFcGFyJTIwY2FtaW9uJTNDJTJGZm9udCUzRSUzQyUyRmgxJTNFJTNDJTJGZGl2JTNFJTBBJTIwJTIwJTIwJTIwJTBBJTNDJTJGZGl2JTNF[\/vc_raw_html][\/vc_column][\/vc_row][vc_row el_class=&#8221;.ltl-ftl-r1 .lato-light&#8221;][vc_column width=&#8221;1\/2&#8243; el_class=&#8221;.ltl-ftl-r1-c1&#8243;][vc_column_text]<\/p>\n<h2 style=\"color: #575756 !important;\">Des solutions faciles pour l&#8217;exp\u00e9dition de fret<\/h2>\n<p>Lorsque votre envoi est trop gros pour \u00eatre exp\u00e9di\u00e9 par service de messagerie, les services de fret de FlagShip peuvent organiser des exp\u00e9ditions par palette en chargement partiel (LTL ou less-than-truckload) et en chargement complet (FTL ou Full-truckload)<\/p>\n<p class=\"TranslationPanel_paragraph__D-ucz TranslationPanel_feedback-enabled__3NmpV\">Aucune exp\u00e9dition n&#8217;est trop grosse ou trop petite, et nous couvrons tout le Canada et les \u00c9tats-Unis.<\/p>\n<h4><span class=\"lato-normal\" style=\"color: #00a7e0;\">Nos services de fret comprennent ce qui suit :<\/span><\/h4>\n<ul>\n<li>Envois par train et envois acc\u00e9l\u00e9r\u00e9s par camion<\/li>\n<li>Exp\u00e9dition intra-ville, transfrontali\u00e8re et transfrontali\u00e8re \u00e0 destination et en provenance des \u00c9tats-Unis<\/li>\n<li>Transport outre-mer<\/li>\n<li>Assurance \u00e0 l&#8217;interne offerte \u00e0 des tarifs r\u00e9duits<\/li>\n<li>Plus de 20 000 transporteurs pour les services de fret<\/li>\n<li>Nous pr\u00e9parerons le connaissement et ferons le suivi quotidien de votre exp\u00e9dition jusqu\u2019\u00e0 ce que la livraison soit termin\u00e9e \u2013 une solution compl\u00e8te de services de transport pour votre entreprise.<\/li>\n<li>Effectuez un paiement unique pour toutes vos activit\u00e9s d&#8217;exp\u00e9dition, y compris le courrier et le transport, sur votre facture FlagShip consolid\u00e9e<\/li>\n<li>Les experts en logistique de FlagShip sont toujours \u00e0 port\u00e9e de main. Notre soutien de qualit\u00e9 sup\u00e9rieure vous offrira la tranquillit\u00e9 d&#8217;esprit pour tous vos besoins en mati\u00e8re d&#8217;exp\u00e9dition. <a href=\"mailto:dispatch@flagshipcompany.com\" target=\"_blank\" rel=\"noopener noreferrer\">Communiquez avec notre service de soutien logistique d\u00e8s maintenant<\/a>.<\/li>\n<\/ul>\n<p>[\/vc_column_text][\/vc_column][vc_column width=&#8221;1\/2&#8243; el_class=&#8221;.ltl-ftl-r1-c2&#8243;][vc_single_image image=&#8221;2691&#8243; img_size=&#8221;full&#8221; alignment=&#8221;right&#8221;][vc_column_text]<\/p>\n<h4 class=\"TranslationPanel_paragraph__D-ucz TranslationPanel_feedback-enabled__3NmpV\"><span style=\"color: #00a7e0;\">Obtenez un devis pour votre exp\u00e9dition de chargement partiel<\/span><\/h4>\n<p class=\"TranslationPanel_paragraph__D-ucz TranslationPanel_feedback-enabled__3NmpV\">Vous pouvez envoyer une demande de devis pour une exp\u00e9dition LTL ou FTL avec notre syst\u00e8me d&#8217;exp\u00e9dition en ligne \u2013 il suffit de cliquer <strong>Estimation de Fret<\/strong> dans le menu <strong>Fret et Logistique<\/strong> dans le syst\u00e8me. <strong>Si vous n&#8217;avez pas de <a href=\"https:\/\/www.flagshipcompany.com\/fr\/?page_id=5126\" target=\"_blank\" rel=\"noopener noreferrer\">compte FlagShip, cr\u00e9ez-en un gratuitement, en quelques secondes seulement<\/a><\/strong>.<\/p>\n<p class=\"TranslationPanel_paragraph__D-ucz TranslationPanel_feedback-enabled__3NmpV\">Vous pouvez aussi envoyer un courriel \u00e0 <span style=\"color: #ef855f;\"><a style=\"color: #ef855f;\" href=\"mailto:dispatch@flagshipcompany.com\" target=\"_blank\" rel=\"noopener noreferrer\">dispatch@flagshipcompany.com<\/a><\/span> pour communiquer imm\u00e9diatement avec un expert de la logistique FlagShip.<\/p>\n<p class=\"TranslationPanel_paragraph__D-ucz TranslationPanel_feedback-enabled__3NmpV\"><em>CONSEIL : lorsque vous tenez compte des exp\u00e9ditions LTL, LCL, FTL ou des frais de transport a\u00e9rien, il y a des renseignements extr\u00eamement importants \u00e0 avoir sous la main. <a href=\"https:\/\/www.flagshipcompany.com\/fr\/blog\/small-business-expedition\/quest-ce-qui-est-considere-comme-un-envoi-en-charge-partielle-ltl-923%ef%bb%bf\/\" target=\"_blank\" rel=\"noopener noreferrer\">Consultez notre liste pour vous aider<\/a>.<\/em><\/p>\n<p>[\/vc_column_text][\/vc_column][\/vc_row][vc_row full_width=&#8221;stretch_row&#8221; el_class=&#8221;.ltl-ftl-r2 .lato-light&#8221; css=&#8221;.vc_custom_1461656737022{background-color: #f9fafc !important;}&#8221;][vc_column width=&#8221;1\/2&#8243; el_class=&#8221;.ltl-ftl-r2-c1&#8243;][vc_single_image image=&#8221;9665&#8243; img_size=&#8221;full&#8221; alignment=&#8221;right&#8221;][vc_column_text css=&#8221;.vc_custom_1590501608178{padding-top: 20px !important;padding-right: 20px !important;padding-bottom: 50px !important;padding-left: 20px !important;background-color: #00a7e0 !important;border-radius: 10px !important;}&#8221;]<\/p>\n<h5 style=\"color: #ffffff; font-weight: bold;\">Vous voulez en savoir plus sur les services de fret? Nous avons des blogues qui peuvent \u00eatre utiles!<\/h5>\n<ul style=\"font-weight: 400;\">\n<li data-leveltext=\"-\" data-font=\"Lato\" data-listid=\"2\" data-aria-posinset=\"0\" data-aria-level=\"1\"><span style=\"color: #ffffff;\"><a style=\"color: #ffffff;\" href=\"https:\/\/www.flagshipcompany.com\/fr\/blog\/small-business-expedition\/comment-emballer-votre-palette-pour-votre-expedition-de-fret\/\" target=\"_blank\" rel=\"noopener noreferrer\">Regardez comment emballer une palette sous film plastique!<\/a><\/span><\/li>\n<li data-leveltext=\"-\" data-font=\"Lato\" data-listid=\"2\" data-aria-posinset=\"0\" data-aria-level=\"1\"><span style=\"color: #ffffff;\"><a style=\"color: #ffffff;\" href=\"https:\/\/www.flagshipcompany.com\/fr\/blog\/conseils-dexpedition\/blogue-de-mai-quest-ce-que-lexpedition-en-ltl-et-en-tl-838\/\">Lisez la diff\u00e9rence entre LTL (chargement complet), FTL (chargement partiel), LCL (moins de chargement par conteneur) et FCL (chargement complet).<\/a><\/span><\/li>\n<\/ul>\n<p>[\/vc_column_text][vc_column_text]<\/p>\n<h2><span style=\"color: #ef855f;\">Communiquez avec nous pour obtenir de plus amples renseignements sur nos services de transport par camion!<\/span><\/h2>\n<p>[\/vc_column_text]<div class=\"wpforms-container wpforms-container-full\" id=\"wpforms-12816\"><form id=\"wpforms-form-12816\" class=\"wpforms-validate wpforms-form\" data-formid=\"12816\" method=\"post\" enctype=\"multipart\/form-data\" action=\"\/fr\/wp-json\/wp\/v2\/pages\/2342\" data-token=\"a1ef950fa506bfc4276ad84472dcc986\" data-token-time=\"1776161944\"><noscript class=\"wpforms-error-noscript\">Please enable JavaScript in your browser to complete this form.<\/noscript><div class=\"wpforms-field-container\"><div id=\"wpforms-12816-field_1-container\" class=\"wpforms-field wpforms-field-email\" data-field-id=\"1\"><label class=\"wpforms-field-label wpforms-label-hide\" for=\"wpforms-12816-field_1\">Courriel <span class=\"wpforms-required-label\">*<\/span><\/label><input type=\"email\" id=\"wpforms-12816-field_1\" class=\"wpforms-field-medium wpforms-field-required\" name=\"wpforms[fields][1]\" placeholder=\"Entrez votre courriel\" spellcheck=\"false\" required><\/div><\/div><!-- .wpforms-field-container --><div class=\"wpforms-submit-container\" ><input type=\"hidden\" name=\"wpforms[id]\" value=\"12816\"><input type=\"hidden\" name=\"page_title\" value=\"\"><input type=\"hidden\" name=\"page_url\" value=\"https:\/\/www.flagshipcompany.com\/fr\/wp-json\/wp\/v2\/pages\/2342\"><button type=\"submit\" name=\"wpforms[submit]\" id=\"wpforms-submit-12816\" class=\"wpforms-submit\" data-alt-text=\"Envoi...\" data-submit-text=\"En Savoir Plus\" aria-live=\"assertive\" value=\"wpforms-submit\">En Savoir Plus<\/button><\/div><\/form><\/div>  <!-- .wpforms-container -->[\/vc_column][vc_column width=&#8221;1\/2&#8243; el_class=&#8221;.ltl-ftl-r2-c2&#8243;][vc_column_text]<\/p>\n<h4 style=\"color: #575756 !important;\"><span style=\"color: #00a7e0;\">FAQ sur la logistique et le service de transport par camion<\/span><\/h4>\n<p><strong>Que signifie la logistique?<\/strong> <strong>Est-il diff\u00e9rent de la LTL?<\/strong><\/p>\n<p>La logistique fait r\u00e9f\u00e9rence \u00e0 la gestion globale de la cha\u00eene d&#8217;approvisionnement. Tout, du fabricant au destinataire final, ce qui comprend l&#8217;entreposage, le camionnage, le transport ferroviaire, l&#8217;air, l&#8217;oc\u00e9an, le ramassage et l&#8217;emballage. Oui, la logistique est diff\u00e9rente de celle des chargements partiels. Le chargement partiel fait r\u00e9f\u00e9rence \u00e0 la taille de l&#8217;envoi (moins d&#8217;un chargement complet).<\/p>\n<p><strong>Est-ce que FlagShip exp\u00e9die \u00e0 des endroits autres que le Canada? <\/strong><\/p>\n<p>Oui. FlagShip est un revendeur tiers; nous pouvons exp\u00e9dier n&#8217;importe o\u00f9 dans le monde.<\/p>\n<p><strong>Mon compte UPS peut-il \u00eatre utilis\u00e9 pour le <b class=\"b3\">d\u00e9douanement<\/b> d&#8217;une exp\u00e9dition sur palette?<\/strong> Non, votre compte UPS ne peut pas \u00eatre utilis\u00e9 pour le d\u00e9douanement pour une exp\u00e9dition sur palette, car la majorit\u00e9 des comptes configur\u00e9s avec UPS pour le d\u00e9douanement sont dans leurs petits envois. Si vous exp\u00e9diez des palettes ou si quelque chose est trop gros pour \u00eatre exp\u00e9di\u00e9 par service de messagerie, vous devrez faire appel \u00e0 votre propre courtier en douane.<\/p>\n<p><strong>Pourquoi devrais-je utiliser FlagShip alors que je pourrais aller directement \u00e0 un fournisseur de services? <\/strong><\/p>\n<p>La principale raison est que FlagShip est votre solution tout-en-un. En ce qui concerne les exp\u00e9ditions de marchandises, il y a beaucoup \u00e0 prendre en consid\u00e9ration. La bonne nouvelle est que nous faisons le connaissement pour vous, nous faisons le suivi pour les exp\u00e9ditions, et surtout, en cas de probl\u00e8me, nous le traitons pour vous. En tant que propri\u00e9taire d&#8217;entreprise, vous obtenez un partenaire comp\u00e9tent qui vous aide \u00e0 rationaliser votre cha\u00eene d&#8217;approvisionnement et \u00e0 r\u00e9pondre \u00e0 la demande de vos clients.<\/p>\n<p><strong>Que sont les frais accessoires?<\/strong><\/p>\n<p>Les frais accessoires sont des frais ajout\u00e9s \u00e0 un co\u00fbt de transport pour tout service suppl\u00e9mentaire fourni par un transporteur afin d&#8217;effectuer une livraison ou un ramassage standard. Ils se produisent g\u00e9n\u00e9ralement avec les exp\u00e9ditions de LTL et nous nous assurons toujours d&#8217;inclure ces frais pendant le processus de soumission lorsque nous en sommes inform\u00e9s. <a href=\"https:\/\/www.flagshipcompany.com\/fr\/blog\/small-business-expedition\/que-sont-les-frais-accessoires-ltl\/\" target=\"_blank\" rel=\"noopener noreferrer\">Lisez notre blogue sur les frais accessoires les plus courants<\/a>.[\/vc_column_text][\/vc_column][\/vc_row][vc_row][vc_column][vc_column_text]<\/p>\n<h5>POUR OBTENIR DE PLUS AMPLES RENSEIGNEMENTS ET DES DEVIS SUR LES SERVICES DE TRANSPORT PAR CHARGEMENT PARTIEL OU PAR CHARGEMENT COMPLET, VEUILLEZ COMMUNIQUER AVEC L&#8217;UN DE NOS REPR\u00c9SENTANTS DU SERVICE \u00c0 LA CLIENT\u00c8LE AU <a href=\"tel:1-866-320-8383\" target=\"_blank\" rel=\"noopener noreferrer\">1-866-320-8383<\/a> OU ENVOYEZ UN COURRIEL \u00c0 <a href=\"mailto:DISPATCH@FLAGSHIPCOMPANY.COM\" target=\"_blank\" rel=\"noopener noreferrer\">DISPATCH@FLAGSHIPCOMPANY.COM<\/a>.<\/h5>\n<p>[\/vc_column_text][\/vc_column][\/vc_row]<\/p>\n<\/div>","protected":false},"excerpt":{"rendered":"<p>[vc_row full_width=&#8221;stretch_row_content_no_spaces&#8221;][vc_column][vc_raw_html]JTNDZGl2JTIwY2xhc3MlM0QlMjJoZWFkZXItYm94LXJlbGF0aXZlJTIyJTNFJTBBJTBBJTNDZGl2JTIwY2xhc3MlM0QlMjJoZWFkZXItYm94LWJrZyUyMiUyMCUzRSUwQSUzQ2ltZyUyMHNyYyUzRCUyMi4uJTJGLi4lMkZhcHAlMkZ1cGxvYWRzJTJGMjAxNiUyRjA1JTJGTFRMLWFuZC1GVEwtZnJlaWdodC1zZXJ2aWNlcy1oZWFkZXItaW1hZ2UucG5nJTIyJTIwJTJGJTNFJTBBJTNDJTJGZGl2JTNFJTBBJTBBJTNDZGl2JTIwY2xhc3MlM0QlMjJoZWFkZXItY2VudGVyLXRleHQtYWJzb2x1dGUlMjIlM0UlM0NoMSUzRVRyYW5zcG9ydCUyMCUzQ2ZvbnQlMjBjbGFzcyUzRCUyMmxhdG8tbm9ybWFsJTIyJTNFcGFyJTIwY2FtaW9uJTNDJTJGZm9udCUzRSUzQyUyRmgxJTNFJTNDJTJGZGl2JTNFJTBBJTIwJTIwJTIwJTIwJTBBJTNDJTJGZGl2JTNF[\/vc_raw_html][\/vc_column][\/vc_row][vc_row el_class=&#8221;.ltl-ftl-r1 .lato-light&#8221;][vc_column width=&#8221;1\/2&#8243; el_class=&#8221;.ltl-ftl-r1-c1&#8243;][vc_column_text] Des solutions faciles pour l&#8217;exp\u00e9dition de fret Lorsque votre envoi est trop gros pour \u00eatre exp\u00e9di\u00e9 par service de messagerie, les services de fret de FlagShip peuvent&#8230;<\/p>\n","protected":false},"author":5,"featured_media":0,"parent":0,"menu_order":0,"comment_status":"closed","ping_status":"closed","template":"","meta":{"footnotes":""},"class_list":["post-2342","page","type-page","status-publish","hentry"],"_links":{"self":[{"href":"https:\/\/www.flagshipcompany.com\/fr\/wp-json\/wp\/v2\/pages\/2342","targetHints":{"allow":["GET"]}}],"collection":[{"href":"https:\/\/www.flagshipcompany.com\/fr\/wp-json\/wp\/v2\/pages"}],"about":[{"href":"https:\/\/www.flagshipcompany.com\/fr\/wp-json\/wp\/v2\/types\/page"}],"author":[{"embeddable":true,"href":"https:\/\/www.flagshipcompany.com\/fr\/wp-json\/wp\/v2\/users\/5"}],"replies":[{"embeddable":true,"href":"https:\/\/www.flagshipcompany.com\/fr\/wp-json\/wp\/v2\/comments?post=2342"}],"version-history":[{"count":23,"href":"https:\/\/www.flagshipcompany.com\/fr\/wp-json\/wp\/v2\/pages\/2342\/revisions"}],"predecessor-version":[{"id":21942,"href":"https:\/\/www.flagshipcompany.com\/fr\/wp-json\/wp\/v2\/pages\/2342\/revisions\/21942"}],"wp:attachment":[{"href":"https:\/\/www.flagshipcompany.com\/fr\/wp-json\/wp\/v2\/media?parent=2342"}],"curies":[{"name":"wp","href":"https:\/\/api.w.org\/{rel}","templated":true}]}}