{"id":2348,"date":"2016-05-14T12:43:12","date_gmt":"2016-05-14T12:43:12","guid":{"rendered":"http:\/\/localhost\/flagshipcompany\/fr\/?page_id=2348"},"modified":"2025-01-13T12:42:34","modified_gmt":"2025-01-13T17:42:34","slug":"integration-au-commerce-electronique","status":"publish","type":"page","link":"https:\/\/www.flagshipcompany.com\/fr\/integration-au-commerce-electronique\/","title":{"rendered":"Int\u00e9gration au commerce \u00e9lectronique"},"content":{"rendered":"<div class=\"wpb-content-wrapper\"><p>[vc_row full_width=&#8221;stretch_row_content_no_spaces&#8221;][vc_column][vc_raw_html]JTNDZGl2JTIwY2xhc3MlM0QlMjJoZWFkZXItYm94LXJlbGF0aXZlJTIyJTNFJTBBJTBBJTNDZGl2JTIwY2xhc3MlM0QlMjJoZWFkZXItYm94LWJrZyUyMiUyMCUzRSUwQSUzQ2ltZyUyMHNyYyUzRCUyMi4uJTJGLi4lMkZhcHAlMkZ1cGxvYWRzJTJGMjAxNiUyRjA1JTJGZS1jb21tZXJjZS1pbnRlZ3JhdGlvbi1oZWFkZXItaW1hZ2UucG5nJTIyJTIwJTJGJTNFJTBBJTNDJTJGZGl2JTNFJTBBJTBBJTNDZGl2JTIwY2xhc3MlM0QlMjJoZWFkZXItY2VudGVyLXRleHQtYWJzb2x1dGUyJTIyJTNFJTNDZGl2JTIwY2xhc3MlM0QlMjJoZWFkZXItY2VudGVyLXRleHQtYWJzb2x1dGUyLWlubmVyJTIyJTNFJTNDaDElM0VJbnQlQzMlQTlncmF0aW9uJTIwJTNDZm9udCUyMGNsYXNzJTNEJTIybGF0by1ub3JtYWwlMjIlM0VhdSUyMGNvbW1lcmNlJTIwJUMzJUE5bGVjdHJvbmlxdWUlM0MlMkZmb250JTNFJTNDJTJGaDElM0UlM0MlMkZkaXYlM0UlM0MlMkZkaXYlM0UlMEElMjAlMjAlMjAlMjAlMEElM0MlMkZkaXYlM0U=[\/vc_raw_html][\/vc_column][\/vc_row][vc_row el_class=&#8221; .eip-r1&#8243;][vc_column width=&#8221;1\/4&#8243; el_class=&#8221;.eip-r1-c1&#8243;][vc_column_text]<\/p>\n<h2 style=\"color: #58595b !important;\">FlagShip peut se connecter directement \u00e0 votre boutique en ligne<\/h2>\n<p>[\/vc_column_text][\/vc_column][vc_column width=&#8221;5\/12&#8243; el_class=&#8221;.eip-r1-c2 .lato-light&#8221;][vc_column_text]Chaque jour, des milliers de transactions sont r\u00e9alis\u00e9es en ligne. Votre boutique en ligne est une partie importante de votre entreprise et vous souhaitez faciliter et simplifier autant que possible l\u2019exp\u00e9rience de vos clients.<\/p>\n<p>Chez FlagShip, nous voulons \u00e9galement que tout soit facile pour vous ! Nous avons donc mis au point deux solutions emballantes pour vous aider \u00e0 exp\u00e9dier des colis \u00e0 vos clients ainsi qu\u2019\u00e0 \u00e9conomiser depuis votre boutique en ligne.[\/vc_column_text][\/vc_column][vc_column width=&#8221;1\/3&#8243; el_class=&#8221;.eip-r1-c3&#8243;][vc_single_image image=&#8221;2687&#8243; img_size=&#8221;full&#8221; alignment=&#8221;center&#8221;][\/vc_column][\/vc_row][vc_row full_width=&#8221;stretch_row&#8221; css=&#8221;.vc_custom_1462695407433{background-color: #f6f7f9 !important;}&#8221; el_class=&#8221;.eip-r2&#8243;][vc_column width=&#8221;1\/2&#8243; el_class=&#8221;.eip-r2-c1 .lato-light&#8221;][vc_column_text]<\/p>\n<h2 style=\"color: #58595b !important;\">API de FlagShip : Personnalisez les options d\u2019exp\u00e9dition de votre boutique en ligne<\/h2>\n<p>L\u2019API de FlagShip am\u00e8ne l\u2019int\u00e9gration dans votre boutique en ligne \u00e0 un autre niveau. Il permet une personnalisation compl\u00e8te de la fonction d\u2019exp\u00e9dition de votre boutique en ligne, tout en vous connectant directement au syst\u00e8me d\u2019exp\u00e9dition en ligne de FlagShip pour ainsi vous faire b\u00e9n\u00e9ficier d\u2019un traitement et d\u2019op\u00e9rations sans tracas.<\/p>\n<p>Vous choisissez les options que vous souhaitez offrir et vous les int\u00e9grez dans votre boutique. Avec l\u2019aide de votre programmeur, vous pouvez cr\u00e9er votre processus d\u2019exp\u00e9dition pour :<\/p>\n<ul>\n<li>Offrir des tarifs d\u2019exp\u00e9dition en temps r\u00e9el, pour une plus grande pr\u00e9cision et un meilleur contr\u00f4le des co\u00fbts.<\/li>\n<li>Personnaliser les options que vous offrez \u00e0 vos clients, y compris les tarifs, les services et les entreprises de messagerie.<\/li>\n<li>Confirmer et exp\u00e9dier des envois \u00e0 partir de votre boutique.<\/li>\n<li>G\u00e9n\u00e9rer des documents d\u2019exp\u00e9dition.<\/li>\n<li>Et bien plus.<\/li>\n<\/ul>\n<p>[\/vc_column_text][\/vc_column][vc_column width=&#8221;1\/2&#8243; el_class=&#8221;.eip-r2-c2 .lato-light&#8221;][vc_single_image image=&#8221;2689&#8243; img_size=&#8221;full&#8221;][vc_column_text]L\u2019API de FlagShip est modulaire; vous pouvez donc ajouter uniquement les fonctions que vous voulez&#8230; ou ajouter l\u2019API au complet. \u00c0 vous de d\u00e9cider. Il est maintenant le temps d\u2019amener l\u2019exp\u00e9dition de votre boutique en ligne \u00e0 un autre niveau.<\/p>\n<div class=\"eip-btn1\"><a href=\"https:\/\/docs.smartship.io\" rel=\"nofollow noopener\" target=\"_blank\">Obtenez la documentation sur l\u2019API<\/a><\/div>\n<p>[\/vc_column_text][\/vc_column][\/vc_row][vc_row el_class=&#8221;.eip-r3&#8243;][vc_column width=&#8221;1\/3&#8243; el_class=&#8221;.eip-r3-c1 .lato-light&#8221;][vc_column_text]<\/p>\n<h2 style=\"color: #58595b !important;\">FlagShip pour Shopify<\/h2>\n<p>Si vous avez une boutique en ligne avec Shopify, l\u2019appli tout-en-un de FlagShip est faite pour vous. Elle connecte votre boutique directement au syst\u00e8me d\u2019exp\u00e9dition en ligne de FlagShip pour vous permettre de r\u00e9aliser ce qui suit :[\/vc_column_text][\/vc_column][vc_column width=&#8221;1\/6&#8243; el_class=&#8221;.eip-r3-c2 .lato-light&#8221;][vc_single_image image=&#8221;1984&#8243; img_size=&#8221;full&#8221; alignment=&#8221;center&#8221; el_class=&#8221;.eip-r3-icon-img&#8221;][vc_column_text]T\u00e9l\u00e9charger des donn\u00e9es automatiquement de votre boutique en ligne.[\/vc_column_text][\/vc_column][vc_column width=&#8221;1\/6&#8243; el_class=&#8221;.eip-r3-c3 .lato-light&#8221;][vc_single_image image=&#8221;1986&#8243; img_size=&#8221;full&#8221; alignment=&#8221;center&#8221; el_class=&#8221;.eip-r3-icon-img&#8221;][vc_column_text]Imprimer des \u00e9tiquettes et g\u00e9rer les ramassages depuis l\u2019appli.[\/vc_column_text][\/vc_column][vc_column width=&#8221;1\/6&#8243; el_class=&#8221;.eip-r3-c4 .lato-light&#8221;][vc_single_image image=&#8221;1988&#8243; img_size=&#8221;full&#8221; alignment=&#8221;center&#8221; el_class=&#8221;.eip-r3-icon-img&#8221;][vc_column_text]Personnaliser les entreprises de messagerie, les services et les tarifs que vous offrez \u00e0 vos clients, directement \u00e0 la caisse de sortie. De plus, vous pouvez proposer des tarifs de messagerie en temps r\u00e9el ou \u00e9tablir des tarifs fixes.[\/vc_column_text][\/vc_column][vc_column width=&#8221;1\/6&#8243; el_class=&#8221;.eip-r3-c5 .lato-light&#8221;][vc_single_image image=&#8221;1990&#8243; img_size=&#8221;full&#8221; alignment=&#8221;center&#8221; el_class=&#8221;.eip-r3-icon-img&#8221;][vc_column_text]Traiter facilement les envois \u00e0 partir de votre boutique en ligne \u2013 \u00e9liminant du coup les \u00e9tapes distinctes.[\/vc_column_text][\/vc_column][\/vc_row][vc_row el_class=&#8221;.eip-r4 .lato-light&#8221;][vc_column][vc_column_text]<\/p>\n<div class=\"eip-r4-text1\">\n<p>Avec l\u2019appli de FlagShip, vous offrez des options d\u2019exp\u00e9dition professionnelles, fiables et abordables \u00e0 vos clients&#8230; et cela vous permet de faire bonne impression ! Les clients reviendront pour b\u00e9n\u00e9ficier d\u2019une autre exp\u00e9rience de magasinage positive. Et vous \u00e9conomiserez temps et argent dans le processus.<\/p>\n<\/div>\n<div class=\"eip-r4-text2\">\n<p>Offrez une exp\u00e9dition \u00e0 rabais dans votre boutique en ligne plus rapidement et plus facilement. Installez l\u2019appli tout-en-un GRATUITE.<\/p>\n<\/div>\n<div class=\"eip-r4-button\">\n<div class=\"eip-btn2\"><a href=\"https:\/\/apps.shopify.com\/flagship-for-shopify\" target=\"_blank\" rel=\"noopener nofollow\">SHOPIFY : Installez l\u2019appli maintenant<\/a><\/div>\n<div class=\"eip-btn2\"><\/div>\n<\/div>\n<p>[\/vc_column_text][\/vc_column][\/vc_row]<\/p>\n<\/div>","protected":false},"excerpt":{"rendered":"<p>[vc_row full_width=&#8221;stretch_row_content_no_spaces&#8221;][vc_column][vc_raw_html]JTNDZGl2JTIwY2xhc3MlM0QlMjJoZWFkZXItYm94LXJlbGF0aXZlJTIyJTNFJTBBJTBBJTNDZGl2JTIwY2xhc3MlM0QlMjJoZWFkZXItYm94LWJrZyUyMiUyMCUzRSUwQSUzQ2ltZyUyMHNyYyUzRCUyMi4uJTJGLi4lMkZhcHAlMkZ1cGxvYWRzJTJGMjAxNiUyRjA1JTJGZS1jb21tZXJjZS1pbnRlZ3JhdGlvbi1oZWFkZXItaW1hZ2UucG5nJTIyJTIwJTJGJTNFJTBBJTNDJTJGZGl2JTNFJTBBJTBBJTNDZGl2JTIwY2xhc3MlM0QlMjJoZWFkZXItY2VudGVyLXRleHQtYWJzb2x1dGUyJTIyJTNFJTNDZGl2JTIwY2xhc3MlM0QlMjJoZWFkZXItY2VudGVyLXRleHQtYWJzb2x1dGUyLWlubmVyJTIyJTNFJTNDaDElM0VJbnQlQzMlQTlncmF0aW9uJTIwJTNDZm9udCUyMGNsYXNzJTNEJTIybGF0by1ub3JtYWwlMjIlM0VhdSUyMGNvbW1lcmNlJTIwJUMzJUE5bGVjdHJvbmlxdWUlM0MlMkZmb250JTNFJTNDJTJGaDElM0UlM0MlMkZkaXYlM0UlM0MlMkZkaXYlM0UlMEElMjAlMjAlMjAlMjAlMEElM0MlMkZkaXYlM0U=[\/vc_raw_html][\/vc_column][\/vc_row][vc_row el_class=&#8221; .eip-r1&#8243;][vc_column width=&#8221;1\/4&#8243; el_class=&#8221;.eip-r1-c1&#8243;][vc_column_text] FlagShip peut se connecter directement \u00e0 votre boutique en ligne [\/vc_column_text][\/vc_column][vc_column width=&#8221;5\/12&#8243; el_class=&#8221;.eip-r1-c2 .lato-light&#8221;][vc_column_text]Chaque jour, des milliers de transactions sont r\u00e9alis\u00e9es en ligne. Votre boutique en ligne&#8230;<\/p>\n","protected":false},"author":5,"featured_media":0,"parent":0,"menu_order":0,"comment_status":"closed","ping_status":"closed","template":"","meta":{"footnotes":""},"class_list":["post-2348","page","type-page","status-publish","hentry"],"_links":{"self":[{"href":"https:\/\/www.flagshipcompany.com\/fr\/wp-json\/wp\/v2\/pages\/2348","targetHints":{"allow":["GET"]}}],"collection":[{"href":"https:\/\/www.flagshipcompany.com\/fr\/wp-json\/wp\/v2\/pages"}],"about":[{"href":"https:\/\/www.flagshipcompany.com\/fr\/wp-json\/wp\/v2\/types\/page"}],"author":[{"embeddable":true,"href":"https:\/\/www.flagshipcompany.com\/fr\/wp-json\/wp\/v2\/users\/5"}],"replies":[{"embeddable":true,"href":"https:\/\/www.flagshipcompany.com\/fr\/wp-json\/wp\/v2\/comments?post=2348"}],"version-history":[{"count":17,"href":"https:\/\/www.flagshipcompany.com\/fr\/wp-json\/wp\/v2\/pages\/2348\/revisions"}],"predecessor-version":[{"id":21626,"href":"https:\/\/www.flagshipcompany.com\/fr\/wp-json\/wp\/v2\/pages\/2348\/revisions\/21626"}],"wp:attachment":[{"href":"https:\/\/www.flagshipcompany.com\/fr\/wp-json\/wp\/v2\/media?parent=2348"}],"curies":[{"name":"wp","href":"https:\/\/api.w.org\/{rel}","templated":true}]}}