{"id":2391,"date":"2025-01-01T13:42:50","date_gmt":"2025-01-01T18:42:50","guid":{"rendered":"http:\/\/localhost\/flagshipcompany\/fr\/?page_id=2391"},"modified":"2026-02-10T10:07:31","modified_gmt":"2026-02-10T15:07:31","slug":"calendrier-des-jours-feries-des-entreprises-de-messagerie","status":"publish","type":"page","link":"https:\/\/www.flagshipcompany.com\/fr\/calendrier-des-jours-feries-des-entreprises-de-messagerie\/","title":{"rendered":"Calendrier des jours f\u00e9ri\u00e9s des entreprises de messagerie"},"content":{"rendered":"<div class=\"wpb-content-wrapper\"><p>[vc_row full_width=&#8221;stretch_row_content_no_spaces&#8221;][vc_column][vc_raw_html]JTNDZGl2JTIwY2xhc3MlM0QlMjJoZWFkZXItYm94LXJlbGF0aXZlJTIyJTNFJTBBJTBBJTNDZGl2JTIwY2xhc3MlM0QlMjJoZWFkZXItYm94LWJrZyUyMiUyMCUzRSUwQSUzQ2ltZyUyMHNyYyUzRCUyMi4uJTJGLi4lMkZhcHAlMkZ1cGxvYWRzJTJGMjAxNiUyRjA1JTJGY291cmllci1ob2xpZGF5LXNjaGVkdWxlLWhlYWRlci1pbWFnZS5wbmclMjIlMjAlMkYlM0UlMEElM0MlMkZkaXYlM0UlMEElMEElM0NkaXYlMjBjbGFzcyUzRCUyMmhlYWRlci1jZW50ZXItdGV4dC1hYnNvbHV0ZSUyMiUzRSUzQ2gxJTNFQ0FMRU5EUklFUiUyMCUzQ2ZvbnQlMjBjbGFzcyUzRCUyMmxhdG8tbm9ybWFsJTIyJTNFREVTJTIwSk9VUlMlMjBGJUMzJTg5UkklQzMlODlTJTNDJTJGZm9udCUzRSUzQyUyRmgxJTNFJTNDJTJGZGl2JTNFJTBBJTIwJTIwJTIwJTIwJTBBJTNDJTJGZGl2JTNF[\/vc_raw_html][\/vc_column][\/vc_row][vc_row el_class=&#8221;.chsp-r1&#8243;][vc_column][vc_column_text css=&#8221;&#8221;]<\/p>\n<h2>CALENDRIER DES JOURS F\u00c9RI\u00c9S 2026<\/h2>\n<p>[\/vc_column_text][\/vc_column][\/vc_row][vc_row el_class=&#8221;.chsp-r2&#8243;][vc_column][vc_column_text]Les calendriers des jours f\u00e9ri\u00e9s ci-dessous s\u2019appliquent \u00e0 tous les services de messagerie \u2013 UPS, Purolator, FedEx, DHL et Canpar \u2013 sauf indication \u00e0 l\u2019effet contraire.[\/vc_column_text][\/vc_column][\/vc_row][vc_row el_class=&#8221;.chsp-r3&#8243;][vc_column width=&#8221;8\/12&#8243; el_class=&#8221;.chsp-r3-c1&#8243;][vc_column_text el_class=&#8221;.chsp-r3-c1-b1&#8243;]<span class=\"lato-normal uppercase-all\">CALENDRIER DES JOURS F\u00c9RI\u00c9S AU CANADA<\/span>[\/vc_column_text][vc_row_inner el_class=&#8221;.chsp-r3-c1-b2&#8243;][vc_column_inner width=&#8221;1\/4&#8243;][vc_column_text css=&#8221;&#8221; el_class=&#8221;.blue-color&#8221;]16 f\u00e9vrier 2026[\/vc_column_text][\/vc_column_inner][vc_column_inner width=&#8221;3\/4&#8243;][vc_column_text]<\/p>\n<p style=\"margin: 0cm; margin-bottom: .0001pt; line-height: 18.0pt; background: white;\"><span class=\"orange-color\"><span lang=\"EN-US\" style=\"font-size: 13.0pt; font-family: 'Lato','sans-serif'; color: #f08360;\">Jour de la Famille <\/span><\/span><span class=\"apple-converted-space\"><span class=\"lato-light\">(Alberta, Saskatchewan, Colombie Britannique, Nova Scotia, Nouveau Brunswick et Ontario)<\/span><\/span><\/p>\n<p>[\/vc_column_text][\/vc_column_inner][\/vc_row_inner][vc_row_inner el_class=&#8221;.chsp-r3-c1-b2&#8243;][vc_column_inner width=&#8221;1\/4&#8243;][vc_column_text css=&#8221;&#8221; el_class=&#8221;.blue-color&#8221;]3 avril, 2026[\/vc_column_text][\/vc_column_inner][vc_column_inner width=&#8221;3\/4&#8243;][vc_column_text]<span class=\"orange-color\">Vendredi saint<\/span> <span class=\"lato-light\">(toutes les provinces)<\/span>[\/vc_column_text][\/vc_column_inner][\/vc_row_inner][vc_row_inner el_class=&#8221;.chsp-r3-c1-b2&#8243;][vc_column_inner width=&#8221;1\/4&#8243;][vc_column_text css=&#8221;&#8221; el_class=&#8221;.blue-color&#8221;]18 mai 2026[\/vc_column_text][\/vc_column_inner][vc_column_inner width=&#8221;3\/4&#8243;][vc_column_text]<span class=\"orange-color\">F\u00eate de Victoria\/Journ\u00e9e nationale des patriotes<\/span> <span class=\"lato-light\">(toutes les provinces)<\/span>[\/vc_column_text][\/vc_column_inner][\/vc_row_inner][vc_row_inner el_class=&#8221;.chsp-r3-c1-b2&#8243;][vc_column_inner width=&#8221;1\/4&#8243;][vc_column_text css=&#8221;&#8221; el_class=&#8221;.blue-color&#8221;]24 juin 2026[\/vc_column_text][\/vc_column_inner][vc_column_inner width=&#8221;3\/4&#8243;][vc_column_text]<span class=\"orange-color\">F\u00eate nationale du Qu\u00e9bec<\/span> <span class=\"lato-light\">(Qu\u00e9bec)<\/span>[\/vc_column_text][\/vc_column_inner][\/vc_row_inner][vc_row_inner el_class=&#8221;.chsp-r3-c1-b2&#8243;][vc_column_inner width=&#8221;1\/4&#8243;][vc_column_text css=&#8221;&#8221; el_class=&#8221;.blue-color&#8221;]1 juillet 2026[\/vc_column_text][\/vc_column_inner][vc_column_inner width=&#8221;3\/4&#8243;][vc_column_text]<span class=\"orange-color\">F\u00eate du Canada<\/span> <span class=\"lato-light\">(toutes les provinces)<\/span>[\/vc_column_text][\/vc_column_inner][\/vc_row_inner][vc_row_inner el_class=&#8221;.chsp-r3-c1-b2&#8243;][vc_column_inner width=&#8221;1\/4&#8243;][vc_column_text css=&#8221;&#8221; el_class=&#8221;.blue-color&#8221;]3\u00a0 ao\u00fbt 2026[\/vc_column_text][\/vc_column_inner][vc_column_inner width=&#8221;3\/4&#8243;][vc_column_text]<span class=\"orange-color\">Cong\u00e9 civique<\/span> <span class=\"lato-light\">(toutes les provinces sauf Qc et T.-N.-L.)<\/span>[\/vc_column_text][\/vc_column_inner][\/vc_row_inner][vc_row_inner el_class=&#8221;.chsp-r3-c1-b2&#8243;][vc_column_inner width=&#8221;1\/4&#8243;][vc_column_text css=&#8221;&#8221; el_class=&#8221;.blue-color&#8221;]7 septembre 2026[\/vc_column_text][\/vc_column_inner][vc_column_inner width=&#8221;3\/4&#8243;][vc_column_text]<span class=\"orange-color\">F\u00eate du Travail<\/span> <span class=\"lato-light\">(toutes les provinces)<\/span>[\/vc_column_text][\/vc_column_inner][\/vc_row_inner][vc_row_inner el_class=&#8221;.chsp-r3-c1-b2&#8243;][vc_column_inner width=&#8221;1\/4&#8243;][vc_column_text css=&#8221;&#8221; el_class=&#8221;.blue-color&#8221;]30 septembre 2026[\/vc_column_text][\/vc_column_inner][vc_column_inner width=&#8221;3\/4&#8243;][vc_column_text]<span class=\"orange-color\"><span class=\"ui-provider xg b c d e f g h i j k l m n o p q r s t u v w x y z ab ac ae af ag ah ai aj ak\" dir=\"ltr\">Journ\u00e9e nationale de la v\u00e9rit\u00e9 et de la r\u00e9conciliation<\/span><\/span> <span class=\"lato-light\">(toutes les provinces)<\/span>[\/vc_column_text][\/vc_column_inner][\/vc_row_inner][vc_row_inner el_class=&#8221;.chsp-r3-c1-b2&#8243;][vc_column_inner width=&#8221;1\/4&#8243;][vc_column_text css=&#8221;&#8221; el_class=&#8221;.blue-color&#8221;]12 octobre 2026[\/vc_column_text][\/vc_column_inner][vc_column_inner width=&#8221;3\/4&#8243;][vc_column_text css=&#8221;&#8221;]<span class=\"ui-provider xg b c d e f g h i j k l m n o p q r s t u v w x y z ab ac ae af ag ah ai aj ak\" dir=\"ltr\">Action de gr\u00e2ce <\/span><span class=\"lato-light\">(toutes les provinces sauf le Nouveau-Brunswick, la Nouvelle-\u00c9cosse et T.-N.-L.)<br \/>\n<\/span>[\/vc_column_text][\/vc_column_inner][\/vc_row_inner][vc_row_inner el_class=&#8221;.chsp-r3-c1-b2&#8243;][vc_column_inner width=&#8221;1\/4&#8243;][vc_column_text css=&#8221;&#8221; el_class=&#8221;.blue-color&#8221;]11 novembre 2026[\/vc_column_text][\/vc_column_inner][vc_column_inner width=&#8221;3\/4&#8243;][vc_column_text]<span class=\"orange-color\">Jour du Souvenir<\/span> <span class=\"lato-light\">(toutes les provinces sauf l\u2019Ontario et le Qu\u00e9bec)<\/span>[\/vc_column_text][\/vc_column_inner][\/vc_row_inner][vc_row_inner el_class=&#8221;.chsp-r3-c1-b2&#8243;][vc_column_inner width=&#8221;1\/4&#8243;][vc_column_text css=&#8221;&#8221; el_class=&#8221;.blue-color&#8221;]25 d\u00e9cembre 2026[\/vc_column_text][\/vc_column_inner][vc_column_inner width=&#8221;3\/4&#8243;][vc_column_text]<span class=\"orange-color\">No\u00ebl<\/span> <span class=\"lato-light\">(toutes les provinces)<\/span>[\/vc_column_text][\/vc_column_inner][\/vc_row_inner][vc_row_inner el_class=&#8221;.chsp-r3-c1-b2&#8243;][vc_column_inner width=&#8221;1\/4&#8243;][vc_column_text css=&#8221;&#8221; el_class=&#8221;.blue-color&#8221;]26 d\u00e9cembre 2026[\/vc_column_text][\/vc_column_inner][vc_column_inner width=&#8221;3\/4&#8243;][vc_column_text]<span class=\"orange-color\">Lendemain de No\u00ebl<\/span> <span class=\"lato-light\">(toutes les provinces)<\/span>[\/vc_column_text][\/vc_column_inner][\/vc_row_inner][vc_row_inner el_class=&#8221;.chsp-r3-c1-b2&#8243;][vc_column_inner width=&#8221;1\/4&#8243;][vc_column_text css=&#8221;&#8221; el_class=&#8221;.blue-color&#8221;]1 janvier 2027[\/vc_column_text][\/vc_column_inner][vc_column_inner width=&#8221;3\/4&#8243;][vc_column_text]<span class=\"orange-color\">Nouvel An<\/span> <span class=\"lato-light\">(toutes les provinces)<\/span>[\/vc_column_text][\/vc_column_inner][\/vc_row_inner][\/vc_column][vc_column width=&#8221;4\/12&#8243; el_class=&#8221;.chsp-r3-c2&#8243;][vc_column_text el_class=&#8221;.chsp-r3-c2-b1&#8243;]<span class=\"lato-normal uppercase-all\">CALENDRIER DES JOURS F\u00c9RI\u00c9S AUX \u00c9TATS-UNIS<\/span>[\/vc_column_text][vc_row_inner el_class=&#8221;.chsp-r3-c2-b2&#8243;][vc_column_inner width=&#8221;1\/2&#8243;][vc_column_text css=&#8221;&#8221; el_class=&#8221;.blue-color&#8221;]25 mai 2026[\/vc_column_text][\/vc_column_inner][vc_column_inner width=&#8221;1\/2&#8243;][vc_column_text]<span class=\"orange-color\">Memorial Day<\/span>[\/vc_column_text][\/vc_column_inner][\/vc_row_inner][vc_row_inner el_class=&#8221;.chsp-r3-c2-b2&#8243;][vc_column_inner width=&#8221;1\/2&#8243;][vc_column_text css=&#8221;&#8221; el_class=&#8221;.blue-color&#8221;]3 juillet 2026 (observ\u00e9)[\/vc_column_text][\/vc_column_inner][vc_column_inner width=&#8221;1\/2&#8243;][vc_column_text]<span class=\"orange-color\">F\u00eate de l\u2019Ind\u00e9pendance<\/span>[\/vc_column_text][\/vc_column_inner][\/vc_row_inner][vc_row_inner el_class=&#8221;.chsp-r3-c2-b2&#8243;][vc_column_inner width=&#8221;1\/2&#8243;][vc_column_text css=&#8221;&#8221; el_class=&#8221;.blue-color&#8221;]7 septembre 2026[\/vc_column_text][\/vc_column_inner][vc_column_inner width=&#8221;1\/2&#8243;][vc_column_text]<span class=\"orange-color\">F\u00eate du Travail<\/span>[\/vc_column_text][\/vc_column_inner][\/vc_row_inner][vc_row_inner el_class=&#8221;.chsp-r3-c2-b2&#8243;][vc_column_inner width=&#8221;1\/2&#8243;][vc_column_text css=&#8221;&#8221; el_class=&#8221;.blue-color&#8221;]26 novembre 2026[\/vc_column_text][\/vc_column_inner][vc_column_inner width=&#8221;1\/2&#8243;][vc_column_text]<span class=\"orange-color\">Action de gr\u00e2ces<\/span>[\/vc_column_text][\/vc_column_inner][\/vc_row_inner][vc_row_inner el_class=&#8221;.chsp-r3-c2-b2&#8243;][vc_column_inner width=&#8221;1\/2&#8243;][vc_column_text css=&#8221;&#8221; el_class=&#8221;.blue-color&#8221;]25 d\u00e9cembre 2026[\/vc_column_text][\/vc_column_inner][vc_column_inner width=&#8221;1\/2&#8243;][vc_column_text]<span class=\"orange-color\">No\u00ebl<\/span>[\/vc_column_text][\/vc_column_inner][\/vc_row_inner][vc_row_inner el_class=&#8221;.chsp-r3-c2-b2&#8243;][vc_column_inner width=&#8221;1\/2&#8243;][vc_column_text css=&#8221;&#8221; el_class=&#8221;.blue-color&#8221;]1 janvier 2027[\/vc_column_text][\/vc_column_inner][vc_column_inner width=&#8221;1\/2&#8243;][vc_column_text]<span class=\"orange-color\">Nouvel An<\/span>[\/vc_column_text][\/vc_column_inner][\/vc_row_inner][\/vc_column][\/vc_row][vc_row full_width=&#8221;stretch_row&#8221; el_class=&#8221;.chsp-r4&#8243; css=&#8221;.vc_custom_1462640850515{background-color: #f9fafc !important;}&#8221;][vc_column width=&#8221;1\/3&#8243; el_class=&#8221;.chsp-r4-c1&#8243;][vc_column_text]<\/p>\n<h2 style=\"color: #575756 !important;\">VOUS VOULEZ CONNA\u00ceTRE L\u2019HORAIRE DES F\u00caTES ?<\/h2>\n<p>[\/vc_column_text][\/vc_column][vc_column width=&#8221;1\/3&#8243; el_class=&#8221;.chsp-r4-c2&#8243;][vc_column_text css=&#8221;&#8221;]<\/p>\n<ul>\n<li><a href=\"http:\/\/www.purolator.com\/fr\/resources-and-support\/newsroom\/holiday-service-schedule.page\" target=\"_blank\" rel=\"noopener noreferrer\">Consultez l\u2019horaire des F\u00eates de Purolator<\/a><\/li>\n<li><a href=\"https:\/\/assets.ups.com\/adobe\/assets\/urn:aaid:aem:8857c9a7-4668-47e0-b624-8bd1bbf64273\/original\/as\/2026-holiday-operations-schedule-ca-fr.pdf\" target=\"_blank\" rel=\"noopener noreferrer nofollow\">Consultez l\u2019horaire des F\u00eates de UPS<\/a><\/li>\n<li><a href=\"https:\/\/www.fedex.com\/fr-ca\/shipping\/holidays.html\" target=\"_blank\" rel=\"noopener noreferrer\">Consultez l\u2019horaire des F\u00eates de FedEx<\/a><\/li>\n<li><a href=\"https:\/\/www.dhl.com\/discover\/fr-be\/ship-with-dhl\/services\/postal-holidays\" target=\"_blank\" rel=\"noopener noreferrer\">Consultez l\u2019horaire des F\u00eates de DHL<\/a><\/li>\n<li><a href=\"https:\/\/www.canpar.com\/download\/documents\/2026_Calendar_FR.pdf\" target=\"_blank\" rel=\"noopener noreferrer nofollow\">Consultez l\u2019horaire des F\u00eates de Canpar<\/a><\/li>\n<li><a href=\"https:\/\/gls-group.com\/CA\/fr\/soutien\/jours-feries\/\" target=\"_blank\" rel=\"noopener noreferrer nofollow\">Consultez l\u2019horaire des F\u00eates de GLS<\/a><\/li>\n<\/ul>\n<p>[\/vc_column_text][\/vc_column][vc_column width=&#8221;1\/3&#8243; el_class=&#8221;.chsp-r4-c3 .lato-light&#8221;][vc_column_text]Nous sommes l\u00e0 pour vous \u00e0 chaque \u00e9tape.<\/p>\n<p>Si vous avez des questions concernant les calendriers des jours f\u00e9ri\u00e9s pour le service de messagerie, notre \u00e9quipe du service \u00e0 la client\u00e8le est l\u00e0 pour vous aider.<\/p>\n<p>Appelez-nous au <a href=\"tel:1-866-320-8383\">1-866-320-8383<\/a> ou envoyez-nous un courriel \u00e0 l\u2019adresse <a href=\"mailto:support@flagshipcompany.com\">support@flagshipcompany.com<\/a>.[\/vc_column_text][\/vc_column][\/vc_row]<\/p>\n<\/div>","protected":false},"excerpt":{"rendered":"<p>[vc_row full_width=&#8221;stretch_row_content_no_spaces&#8221;][vc_column][vc_raw_html]JTNDZGl2JTIwY2xhc3MlM0QlMjJoZWFkZXItYm94LXJlbGF0aXZlJTIyJTNFJTBBJTBBJTNDZGl2JTIwY2xhc3MlM0QlMjJoZWFkZXItYm94LWJrZyUyMiUyMCUzRSUwQSUzQ2ltZyUyMHNyYyUzRCUyMi4uJTJGLi4lMkZhcHAlMkZ1cGxvYWRzJTJGMjAxNiUyRjA1JTJGY291cmllci1ob2xpZGF5LXNjaGVkdWxlLWhlYWRlci1pbWFnZS5wbmclMjIlMjAlMkYlM0UlMEElM0MlMkZkaXYlM0UlMEElMEElM0NkaXYlMjBjbGFzcyUzRCUyMmhlYWRlci1jZW50ZXItdGV4dC1hYnNvbHV0ZSUyMiUzRSUzQ2gxJTNFQ0FMRU5EUklFUiUyMCUzQ2ZvbnQlMjBjbGFzcyUzRCUyMmxhdG8tbm9ybWFsJTIyJTNFREVTJTIwSk9VUlMlMjBGJUMzJTg5UkklQzMlODlTJTNDJTJGZm9udCUzRSUzQyUyRmgxJTNFJTNDJTJGZGl2JTNFJTBBJTIwJTIwJTIwJTIwJTBBJTNDJTJGZGl2JTNF[\/vc_raw_html][\/vc_column][\/vc_row][vc_row el_class=&#8221;.chsp-r1&#8243;][vc_column][vc_column_text css=&#8221;&#8221;] CALENDRIER DES JOURS F\u00c9RI\u00c9S 2026 [\/vc_column_text][\/vc_column][\/vc_row][vc_row el_class=&#8221;.chsp-r2&#8243;][vc_column][vc_column_text]Les calendriers des jours f\u00e9ri\u00e9s ci-dessous s\u2019appliquent \u00e0 tous les services de messagerie \u2013 UPS, Purolator, FedEx, DHL et Canpar \u2013 sauf indication&#8230;<\/p>\n","protected":false},"author":5,"featured_media":0,"parent":0,"menu_order":0,"comment_status":"closed","ping_status":"closed","template":"","meta":{"footnotes":""},"class_list":["post-2391","page","type-page","status-publish","hentry"],"_links":{"self":[{"href":"https:\/\/www.flagshipcompany.com\/fr\/wp-json\/wp\/v2\/pages\/2391","targetHints":{"allow":["GET"]}}],"collection":[{"href":"https:\/\/www.flagshipcompany.com\/fr\/wp-json\/wp\/v2\/pages"}],"about":[{"href":"https:\/\/www.flagshipcompany.com\/fr\/wp-json\/wp\/v2\/types\/page"}],"author":[{"embeddable":true,"href":"https:\/\/www.flagshipcompany.com\/fr\/wp-json\/wp\/v2\/users\/5"}],"replies":[{"embeddable":true,"href":"https:\/\/www.flagshipcompany.com\/fr\/wp-json\/wp\/v2\/comments?post=2391"}],"version-history":[{"count":85,"href":"https:\/\/www.flagshipcompany.com\/fr\/wp-json\/wp\/v2\/pages\/2391\/revisions"}],"predecessor-version":[{"id":25215,"href":"https:\/\/www.flagshipcompany.com\/fr\/wp-json\/wp\/v2\/pages\/2391\/revisions\/25215"}],"wp:attachment":[{"href":"https:\/\/www.flagshipcompany.com\/fr\/wp-json\/wp\/v2\/media?parent=2391"}],"curies":[{"name":"wp","href":"https:\/\/api.w.org\/{rel}","templated":true}]}}