{"id":2397,"date":"2016-05-15T14:53:50","date_gmt":"2016-05-15T14:53:50","guid":{"rendered":"http:\/\/localhost\/flagshipcompany\/fr\/?page_id=2397"},"modified":"2025-10-24T11:42:30","modified_gmt":"2025-10-24T15:42:30","slug":"a-propos","status":"publish","type":"page","link":"https:\/\/www.flagshipcompany.com\/fr\/a-propos\/","title":{"rendered":"\u00c0 propos"},"content":{"rendered":"<div class=\"wpb-content-wrapper\"><p>[vc_row full_width=&#8221;stretch_row_content_no_spaces&#8221; content_placement=&#8221;middle&#8221;][vc_column][vc_single_image image=&#8221;13459&#8243; img_size=&#8221;full&#8221; alignment=&#8221;center&#8221;][\/vc_column][\/vc_row][vc_row css=&#8221;.vc_custom_1461070710647{margin-top: 35px !important;margin-bottom: 35px !important;}&#8221;][vc_column width=&#8221;1\/4&#8243; el_class=&#8221;.aup-r1-m1&#8243;][vc_column_text]<\/p>\n<h2>FlagShip rend la vie plus facile aux propri\u00e9taires de petites et moyennes entreprises<\/h2>\n<p>[\/vc_column_text][\/vc_column][vc_column width=&#8221;5\/12&#8243; el_class=&#8221;.aup-r1-m2 .lato-light&#8221;][vc_column_text]Nous avons connu une forte croissance depuis l\u2019ouverture de nos portes en 2005 et malgr\u00e9 tout, notre engagement est demeur\u00e9 le m\u00eame : fournir des solutions d\u2019exp\u00e9dition en ligne aux petites et moyennes entreprises (PME) afin de rendre leurs activit\u00e9s plus performantes, faciles et efficaces. Aujourd\u2019hui chez FlagShip, nous continuons de faire appel \u00e0 l\u2019innovation technologique et aux philosophies entrepreneuriales pour aider les PME \u00e0 \u00e9conomiser temps et argent, et pour rendre leurs activit\u00e9s d\u2019exp\u00e9dition libres de stress.[\/vc_column_text][vc_column_text]Explorez l\u2019engagement de FlagShip pour le service au client et l\u2019innovation technologique, en plus de son d\u00e9vouement \u00e0 offrir aux PME une valeur ajout\u00e9e. Lisez l\u2019article parue dans le Canadian Business Journal \u2013 CBJ (en anglais). <a href=\"http:\/\/www.cbj.ca\/EMAG\/2017\/Mar\/CBJ.php#144\" target=\"_blank\" rel=\"noopener nofollow\">Lien pour l\u2019article sur le site de la CBJ<\/a>, ou <a href=\"https:\/\/www.flagshipcompany.com\/app\/uploads\/2017\/03\/CBJ_March2017_FlagShip_web-single-pages.pdf\" target=\"_blank\" rel=\"noopener\">visualisez en PDF<\/a>.[\/vc_column_text][\/vc_column][vc_column width=&#8221;1\/3&#8243; el_class=&#8221;.aup-r1-m3&#8243;][vc_single_image image=&#8221;18503&#8243; img_size=&#8221;full&#8221; alignment=&#8221;right&#8221;][\/vc_column][\/vc_row][vc_row full_width=&#8221;stretch_row&#8221; css=&#8221;.vc_custom_1461072640314{margin-bottom: 0px !important;padding-top: 45px !important;padding-bottom: 45px !important;background-color: #f9fafc !important;}&#8221;][vc_column][vc_column_text]<\/p>\n<div class=\"aup-r2-title\">Notre promesse et comment nous travaillons pour la respecter<\/div>\n<div class=\"aup-r2-text\"><i>\u00ab FlagShip souscrit pleinement \u00e0 l\u2019am\u00e9lioration des entreprises de ses clients en leur offrant une exp\u00e9rience d\u2019exp\u00e9dition facile et libre de stress \u00e0 un prix juste. \u00bb<\/i><br \/>\nVoil\u00e0 notre promesse, qui est bien plus que de simples mots. Il s\u2019agit de notre philosophie. Notre mode de vie. Notre engagement. Dans tout ce que nous accomplissons, nous cherchons \u00e0 cr\u00e9er une exp\u00e9rience d\u2019exp\u00e9dition positive pour vous. Les membres de notre \u00e9quipe se soucient et agissent avec int\u00e9grit\u00e9. Nous sommes des innovateurs incessants qui cherchent de nouvelles et meilleures fa\u00e7ons de faire les choses. Nous croyons que TOUT le monde m\u00e9rite de b\u00e9n\u00e9ficier d\u2019un service exceptionnel. Nous sommes pr\u00e9sents pour travailler avec vous, et pour vous faciliter l\u2019exp\u00e9dition, afin que vous puissiez vous concentrer sur ce qui est r\u00e9ellement important : votre entreprise.<\/div>\n<p>[\/vc_column_text][\/vc_column][\/vc_row][vc_row full_width=&#8221;stretch_row_content_no_spaces&#8221; css=&#8221;.vc_custom_1461073635762{margin-bottom: 0px !important;}&#8221;][vc_column][vc_single_image image=&#8221;13451&#8243; img_size=&#8221;full&#8221; alignment=&#8221;center&#8221;][\/vc_column][\/vc_row][vc_row css=&#8221;.vc_custom_1461075633507{margin-top: 45px !important;margin-bottom: 45px !important;}&#8221;][vc_column width=&#8221;1\/4&#8243; el_class=&#8221;.large-margin-top160&#8243;][vc_column_text]NOS ORIGINES[\/vc_column_text][\/vc_column][vc_column width=&#8221;5\/12&#8243; el_class=&#8221;.lato-light .mobile-margin-top25&#8243;][vc_column_text]En 2005, Howard Kruger a ouvert les portes de FlagShip avec une id\u00e9e et une r\u00e9ponse \u00e0 un besoin \u00e9vident : aider les petites et moyennes entreprises \u00e0 obtenir les tarifs les plus avantageux et le meilleur service \u00e0 la client\u00e8le pour leurs envois.<\/p>\n<p>\u00ab J\u2019avais remarqu\u00e9 qu\u2019on n\u2019offrait pas les tarifs de messagerie ou les services les plus concurrentiels disponibles aux petites et moyennes entreprises dont le volume d\u2019exp\u00e9dition \u00e9tait faible, indique M. Kruger. Ces entreprises avaient besoin du service d\u2019exp\u00e9dition et souhaitaient obtenir l\u2019attention accord\u00e9e aux plus grandes entreprises, mais elles n\u2019avaient pas les liens qui leur auraient permis d\u2019obtenir ces avantages. \u00bb<\/p>\n<p>C\u2019est alors que M. Kruger a n\u00e9goci\u00e9 avec les principales entreprises de messagerie et a con\u00e7u un syst\u00e8me permettant aux clients de magasiner les tarifs d\u2019exp\u00e9dition.[\/vc_column_text][\/vc_column][vc_column width=&#8221;1\/3&#8243; el_class=&#8221;.lato-light&#8221;][vc_column_text]Tout comme les sites de voyage, tels qu\u2019Expedia et Travelocity, qui permettent aux voyageurs de comparer instantan\u00e9ment et de choisir des tarifs r\u00e9duits sur les vols, les h\u00f4tels et les voitures de location, le syst\u00e8me d\u2019exp\u00e9dition en ligne de FlagShip permet aux entreprises de comparer et de tirer parti des tarifs et services d\u2019exp\u00e9dition des principales entreprises de messagerie sur une page Web \u2013 tout en profitant d\u2019importants rabais.<\/p>\n<p>Et \u00e0 cela s\u2019ajoutent le service et le soutien hors pair. Les partenariats et le syst\u00e8me en ligne de FlagShip aident les propri\u00e9taires d\u2019entreprises \u00e0 r\u00e9aliser leurs op\u00e9rations rapidement et en toute facilit\u00e9, afin qu\u2019ils puissent retourner aux activit\u00e9s principales de leurs entreprises.[\/vc_column_text][\/vc_column][\/vc_row][vc_row full_width=&#8221;stretch_row&#8221; css=&#8221;.vc_custom_1461128476890{margin-bottom: 10px !important;padding-top: 0px !important;padding-bottom: 45px !important;background-color: #f9fafc !important;}&#8221;][vc_column width=&#8221;1\/2&#8243; el_class=&#8221;.lato-light&#8221; css=&#8221;.vc_custom_1461124568849{padding-top: 45px !important;}&#8221;][vc_column_text]<span style=\"font-weight: normal; text-transform: uppercase;\">Qui sommes-nous aujourd\u2019hui, et quelle sera notre orientation future ?<\/span><\/p>\n<p>Aujourd\u2019hui, FlagShip, une entreprise familiale, est l\u2019une des 500 entreprises connaissant la plus forte croissance selon la revue PROFIT, et l\u2019un des chefs de file dans l\u2019industrie de l\u2019exp\u00e9dition au Canada.<\/p>\n<p>Chaque jour, chez FlagShip, nous cherchons \u00e0 prendre des initiatives pour rendre l\u2019exp\u00e9dition facile et abordable pour nos clients. Nous sommes une entreprise reconnue pour son innovation; il s\u2019agit d\u2019une partie int\u00e9grante de ce que nous sommes et de ce que nous faisons.<\/p>\n<p>Et tout commence par notre \u00e9quipe, notre famille FlagShip. Nous sommes fiers d\u2019avoir une \u00e9quipe qui r\u00e9unit les meilleurs et les plus brillants esprits&#8230; mais aussi les plus grands c\u0153urs. Les membres de notre \u00e9quipe se soucient r\u00e9ellement de nos clients. Apr\u00e8s tout, vous \u00eates la raison pour laquelle nous sommes ici.<\/p>\n<p>Nous promettons de mettre nos ann\u00e9es d\u2019exp\u00e9rience, de m\u00eame que notre passion et notre compassion envers nos clients, au profit de nouvelles innovations, id\u00e9es et fa\u00e7ons de vous servir le mieux possible.<\/p>\n<p>Vous voulez en apprendre plus ? Regardez cette vid\u00e9o et d\u00e9couvrez FlagShip.[\/vc_column_text][vc_column_text]<strong>Apprenez comment la philosophie de FlagShip lui a permis de figurer sur la liste PROFIT 500 des entreprises \u00e0 plus forte croissance ann\u00e9e apr\u00e8s ann\u00e9e. Lisez l\u2019article parue dans le Canadian Business Journal \u2013 CBJ (en anglais ). <a href=\"http:\/\/www.cbj.ca\/EMAG\/2017\/Mar\/CBJ.php#144\" target=\"_blank\" rel=\"noopener nofollow\">Lien pour l\u2019article sur le site de la CBJ<\/a>, ou <a href=\"https:\/\/www.flagshipcompany.com\/app\/uploads\/2017\/03\/CBJ_March2017_FlagShip_web-single-pages.pdf\" target=\"_blank\" rel=\"noopener\">visualisez en PDF<\/a>.<\/strong>[\/vc_column_text][\/vc_column][vc_column width=&#8221;1\/2&#8243; css=&#8221;.vc_custom_1461128751916{padding-top: 45px !important;}&#8221; el_class=&#8221;.customized-video-icon&#8221;][stm_video_popup img_size=&#8221;full&#8221; image=&#8221;13456&#8243; video=&#8221;https:\/\/www.youtube.com\/embed\/9fTnPFKM49A?autoplay=1&#8243;][\/vc_column][\/vc_row]<\/p>\n<\/div>","protected":false},"excerpt":{"rendered":"<p>[vc_row full_width=&#8221;stretch_row_content_no_spaces&#8221; content_placement=&#8221;middle&#8221;][vc_column][vc_single_image image=&#8221;13459&#8243; img_size=&#8221;full&#8221; alignment=&#8221;center&#8221;][\/vc_column][\/vc_row][vc_row css=&#8221;.vc_custom_1461070710647{margin-top: 35px !important;margin-bottom: 35px !important;}&#8221;][vc_column width=&#8221;1\/4&#8243; el_class=&#8221;.aup-r1-m1&#8243;][vc_column_text] FlagShip rend la vie plus facile aux propri\u00e9taires de petites et moyennes entreprises [\/vc_column_text][\/vc_column][vc_column width=&#8221;5\/12&#8243; el_class=&#8221;.aup-r1-m2 .lato-light&#8221;][vc_column_text]Nous avons connu une&#8230;<\/p>\n","protected":false},"author":5,"featured_media":0,"parent":0,"menu_order":0,"comment_status":"closed","ping_status":"closed","template":"","meta":{"footnotes":""},"class_list":["post-2397","page","type-page","status-publish","hentry"],"_links":{"self":[{"href":"https:\/\/www.flagshipcompany.com\/fr\/wp-json\/wp\/v2\/pages\/2397","targetHints":{"allow":["GET"]}}],"collection":[{"href":"https:\/\/www.flagshipcompany.com\/fr\/wp-json\/wp\/v2\/pages"}],"about":[{"href":"https:\/\/www.flagshipcompany.com\/fr\/wp-json\/wp\/v2\/types\/page"}],"author":[{"embeddable":true,"href":"https:\/\/www.flagshipcompany.com\/fr\/wp-json\/wp\/v2\/users\/5"}],"replies":[{"embeddable":true,"href":"https:\/\/www.flagshipcompany.com\/fr\/wp-json\/wp\/v2\/comments?post=2397"}],"version-history":[{"count":16,"href":"https:\/\/www.flagshipcompany.com\/fr\/wp-json\/wp\/v2\/pages\/2397\/revisions"}],"predecessor-version":[{"id":21943,"href":"https:\/\/www.flagshipcompany.com\/fr\/wp-json\/wp\/v2\/pages\/2397\/revisions\/21943"}],"wp:attachment":[{"href":"https:\/\/www.flagshipcompany.com\/fr\/wp-json\/wp\/v2\/media?parent=2397"}],"curies":[{"name":"wp","href":"https:\/\/api.w.org\/{rel}","templated":true}]}}