{"id":2403,"date":"2016-05-15T15:13:46","date_gmt":"2016-05-15T15:13:46","guid":{"rendered":"http:\/\/localhost\/flagshipcompany\/fr\/?page_id=2403"},"modified":"2026-03-23T12:56:28","modified_gmt":"2026-03-23T16:56:28","slug":"carrieres","status":"publish","type":"page","link":"https:\/\/www.flagshipcompany.com\/fr\/carrieres\/","title":{"rendered":"Carri\u00e8res"},"content":{"rendered":"<div class=\"wpb-content-wrapper\"><p>[vc_row full_width=&#8221;stretch_row_content_no_spaces&#8221; css=&#8221;.vc_custom_1462432753482{margin-top: 0px !important;margin-bottom: 0px !important;}&#8221;][vc_column][vc_raw_html css=&#8221;&#8221;]JTNDZGl2JTIwY2xhc3MlM0QlMjJoZWFkZXItYm94LXJlbGF0aXZlJTIyJTNFJTBEJTBBJTBEJTBBJTNDZGl2JTIwY2xhc3MlM0QlMjJoZWFkZXItYm94LWJrZyUyMiUyMCUzRSUwRCUwQSUzQ2ltZyUyMHNyYyUzRCUyMmh0dHBzJTNBJTJGJTJGZmxhZ3NoaXBjb21wYW55LmNvbSUyRmFwcCUyRnVwbG9hZHMlMkYyMDE2JTJGMDUlMkZjYXJlZXJzLXBhZ2UtaGVhZGVyLWltYWdlLnBuZyUyMiUyMCUyRiUzRSUwRCUwQSUzQyUyRmRpdiUzRSUwRCUwQSUwRCUwQSUzQ2RpdiUyMGNsYXNzJTNEJTIyaGVhZGVyLWNlbnRlci10ZXh0LWFic29sdXRlJTIyJTNFJTNDaDElM0VDYXJyaSVDMyVBOHJlcyUyMCUzQ2ZvbnQlMjBjbGFzcyUzRCUyMmxhdG8tbm9ybWFsJTIyJTNFY2hleiUyMEZsYWdTaGlwJTNDJTJGZm9udCUzRSUzQyUyRmgxJTNFJTNDJTJGZGl2JTNFJTBEJTBBJTIwJTIwJTIwJTIwJTBEJTBBJTNDJTJGZGl2JTNF[\/vc_raw_html][\/vc_column][\/vc_row][vc_row full_width=&#8221;stretch_row&#8221; css=&#8221;.vc_custom_1462442859969{margin-bottom: 0px !important;padding-top: 45px !important;padding-bottom: 45px !important;background-color: #f9fafc !important;}&#8221;][vc_column][vc_column_text css=&#8221;.vc_custom_1461129914926{margin-bottom: 25px !important;}&#8221;]<\/p>\n<h2>CARRI\u00c8RES<\/h2>\n<p>[\/vc_column_text][vc_column_text el_class=&#8221;lato-light&#8221;]<\/p>\n<p>Chez FlagShip, notre mission est simple : offrir des exp\u00e9riences d&#8217;exp\u00e9dition simples et positives \u00e0 nos clients. Cette mission est port\u00e9e par des personnes \u2014 des collaborateurs, des innovateurs, des r\u00e9solveurs de probl\u00e8mes, et des gens qui tiennent profond\u00e9ment \u00e0 faire un travail de qualit\u00e9.<\/p>\n<p>Bien que nous ne soyons pas en p\u00e9riode de recrutement actif, nous sommes toujours heureux de rencontrer des personnes talentueuses qui partagent nos valeurs et souhaitent avoir un impact dans le domaine de l&#8217;exp\u00e9dition et de la technologie.<\/p>\n<p>De notre environnement de travail \u00e0 notre culture d&#8217;entreprise, nous cherchons \u00e0 inspirer la cr\u00e9ativit\u00e9, \u00e0 soutenir le d\u00e9veloppement professionnel et \u00e0 b\u00e2tir un milieu de travail o\u00f9 les bonnes id\u00e9es peuvent s&#8217;\u00e9panouir.<\/p>\n<p>[\/vc_column_text][\/vc_column][\/vc_row][vc_row css=&#8221;.vc_custom_1464682216675{margin-top: 0px !important;margin-bottom: 0px !important;padding-top: 45px !important;padding-bottom: 45px !important;}&#8221; el_class=&#8221;cp-r2&#8243;][vc_column][vc_column_text css=&#8221;.vc_custom_1461131678301{margin-bottom: 40px !important;}&#8221;]<\/p>\n<div class=\"careers-r2-title\">POSTES DISPONIBLES<\/div>\n<p>[\/vc_column_text][vc_column_text css_animation=&#8221;left-to-right&#8221;]<\/p>\n<h2>Aucun poste disponible<\/h2>\n<p>Nous n&#8217;avons pr\u00e9sentement aucun poste ouvert, mais nous sommes en constante croissance \u2014 de nouvelles opportunit\u00e9s pourraient se pr\u00e9senter tr\u00e8s bient\u00f4t.<\/p>\n<p>Si vous souhaitez \u00eatre pris en consid\u00e9ration pour de futures opportunit\u00e9s, nous serions ravis de vous entendre. Faites-nous parvenir votre curriculum vit\u00e6 ainsi qu&#8217;une br\u00e8ve pr\u00e9sentation \u00e0 :<\/p>\n<p><a href=\"mailto:careers@flagshipcompany.com\">careers@flagshipcompany.com<\/a><\/p>\n<p>Nous vous remercions sinc\u00e8rement de l&#8217;int\u00e9r\u00eat que vous portez \u00e0 FlagShip et conserverons votre dossier pour lorsqu&#8217;une opportunit\u00e9 correspondant \u00e0 votre profil se pr\u00e9sentera.<\/p>\n<p>[\/vc_column_text][\/vc_column][\/vc_row]<\/p>\n<\/div>","protected":false},"excerpt":{"rendered":"<p>[vc_row full_width=&#8221;stretch_row_content_no_spaces&#8221; css=&#8221;.vc_custom_1462432753482{margin-top: 0px !important;margin-bottom: 0px !important;}&#8221;][vc_column][vc_raw_html css=&#8221;&#8221;]JTNDZGl2JTIwY2xhc3MlM0QlMjJoZWFkZXItYm94LXJlbGF0aXZlJTIyJTNFJTBEJTBBJTBEJTBBJTNDZGl2JTIwY2xhc3MlM0QlMjJoZWFkZXItYm94LWJrZyUyMiUyMCUzRSUwRCUwQSUzQ2ltZyUyMHNyYyUzRCUyMmh0dHBzJTNBJTJGJTJGZmxhZ3NoaXBjb21wYW55LmNvbSUyRmFwcCUyRnVwbG9hZHMlMkYyMDE2JTJGMDUlMkZjYXJlZXJzLXBhZ2UtaGVhZGVyLWltYWdlLnBuZyUyMiUyMCUyRiUzRSUwRCUwQSUzQyUyRmRpdiUzRSUwRCUwQSUwRCUwQSUzQ2RpdiUyMGNsYXNzJTNEJTIyaGVhZGVyLWNlbnRlci10ZXh0LWFic29sdXRlJTIyJTNFJTNDaDElM0VDYXJyaSVDMyVBOHJlcyUyMCUzQ2ZvbnQlMjBjbGFzcyUzRCUyMmxhdG8tbm9ybWFsJTIyJTNFY2hleiUyMEZsYWdTaGlwJTNDJTJGZm9udCUzRSUzQyUyRmgxJTNFJTNDJTJGZGl2JTNFJTBEJTBBJTIwJTIwJTIwJTIwJTBEJTBBJTNDJTJGZGl2JTNF[\/vc_raw_html][\/vc_column][\/vc_row][vc_row full_width=&#8221;stretch_row&#8221; css=&#8221;.vc_custom_1462442859969{margin-bottom: 0px !important;padding-top: 45px !important;padding-bottom: 45px !important;background-color: #f9fafc !important;}&#8221;][vc_column][vc_column_text css=&#8221;.vc_custom_1461129914926{margin-bottom: 25px !important;}&#8221;] CARRI\u00c8RES [\/vc_column_text][vc_column_text el_class=&#8221;lato-light&#8221;] Chez FlagShip, notre mission est simple : offrir des&#8230;<\/p>\n","protected":false},"author":5,"featured_media":0,"parent":0,"menu_order":0,"comment_status":"closed","ping_status":"closed","template":"","meta":{"footnotes":""},"class_list":["post-2403","page","type-page","status-publish","hentry"],"_links":{"self":[{"href":"https:\/\/www.flagshipcompany.com\/fr\/wp-json\/wp\/v2\/pages\/2403","targetHints":{"allow":["GET"]}}],"collection":[{"href":"https:\/\/www.flagshipcompany.com\/fr\/wp-json\/wp\/v2\/pages"}],"about":[{"href":"https:\/\/www.flagshipcompany.com\/fr\/wp-json\/wp\/v2\/types\/page"}],"author":[{"embeddable":true,"href":"https:\/\/www.flagshipcompany.com\/fr\/wp-json\/wp\/v2\/users\/5"}],"replies":[{"embeddable":true,"href":"https:\/\/www.flagshipcompany.com\/fr\/wp-json\/wp\/v2\/comments?post=2403"}],"version-history":[{"count":25,"href":"https:\/\/www.flagshipcompany.com\/fr\/wp-json\/wp\/v2\/pages\/2403\/revisions"}],"predecessor-version":[{"id":25900,"href":"https:\/\/www.flagshipcompany.com\/fr\/wp-json\/wp\/v2\/pages\/2403\/revisions\/25900"}],"wp:attachment":[{"href":"https:\/\/www.flagshipcompany.com\/fr\/wp-json\/wp\/v2\/media?parent=2403"}],"curies":[{"name":"wp","href":"https:\/\/api.w.org\/{rel}","templated":true}]}}