{"id":2709,"date":"2016-06-01T16:26:57","date_gmt":"2016-06-01T16:26:57","guid":{"rendered":"https:\/\/staging-wordpress.flagshipcompany.com\/fr\/?page_id=2709"},"modified":"2025-04-24T10:07:12","modified_gmt":"2025-04-24T14:07:12","slug":"referez-un-ami-2","status":"publish","type":"page","link":"https:\/\/www.flagshipcompany.com\/fr\/referez-un-ami-2\/","title":{"rendered":"R\u00e9f\u00e9rez un ami"},"content":{"rendered":"<div class=\"wpb-content-wrapper\"><p>[vc_row full_width=&#8221;stretch_row_content_no_spaces&#8221; css=&#8221;.vc_custom_1464758935749{background-position: center !important;background-repeat: no-repeat !important;background-size: cover !important;}&#8221; el_class=&#8221;.racp-r1&#8243;][vc_column][vc_single_image image=&#8221;13227&#8243; img_size=&#8221;full&#8221;][\/vc_column][\/vc_row][vc_row el_class=&#8221;.racp-mobile-row&#8221;][vc_column][vc_raw_html]JTNDZGl2JTIwY2xhc3MlM0QlMjJyYWNwLXIyLWMzLWNpcmNsZTElMjIlM0UlMEElM0NkaXYlMjBjbGFzcyUzRCUyMnJhY3AtcjItYzMtY2lyY2xlMS10aXRsZTElMjIlM0VSJUMzJUE5ZiVDMyVBOXJleiUzQyUyRmRpdiUzRSUwQSUzQ2RpdiUyMGNsYXNzJTNEJTIycmFjcC1yMi1jMy1jaXJjbGUxLXRpdGxlMiUyMiUzRXZvcyUyMGFtaXMlM0MlMkZkaXYlM0UlMEElM0NkaXYlMjBjbGFzcyUzRCUyMnJhY3AtcjItYzMtY2lyY2xlMS10aXRsZTMlMjIlM0VldCUyMHJlY2V2ZXolM0MlMkZkaXYlM0UlMEElM0NkaXYlMjBjbGFzcyUzRCUyMnJhY3AtcjItYzMtY2lyY2xlMS10aXRsZTQlMjIlM0UyNS4wMCUyNCUzQyUyRmRpdiUzRSUwQSUzQ2RpdiUyMGNsYXNzJTNEJTIycmFjcC1yMi1jMy1jaXJjbGUxLXRpdGxlNSUyMiUzRSUzQ3NwYW4lMjBzdHlsZSUzRCUyMmZvbnQtc2l6ZSUzQSUyMDgwJTI1JTIwJTIxaW1wb3J0YW50JTNCJTIyJTNFZW4lMjBleHAlQzMlQTlkaXRpb24lMjBncmF0dWl0ZSUzQyUyRnNwYW4lM0UlM0MlMkZkaXYlM0UlMEElM0MlMkZkaXYlM0UlMEElM0NkaXYlMjBjbGFzcyUzRCUyMnJhY3AtcjItYzMtY2lyY2xlMiUyMiUzRSUwQSUzQ2RpdiUyMGNsYXNzJTNEJTIycmFjcC1yMi1jMy1jaXJjbGUyLXRpdGxlMSUyMiUzRSUzQyUyRmRpdiUzRSUwQSUzQ2RpdiUyMGNsYXNzJTNEJTIycmFjcC1yMi1jMy1jaXJjbGUyLXRpdGxlMiUyMiUyMHN0eWxlJTNEJTIyZm9udC13ZWlnaHQlM0ElMjBub3JtYWwlMjAlMjFpbXBvcnRhbnQlM0IlMjBtYXJnaW4tdG9wJTNBMTJweCUyMCUyMWltcG9ydGFudCUzQiUyMGxpbmUtaGVpZ2h0JTNBJTIwMS4yZW0lMjAlMjFpbXBvcnRhbnQlM0IlMjIlM0VEZSUyMHBsdXMlMkMlMjB2b3MlMjBhbWlzJTNDYnIlMkYlM0UlMEFyZSVDMyVBN29pdmVudCUyMHVuJTIwJTNDc3BhbiUyMHN0eWxlJTNEJTIyZm9udC13ZWlnaHQlM0ElMjA5MDAlM0IlMjIlM0UxMC4wMCUyNCUzQyUyRnNwYW4lM0UlM0NiciUyRiUzRSUwQWRlJTIwY3IlQzMlQTlkaXQlMjBhcHIlQzMlQThzJTIwJTNDYnIlMkYlM0UlMEFsZXVyJTIwcHJlbWllciUyMGVudm9pJTNDJTJGZGl2JTNFJTNDJTJGZGl2JTNF[\/vc_raw_html][\/vc_column][\/vc_row][vc_row el_class=&#8221;.racp-r2&#8243;][vc_column width=&#8221;1\/4&#8243; el_class=&#8221;.racp-r2-c1&#8243;][vc_row_inner][vc_column_inner][vc_column_text]<\/p>\n<h2>En tant que fid\u00e8le client de Flagship, vous \u00eates la personne id\u00e9ale qui peut parler des avantages dont vous b\u00e9n\u00e9ficiez en utilisant nos services<\/h2>\n<p>[\/vc_column_text][\/vc_column_inner][\/vc_row_inner][vc_empty_space][vc_single_image image=&#8221;3547&#8243; img_size=&#8221;&#8221; onclick=&#8221;custom_link&#8221; link=&#8221;https:\/\/smartship-ng.flagshipcompany.com\/company\/referral\/refer-a-friend&#8221;][\/vc_column][vc_column width=&#8221;5\/12&#8243; el_class=&#8221;.racp-r2-c2&#8243;][vc_column_text el_class=&#8221;.lato-light&#8221;]C&#8217;est l&#8217;occasion d&#8217;aider une autre petite ou moyenne entreprise. Faites conna\u00eetre Flagship aux gens que vous connaissez et qui font de 1 \u00e0 25 exp\u00e9ditions par semaine et qui, comme vous, aimeraient :<\/p>\n<ul>\n<li>Comparez les tarifs de couriers r\u00e9put\u00e9s, tout au m\u00eame endroit<\/li>\n<li>Profitez de tarifs d&#8217;exp\u00e9dition exclusifs<\/li>\n<li>\u00c9pargnez sur tous vos envois<\/li>\n<li>Profitez d&#8217;un service \u00e0 la client\u00e8le des plus r\u00e9put\u00e9<\/li>\n<\/ul>\n<p>[\/vc_column_text][\/vc_column][vc_column width=&#8221;1\/3&#8243; el_class=&#8221;.racp-r2-c3&#8243;][vc_raw_html]JTNDZGl2JTIwY2xhc3MlM0QlMjJyYWNwLXIyLWMzLWNpcmNsZTElMjIlM0UlMEElM0NkaXYlMjBjbGFzcyUzRCUyMnJhY3AtcjItYzMtY2lyY2xlMS10aXRsZTElMjIlM0VSJUMzJUE5ZiVDMyVBOXJleiUzQyUyRmRpdiUzRSUwQSUzQ2RpdiUyMGNsYXNzJTNEJTIycmFjcC1yMi1jMy1jaXJjbGUxLXRpdGxlMiUyMiUzRXZvcyUyMGFtaXMlM0MlMkZkaXYlM0UlMEElM0NkaXYlMjBjbGFzcyUzRCUyMnJhY3AtcjItYzMtY2lyY2xlMS10aXRsZTMlMjIlM0VldCUyMHJlY2V2ZXolM0MlMkZkaXYlM0UlMEElM0NkaXYlMjBjbGFzcyUzRCUyMnJhY3AtcjItYzMtY2lyY2xlMS10aXRsZTQlMjIlM0UyNS4wMCUyNCUzQyUyRmRpdiUzRSUwQSUzQ2RpdiUyMGNsYXNzJTNEJTIycmFjcC1yMi1jMy1jaXJjbGUxLXRpdGxlNSUyMiUzRWVuJTIwZXhwJUMzJUE5ZGl0aW9uJTIwJTNDYnIlMjAlMkYlM0VncmF0dWl0ZSUzQyUyRmRpdiUzRSUwQSUzQyUyRmRpdiUzRSUwQSUzQ2RpdiUyMGNsYXNzJTNEJTIycmFjcC1yMi1jMy1jaXJjbGUyJTIyJTNFJTBBJTNDZGl2JTIwY2xhc3MlM0QlMjJyYWNwLXIyLWMzLWNpcmNsZTItdGl0bGUxJTIyJTNFJTNDJTJGZGl2JTNFJTBBJTNDZGl2JTIwY2xhc3MlM0QlMjJyYWNwLXIyLWMzLWNpcmNsZTItdGl0bGUyJTIyJTIwc3R5bGUlM0QlMjJmb250LXdlaWdodCUzQSUyMG5vcm1hbCUyMCUyMWltcG9ydGFudCUzQiUyMG1hcmdpbi10b3AlM0ExOHB4JTIwJTIxaW1wb3J0YW50JTNCJTIwbGluZS1oZWlnaHQlM0ElMjAxLjJlbSUyMCUyMWltcG9ydGFudCUzQiUyMiUzRURlJTIwcGx1cyUyQyUyMHZvcyUyMGFtaXMlM0NiciUyRiUzRSUwQXJlJUMzJUE3b2l2ZW50JTIwdW4lMjAlM0NzcGFuJTIwc3R5bGUlM0QlMjJmb250LXdlaWdodCUzQSUyMDkwMCUzQiUyMiUzRTEwLjAwJTI0JTNDJTJGc3BhbiUzRSUzQ2JyJTJGJTNFJTBBZGUlMjBjciVDMyVBOWRpdCUyMGFwciVDMyVBOHMlMjAlM0NiciUyRiUzRSUwQWxldXIlMjBwcmVtaWVyJTIwZW52b2klM0MlMkZkaXYlM0UlM0MlMkZkaXYlM0U=[\/vc_raw_html][\/vc_column][\/vc_row][vc_row][vc_column][vc_empty_space][\/vc_column][\/vc_row][vc_row el_class=&#8221;.racp-mobile-row&#8221;][vc_column][vc_separator color=&#8221;custom&#8221; accent_color=&#8221;#f38d6a&#8221; css=&#8221;.vc_custom_1622231895775{margin-top: 30px !important;margin-bottom: 60px !important;}&#8221;][vc_column_text]<\/p>\n<p class=\"p1\" style=\"font-weight: 900; color: #f38d6a; font-size: 24px; margin-bottom: 6px; text-align: center;\">R\u00e9f\u00e9rez plus, gagnez plus!<\/p>\n<p class=\"p2\" style=\"margin-top: 0px; text-align: center;\">Vos r\u00e9compenses se multiplient pour chaque r\u00e9f\u00e9rence que vous faites. Vous recevrez automatiquement un <span style=\"font-weight: 900; color: #f38d6a;\">25$ de boni-dollars en cr\u00e9dit<\/span> sur votre compte FlagShip pour chaque personne que vous r\u00e9f\u00e9rez et qui fait au moins une exp\u00e9dition avec nous.<\/p>\n<p>[\/vc_column_text][\/vc_column][\/vc_row][vc_row el_class=&#8221;.racp-r3&#8243;][vc_column][vc_separator color=&#8221;custom&#8221; accent_color=&#8221;#f38d6a&#8221; css=&#8221;.vc_custom_1622231895775{margin-top: 30px !important;margin-bottom: 60px !important;}&#8221;][vc_column_text]<\/p>\n<p class=\"p1\" style=\"font-weight: 900; color: #f38d6a; font-size: 24px; margin-bottom: 6px; text-align: center;\">R\u00e9f\u00e9rez plus, gagnez plus!<\/p>\n<p class=\"p2\" style=\"margin-top: 0px; text-align: center;\">Vos r\u00e9compenses se multiplient pour chaque r\u00e9f\u00e9rence que vous faites. Vous recevrez automatiquement un <span style=\"font-weight: 900; color: #f38d6a;\">cr\u00e9dit en exp\u00e9dition gratuite de 25.00$<\/span> dans votre compte FlagShip pour toute personne que vous nous r\u00e9f\u00e9rez et qui fait au moins un envoi.<\/p>\n<p>[\/vc_column_text][\/vc_column][\/vc_row][vc_row full_width=&#8221;stretch_row&#8221; css=&#8221;.vc_custom_1528479222026{padding-top: 40px !important;background-color: #27b7f4 !important;}&#8221; el_class=&#8221;.racp-r4&#8243;][vc_column][vc_row_inner css=&#8221;.vc_custom_1528468973148{margin-bottom: 40px !important;}&#8221;][vc_column_inner][vc_column_text]<\/p>\n<p style=\"text-align: center; font-weight: bold; color: #ffffff;\">AIDER UN AMI, C\u2019EST PAYANT ET \u2026 FACILE :<\/p>\n<p>[\/vc_column_text][\/vc_column_inner][\/vc_row_inner][vc_row_inner][vc_column_inner width=&#8221;1\/4&#8243;][vc_column_text css=&#8221;.vc_custom_1528470457107{margin-bottom: 15px !important;}&#8221;]<\/p>\n<div class=\"dsp-num-item\" style=\"text-align: center !important; margin-left: auto !important; margin-right: auto !important;\">1<\/div>\n<p>[\/vc_column_text][vc_column_text css=&#8221;.vc_custom_1528479384744{margin-bottom: 0px !important;}&#8221;]<\/p>\n<p style=\"text-align: center; color: #ffffff;\"><a style=\"text-decoration: underline; font-weight: bold; color: #ffffff;\" href=\"\/?page_id=2382\">Connectez-vous \u00e0 votre compte FlagShip maintenant<\/a> et commencez \u00e0 faire vos r\u00e9f\u00e9rences<\/p>\n<p>[\/vc_column_text][vc_single_image image=&#8221;5553&#8243; img_size=&#8221;full&#8221; alignment=&#8221;center&#8221; css=&#8221;.vc_custom_1528479532849{margin-top: 20px !important;margin-bottom: 70px !important;}&#8221;][\/vc_column_inner][vc_column_inner width=&#8221;1\/4&#8243;][vc_column_text css=&#8221;.vc_custom_1528470875177{margin-bottom: 15px !important;}&#8221;]<\/p>\n<div class=\"dsp-num-item\" style=\"text-align: center !important; margin-left: auto !important; margin-right: auto !important;\">2<\/div>\n<p>[\/vc_column_text][vc_column_text css=&#8221;.vc_custom_1528479400791{margin-bottom: 0px !important;}&#8221;]<\/p>\n<p style=\"text-align: center; color: #ffffff;\">Partagez les avantages de l\u2019exp\u00e9dition sans soucis avec vos amis via le lien dans le syst\u00e8me d\u2019exp\u00e9dition FlagShip<\/p>\n<p>[\/vc_column_text][vc_single_image image=&#8221;5551&#8243; img_size=&#8221;full&#8221; alignment=&#8221;center&#8221; css=&#8221;.vc_custom_1528479712303{margin-top: 20px !important;margin-bottom: 70px !important;}&#8221;][\/vc_column_inner][vc_column_inner width=&#8221;1\/4&#8243;][vc_column_text css=&#8221;.vc_custom_1528470938541{margin-bottom: 15px !important;}&#8221;]<\/p>\n<div class=\"dsp-num-item\" style=\"text-align: center !important; margin-left: auto !important; margin-right: auto !important;\">3<\/div>\n<p>[\/vc_column_text][vc_column_text css=&#8221;.vc_custom_1528479417934{margin-bottom: 0px !important;}&#8221;]<\/p>\n<p style=\"text-align: center; color: #ffffff;\">Vos amis qui ont \u00e9t\u00e9 r\u00e9f\u00e9r\u00e9s seront automatiquement li\u00e9 \u00e0 votre compte, vous permettant de recevoir entre autres de l\u2019exp\u00e9dition gratuite !<\/p>\n<p>[\/vc_column_text][vc_single_image image=&#8221;5554&#8243; img_size=&#8221;full&#8221; alignment=&#8221;center&#8221; css=&#8221;.vc_custom_1528471032079{margin-top: 20px !important;margin-bottom: 70px !important;}&#8221;][\/vc_column_inner][vc_column_inner width=&#8221;1\/4&#8243;][vc_column_text css=&#8221;.vc_custom_1669301483510{margin-bottom: 15px !important;}&#8221;]<\/p>\n<div class=\"dsp-num-item\" style=\"text-align: center !important; margin-left: auto !important; margin-right: auto !important;\">4<\/div>\n<p>[\/vc_column_text][vc_column_text css=&#8221;.vc_custom_1669301496894{margin-bottom: 0px !important;}&#8221;]<\/p>\n<p style=\"text-align: center; color: #ffffff;\">Recherchez cette banni\u00e8re sur votre \u00e9cran de paiement FlagShip pour appliquer vos boni-dollars \u00e0 n\u2019importe laquelle de vos exp\u00e9ditions :<\/p>\n<p>[\/vc_column_text][vc_single_image image=&#8221;16225&#8243; img_size=&#8221;full&#8221; alignment=&#8221;center&#8221; css=&#8221;.vc_custom_1669301707933{margin-top: 20px !important;margin-bottom: 70px !important;}&#8221;][\/vc_column_inner][\/vc_row_inner][\/vc_column][\/vc_row][vc_row el_class=&#8221;.racp-r4&#8243; css=&#8221;.vc_custom_1528479257262{padding-top: 20px !important;}&#8221;][vc_column][vc_column_text el_class=&#8221;.lato-light&#8221;]*L\u2019approbation pour l\u2019ouverture de nouveaux comptes est sujette \u00e0 la seule discr\u00e9tion de Flagship Courier Solutions Inc.<\/p>\n<p>**Pour \u00eates admissible \u00e0 la prime du programme de recommandation, votre compte doit \u00eatre en r\u00e8gle. L\u2019offre est disponible uniquement pour le compte sp\u00e9cifique (\u00ab vous \u00bb) et le compte admissible selon nos dossiers qui a re\u00e7u l\u2019offre par courriel. L\u2019offre est valide en date du 16 ao\u00fbt 2012 jusqu&#8217;\u00e0 indication contraire de la part de Solutions Courrier Flagship. Cette offre et ce m\u00eame compte inscrit doivent \u00eatre utilis\u00e9s lors de l\u2019application de la prime d\u2019exp\u00e9dition de 25 $. Pour \u00eatre admissible \u00e0 un (1) cr\u00e9dit d\u2019exp\u00e9dition de 25 $, le client que vous avez recommand\u00e9 doit \u00eatre qualifi\u00e9 par Solutions Courrier Flagship selon nos r\u00e8glements relatifs aux transporteurs, et au moins un (1) envoi doit \u00eatre factur\u00e9 au compte du client recommand\u00e9 avant que votre cr\u00e9dit d\u2019exp\u00e9dition de 25 $ ne puisse \u00eatre appliqu\u00e9. L\u2019offre est bas\u00e9e en dollars canadiens. Veuillez allouer un d\u00e9lai allant jusqu\u2019\u00e0 30 jours \u00e0 compter du premier envoi de la personne que vous avez recommand\u00e9e pour que la prime d\u2019exp\u00e9dition soit appliqu\u00e9e \u00e0 votre compte. D\u2019autres modalit\u00e9s s\u2019appliquent.[\/vc_column_text][\/vc_column][\/vc_row]<\/p>\n<\/div>","protected":false},"excerpt":{"rendered":"<p>[vc_row full_width=&#8221;stretch_row_content_no_spaces&#8221; css=&#8221;.vc_custom_1464758935749{background-position: center !important;background-repeat: no-repeat !important;background-size: cover !important;}&#8221; el_class=&#8221;.racp-r1&#8243;][vc_column][vc_single_image image=&#8221;13227&#8243; img_size=&#8221;full&#8221;][\/vc_column][\/vc_row][vc_row el_class=&#8221;.racp-mobile-row&#8221;][vc_column][vc_raw_html]JTNDZGl2JTIwY2xhc3MlM0QlMjJyYWNwLXIyLWMzLWNpcmNsZTElMjIlM0UlMEElM0NkaXYlMjBjbGFzcyUzRCUyMnJhY3AtcjItYzMtY2lyY2xlMS10aXRsZTElMjIlM0VSJUMzJUE5ZiVDMyVBOXJleiUzQyUyRmRpdiUzRSUwQSUzQ2RpdiUyMGNsYXNzJTNEJTIycmFjcC1yMi1jMy1jaXJjbGUxLXRpdGxlMiUyMiUzRXZvcyUyMGFtaXMlM0MlMkZkaXYlM0UlMEElM0NkaXYlMjBjbGFzcyUzRCUyMnJhY3AtcjItYzMtY2lyY2xlMS10aXRsZTMlMjIlM0VldCUyMHJlY2V2ZXolM0MlMkZkaXYlM0UlMEElM0NkaXYlMjBjbGFzcyUzRCUyMnJhY3AtcjItYzMtY2lyY2xlMS10aXRsZTQlMjIlM0UyNS4wMCUyNCUzQyUyRmRpdiUzRSUwQSUzQ2RpdiUyMGNsYXNzJTNEJTIycmFjcC1yMi1jMy1jaXJjbGUxLXRpdGxlNSUyMiUzRSUzQ3NwYW4lMjBzdHlsZSUzRCUyMmZvbnQtc2l6ZSUzQSUyMDgwJTI1JTIwJTIxaW1wb3J0YW50JTNCJTIyJTNFZW4lMjBleHAlQzMlQTlkaXRpb24lMjBncmF0dWl0ZSUzQyUyRnNwYW4lM0UlM0MlMkZkaXYlM0UlMEElM0MlMkZkaXYlM0UlMEElM0NkaXYlMjBjbGFzcyUzRCUyMnJhY3AtcjItYzMtY2lyY2xlMiUyMiUzRSUwQSUzQ2RpdiUyMGNsYXNzJTNEJTIycmFjcC1yMi1jMy1jaXJjbGUyLXRpdGxlMSUyMiUzRSUzQyUyRmRpdiUzRSUwQSUzQ2RpdiUyMGNsYXNzJTNEJTIycmFjcC1yMi1jMy1jaXJjbGUyLXRpdGxlMiUyMiUyMHN0eWxlJTNEJTIyZm9udC13ZWlnaHQlM0ElMjBub3JtYWwlMjAlMjFpbXBvcnRhbnQlM0IlMjBtYXJnaW4tdG9wJTNBMTJweCUyMCUyMWltcG9ydGFudCUzQiUyMGxpbmUtaGVpZ2h0JTNBJTIwMS4yZW0lMjAlMjFpbXBvcnRhbnQlM0IlMjIlM0VEZSUyMHBsdXMlMkMlMjB2b3MlMjBhbWlzJTNDYnIlMkYlM0UlMEFyZSVDMyVBN29pdmVudCUyMHVuJTIwJTNDc3BhbiUyMHN0eWxlJTNEJTIyZm9udC13ZWlnaHQlM0ElMjA5MDAlM0IlMjIlM0UxMC4wMCUyNCUzQyUyRnNwYW4lM0UlM0NiciUyRiUzRSUwQWRlJTIwY3IlQzMlQTlkaXQlMjBhcHIlQzMlQThzJTIwJTNDYnIlMkYlM0UlMEFsZXVyJTIwcHJlbWllciUyMGVudm9pJTNDJTJGZGl2JTNFJTNDJTJGZGl2JTNF[\/vc_raw_html][\/vc_column][\/vc_row][vc_row el_class=&#8221;.racp-r2&#8243;][vc_column width=&#8221;1\/4&#8243; el_class=&#8221;.racp-r2-c1&#8243;][vc_row_inner][vc_column_inner][vc_column_text] En tant que fid\u00e8le client de Flagship, vous \u00eates la personne id\u00e9ale qui peut parler des avantages&#8230;<\/p>\n","protected":false},"author":5,"featured_media":0,"parent":0,"menu_order":0,"comment_status":"closed","ping_status":"closed","template":"","meta":{"footnotes":""},"class_list":["post-2709","page","type-page","status-publish","hentry"],"_links":{"self":[{"href":"https:\/\/www.flagshipcompany.com\/fr\/wp-json\/wp\/v2\/pages\/2709","targetHints":{"allow":["GET"]}}],"collection":[{"href":"https:\/\/www.flagshipcompany.com\/fr\/wp-json\/wp\/v2\/pages"}],"about":[{"href":"https:\/\/www.flagshipcompany.com\/fr\/wp-json\/wp\/v2\/types\/page"}],"author":[{"embeddable":true,"href":"https:\/\/www.flagshipcompany.com\/fr\/wp-json\/wp\/v2\/users\/5"}],"replies":[{"embeddable":true,"href":"https:\/\/www.flagshipcompany.com\/fr\/wp-json\/wp\/v2\/comments?post=2709"}],"version-history":[{"count":60,"href":"https:\/\/www.flagshipcompany.com\/fr\/wp-json\/wp\/v2\/pages\/2709\/revisions"}],"predecessor-version":[{"id":16227,"href":"https:\/\/www.flagshipcompany.com\/fr\/wp-json\/wp\/v2\/pages\/2709\/revisions\/16227"}],"wp:attachment":[{"href":"https:\/\/www.flagshipcompany.com\/fr\/wp-json\/wp\/v2\/media?parent=2709"}],"curies":[{"name":"wp","href":"https:\/\/api.w.org\/{rel}","templated":true}]}}