{"id":2833,"date":"2016-06-03T13:43:23","date_gmt":"2016-06-03T13:43:23","guid":{"rendered":"https:\/\/staging-wordpress.flagshipcompany.com\/fr\/?page_id=2833"},"modified":"2023-01-12T15:01:19","modified_gmt":"2023-01-12T20:01:19","slug":"programme-de-recommandation-de-flagship","status":"publish","type":"page","link":"https:\/\/www.flagshipcompany.com\/fr\/programme-de-recommandation-de-flagship\/","title":{"rendered":"Programme de recommandation de Flagship"},"content":{"rendered":"<div class=\"wpb-content-wrapper\"><p>[vc_row css=&#8221;.vc_custom_1464961108644{padding-top: 50px !important;}&#8221; el_class=&#8221;.wttfrpp-r1&#8243;][vc_column][vc_column_text]<\/p>\n<h1>Programme de recommandation de Flagship<\/h1>\n<h2><b>Vous partagez, Nous partageons !<\/b><\/h2>\n<p style=\"text-align: justify;\">Vous avez plein d\u2019avantages avec\u00a0Flagship\u2122\u00a0&#8211; pourquoi ne pas les partager avec d\u2019autres propri\u00e9taires d\u2019entreprise ? En plus, vous aurez un beau bonus ! Partager la nouvelle et obtenez un\u00a0 <strong>25 $ d\u2019exp\u00e9dition gratuite\u00a0<\/strong> ET une\u00a0 <strong>carte-cadeau de 20 $.<\/strong><\/p>\n<div style=\"text-align: justify;\">Obtenez ce beau bonus pour toute personne que vous r\u00e9f\u00e9rez et qui effectue au moins un envoi via\u00a0SmartShip\u2122.\u00a0<em>Cette promotion est valide jusqu\u2019au 31 mai 2016.<\/em><\/div>\n<p>&nbsp;<\/p>\n<div style=\"text-align: justify;\"><span style=\"text-decoration: underline;\">Choisissez parmi ces 3 cartes-cadeaux de 20 $ :<\/span><\/div>\n<div style=\"text-align: justify;\"><\/div>\n<div style=\"text-align: justify;\"><strong>20 $ chez Starbucks<\/strong><\/div>\n<div style=\"text-align: justify;\"><strong>20 $ d\u2019Esso<\/strong><\/div>\n<div style=\"text-align: justify;\"><strong>20 $ de Bon App\u00e9tit<\/strong><\/div>\n<div style=\"text-align: justify;\"><\/div>\n<h1>N\u2019ATTENDEZ PAS \u2013 PASSEZ LE MOT DES AUJOURD\u2019HUI !<\/h1>\n<p>Vos amis peuvent s\u2019inscrire rapidement en quelques minutes. Voici comment:<\/p>\n<p>1. En nous appelant au 1-866-320-8383.<\/p>\n<p>2. En allant sur\u00a0 <a href=\"..\/inscrivez-vous\/\">Inscrivez-vous<\/a>. Simplement envoy\u00e9 le lien \u00e0 votre ami.<\/p>\n<p>N\u2019oubliez pas d\u2019aviser vos amis de mentionner votre nom lors de l\u2019inscription aupr\u00e8s de Flagship.<\/p>\n<h6><\/h6>\n<p>&nbsp;<\/p>\n<h6><em>L\u2019approbation pour l\u2019ouverture de nouveaux comptes est sujette \u00e0 la seule discr\u00e9tion de FlagShip Courier Solutions Inc.<\/em><\/h6>\n<h6><em>Pour \u00eates admissible \u00e0 la prime du programme de recommandation, votre compte doit \u00eatre en r\u00e8gle. L\u2019offre est disponible uniquement pour le compte sp\u00e9cifique (\u00ab vous \u00bb) et le compte admissible selon nos dossiers qui a re\u00e7u l\u2019offre par courriel. L\u2019offre est valide en date du 16 ao\u00fbt 2012 jusqu\u2019\u00e0 indication contraire de la part de Solutions Courrier Flagship. Cette offre sp\u00e9ciale de 20$ en une carte-cadeau de votre choix est valide du 1 avril 2016 au 31 mai 2016. Cette offre et ce m\u00eame compte inscrit doivent \u00eatre utilis\u00e9s lors de l\u2019application de la prime d\u2019exp\u00e9dition de 25 $. Pour \u00eatre admissible \u00e0 un (1) cr\u00e9dit d\u2019exp\u00e9dition de 25 $, le client que vous avez recommand\u00e9 doit \u00eatre qualifi\u00e9 par Solutions Courrier FlagShip selon nos r\u00e8glements relatifs aux transporteurs, et au moins un (1) envoi doit \u00eatre factur\u00e9 au compte du client recommand\u00e9 avant que votre cr\u00e9dit d\u2019exp\u00e9dition de 25 $ ne puisse \u00eatre appliqu\u00e9. L\u2019offre est bas\u00e9e en dollars canadiens. Veuillez allouer un d\u00e9lai allant jusqu\u2019\u00e0 30 jours \u00e0 compter du premier envoi de la personne que vous avez recommand\u00e9e pour que la prime d\u2019exp\u00e9dition soit appliqu\u00e9e \u00e0 votre compte. D\u2019autres modalit\u00e9s s\u2019appliquent.<\/em><\/h6>\n<p>[\/vc_column_text][\/vc_column][\/vc_row][vc_row css=&#8221;.vc_custom_1464961108644{padding-top: 50px !important;}&#8221; el_class=&#8221;.wttfrpp-r1&#8243;][vc_column][vc_column_text]<\/p>\n<h1>Programme de recommandation de Flagship<\/h1>\n<h2><b>Vous partagez, Nous partageons !<\/b><\/h2>\n<p style=\"text-align: justify;\">Vous avez plein d\u2019avantages avec\u00a0Flagship\u2122\u00a0&#8211; pourquoi ne pas les partager avec d\u2019autres propri\u00e9taires d\u2019entreprise ? En plus, vous aurez un beau bonus ! Partager la nouvelle et obtenez un\u00a0 <strong>25 $ d\u2019exp\u00e9dition gratuite\u00a0<\/strong> ET une\u00a0 <strong>carte-cadeau de 20 $.<\/strong><\/p>\n<div style=\"text-align: justify;\">Obtenez ce beau bonus pour toute personne que vous r\u00e9f\u00e9rez et qui effectue au moins un envoi via\u00a0SmartShip\u2122.\u00a0<em>Cette promotion est valide jusqu\u2019au 31 mai 2016.<\/em><\/div>\n<p>&nbsp;<\/p>\n<div style=\"text-align: justify;\"><span style=\"text-decoration: underline;\">Choisissez parmi ces 3 cartes-cadeaux de 20 $ :<\/span><\/div>\n<div style=\"text-align: justify;\"><\/div>\n<div style=\"text-align: justify;\"><strong>20 $ chez Starbucks<\/strong><\/div>\n<div style=\"text-align: justify;\"><strong>20 $ d\u2019Esso<\/strong><\/div>\n<div style=\"text-align: justify;\"><strong>20 $ de Bon App\u00e9tit<\/strong><\/div>\n<div style=\"text-align: justify;\"><\/div>\n<h1>N\u2019ATTENDEZ PAS \u2013 PASSEZ LE MOT DES AUJOURD\u2019HUI !<\/h1>\n<p>Vos amis peuvent s\u2019inscrire rapidement en quelques minutes. Voici comment:<\/p>\n<p>1. En nous appelant au 1-866-320-8383.<\/p>\n<p>2. En allant sur\u00a0 <a href=\"..\/inscrivez-vous\/\">Inscrivez-vous<\/a>. Simplement envoy\u00e9 le lien \u00e0 votre ami.<\/p>\n<p>N\u2019oubliez pas d\u2019aviser vos amis de mentionner votre nom lors de l\u2019inscription aupr\u00e8s de Flagship.<\/p>\n<h6><\/h6>\n<p>&nbsp;<\/p>\n<h6><em>L\u2019approbation pour l\u2019ouverture de nouveaux comptes est sujette \u00e0 la seule discr\u00e9tion de FlagShip Courier Solutions Inc.<\/em><\/h6>\n<h6><em>Pour \u00eates admissible \u00e0 la prime du programme de recommandation, votre compte doit \u00eatre en r\u00e8gle. L\u2019offre est disponible uniquement pour le compte sp\u00e9cifique (\u00ab vous \u00bb) et le compte admissible selon nos dossiers qui a re\u00e7u l\u2019offre par courriel. L\u2019offre est valide en date du 16 ao\u00fbt 2012 jusqu\u2019\u00e0 indication contraire de la part de Solutions Courrier Flagship. Cette offre sp\u00e9ciale de 20$ en une carte-cadeau de votre choix est valide du 1 avril 2016 au 31 mai 2016. Cette offre et ce m\u00eame compte inscrit doivent \u00eatre utilis\u00e9s lors de l\u2019application de la prime d\u2019exp\u00e9dition de 25 $. Pour \u00eatre admissible \u00e0 un (1) cr\u00e9dit d\u2019exp\u00e9dition de 25 $, le client que vous avez recommand\u00e9 doit \u00eatre qualifi\u00e9 par Solutions Courrier FlagShip selon nos r\u00e8glements relatifs aux transporteurs, et au moins un (1) envoi doit \u00eatre factur\u00e9 au compte du client recommand\u00e9 avant que votre cr\u00e9dit d\u2019exp\u00e9dition de 25 $ ne puisse \u00eatre appliqu\u00e9. L\u2019offre est bas\u00e9e en dollars canadiens. Veuillez allouer un d\u00e9lai allant jusqu\u2019\u00e0 30 jours \u00e0 compter du premier envoi de la personne que vous avez recommand\u00e9e pour que la prime d\u2019exp\u00e9dition soit appliqu\u00e9e \u00e0 votre compte. D\u2019autres modalit\u00e9s s\u2019appliquent.<\/em><\/h6>\n<p>[\/vc_column_text][\/vc_column][\/vc_row]<\/p>\n<\/div>","protected":false},"excerpt":{"rendered":"<p>[vc_row css=&#8221;.vc_custom_1464961108644{padding-top: 50px !important;}&#8221; el_class=&#8221;.wttfrpp-r1&#8243;][vc_column][vc_column_text] Programme de recommandation de Flagship Vous partagez, Nous partageons ! Vous avez plein d\u2019avantages avec\u00a0Flagship\u2122\u00a0&#8211; pourquoi ne pas les partager avec d\u2019autres propri\u00e9taires d\u2019entreprise ? En plus, vous&#8230;<\/p>\n","protected":false},"author":5,"featured_media":0,"parent":0,"menu_order":0,"comment_status":"closed","ping_status":"closed","template":"","meta":{"footnotes":""},"class_list":["post-2833","page","type-page","status-publish","hentry"],"_links":{"self":[{"href":"https:\/\/www.flagshipcompany.com\/fr\/wp-json\/wp\/v2\/pages\/2833","targetHints":{"allow":["GET"]}}],"collection":[{"href":"https:\/\/www.flagshipcompany.com\/fr\/wp-json\/wp\/v2\/pages"}],"about":[{"href":"https:\/\/www.flagshipcompany.com\/fr\/wp-json\/wp\/v2\/types\/page"}],"author":[{"embeddable":true,"href":"https:\/\/www.flagshipcompany.com\/fr\/wp-json\/wp\/v2\/users\/5"}],"replies":[{"embeddable":true,"href":"https:\/\/www.flagshipcompany.com\/fr\/wp-json\/wp\/v2\/comments?post=2833"}],"version-history":[{"count":6,"href":"https:\/\/www.flagshipcompany.com\/fr\/wp-json\/wp\/v2\/pages\/2833\/revisions"}],"predecessor-version":[{"id":16564,"href":"https:\/\/www.flagshipcompany.com\/fr\/wp-json\/wp\/v2\/pages\/2833\/revisions\/16564"}],"wp:attachment":[{"href":"https:\/\/www.flagshipcompany.com\/fr\/wp-json\/wp\/v2\/media?parent=2833"}],"curies":[{"name":"wp","href":"https:\/\/api.w.org\/{rel}","templated":true}]}}