{"id":4640,"date":"2017-02-07T07:00:39","date_gmt":"2017-02-07T07:00:39","guid":{"rendered":"https:\/\/www.flagshipcompany.com\/fr\/?page_id=4640"},"modified":"2025-01-13T11:19:29","modified_gmt":"2025-01-13T16:19:29","slug":"expedition-personnelle","status":"publish","type":"page","link":"https:\/\/www.flagshipcompany.com\/fr\/expedition-personnelle\/","title":{"rendered":"Expedition Personnelle"},"content":{"rendered":"<div class=\"wpb-content-wrapper\"><p>[vc_row full_width=&#8221;stretch_row_content_no_spaces&#8221;][vc_column][vc_raw_html]JTNDZGl2JTIwY2xhc3MlM0QlMjJoZWFkZXItYm94LXJlbGF0aXZlJTIyJTNFJTBBJTBBJTNDZGl2JTIwY2xhc3MlM0QlMjJoZWFkZXItYm94LWJrZyUyMiUyMCUzRSUwQSUzQ2ltZyUyMHNyYyUzRCUyMi4uJTJGLi4lMkZhcHAlMkZ1cGxvYWRzJTJGMjAxNiUyRjA1JTJGY291cmllci1zZXJ2aWNlLWhlYWRlci1pbWFnZS0yLnBuZyUyMiUyMCUyRiUzRSUwQSUzQyUyRmRpdiUzRSUwQSUwQSUzQ2RpdiUyMGNsYXNzJTNEJTIyaGVhZGVyLWNlbnRlci10ZXh0LWFic29sdXRlJTIyJTNFJTNDaDElM0VFeHAlQzMlQTlkaXRpb24lMjAlM0Nmb250JTIwY2xhc3MlM0QlMjJsYXRvLW5vcm1hbCUyMiUzRVBlcnNvbm5lbGxlJTNDJTJGZm9udCUzRSUzQyUyRmgxJTNFJTNDJTJGZGl2JTNFJTBBJTIwJTIwJTIwJTIwJTBBJTNDJTJGZGl2JTNF[\/vc_raw_html][\/vc_column][\/vc_row][vc_row el_class=&#8221;.csp-r1&#8243;][vc_column width=&#8221;1\/4&#8243; el_class=&#8221;.csp-r1-c1&#8243;][vc_column_text]<\/p>\n<h2 style=\"color: #575756 !important;\">La mani\u00e8re simple, pratique et abordable d&#8217;exp\u00e9dier vos colis personnels au Canada.<\/h2>\n<p>[\/vc_column_text][\/vc_column][vc_column width=&#8221;3\/4&#8243; el_class=&#8221;.csp-r1-c2&#8243;][vc_column_text]Si vous voulez exp\u00e9dier un colis \u00e0 un ami ou un membre de la famille, ou retourner un achat, FlagShip GO est la solution pour vous.\u00a0 \u00c9tapes simples, options abordables&#8230; et vous pouvez m\u00eame planifier un ramassage \u00e0 domicile.\u00a0 \u00c9vitez les probl\u00e8mes et les files d&#8217;attente, et envoyez votre colis o\u00f9 il le faut, facilement, avec FlagShip GO.<\/p>\n<p><strong><a href=\"http:\/\/go.flagshipcompany.com\" target=\"_blank\" rel=\"noopener noreferrer\">Commencez \u00e0 exp\u00e9dier partout au Canada d\u00e8s maintenant!\u00a0<\/a><\/strong>[\/vc_column_text][vc_single_image image=&#8221;4667&#8243; img_size=&#8221;medium&#8221; onclick=&#8221;custom_link&#8221; link=&#8221;https:\/\/go.flagshipcompany.com\/&#8221;][\/vc_column][\/vc_row][vc_row full_width=&#8221;stretch_row&#8221; el_class=&#8221;.csp-r2&#8243; css=&#8221;.vc_custom_1463923868358{background-color: #f6f5f5 !important;}&#8221;][vc_column width=&#8221;1\/3&#8243; el_class=&#8221;.csp-r2-c1&#8243;][vc_single_image image=&#8221;2632&#8243; img_size=&#8221;full&#8221; alignment=&#8221;center&#8221;][vc_column_text el_class=&#8221;.lato-light&#8221;]<\/p>\n<div class=\"csp-r2-title\">ABORDABLE<\/div>\n<p>Comment savez-vous que vous obtenez le meilleur prix?\u00a0 Notre syst\u00e8me en ligne exclusif vous permet de consulter et de comparer les tarifs r\u00e9duits et le service des principaux services de messagerie comme Purolator, UPS, FedEx, Canpar, DHL et GLS le tout dans un tableau facile \u00e0 lire.\u00a0 Vous n&#8217;avez alors qu&#8217;\u00e0 choisir celui qui vous convient et confirmer votre envoi en quelques clics.[\/vc_column_text][\/vc_column][vc_column width=&#8221;1\/3&#8243; el_class=&#8221;.csp-r2-c2&#8243;][vc_single_image image=&#8221;2634&#8243; img_size=&#8221;full&#8221; alignment=&#8221;center&#8221;][vc_column_text el_class=&#8221;.lato-light&#8221;]<\/p>\n<div class=\"csp-r2-title\"><span lang=\"FR-CA\">FACILE<\/span><\/div>\n<p>Vous n&#8217;exp\u00e9diez sans doute pas des colis souvent, mais quand vous le faites, c&#8217;est quelque chose qui compte pour vous.\u00a0 FlagShip GO offre un processus facile \u00e0 suivre et facile \u00e0 utiliser qui vous guide \u00e0 chaque \u00e9tape, comme choisir le service qui vous convient, imprimer des \u00e9tiquettes et planifier votre ramassage.\u00a0 Et si vous avez besoin d&#8217;aide, notre \u00e9quipe de soutien \u00e0 la client\u00e8le est l\u00e0 et heureuse de vous aider.[\/vc_column_text][\/vc_column][vc_column width=&#8221;1\/3&#8243; el_class=&#8221;.csp-r2-c3&#8243;][vc_single_image image=&#8221;2636&#8243; img_size=&#8221;full&#8221; alignment=&#8221;center&#8221;][vc_column_text el_class=&#8221;.lato-light&#8221;]<\/p>\n<div class=\"csp-r2-title\"><span lang=\"FR-CA\">PRATIQUE<\/span><\/div>\n<p>Nous savons que vous \u00eates occup\u00e9.\u00a0 C&#8217;est pourquoi nous avons con\u00e7u FlagShip GO pour simplifier le processus d&#8217;exp\u00e9dition.\u00a0 Vous pouvez effectuer toutes les \u00e9tapes et obtenir les documents requis \u00e0 partir de votre ordinateur ou appareil intelligent.\u00a0 Vous pouvez m\u00eame demander au service de messagerie de venir chercher votre colis au moment qui vous convient![\/vc_column_text][\/vc_column][\/vc_row][vc_row el_class=&#8221;.csp-r3&#8243;][vc_column width=&#8221;7\/12&#8243; el_class=&#8221;.csp-r3-c1 .lato-light&#8221;][vc_column_text]Vous voulez peut-\u00eatre exp\u00e9dier un colis-surprise \u00e0 votre fille qui \u00e9tudie loin de la maison.\u00a0 Ou envoyer des cadeaux des F\u00eates \u00e0 vos neveux dans une autre province.\u00a0 Ou retourner un achat en ligne.\u00a0 Peu importe ce qui se trouve dans la bo\u00eete que vous envoyez, FlagShip s&#8217;assurera qu&#8217;elle se rend \u00e0 destination.<\/p>\n<p>FlagShip est un revendeur autoris\u00e9 de Purolator, UPS, FedEx, Canpar, DHL et GLS et nous avons plus d&#8217;une d\u00e9cennie d&#8217;exp\u00e9rience dans l&#8217;industrie de l&#8217;exp\u00e9dition.\u00a0 Ces deux facteurs nous ont aid\u00e9s \u00e0 d\u00e9velopper nos syst\u00e8mes en ligne exclusifs, incluant FlagShip GO.\u00a0 Et tout ceci pour vous permettre d&#8217;exp\u00e9dier vos colis facilement et \u00e0 frais r\u00e9duits.<\/p>\n<p>L&#8217;exp\u00e9dition n&#8217;a pas \u00e0 \u00eatre compliqu\u00e9e.\u00a0 Choisissez FlagShip GO pour obtenir des options d&#8217;exp\u00e9ditions simples, pratiques et abordables.\u00a0 Parce que vos colis sont importants pour vous\u2026 et nous.<\/p>\n<p><a href=\"http:\/\/go.flagshipcompany.com\" target=\"_blank\" rel=\"noopener noreferrer\">Commencez \u00e0 exp\u00e9dier partout au Canada d\u00e8s maintenant!\u00a0<\/a><\/p>\n<p>Pour en apprendre plus, appelez-nous au <strong>\u00a0<\/strong><strong>1.866.535.2446<\/strong>\u00a0ou envoyez-nous un courriel \u00e0 \u00a0<a href=\"mailto:support@flagshipcompany.com\">support@flagshipcompany.com<\/a>[\/vc_column_text][\/vc_column][vc_column width=&#8221;5\/12&#8243; el_class=&#8221;.csp-r3-c2&#8243;][vc_single_image image=&#8221;1957&#8243; img_size=&#8221;full&#8221;][\/vc_column][\/vc_row]<\/p>\n<\/div>","protected":false},"excerpt":{"rendered":"<p>[vc_row full_width=&#8221;stretch_row_content_no_spaces&#8221;][vc_column][vc_raw_html]JTNDZGl2JTIwY2xhc3MlM0QlMjJoZWFkZXItYm94LXJlbGF0aXZlJTIyJTNFJTBBJTBBJTNDZGl2JTIwY2xhc3MlM0QlMjJoZWFkZXItYm94LWJrZyUyMiUyMCUzRSUwQSUzQ2ltZyUyMHNyYyUzRCUyMi4uJTJGLi4lMkZhcHAlMkZ1cGxvYWRzJTJGMjAxNiUyRjA1JTJGY291cmllci1zZXJ2aWNlLWhlYWRlci1pbWFnZS0yLnBuZyUyMiUyMCUyRiUzRSUwQSUzQyUyRmRpdiUzRSUwQSUwQSUzQ2RpdiUyMGNsYXNzJTNEJTIyaGVhZGVyLWNlbnRlci10ZXh0LWFic29sdXRlJTIyJTNFJTNDaDElM0VFeHAlQzMlQTlkaXRpb24lMjAlM0Nmb250JTIwY2xhc3MlM0QlMjJsYXRvLW5vcm1hbCUyMiUzRVBlcnNvbm5lbGxlJTNDJTJGZm9udCUzRSUzQyUyRmgxJTNFJTNDJTJGZGl2JTNFJTBBJTIwJTIwJTIwJTIwJTBBJTNDJTJGZGl2JTNF[\/vc_raw_html][\/vc_column][\/vc_row][vc_row el_class=&#8221;.csp-r1&#8243;][vc_column width=&#8221;1\/4&#8243; el_class=&#8221;.csp-r1-c1&#8243;][vc_column_text] La mani\u00e8re simple, pratique et abordable d&#8217;exp\u00e9dier vos colis personnels au Canada. [\/vc_column_text][\/vc_column][vc_column width=&#8221;3\/4&#8243; el_class=&#8221;.csp-r1-c2&#8243;][vc_column_text]Si vous voulez exp\u00e9dier un colis \u00e0 un ami ou un membre de la&#8230;<\/p>\n","protected":false},"author":5,"featured_media":0,"parent":0,"menu_order":0,"comment_status":"closed","ping_status":"closed","template":"","meta":{"footnotes":""},"class_list":["post-4640","page","type-page","status-publish","hentry"],"_links":{"self":[{"href":"https:\/\/www.flagshipcompany.com\/fr\/wp-json\/wp\/v2\/pages\/4640","targetHints":{"allow":["GET"]}}],"collection":[{"href":"https:\/\/www.flagshipcompany.com\/fr\/wp-json\/wp\/v2\/pages"}],"about":[{"href":"https:\/\/www.flagshipcompany.com\/fr\/wp-json\/wp\/v2\/types\/page"}],"author":[{"embeddable":true,"href":"https:\/\/www.flagshipcompany.com\/fr\/wp-json\/wp\/v2\/users\/5"}],"replies":[{"embeddable":true,"href":"https:\/\/www.flagshipcompany.com\/fr\/wp-json\/wp\/v2\/comments?post=4640"}],"version-history":[{"count":12,"href":"https:\/\/www.flagshipcompany.com\/fr\/wp-json\/wp\/v2\/pages\/4640\/revisions"}],"predecessor-version":[{"id":21623,"href":"https:\/\/www.flagshipcompany.com\/fr\/wp-json\/wp\/v2\/pages\/4640\/revisions\/21623"}],"wp:attachment":[{"href":"https:\/\/www.flagshipcompany.com\/fr\/wp-json\/wp\/v2\/media?parent=4640"}],"curies":[{"name":"wp","href":"https:\/\/api.w.org\/{rel}","templated":true}]}}