{"id":5681,"date":"2018-09-17T22:37:01","date_gmt":"2018-09-17T22:37:01","guid":{"rendered":"https:\/\/www.flagshipcompany.com\/?page_id=5681"},"modified":"2022-10-19T14:54:31","modified_gmt":"2022-10-19T18:54:31","slug":"expedition-a-rabais-montreal","status":"publish","type":"page","link":"https:\/\/www.flagshipcompany.com\/fr\/expedition-a-rabais-montreal\/","title":{"rendered":"Exp\u00e9dition \u00e0 rabais Montreal"},"content":{"rendered":"<div class=\"wpb-content-wrapper\"><p>[vc_row full_width=&#8221;stretch_row_content_no_spaces&#8221;][vc_column][vc_raw_html]JTNDZGl2JTIwY2xhc3MlM0QlMjJoZWFkZXItYm94LXJlbGF0aXZlJTIyJTNFJTBBJTBBJTNDZGl2JTIwY2xhc3MlM0QlMjJoZWFkZXItYm94LWJrZyUyMiUyMCUzRSUwQSUzQ2ltZyUyMHNyYyUzRCUyMmh0dHBzJTNBJTJGJTJGd3d3LmZsYWdzaGlwY29tcGFueS5jb20lMkYlMkZhcHAlMkZ1cGxvYWRzJTJGMjAxOCUyRjA4JTJGTW9udHJlYWwtc2hpcHBpbmctaGVhZGVyLmpwZyUyMiUyMCUyRiUzRSUwQSUzQyUyRmRpdiUzRSUwQSUwQSUzQ2RpdiUyMGNsYXNzJTNEJTIyaGVhZGVyLWNlbnRlci10ZXh0LWFic29sdXRlMiUyMiUzRSUwQSUzQ2RpdiUyMGNsYXNzJTNEJTIyaGVhZGVyLWNlbnRlci10ZXh0LWFic29sdXRlMi1pbm5lciUyMiUzRSUwQSUzQ2gxJTNFJTNDZm9udCUyMGNsYXNzJTNEJTIybGF0by1ub3JtYWwlMjIlM0VMJUUyJTgwJTk5RVhQJUMzJTg5RElUSU9OJTIwJUMzJTgwJTIwUkFCQUlTJTJDJTIwJTNDJTJGZm9udCUzRU1PTlRSRUFMJTNDJTJGaDElM0UlM0MlMkZkaXYlM0UlMEElM0MlMkZkaXYlM0UlMEElMjAlMjAlMjAlMjAlMEElM0MlMkZkaXYlM0U=[\/vc_raw_html][\/vc_column][\/vc_row][vc_row el_class=&#8221;.eip-r1&#8243;][vc_column width=&#8221;1\/4&#8243; el_class=&#8221;.eip-r1-c1&#8243;][vc_single_image image=&#8221;5639&#8243; img_size=&#8221;full&#8221; alignment=&#8221;center&#8221;][vc_column_text]<\/p>\n<h2>EXP\u00c9DITION SANS TRACAS<br \/>\nPOUR LES PME DE MONTR\u00c9AL<\/h2>\n<p>[\/vc_column_text][\/vc_column][vc_column width=&#8221;3\/4&#8243; el_class=&#8221;.eip-r1-c2 .lato-light&#8221;][vc_column_text]<span class=\"lato-normal uppercase-all title-blue\">Exp\u00e9diez facilement \u00e0 partir de Montr\u00e9al avec la solution d&#8217;exp\u00e9dition \u00e0 rabais de FlagShip<\/span><br \/>\nFlagShip offre des <a href=\"\/?page_id=2296\">solutions d&#8217;exp\u00e9dition \u00e0 rabais<\/a> aux petites et moyennes entreprises de partout au Canada et s&#8217;est engag\u00e9e \u00e0 fournir des services d\u2019exp\u00e9dition hors pair \u00e0 Montr\u00e9al et sa p\u00e9riph\u00e9rie. Pour vos envois au Canada ou \u00e0 l\u2019international, FlagShip s\u2019est engag\u00e9e \u00e0 vous aider \u00e0 \u00e9conomiser temps et argent.<\/p>\n<p>Nous ne ramassons pas ni ne d\u00e9livrons vos colis. C&#8217;est l\u2019entreprise d\u2019exp\u00e9dition de votre choix qui le fait. Nous vous proposons simplement des rabais et nous vous offrons une fa\u00e7on plus pratique pour g\u00e9rer vos envois avec l\u2019entreprise d\u2019exp\u00e9dition de votre choix. Notre service repose sur notre <a href=\"\/?page_id=2305\">syst\u00e8me d&#8217;exp\u00e9dition en ligne<\/a> qui est li\u00e9 aux principales entreprises d\u2019exp\u00e9dition. Ce syst\u00e8me vous permet d&#8217;obtenir les meilleurs tarifs en comparant instantan\u00e9ment des soumissions des principaux services de messagerie, sans avoir \u00e0 faire des recherches sur divers sites.<\/p>\n<p><em>Le syst\u00e8me d\u2019exp\u00e9dition en ligne de FlagShip vous permet de facilement voir et comparer les tarifs et les services des principales entreprises d&#8217;exp\u00e9dition, de choisir le service qui vous convient et de traiter, g\u00e9rer et suivre vos envois \u00e0 un seul endroit. De plus, \u00e9conomisez jusqu&#8217;\u00e0 70% sur vos envois!<\/em><\/p>\n<p>Avec FlagShip, il n&#8217;y a pas de frais d&#8217;inscription ou d&#8217;utilisation. Tout ce dont vous avez besoin pour utiliser notre syst\u00e8me d&#8217;exp\u00e9dition est une connexion Internet \u2013 il n&#8217;y a aucun logiciel \u00e0 t\u00e9l\u00e9charger ou \u00e0 installer. <a href=\"\/?page_id=2380\">Inscrivez-vous d\u00e8s aujourd&#8217;hui!<\/a><\/p>\n<p><span class=\"lato-normal uppercase-all title-blue\">Nous avons des relations avec des services d&#8217;exp\u00e9dition de renom<\/span><br \/>\nChez FlagShip, nous nous sp\u00e9cialisons dans les services d&#8217;exp\u00e9dition \u00e0 Montr\u00e9al en utilisant les entreprises d&#8217;exp\u00e9dition les plus grosses et les plus reconnues. Nos relations \u00e0 long terme avec d\u2019importantes entreprises d\u2019exp\u00e9dition comme Purolator, UPS, FedEx, DHL, Canpar et GLS, nous permettent d\u2019obtenir un escompte de volume sur les frais d\u2019exp\u00e9dition \u2013 et nous vous transmettons ces \u00e9conomies. Nous ne ramassons pas ni ne d\u00e9livrons vos colis. C&#8217;est l\u2019entreprise d\u2019exp\u00e9dition de votre choix qui le fait. Nous vous proposons simplement des rabais et nous vous offrons une fa\u00e7on plus pratique pour g\u00e9rer vos envois avec le l\u2019entreprise d\u2019exp\u00e9dition de votre choix. Au c\u0153ur de notre service, on retrouve le syst\u00e8me d&#8217;exp\u00e9dition en ligne unique et convivial qui est reli\u00e9 aux principales entreprises d\u2019exp\u00e9dition.[\/vc_column_text][vc_single_image image=&#8221;13633&#8243; img_size=&#8221;full&#8221;][\/vc_column][\/vc_row][vc_row full_width=&#8221;stretch_row&#8221; css=&#8221;.vc_custom_1462695407433{background-color: #f6f7f9 !important;}&#8221; el_class=&#8221;.eip-r2&#8243;][vc_column width=&#8221;1\/2&#8243; el_class=&#8221;.eip-r2-c1 .lato-light&#8221;][vc_column_text]<\/p>\n<h2><span style=\"color: #58595b !important;\">Pouvez-vous vraiment \u00e9conomiser de l&#8217;argent sur vos exp\u00e9ditions \u00e0 Montr\u00e9al?<\/span><span style=\"color: #0ca8e2 !important; font-weight: bold;\"> OUI!<\/span><\/h2>\n<p>Notre mission est d&#8217;aider les exp\u00e9diteurs \u00e0 petit volume \u00e0 obtenir d&#8217;excellents taux d&#8217;exp\u00e9dition en plus d&#8217;avoir acc\u00e8s au meilleur soutien \u00e0 la client\u00e8le de l&#8217;industrie <a href=\"\/?page_id=2380\">Inscrivez-vous gratuitement et commencer \u00e0 comparer les tarifs d&#8217;exp\u00e9dition!<\/a>[\/vc_column_text][\/vc_column][vc_column width=&#8221;1\/2&#8243; el_class=&#8221;.eip-r2-c2 .lato-light&#8221;][vc_column_text]<strong>Avantages des services d&#8217;exp\u00e9dition de Montr\u00e9al lorsque vous exp\u00e9diez avec FlagShip:<\/strong><\/p>\n<ul>\n<li>Comparez les tarifs pour les principales entreprises d&#8217;exp\u00e9dition \u2013 Purolator, UPS, FedEx, DHL, Canpar et GLS<\/li>\n<li>Acc\u00e9dez au syst\u00e8me d&#8217;exp\u00e9dition en ligne de FlagShip<\/li>\n<li>Couverture d&#8217;assurance suppl\u00e9mentaire \u00e0 1,25\u00a0$\/100\u00a0$<\/li>\n<li>\u00c9conomisez avec aucun frais de ramassage<\/li>\n<li>Faites votre suivi et recevez des avis de livraison par courriel pour chaque envoi<\/li>\n<li>Imprimez facilement vos \u00e9tiquettes d&#8217;exp\u00e9dition<\/li>\n<li>Recevez une facture consolid\u00e9e pour toutes vos activit\u00e9s d&#8217;exp\u00e9dition<\/li>\n<li>Envoyez et g\u00e9rez facilement des envois \u00e0 diff\u00e9rentes destinations<\/li>\n<li>Exp\u00e9diez partout \u2013 Canada, \u00c9tats-Unis et international<\/li>\n<\/ul>\n<p>[\/vc_column_text][\/vc_column][\/vc_row][vc_row el_class=&#8221;.eip-r4 .lato-light&#8221; css=&#8221;.vc_custom_1535640578951{padding-top: 40px !important;}&#8221;][vc_column][vc_column_text]<span class=\"lato-normal uppercase-all title-blue\">Est-ce que FlagShip convient \u00e0 votre entreprise montr\u00e9alaise? <\/span><br \/>\nSi vous exp\u00e9diez entre 1 envoi par mois et 40 envois par semaine, l&#8217;exp\u00e9dition \u00e0 rabais est parfaite pour votre entreprise. Il est facile d&#8217;obtenir une soumission \u2013 nous n&#8217;avons besoin que d&#8217;un emplacement d&#8217;exp\u00e9dition r\u00e9gulier, incluant le code postal de collecte et d&#8217;exp\u00e9dition, la taille et le poids du colis, ainsi que le type de service requis et nous vous montrerons instantan\u00e9ment vos prix escompt\u00e9s!<\/p>\n<p><span class=\"lato-normal uppercase-all title-blue\">Vous cherchez d&#8217;autres solutions d&#8217;exp\u00e9dition?<\/span><br \/>\nNous offrons de nombreux autres services en plus de notre programme d&#8217;exp\u00e9dition \u00e0 rabais.<\/p>\n<ul>\n<li><a href=\"\/?page_id=2342\">Service de fret et de logistique LTL<\/a> pour vos gros envois.<\/li>\n<li><a href=\"\/?page_id=2348\">Int\u00e9gration de commerce \u00e9lectronique<\/a> pour relier les tarifs d&#8217;exp\u00e9dition \u00e0 rabais de FlagShip \u00e0 votre magasin en ligne.<\/li>\n<\/ul>\n<p><span class=\"lato-normal uppercase-all title-blue\">Vos exp\u00e9ditions sont notre priorit\u00e9<\/span><br \/>\nFlagShip est d\u00e9vou\u00e9e \u00e0 l\u2019am\u00e9lioration des entreprises de ses clients en leur offrant une exp\u00e9rience d\u2019exp\u00e9dition facile et sans stress \u00e0 un prix avantageux. Nous sommes pr\u00e9sents pour travailler avec vous et pour vous faciliter l\u2019exp\u00e9dition afin que vous puissiez vous concentrer ce qui est r\u00e9ellement important : votre entreprise.[\/vc_column_text][\/vc_column][\/vc_row][vc_row][vc_column][vc_column_text]<br \/>\n[\/vc_column_text][\/vc_column][\/vc_row][vc_row full_width=&#8221;stretch_row&#8221; el_class=&#8221;.hp-r9&#8243; css=&#8221;.vc_custom_1464935005953{background-color: #00aae2 !important;}&#8221;][vc_column width=&#8221;1\/2&#8243; el_class=&#8221;.hp-r9-c1&#8243;][vc_raw_html]JTNDZGl2JTIwY2xhc3MlM0QlMjJocC1yOS1jMS10aXRsZTElMjIlM0VDb21tZW50JTIwZCVDMyVBOWJ1dGVyJTNDJTJGZGl2JTNFJTBBJTNDZGl2JTIwY2xhc3MlM0QlMjJocC1yOS1jMS10aXRsZTIlMjIlM0VJbnNjcml2ZXotdm91cyUyMHBvdXIlMjBvYnRlbmlyJTIwdW4lMjBjb21wdGUlMjBzYW5zJTIwb2JsaWdhdGlvbiUyMGV0JTIwc2FucyUyMG1pbmltdW0lMjAlRTIlODAlOTMlMjBjJTI3ZXN0JTIwZ3JhdHVpdCUyMGV0JTIwdm91cyUyMHBvdXZleiUyMGNvbW1lbmNlciUyMG1haW50ZW5hbnQlMjElM0MlMkZkaXYlM0UlMEElM0NkaXYlMjBjbGFzcyUzRCUyMmhwLXI5LWMxLXRpdGxlMyUyMiUzRVZvdXMlMjBhdmV6JTIwZGVzJTIwcXVlc3Rpb25zJTIwb3UlMjBhaW1lcmlleiUyMG9idGVuaXIlMjB1bmUlMjBzb3VtaXNzaW9uJTIwcG91ciUyMGxlcyUyMHNlcnZpY2VzJTIwZCUyN2V4cCVDMyVBOWRpdGlvbiUyMCVDMyVBMCUyME1vbnRyJUMzJUE5YWwlM0YlMjBWZXVpbGxleiUyMG5vdXMlMjBhcHBlbGVyJTIwYXUlMjAxJTIwODY2JTIwMzIwLTgzODMlMjBvdSUyMG5vdXMlMjAlQzMlQTljcmlyZSUyMCVDMyVBMCUzQ2ElMjBocmVmJTNEJTIybWFpbHRvJTNBZW50ZXMlNDBGbGFnU2hpcGNvbXBhbnkuY29tJTIyJTIwc3R5bGUlM0QlMjJjb2xvciUzQSUyMCUyM2ZmZmZmZiUyMCUyMWltcG9ydGFudCUzQiUyMiUzRWVudGVzJTQwRmxhZ1NoaXBjb21wYW55LmNvbSUzQyUyRmElM0UlM0MlMkZkaXYlM0U=[\/vc_raw_html][\/vc_column][vc_column width=&#8221;1\/2&#8243; el_class=&#8221;.hp-r9-c2&#8243;][vc_column_text]<\/p>\n<div class=\"hp-r9-c2-title1\">Ouvrez un compte GRATUIT<\/div>\n<div style=\"text-align: center; margin-top: 42px;\"><a href=\"\/?page_id=2149\"><img decoding=\"async\" style=\"width: 180px;\" src=\"https:\/\/www.flagshipcompany.com\/app\/uploads\/2021\/01\/Allez-Y-Button.svg\" alt=\"\" title=\"\"><\/a><\/div>\n<p>[\/vc_column_text][\/vc_column][\/vc_row][vc_row][vc_column][vc_column_text]<br \/>\n[\/vc_column_text][\/vc_column][\/vc_row]<\/p>\n<\/div>","protected":false},"excerpt":{"rendered":"<p>[vc_row full_width=&#8221;stretch_row_content_no_spaces&#8221;][vc_column][vc_raw_html]JTNDZGl2JTIwY2xhc3MlM0QlMjJoZWFkZXItYm94LXJlbGF0aXZlJTIyJTNFJTBBJTBBJTNDZGl2JTIwY2xhc3MlM0QlMjJoZWFkZXItYm94LWJrZyUyMiUyMCUzRSUwQSUzQ2ltZyUyMHNyYyUzRCUyMmh0dHBzJTNBJTJGJTJGd3d3LmZsYWdzaGlwY29tcGFueS5jb20lMkYlMkZhcHAlMkZ1cGxvYWRzJTJGMjAxOCUyRjA4JTJGTW9udHJlYWwtc2hpcHBpbmctaGVhZGVyLmpwZyUyMiUyMCUyRiUzRSUwQSUzQyUyRmRpdiUzRSUwQSUwQSUzQ2RpdiUyMGNsYXNzJTNEJTIyaGVhZGVyLWNlbnRlci10ZXh0LWFic29sdXRlMiUyMiUzRSUwQSUzQ2RpdiUyMGNsYXNzJTNEJTIyaGVhZGVyLWNlbnRlci10ZXh0LWFic29sdXRlMi1pbm5lciUyMiUzRSUwQSUzQ2gxJTNFJTNDZm9udCUyMGNsYXNzJTNEJTIybGF0by1ub3JtYWwlMjIlM0VMJUUyJTgwJTk5RVhQJUMzJTg5RElUSU9OJTIwJUMzJTgwJTIwUkFCQUlTJTJDJTIwJTNDJTJGZm9udCUzRU1PTlRSRUFMJTNDJTJGaDElM0UlM0MlMkZkaXYlM0UlMEElM0MlMkZkaXYlM0UlMEElMjAlMjAlMjAlMjAlMEElM0MlMkZkaXYlM0U=[\/vc_raw_html][\/vc_column][\/vc_row][vc_row el_class=&#8221;.eip-r1&#8243;][vc_column width=&#8221;1\/4&#8243; el_class=&#8221;.eip-r1-c1&#8243;][vc_single_image image=&#8221;5639&#8243; img_size=&#8221;full&#8221; alignment=&#8221;center&#8221;][vc_column_text] EXP\u00c9DITION SANS TRACAS POUR LES PME DE MONTR\u00c9AL [\/vc_column_text][\/vc_column][vc_column width=&#8221;3\/4&#8243; el_class=&#8221;.eip-r1-c2 .lato-light&#8221;][vc_column_text]Exp\u00e9diez facilement \u00e0 partir de Montr\u00e9al avec la solution d&#8217;exp\u00e9dition \u00e0 rabais de FlagShip&#8230;<\/p>\n","protected":false},"author":5,"featured_media":0,"parent":0,"menu_order":0,"comment_status":"closed","ping_status":"closed","template":"","meta":{"footnotes":""},"class_list":["post-5681","page","type-page","status-publish","hentry"],"_links":{"self":[{"href":"https:\/\/www.flagshipcompany.com\/fr\/wp-json\/wp\/v2\/pages\/5681","targetHints":{"allow":["GET"]}}],"collection":[{"href":"https:\/\/www.flagshipcompany.com\/fr\/wp-json\/wp\/v2\/pages"}],"about":[{"href":"https:\/\/www.flagshipcompany.com\/fr\/wp-json\/wp\/v2\/types\/page"}],"author":[{"embeddable":true,"href":"https:\/\/www.flagshipcompany.com\/fr\/wp-json\/wp\/v2\/users\/5"}],"replies":[{"embeddable":true,"href":"https:\/\/www.flagshipcompany.com\/fr\/wp-json\/wp\/v2\/comments?post=5681"}],"version-history":[{"count":20,"href":"https:\/\/www.flagshipcompany.com\/fr\/wp-json\/wp\/v2\/pages\/5681\/revisions"}],"predecessor-version":[{"id":15956,"href":"https:\/\/www.flagshipcompany.com\/fr\/wp-json\/wp\/v2\/pages\/5681\/revisions\/15956"}],"wp:attachment":[{"href":"https:\/\/www.flagshipcompany.com\/fr\/wp-json\/wp\/v2\/media?parent=5681"}],"curies":[{"name":"wp","href":"https:\/\/api.w.org\/{rel}","templated":true}]}}