{"id":5716,"date":"2018-09-10T20:47:02","date_gmt":"2018-09-10T20:47:02","guid":{"rendered":"https:\/\/www.flagshipcompany.com\/?page_id=5716"},"modified":"2025-01-13T12:49:07","modified_gmt":"2025-01-13T17:49:07","slug":"lexpedition-a-rabais-canada","status":"publish","type":"page","link":"https:\/\/www.flagshipcompany.com\/fr\/lexpedition-a-rabais-canada\/","title":{"rendered":"L\u2019expedition a rabais Canada"},"content":{"rendered":"<div class=\"wpb-content-wrapper\"><p>[vc_row full_width=&#8221;stretch_row_content_no_spaces&#8221;][vc_column][vc_raw_html]JTNDZGl2JTIwY2xhc3MlM0QlMjJoZWFkZXItYm94LXJlbGF0aXZlJTIyJTNFJTBBJTBBJTNDZGl2JTIwY2xhc3MlM0QlMjJoZWFkZXItYm94LWJrZyUyMiUyMCUzRSUwQSUzQ2ltZyUyMHNyYyUzRCUyMmh0dHBzJTNBJTJGJTJGd3d3LmZsYWdzaGlwY29tcGFueS5jb20lMkZhcHAlMkZ1cGxvYWRzJTJGMjAxOCUyRjA4JTJGQ2FuYWRhLUhlYWRlci0yLWNvcHkucG5nJTIyJTIwJTJGJTNFJTBBJTNDJTJGZGl2JTNFJTBBJTBBJTNDZGl2JTIwY2xhc3MlM0QlMjJoZWFkZXItY2VudGVyLXRleHQtYWJzb2x1dGUyJTIyJTNFJTBBJTNDZGl2JTIwY2xhc3MlM0QlMjJoZWFkZXItY2VudGVyLXRleHQtYWJzb2x1dGUyLWlubmVyJTIyJTNFJTBBJTNDaDElMjBzdHlsZSUzRCUyMmNvbG9yJTNBJTIwJTIzMDBBRUVGJTIwJTIxaW1wb3J0YW50JTNCJTIyJTNFJTNDZm9udCUyMGNsYXNzJTNEJTIybGF0by1ub3JtYWwlMjIlM0VFWFAlQzMlODlESVRJT04lMjAlQzMlODAlMjBSQUJBSVMlMjBQT1VSJTIwJTNDJTJGZm9udCUzRUxFUyUyMFBFVElURVMlMjBFVCUyME1PWUVOTkVTJTIwRU5UUkVQUklTRVMlMjBDQU5BRElFTk5FUyUzQyUyRmgxJTNFJTNDJTJGZGl2JTNFJTBBJTNDJTJGZGl2JTNFJTBBJTIwJTIwJTIwJTIwJTBBJTNDJTJGZGl2JTNF[\/vc_raw_html][\/vc_column][\/vc_row][vc_row full_width=&#8221;stretch_row&#8221; css=&#8221;.vc_custom_1535736593430{background-color: #f6f7f9 !important;}&#8221; el_class=&#8221;.eip-r2&#8243;][vc_column width=&#8221;1\/2&#8243; el_class=&#8221;.eip-r2-c1 .lato-light&#8221;][vc_single_image image=&#8221;5726&#8243; img_size=&#8221;full&#8221;][vc_column_text]<\/p>\n<h2>CHEZ FLAGSHIP, NOUS SOMMES FIERS D&#8217;\u00caTRE UNE ENTREPRISE CANADIENNE ET NOUS AIMONS CE QUE NOUS FAISONS : AIDER DES PETITES ET MOYENNES ENTREPRISES PARTOUT AU CANADA \u00c0 SIMPLIFIER LEUR EXP\u00c9DITION.<\/h2>\n<p>[\/vc_column_text][vc_column_text]En tant que revendeur d\u2019exp\u00e9dition autoris\u00e9 travaillant de pr\u00e8s avec des services d\u2019exp\u00e9dition majeurs comme Purolator, UPS, FedEx, DHL, Canpar et GLS, nous vous donnons acc\u00e8s \u00e0 des rabais qui sont normalement r\u00e9serv\u00e9s aux exp\u00e9diteurs \u00e0 volume \u00e9lev\u00e9. Alors peu importe si vous \u00eates un entrepreneur solo dans une petite ville ou si vous dirigez une entreprise internationale \u00e0 partir d\u2019un des centres urbains du Canada, vous obtiendrez d\u2019excellents prix pour vos envois. C\u2019est facile de comparer les prix et les services partout au pays pour les envois nationaux et internationaux. Il vous suffit de cr\u00e9er <a href=\"\/?page_id=2380\">compte gratuitement<\/a> et de quelques clics pour utiliser notre <a href=\"\/?page_id=2305\">syst\u00e8me d\u2019exp\u00e9dition en ligne<\/a> et changer la mani\u00e8re dont votre entreprise exp\u00e9die ses colis!<\/p>\n<p><strong>Pour en savoir plus sur la mani\u00e8re dont vous pouvez \u00e9conomiser du temps et de l&#8217;argent sur votre exp\u00e9dition, cliquez sur un emplacement pr\u00e8s de vous ou essayez votre <a href=\"\/?page_id=2380\">compte gratuit<\/a> d\u00e8s aujourd\u2019hui.<\/strong>[\/vc_column_text][\/vc_column][vc_column width=&#8221;1\/2&#8243; el_class=&#8221;.eip-r2-c2 .lato-light&#8221;][vc_row_inner css=&#8221;.vc_custom_1535736601914{margin-left: 40px !important;}&#8221;][vc_column_inner width=&#8221;1\/2&#8243;][vc_column_text]<span class=\"lato-normal uppercase-all title-blue\"><a href=\"https:\/\/www.flagshipcompany.com\/fr\/alberta-services-messagerie\/\">Alberta<\/a><\/span><br \/>\n<a href=\"https:\/\/www.flagshipcompany.com\/fr\/lexpedition-a-rabais-edmonton\/\">Edmonton<\/a><br \/>\n<a href=\"https:\/\/www.flagshipcompany.com\/fr\/lexpedition-a-rabais-calgary\/\">Calgary<\/a><br \/>\nRed Deer<\/p>\n<p><span class=\"lato-normal uppercase-all title-blue\"><a href=\"https:\/\/www.flagshipcompany.com\/fr\/c-b-services-messagerie\/\">COLOMBIE-BRITANNIQUE<\/a><\/span><br \/>\n<a href=\"https:\/\/www.flagshipcompany.com\/fr\/lexpedition-a-rabais-vancouver\/\">Vancouver<\/a><br \/>\nVictoria<br \/>\nKelowna<\/p>\n<p><span class=\"lato-normal uppercase-all title-blue\"><a href=\"https:\/\/www.flagshipcompany.com\/fr\/manitoba-services-messagerie\/\">Manitoba<\/a><\/span><br \/>\nWinnipeg<\/p>\n<p><span class=\"lato-normal uppercase-all title-blue\"><a href=\"https:\/\/www.flagshipcompany.com\/fr\/nouveau-brunswick-services-messagerie\/\">NOUVEAU-BRUNSWICK<\/a><\/span><br \/>\nFredericton<br \/>\nSt. John<\/p>\n<p><span class=\"lato-normal uppercase-all title-blue\"><a href=\"https:\/\/www.flagshipcompany.com\/fr\/terre-neuve-services-messagerie\/\">TERRE-NEUVE<\/a><\/span><br \/>\nSt. John\u2019s<\/p>\n<p><span class=\"lato-normal uppercase-all title-blue\">Territoires du Nord-Ouest<\/span><br \/>\nYellowknife<\/p>\n<p><span class=\"lato-normal uppercase-all title-blue\"><a href=\"https:\/\/www.flagshipcompany.com\/fr\/nouvelle-ecosse-services-messagerie\/\">Nouvelle-\u00c9cosse<\/a><\/span><br \/>\n<a href=\"https:\/\/www.flagshipcompany.com\/fr\/lexpedition-a-rabais-halifax\/\">Halifax<\/a>[\/vc_column_text][\/vc_column_inner][vc_column_inner width=&#8221;1\/2&#8243;][vc_column_text]<span class=\"lato-normal uppercase-all title-blue\">Nunavit<\/span><br \/>\nIqualuit<\/p>\n<p><span class=\"lato-normal uppercase-all title-blue\"><a href=\"https:\/\/www.flagshipcompany.com\/fr\/ontario-services-messagerie\/\">Ontario<\/a><\/span><br \/>\n<a href=\"https:\/\/www.flagshipcompany.com\/fr\/lexpedition-a-rabais-toronto\/\">Toronto<\/a><br \/>\n<a href=\"https:\/\/www.flagshipcompany.com\/fr\/lexpedition-a-rabais-ottawa\/\">Ottawa<\/a><br \/>\n<a href=\"https:\/\/www.flagshipcompany.com\/fr\/lexpedition-a-rabais-hamilton\/\">Hamilton<\/a><br \/>\n<a href=\"https:\/\/www.flagshipcompany.com\/fr\/lexpedition-a-rabais-mississauga\/\">Mississauga<\/a><br \/>\n<a href=\"https:\/\/www.flagshipcompany.com\/fr\/lexpedition-a-rabais-brampton\/\">Brampton<\/a><\/p>\n<p><span class=\"lato-normal uppercase-all title-blue\"><a href=\"https:\/\/www.flagshipcompany.com\/fr\/prince-edouard-services-messagerie\/\">\u00ceLE-DU-PRINCE-\u00c9DOUARD<\/a><\/span><br \/>\nCharlottetown<\/p>\n<p><span class=\"lato-normal uppercase-all title-blue\"><a href=\"https:\/\/www.flagshipcompany.com\/fr\/quebec-services-messagerie\/\">Qu\u00e9bec<\/a><\/span><br \/>\n<a href=\"https:\/\/www.flagshipcompany.com\/fr\/expedition-a-rabais-montreal\/\">Montreal<\/a><br \/>\n<a href=\"https:\/\/www.flagshipcompany.com\/fr\/lexpedition-a-rabais-quebec\/\">Ville de Qu\u00e9bec<\/a><\/p>\n<p><span class=\"lato-normal uppercase-all title-blue\"><a href=\"https:\/\/www.flagshipcompany.com\/fr\/saskatchewan-services-messagerie\/\">Saskatchewan<\/a><\/span><br \/>\nSaskatoon<br \/>\nRegina<\/p>\n<p><span class=\"lato-normal uppercase-all title-blue\">Yukon<\/span><br \/>\nWhitehorse[\/vc_column_text][\/vc_column_inner][\/vc_row_inner][\/vc_column][\/vc_row][vc_row][vc_column][vc_column_text]<br \/>\n[\/vc_column_text][\/vc_column][\/vc_row][vc_row full_width=&#8221;stretch_row&#8221; el_class=&#8221;.hp-r9&#8243; css=&#8221;.vc_custom_1464935005953{background-color: #00aae2 !important;}&#8221;][vc_column width=&#8221;1\/2&#8243; el_class=&#8221;.hp-r9-c1&#8243;][vc_raw_html]JTNDZGl2JTIwY2xhc3MlM0QlMjJocC1yOS1jMS10aXRsZTElMjIlM0VDT01NRU5UJTIwRU4lMjBQUk9GSVRFUiUzQyUyRmRpdiUzRSUwQSUzQ2RpdiUyMGNsYXNzJTNEJTIyaHAtcjktYzEtdGl0bGUyJTIyJTNFRW5yZWdpc3RyZXotdm91cyUyMHBvdXIlMjB2b3RyZSUyMGNvbXB0ZSUyMHNhbnMlMjBvYmxpZ2F0aW9ucyUyMGV0JTIwc2FucyUyMG1pbmltdW0lMjByZXF1aXMlMjAlRTIlODAlOTMlMjBjJUUyJTgwJTk5ZXN0JTIwZ3JhdHVpdCUyMGV0JTIwdm91cyUyMHBvdXZleiUyMGNvbW1lbmNlciUyMGQlQzMlQThzJTIwbWFpbnRlbmFudCUyMSUzQyUyRmRpdiUzRSUwQSUzQ2RpdiUyMGNsYXNzJTNEJTIyaHAtcjktYzEtdGl0bGUzJTIyJTNFVm91cyUyMGF2ZXolMjBkZXMlMjBxdWVzdGlvbnMlMjBvdSUyMGF2ZXolMjBiZXNvaW4lMjBkJUUyJTgwJTk5dW5lJTIwc291bWlzc2lvbiUyMHBvdXIlMjB1biUyMHNlcnZpY2UlMjBkZSUyMHRyYW5zcG9ydCUyMCUzRiUyMENvbnRhY3Rlei1ub3VzJTIwYXUlMjAxLTg2Ni0zMjAtODM4MyUyMG91JTIwcGFyJTIwY291cnJpZWwlMjAlQzMlQTAlMjAlM0NhJTIwaHJlZiUzRCUyMm1haWx0byUzQXZlbnRlcyU0MGZsYWdzaGlwY29tcGFueS5jb20lMjIlMjBzdHlsZSUzRCUyMmNvbG9yJTNBJTIwJTIzZmZmZmZmJTIwJTIxaW1wb3J0YW50JTNCJTIyJTNFdmVudGVzJTQwZmxhZ3NoaXBjb21wYW55LmNvbSUzQyUyRmElM0UlM0MlMkZkaXYlM0U=[\/vc_raw_html][\/vc_column][vc_column width=&#8221;1\/2&#8243; el_class=&#8221;.hp-r9-c2&#8243;][vc_column_text]<\/p>\n<div class=\"hp-r9-c2-title1\">CR\u00c9EZ UN COMPTE GRATUIT<\/div>\n<div style=\"text-align: center; margin-top: 42px;\"><a href=\"\/?page_id=2149\"><img decoding=\"async\" style=\"width: 180px;\" src=\"https:\/\/www.flagshipcompany.com\/app\/uploads\/2021\/01\/Allez-Y-Button.svg\" alt=\"\" title=\"\"><\/a><\/div>\n<p>[\/vc_column_text][\/vc_column][\/vc_row]<\/p>\n<\/div>","protected":false},"excerpt":{"rendered":"<p>[vc_row full_width=&#8221;stretch_row_content_no_spaces&#8221;][vc_column][vc_raw_html]JTNDZGl2JTIwY2xhc3MlM0QlMjJoZWFkZXItYm94LXJlbGF0aXZlJTIyJTNFJTBBJTBBJTNDZGl2JTIwY2xhc3MlM0QlMjJoZWFkZXItYm94LWJrZyUyMiUyMCUzRSUwQSUzQ2ltZyUyMHNyYyUzRCUyMmh0dHBzJTNBJTJGJTJGd3d3LmZsYWdzaGlwY29tcGFueS5jb20lMkZhcHAlMkZ1cGxvYWRzJTJGMjAxOCUyRjA4JTJGQ2FuYWRhLUhlYWRlci0yLWNvcHkucG5nJTIyJTIwJTJGJTNFJTBBJTNDJTJGZGl2JTNFJTBBJTBBJTNDZGl2JTIwY2xhc3MlM0QlMjJoZWFkZXItY2VudGVyLXRleHQtYWJzb2x1dGUyJTIyJTNFJTBBJTNDZGl2JTIwY2xhc3MlM0QlMjJoZWFkZXItY2VudGVyLXRleHQtYWJzb2x1dGUyLWlubmVyJTIyJTNFJTBBJTNDaDElMjBzdHlsZSUzRCUyMmNvbG9yJTNBJTIwJTIzMDBBRUVGJTIwJTIxaW1wb3J0YW50JTNCJTIyJTNFJTNDZm9udCUyMGNsYXNzJTNEJTIybGF0by1ub3JtYWwlMjIlM0VFWFAlQzMlODlESVRJT04lMjAlQzMlODAlMjBSQUJBSVMlMjBQT1VSJTIwJTNDJTJGZm9udCUzRUxFUyUyMFBFVElURVMlMjBFVCUyME1PWUVOTkVTJTIwRU5UUkVQUklTRVMlMjBDQU5BRElFTk5FUyUzQyUyRmgxJTNFJTNDJTJGZGl2JTNFJTBBJTNDJTJGZGl2JTNFJTBBJTIwJTIwJTIwJTIwJTBBJTNDJTJGZGl2JTNF[\/vc_raw_html][\/vc_column][\/vc_row][vc_row full_width=&#8221;stretch_row&#8221; css=&#8221;.vc_custom_1535736593430{background-color: #f6f7f9 !important;}&#8221; el_class=&#8221;.eip-r2&#8243;][vc_column width=&#8221;1\/2&#8243; el_class=&#8221;.eip-r2-c1 .lato-light&#8221;][vc_single_image image=&#8221;5726&#8243; img_size=&#8221;full&#8221;][vc_column_text] CHEZ FLAGSHIP, NOUS SOMMES FIERS D&#8217;\u00caTRE UNE ENTREPRISE CANADIENNE ET NOUS AIMONS CE QUE NOUS FAISONS : AIDER DES PETITES ET&#8230;<\/p>\n","protected":false},"author":5,"featured_media":0,"parent":0,"menu_order":0,"comment_status":"closed","ping_status":"closed","template":"","meta":{"footnotes":""},"class_list":["post-5716","page","type-page","status-publish","hentry"],"_links":{"self":[{"href":"https:\/\/www.flagshipcompany.com\/fr\/wp-json\/wp\/v2\/pages\/5716","targetHints":{"allow":["GET"]}}],"collection":[{"href":"https:\/\/www.flagshipcompany.com\/fr\/wp-json\/wp\/v2\/pages"}],"about":[{"href":"https:\/\/www.flagshipcompany.com\/fr\/wp-json\/wp\/v2\/types\/page"}],"author":[{"embeddable":true,"href":"https:\/\/www.flagshipcompany.com\/fr\/wp-json\/wp\/v2\/users\/5"}],"replies":[{"embeddable":true,"href":"https:\/\/www.flagshipcompany.com\/fr\/wp-json\/wp\/v2\/comments?post=5716"}],"version-history":[{"count":17,"href":"https:\/\/www.flagshipcompany.com\/fr\/wp-json\/wp\/v2\/pages\/5716\/revisions"}],"predecessor-version":[{"id":13267,"href":"https:\/\/www.flagshipcompany.com\/fr\/wp-json\/wp\/v2\/pages\/5716\/revisions\/13267"}],"wp:attachment":[{"href":"https:\/\/www.flagshipcompany.com\/fr\/wp-json\/wp\/v2\/media?parent=5716"}],"curies":[{"name":"wp","href":"https:\/\/api.w.org\/{rel}","templated":true}]}}