{"id":6095,"date":"2018-10-15T16:28:46","date_gmt":"2018-10-15T16:28:46","guid":{"rendered":"https:\/\/www.flagshipcompany.com\/?page_id=6095"},"modified":"2022-10-19T14:56:33","modified_gmt":"2022-10-19T18:56:33","slug":"lexpedition-a-rabais-toronto","status":"publish","type":"page","link":"https:\/\/www.flagshipcompany.com\/fr\/lexpedition-a-rabais-toronto\/","title":{"rendered":"L\u2019EXP\u00c9DITION \u00c0 RABAIS TORONTO"},"content":{"rendered":"<div class=\"wpb-content-wrapper\"><p>[vc_row full_width=&#8221;stretch_row_content_no_spaces&#8221;][vc_column][vc_raw_html]JTNDZGl2JTIwY2xhc3MlM0QlMjJoZWFkZXItYm94LXJlbGF0aXZlJTIyJTNFJTBBJTBBJTNDZGl2JTIwY2xhc3MlM0QlMjJoZWFkZXItYm94LWJrZyUyMiUyMCUzRSUwQSUzQ2ltZyUyMHNyYyUzRCUyMmh0dHBzJTNBJTJGJTJGd3d3LmZsYWdzaGlwY29tcGFueS5jb20lMkZhcHAlMkZ1cGxvYWRzJTJGMjAxOCUyRjA5JTJGVG9yb250by1oZWFkZXItMTYwMHgzODAuanBnJTIyJTIwJTJGJTNFJTBBJTNDJTJGZGl2JTNFJTBBJTBBJTNDZGl2JTIwY2xhc3MlM0QlMjJoZWFkZXItY2VudGVyLXRleHQtYWJzb2x1dGUyJTIyJTNFJTBBJTNDZGl2JTIwY2xhc3MlM0QlMjJoZWFkZXItY2VudGVyLXRleHQtYWJzb2x1dGUyLWlubmVyJTIyJTNFJTBBJTNDaDElM0UlM0Nmb250JTIwY2xhc3MlM0QlMjJsYXRvLW5vcm1hbCUyMiUzRUwlRTIlODAlOTlFWFAlQzMlODlESVRJT04lMjAlQzMlODAlMjBSQUJBSVMlMkMlMjAlM0MlMkZmb250JTNFVG9yb250byUzQyUyRmgxJTNFJTNDJTJGZGl2JTNFJTBBJTNDJTJGZGl2JTNFJTBBJTIwJTIwJTIwJTIwJTBBJTNDJTJGZGl2JTNF[\/vc_raw_html][\/vc_column][\/vc_row][vc_row el_class=&#8221;.eip-r1&#8243;][vc_column width=&#8221;1\/4&#8243; el_class=&#8221;.eip-r1-c1&#8243;][vc_single_image image=&#8221;5771&#8243; img_size=&#8221;full&#8221; alignment=&#8221;center&#8221;][vc_column_text]<\/p>\n<h2>EXP\u00c9DITION SANS TRACAS<br \/>\nPOUR LES PME DE TORONTO<\/h2>\n<p>[\/vc_column_text][\/vc_column][vc_column width=&#8221;3\/4&#8243; el_class=&#8221;.eip-r1-c2 .lato-light&#8221;][vc_column_text]<span class=\"lato-normal uppercase-all title-blue\">FlagShip est l\u2019une des principales solutions en mati\u00e8re d\u2019exp\u00e9dition \u00e0 rabais en ligne au Canada.<\/span><br \/>\nFlagShip est le meilleur <a href=\"\/?page_id=2296\">service d&#8217;exp\u00e9dition \u00e0 rabais<\/a> au Canada pour les petites et moyennes entreprises et se sp\u00e9cialise dans les services d&#8217;exp\u00e9dition \u00e0 Toronto. En tant que client, vous aurez acc\u00e8s \u00e0 la solution d&#8217;exp\u00e9dition \u00e0 guichet unique pratique qui permet de facilement comparer les tarifs de services d&#8217;exp\u00e9dition \u00e0 rabais dans notre <a href=\"\/?page_id=2305\">syst\u00e8me d&#8217;exp\u00e9dition en ligne<\/a>, choisissez votre entreprise d&#8217;exp\u00e9dition pr\u00e9f\u00e9r\u00e9e (Purolator, UPS, FedEx, DHL, Canpar et GLS) et \u00e9conomisez sur chaque envoi \u2013 c&#8217;est aussi simple que \u00e7a. De plus, \u00e9conomisez jusqu&#8217;\u00e0 70% sur vos envois!<\/p>\n<p>Nous sommes fiers de vous faire \u00e9conomiser temps et argent \u2013 et de faire en sorte que votre exp\u00e9rience soit agr\u00e9able \u00e0 chaque envoi. L\u2019exp\u00e9dition avec Flagship est rapide, facile et vous pouvez r\u00e9aliser d\u2019importantes \u00e9conomies. <a href=\"\/?page_id=2380\">Essayez-le d\u00e8s maintenant!<\/a><\/p>\n<p><span class=\"lato-normal uppercase-all title-blue\">Nous travaillons avec les MEILLEURES ENTREPRISES D\u2019EXP\u00c9DITION<\/span><br \/>\nNous sommes un revendeur autoris\u00e9 de Purolator, UPS, FedEx, DHL, Canpar et GLS et fournissant des rabais de volume significatifs \u00e0 nos consommateurs de Toronto.[\/vc_column_text][vc_single_image image=&#8221;13633&#8243; img_size=&#8221;full&#8221;][\/vc_column][\/vc_row][vc_row full_width=&#8221;stretch_row&#8221; css=&#8221;.vc_custom_1462695407433{background-color: #f6f7f9 !important;}&#8221; el_class=&#8221;.eip-r2&#8243;][vc_column width=&#8221;1\/2&#8243; el_class=&#8221;.eip-r2-c1 .lato-light&#8221;][vc_column_text]<\/p>\n<h2><span style=\"color: #58595b !important;\">Pouvez-vous vraiment \u00e9conomiser de l&#8217;argent sur vos exp\u00e9ditions \u00e0 Toronto?<\/span><span style=\"color: #0ca8e2 !important; font-weight: bold;\"> OUI!<\/span><\/h2>\n<p>Notre mission est d&#8217;aider les exp\u00e9diteurs \u00e0 petit volume \u00e0 obtenir d&#8217;excellents taux d&#8217;exp\u00e9dition en plus d&#8217;avoir acc\u00e8s au meilleur soutien \u00e0 la client\u00e8le de l&#8217;industrie <a href=\"\/?page_id=2380\">Inscrivez-vous gratuitement et commencer \u00e0 comparer les tarifs d&#8217;exp\u00e9dition!<\/a>[\/vc_column_text][\/vc_column][vc_column width=&#8221;1\/2&#8243; el_class=&#8221;.eip-r2-c2 .lato-light&#8221;][vc_column_text]<strong>Trouvez les meilleurs prix d\u2019entreprises d&#8217;exp\u00e9dition de renom pour vos envois \u00e0 Toronto \u2013 le tout \u00e0 partir d&#8217;un m\u00eame \u00e9cran!<\/strong><\/p>\n<ul>\n<li>Comparez les tarifs pour les principales entreprises d&#8217;exp\u00e9dition \u2013 Purolator, UPS, FedEx, DHL, Canpar et GLS<\/li>\n<li>Acc\u00e9dez au syst\u00e8me d&#8217;exp\u00e9dition en ligne de FlagShip<\/li>\n<li>Couverture d&#8217;assurance suppl\u00e9mentaire \u00e0 1,25\u00a0$\/100\u00a0$<\/li>\n<li>\u00c9conomisez avec aucun frais de ramassage<\/li>\n<li>Faites votre suivi et recevez des avis de livraison par courriel pour chaque envoi<\/li>\n<li>Imprimez facilement vos \u00e9tiquettes d&#8217;exp\u00e9dition<\/li>\n<li>Recevez une facture consolid\u00e9e pour toutes vos activit\u00e9s d&#8217;exp\u00e9dition<\/li>\n<li>Envoyez et g\u00e9rez facilement des envois \u00e0 diff\u00e9rentes destinations<\/li>\n<li>Exp\u00e9diez partout \u2013 Canada, \u00c9tats-Unis et international<\/li>\n<\/ul>\n<p>[\/vc_column_text][\/vc_column][\/vc_row][vc_row el_class=&#8221;.eip-r4 .lato-light&#8221; css=&#8221;.vc_custom_1535640578951{padding-top: 40px !important;}&#8221;][vc_column][vc_column_text]<span class=\"lato-normal uppercase-all title-blue\">Est-ce que FlagShip convient \u00e0 votre entreprise de Toronto? <\/span><br \/>\nSi vous exp\u00e9diez entre 1 envoi par mois et 40 envois par semaine, l&#8217;exp\u00e9dition \u00e0 rabais est parfaite pour votre entreprise. Il est facile d&#8217;obtenir une soumission \u2013 nous n&#8217;avons besoin que d&#8217;un emplacement d&#8217;exp\u00e9dition r\u00e9gulier, incluant le code postal de collecte et d&#8217;exp\u00e9dition, la taille et le poids du colis, ainsi que le type de service requis et instantan\u00e9ment vos prix escompt\u00e9s!<\/p>\n<p><span class=\"lato-normal uppercase-all title-blue\">Vous avez une boutique en ligne? FlagShip peut se connecter directement \u00e0 votre boutique.<\/span><br \/>\nChaque jour, des milliers de transactions sont r\u00e9alis\u00e9es en ligne. Votre boutique en ligne est une partie importante de votre entreprise et vous souhaitez faciliter et simplifier autant que possible l\u2019exp\u00e9rience de vos clients. Chez FlagShip, nous voulons \u00e9galement que tout soit facile pour vous! Nous avons mis au point deux solutions emballantes pour vous aider \u00e0 exp\u00e9dier des colis \u00e0 vos clients ainsi qu\u2019\u00e0 \u00e9conomiser depuis votre boutique en ligne. <a href=\"\/?page_id=2348\">D\u00c9COUVREZ CES SOLUTIONS.<\/a><\/p>\n<p><span class=\"lato-normal uppercase-all title-blue\">Vos exp\u00e9ditions sont notre priorit\u00e9<\/span><br \/>\nFlagShip est d\u00e9vou\u00e9e \u00e0 l\u2019am\u00e9lioration des entreprises de ses clients en leur offrant une exp\u00e9rience d\u2019exp\u00e9dition facile et sans stress \u00e0 un prix avantageux. Nous sommes pr\u00e9sents pour travailler avec vous et pour vous faciliter l\u2019exp\u00e9dition afin que vous puissiez vous concentrer ce qui est r\u00e9ellement important : votre entreprise.[\/vc_column_text][\/vc_column][\/vc_row][vc_row][vc_column][vc_column_text]<br \/>\n[\/vc_column_text][\/vc_column][\/vc_row][vc_row full_width=&#8221;stretch_row&#8221; el_class=&#8221;.hp-r9&#8243; css=&#8221;.vc_custom_1464935005953{background-color: #00aae2 !important;}&#8221;][vc_column width=&#8221;1\/2&#8243; el_class=&#8221;.hp-r9-c1&#8243;][vc_raw_html]JTNDZGl2JTIwY2xhc3MlM0QlMjJocC1yOS1jMS10aXRsZTElMjIlM0VDb21tZW50JTIwZCVDMyVBOWJ1dGVyJTNDJTJGZGl2JTNFJTBBJTNDZGl2JTIwY2xhc3MlM0QlMjJocC1yOS1jMS10aXRsZTIlMjIlM0VJbnNjcml2ZXotdm91cyUyMHBvdXIlMjBvYnRlbmlyJTIwdW4lMjBjb21wdGUlMjBzYW5zJTIwb2JsaWdhdGlvbiUyMGV0JTIwc2FucyUyMG1pbmltdW0lMjAlRTIlODAlOTMlMjBjJTI3ZXN0JTIwZ3JhdHVpdCUyMGV0JTIwdm91cyUyMHBvdXZleiUyMGNvbW1lbmNlciUyMG1haW50ZW5hbnQlMjElM0MlMkZkaXYlM0UlMEElM0NkaXYlMjBjbGFzcyUzRCUyMmhwLXI5LWMxLXRpdGxlMyUyMiUzRVZvdXMlMjBhdmV6JTIwZGVzJTIwcXVlc3Rpb25zJTIwb3UlMjBhaW1lcmlleiUyMG9idGVuaXIlMjB1bmUlMjBzb3VtaXNzaW9uJTIwcG91ciUyMGxlcyUyMHNlcnZpY2VzJTIwZCUyN2V4cCVDMyVBOWRpdGlvbiUyMCVDMyVBMCUyMFRvcm9udG8lM0YlMjBWZXVpbGxleiUyMG5vdXMlMjBhcHBlbGVyJTIwYXUlMjAxJTIwODY2JTIwMzIwLTgzODMlMjAlM0MlMkZhJTNFJTNDJTJGZGl2JTNF[\/vc_raw_html][\/vc_column][vc_column width=&#8221;1\/2&#8243; el_class=&#8221;.hp-r9-c2&#8243;][vc_column_text]<\/p>\n<div class=\"hp-r9-c2-title1\">Ouvrez un compte GRATUIT<\/div>\n<div style=\"text-align: center; margin-top: 42px;\"><a href=\"\/?page_id=2149\"><img decoding=\"async\" style=\"width: 180px;\" src=\"https:\/\/www.flagshipcompany.com\/app\/uploads\/2021\/01\/Allez-Y-Button.svg\" alt=\"\" title=\"\"><\/a><\/div>\n<p>[\/vc_column_text][\/vc_column][\/vc_row]<\/p>\n<\/div>","protected":false},"excerpt":{"rendered":"<p>[vc_row full_width=&#8221;stretch_row_content_no_spaces&#8221;][vc_column][vc_raw_html]JTNDZGl2JTIwY2xhc3MlM0QlMjJoZWFkZXItYm94LXJlbGF0aXZlJTIyJTNFJTBBJTBBJTNDZGl2JTIwY2xhc3MlM0QlMjJoZWFkZXItYm94LWJrZyUyMiUyMCUzRSUwQSUzQ2ltZyUyMHNyYyUzRCUyMmh0dHBzJTNBJTJGJTJGd3d3LmZsYWdzaGlwY29tcGFueS5jb20lMkZhcHAlMkZ1cGxvYWRzJTJGMjAxOCUyRjA5JTJGVG9yb250by1oZWFkZXItMTYwMHgzODAuanBnJTIyJTIwJTJGJTNFJTBBJTNDJTJGZGl2JTNFJTBBJTBBJTNDZGl2JTIwY2xhc3MlM0QlMjJoZWFkZXItY2VudGVyLXRleHQtYWJzb2x1dGUyJTIyJTNFJTBBJTNDZGl2JTIwY2xhc3MlM0QlMjJoZWFkZXItY2VudGVyLXRleHQtYWJzb2x1dGUyLWlubmVyJTIyJTNFJTBBJTNDaDElM0UlM0Nmb250JTIwY2xhc3MlM0QlMjJsYXRvLW5vcm1hbCUyMiUzRUwlRTIlODAlOTlFWFAlQzMlODlESVRJT04lMjAlQzMlODAlMjBSQUJBSVMlMkMlMjAlM0MlMkZmb250JTNFVG9yb250byUzQyUyRmgxJTNFJTNDJTJGZGl2JTNFJTBBJTNDJTJGZGl2JTNFJTBBJTIwJTIwJTIwJTIwJTBBJTNDJTJGZGl2JTNF[\/vc_raw_html][\/vc_column][\/vc_row][vc_row el_class=&#8221;.eip-r1&#8243;][vc_column width=&#8221;1\/4&#8243; el_class=&#8221;.eip-r1-c1&#8243;][vc_single_image image=&#8221;5771&#8243; img_size=&#8221;full&#8221; alignment=&#8221;center&#8221;][vc_column_text] EXP\u00c9DITION SANS TRACAS POUR LES PME DE TORONTO [\/vc_column_text][\/vc_column][vc_column width=&#8221;3\/4&#8243; el_class=&#8221;.eip-r1-c2 .lato-light&#8221;][vc_column_text]FlagShip est l\u2019une des principales solutions en mati\u00e8re d\u2019exp\u00e9dition \u00e0 rabais en ligne au&#8230;<\/p>\n","protected":false},"author":5,"featured_media":0,"parent":0,"menu_order":0,"comment_status":"closed","ping_status":"closed","template":"","meta":{"footnotes":""},"class_list":["post-6095","page","type-page","status-publish","hentry"],"_links":{"self":[{"href":"https:\/\/www.flagshipcompany.com\/fr\/wp-json\/wp\/v2\/pages\/6095","targetHints":{"allow":["GET"]}}],"collection":[{"href":"https:\/\/www.flagshipcompany.com\/fr\/wp-json\/wp\/v2\/pages"}],"about":[{"href":"https:\/\/www.flagshipcompany.com\/fr\/wp-json\/wp\/v2\/types\/page"}],"author":[{"embeddable":true,"href":"https:\/\/www.flagshipcompany.com\/fr\/wp-json\/wp\/v2\/users\/5"}],"replies":[{"embeddable":true,"href":"https:\/\/www.flagshipcompany.com\/fr\/wp-json\/wp\/v2\/comments?post=6095"}],"version-history":[{"count":26,"href":"https:\/\/www.flagshipcompany.com\/fr\/wp-json\/wp\/v2\/pages\/6095\/revisions"}],"predecessor-version":[{"id":15957,"href":"https:\/\/www.flagshipcompany.com\/fr\/wp-json\/wp\/v2\/pages\/6095\/revisions\/15957"}],"wp:attachment":[{"href":"https:\/\/www.flagshipcompany.com\/fr\/wp-json\/wp\/v2\/media?parent=6095"}],"curies":[{"name":"wp","href":"https:\/\/api.w.org\/{rel}","templated":true}]}}