{"id":6114,"date":"2018-10-15T16:53:09","date_gmt":"2018-10-15T16:53:09","guid":{"rendered":"https:\/\/www.flagshipcompany.com\/?page_id=6114"},"modified":"2022-10-31T17:24:16","modified_gmt":"2022-10-31T21:24:16","slug":"lexpedition-a-rabais-quebec","status":"publish","type":"page","link":"https:\/\/www.flagshipcompany.com\/fr\/lexpedition-a-rabais-quebec\/","title":{"rendered":"L\u2019EXP\u00c9DITION \u00c0 RABAIS QU\u00c9BEC"},"content":{"rendered":"<div class=\"wpb-content-wrapper\"><p>[vc_row full_width=&#8221;stretch_row_content_no_spaces&#8221;][vc_column][vc_raw_html]JTNDZGl2JTIwY2xhc3MlM0QlMjJoZWFkZXItYm94LXJlbGF0aXZlJTIyJTNFJTBBJTBBJTNDZGl2JTIwY2xhc3MlM0QlMjJoZWFkZXItYm94LWJrZyUyMiUyMCUzRSUwQSUzQ2ltZyUyMHNyYyUzRCUyMmh0dHBzJTNBJTJGJTJGd3d3LmZsYWdzaGlwY29tcGFueS5jb20lMkZhcHAlMkZ1cGxvYWRzJTJGMjAxOCUyRjA5JTJGUXVlYmVjLWhlYWRlci0xNjAweDM4MC5qcGclMjIlMjAlMkYlM0UlMEElM0MlMkZkaXYlM0UlMEElMEElM0NkaXYlMjBjbGFzcyUzRCUyMmhlYWRlci1jZW50ZXItdGV4dC1hYnNvbHV0ZTIlMjIlM0UlMEElM0NkaXYlMjBjbGFzcyUzRCUyMmhlYWRlci1jZW50ZXItdGV4dC1hYnNvbHV0ZTItaW5uZXIlMjIlM0UlMEElM0NoMSUzRSUzQ2ZvbnQlMjBjbGFzcyUzRCUyMmxhdG8tbm9ybWFsJTIyJTNFTCVFMiU4MCU5OUVYUCVDMyU4OURJVElPTiUyMCVDMyU4MCUyMFJBQkFJUyUyQyUyMCUzQyUyRmZvbnQlM0UlM0NiciUzRVF1JUMzJUE5YmVjJTNDJTJGaDElM0UlM0MlMkZkaXYlM0UlMEElM0MlMkZkaXYlM0UlMEElMjAlMjAlMjAlMjAlMEElM0MlMkZkaXYlM0U=[\/vc_raw_html][\/vc_column][\/vc_row][vc_row el_class=&#8221;.eip-r1&#8243;][vc_column width=&#8221;1\/4&#8243; el_class=&#8221;.eip-r1-c1&#8243;][vc_single_image image=&#8221;5794&#8243; img_size=&#8221;full&#8221; alignment=&#8221;center&#8221;][vc_column_text]<\/p>\n<h2>EXP\u00c9DITION SANS TRACAS<br \/>\nPOUR LES PME DE QU\u00c9BEC<\/h2>\n<p>[\/vc_column_text][\/vc_column][vc_column width=&#8221;3\/4&#8243; el_class=&#8221;.eip-r1-c2 .lato-light&#8221;][vc_column_text]<span class=\"lato-normal uppercase-all title-blue\">L\u2019exp\u00e9dition \u00e0 Qu\u00e9bec \u2013 pour votre entreprise \u2013 rendue simple<\/span><br \/>\nL&#8217;exp\u00e9dition est un co\u00fbt n\u00e9cessaire pour votre entreprise \u00e0 Qu\u00e9bec. Mais cela ne signifie pas que ce co\u00fbt doit \u00eatre \u00e9lev\u00e9 pour vous. FlagShip peut vous faire \u00e9conomiser de l&#8217;argent et augmenter vos profits \u00e0 chaque envoi en vous faisant \u00e9conomisez jusqu&#8217;\u00e0 70% sur vos envois!<\/p>\n<p>C&#8217;est parce que vous pouvez instantan\u00e9ment <a href=\"\/?page_id=2286\">comparer les services et les tarifs<\/a> des principales entreprises d\u2019exp\u00e9dition \u2013 Purolator, UPS, FedEx, DHL, Canpar et GLS \u2013 \u00e0 un seul endroit. Vous n&#8217;avez pas \u00e0 visiter de multiples sites pour trouver l&#8217;information que vous recherchez. Vous n&#8217;avez pas \u00e0 payer trop cher si vous n&#8217;avez pas le temps de magasiner. Il vous suffit de choisir le tarif et le service qui convient \u00e0 vous et \u00e0 votre entreprise.<\/p>\n<p>Nous appr\u00e9cions nos clients et comprenons leurs besoins d&#8217;exp\u00e9dition, que ce soit pour quelques envois par mois ou plusieurs par jour. La r\u00e9putation de notre service \u00e0 la client\u00e8le nous a permis de devenir la meilleure solution d&#8217;exp\u00e9dition en ligne au Canada, ce qui explique pourquoi nous nous retrouvons dans la liste des 500 entreprises connaissant la plus forte croissance au Canada depuis plus de 5 ans.[\/vc_column_text][vc_single_image image=&#8221;13633&#8243; img_size=&#8221;full&#8221;][\/vc_column][\/vc_row][vc_row full_width=&#8221;stretch_row&#8221; css=&#8221;.vc_custom_1462695407433{background-color: #f6f7f9 !important;}&#8221; el_class=&#8221;.eip-r2&#8243;][vc_column width=&#8221;1\/2&#8243; el_class=&#8221;.eip-r2-c1 .lato-light&#8221;][vc_column_text]<\/p>\n<h2><span style=\"color: #58595b !important;\">Est-ce que l&#8217;exp\u00e9dition \u00e0 rabais vous convient? Si vous r\u00e9pondez OUI ci-dessous, essayez FlagShip!\u00a0<\/span><\/h2>\n<ul>\n<li>Faites-vous partie d&#8217;une petite ou moyenne entreprise?<\/li>\n<li>Exp\u00e9diez-vous r\u00e9guli\u00e8rement des colis et\/ou enveloppes\u00a0?<\/li>\n<li>Aimeriez-vous comparer des tarifs et services d&#8217;exp\u00e9dition sur un m\u00eame \u00e9cran?<\/li>\n<li>Recherchez-vous un service d&#8217;exp\u00e9dition du lendemain ou de transport?<\/li>\n<li>Recherchez-vous les tarifs d&#8217;exp\u00e9dition les plus bas \u00e0 Qu\u00e9bec?<\/li>\n<\/ul>\n<p>[\/vc_column_text][\/vc_column][vc_column width=&#8221;1\/2&#8243; el_class=&#8221;.eip-r2-c2 .lato-light&#8221;][vc_column_text]<strong>Avantages des services d&#8217;exp\u00e9dition de Qu\u00e9bec lorsque vous exp\u00e9diez avec FlagShip:<\/strong><\/p>\n<ul>\n<li>Comparez les tarifs pour les principales entreprises d&#8217;exp\u00e9dition \u2013 Purolator, UPS, FedEx, DHL, Canpar et GLS<\/li>\n<li>Acc\u00e9dez au syst\u00e8me d&#8217;exp\u00e9dition en ligne de FlagShip<\/li>\n<li>Couverture d&#8217;assurance suppl\u00e9mentaire \u00e0 1,25\u00a0$\/100\u00a0$<\/li>\n<li>\u00c9conomisez avec aucun frais de ramassage<\/li>\n<li>Faites votre suivi et recevez des avis de livraison par courriel pour chaque envoi<\/li>\n<li>Imprimez facilement vos \u00e9tiquettes d&#8217;exp\u00e9dition<\/li>\n<li>Recevez une facture consolid\u00e9e pour toutes vos activit\u00e9s d&#8217;exp\u00e9dition<\/li>\n<li>Envoyez et g\u00e9rez facilement des envois \u00e0 diff\u00e9rentes destinations<\/li>\n<li>Exp\u00e9diez partout \u2013 Canada, \u00c9tats-Unis et international<\/li>\n<\/ul>\n<p>[\/vc_column_text][\/vc_column][\/vc_row][vc_row el_class=&#8221;.eip-r4 .lato-light&#8221; css=&#8221;.vc_custom_1535640578951{padding-top: 40px !important;}&#8221;][vc_column][vc_column_text]<span class=\"lato-normal uppercase-all title-blue\">Est-ce que FlagShip convient \u00e0 votre entreprise de Qu\u00e9bec? <\/span><br \/>\nSi vous exp\u00e9diez entre 1 envoi par mois et 40 envois par semaine, l&#8217;exp\u00e9dition \u00e0 rabais est parfaite pour votre entreprise. Il est facile d&#8217;obtenir une soumission \u2013 nous n&#8217;avons besoin que d&#8217;un emplacement d&#8217;exp\u00e9dition r\u00e9gulier, incluant le code postal de collecte et d&#8217;exp\u00e9dition, la taille et le poids du colis, ainsi que le type de service requis et nous vous montrerons instantan\u00e9ment vos prix escompt\u00e9s!<\/p>\n<p><span class=\"lato-normal uppercase-all title-blue\">Vous cherchez d&#8217;autres solutions d&#8217;exp\u00e9dition?<\/span><br \/>\nNous offrons de nombreux autres services en plus de notre programme d&#8217;exp\u00e9dition \u00e0 rabais.<\/p>\n<ul>\n<li><a href=\"\/?page_id=2342\">Service de fret et de logistique LTL<\/a> pour vos gros envois.<\/li>\n<li><a href=\"\/?page_id=2348\">Int\u00e9gration de commerce \u00e9lectronique<\/a> pour relier les tarifs d&#8217;exp\u00e9dition \u00e0 rabais de FlagShip \u00e0 votre magasin en ligne.<\/li>\n<\/ul>\n<p><span class=\"lato-normal uppercase-all title-blue\">Vos exp\u00e9ditions sont notre priorit\u00e9<\/span><br \/>\nFlagShip est d\u00e9vou\u00e9e \u00e0 l\u2019am\u00e9lioration des entreprises de ses clients en leur offrant une exp\u00e9rience d\u2019exp\u00e9dition facile et sans stress \u00e0 un prix avantageux. Nous sommes pr\u00e9sents pour travailler avec vous et pour vous faciliter l\u2019exp\u00e9dition afin que vous puissiez vous concentrer ce qui est r\u00e9ellement important : votre entreprise.[\/vc_column_text][\/vc_column][\/vc_row][vc_row][vc_column][vc_column_text]<br \/>\n[\/vc_column_text][\/vc_column][\/vc_row][vc_row full_width=&#8221;stretch_row&#8221; el_class=&#8221;.hp-r9&#8243; css=&#8221;.vc_custom_1464935005953{background-color: #00aae2 !important;}&#8221;][vc_column width=&#8221;1\/2&#8243; el_class=&#8221;.hp-r9-c1&#8243;][vc_raw_html]JTNDZGl2JTIwY2xhc3MlM0QlMjJocC1yOS1jMS10aXRsZTElMjIlM0VDb21tZW50JTIwZCVDMyVBOWJ1dGVyJTNDJTJGZGl2JTNFJTBBJTNDZGl2JTIwY2xhc3MlM0QlMjJocC1yOS1jMS10aXRsZTIlMjIlM0VJbnNjcml2ZXotdm91cyUyMHBvdXIlMjBvYnRlbmlyJTIwdW4lMjBjb21wdGUlMjBzYW5zJTIwb2JsaWdhdGlvbiUyMGV0JTIwc2FucyUyMG1pbmltdW0lMjAlRTIlODAlOTMlMjBjJTI3ZXN0JTIwZ3JhdHVpdCUyMGV0JTIwdm91cyUyMHBvdXZleiUyMGNvbW1lbmNlciUyMG1haW50ZW5hbnQlMjElM0MlMkZkaXYlM0UlMEElM0NkaXYlMjBjbGFzcyUzRCUyMmhwLXI5LWMxLXRpdGxlMyUyMiUzRVZvdXMlMjBhdmV6JTIwZGVzJTIwcXVlc3Rpb25zJTIwb3UlMjBhaW1lcmlleiUyMG9idGVuaXIlMjB1bmUlMjBzb3VtaXNzaW9uJTIwcG91ciUyMGxlcyUyMHNlcnZpY2VzJTIwZCUyN2V4cCVDMyVBOWRpdGlvbiUyMCVDMyVBMCUyMFF1JUMzJUE5YmVjJTNGJTIwVmV1aWxsZXolMjBub3VzJTIwYXBwZWxlciUyMGF1JTIwMSUyMDg2NiUyMDMyMC04MzgzLiUzQyUyRmElM0UlM0MlMkZkaXYlM0U=[\/vc_raw_html][\/vc_column][vc_column width=&#8221;1\/2&#8243; el_class=&#8221;.hp-r9-c2&#8243;][vc_column_text]<\/p>\n<div class=\"hp-r9-c2-title1\">Ouvrez un compte GRATUIT<\/div>\n<div style=\"text-align: center; margin-top: 42px;\"><a href=\"\/?page_id=2149\"><img decoding=\"async\" style=\"width: 180px;\" src=\"https:\/\/www.flagshipcompany.com\/app\/uploads\/2021\/01\/Allez-Y-Button.svg\" alt=\"\" title=\"\"><\/a><\/div>\n<p>[\/vc_column_text][\/vc_column][\/vc_row]<\/p>\n<\/div>","protected":false},"excerpt":{"rendered":"<p>[vc_row full_width=&#8221;stretch_row_content_no_spaces&#8221;][vc_column][vc_raw_html]JTNDZGl2JTIwY2xhc3MlM0QlMjJoZWFkZXItYm94LXJlbGF0aXZlJTIyJTNFJTBBJTBBJTNDZGl2JTIwY2xhc3MlM0QlMjJoZWFkZXItYm94LWJrZyUyMiUyMCUzRSUwQSUzQ2ltZyUyMHNyYyUzRCUyMmh0dHBzJTNBJTJGJTJGd3d3LmZsYWdzaGlwY29tcGFueS5jb20lMkZhcHAlMkZ1cGxvYWRzJTJGMjAxOCUyRjA5JTJGUXVlYmVjLWhlYWRlci0xNjAweDM4MC5qcGclMjIlMjAlMkYlM0UlMEElM0MlMkZkaXYlM0UlMEElMEElM0NkaXYlMjBjbGFzcyUzRCUyMmhlYWRlci1jZW50ZXItdGV4dC1hYnNvbHV0ZTIlMjIlM0UlMEElM0NkaXYlMjBjbGFzcyUzRCUyMmhlYWRlci1jZW50ZXItdGV4dC1hYnNvbHV0ZTItaW5uZXIlMjIlM0UlMEElM0NoMSUzRSUzQ2ZvbnQlMjBjbGFzcyUzRCUyMmxhdG8tbm9ybWFsJTIyJTNFTCVFMiU4MCU5OUVYUCVDMyU4OURJVElPTiUyMCVDMyU4MCUyMFJBQkFJUyUyQyUyMCUzQyUyRmZvbnQlM0UlM0NiciUzRVF1JUMzJUE5YmVjJTNDJTJGaDElM0UlM0MlMkZkaXYlM0UlMEElM0MlMkZkaXYlM0UlMEElMjAlMjAlMjAlMjAlMEElM0MlMkZkaXYlM0U=[\/vc_raw_html][\/vc_column][\/vc_row][vc_row el_class=&#8221;.eip-r1&#8243;][vc_column width=&#8221;1\/4&#8243; el_class=&#8221;.eip-r1-c1&#8243;][vc_single_image image=&#8221;5794&#8243; img_size=&#8221;full&#8221; alignment=&#8221;center&#8221;][vc_column_text] EXP\u00c9DITION SANS TRACAS POUR LES PME DE QU\u00c9BEC [\/vc_column_text][\/vc_column][vc_column width=&#8221;3\/4&#8243; el_class=&#8221;.eip-r1-c2 .lato-light&#8221;][vc_column_text]L\u2019exp\u00e9dition \u00e0 Qu\u00e9bec \u2013 pour votre entreprise \u2013 rendue simple L&#8217;exp\u00e9dition est un co\u00fbt&#8230;<\/p>\n","protected":false},"author":5,"featured_media":0,"parent":0,"menu_order":0,"comment_status":"closed","ping_status":"closed","template":"","meta":{"footnotes":""},"class_list":["post-6114","page","type-page","status-publish","hentry"],"_links":{"self":[{"href":"https:\/\/www.flagshipcompany.com\/fr\/wp-json\/wp\/v2\/pages\/6114","targetHints":{"allow":["GET"]}}],"collection":[{"href":"https:\/\/www.flagshipcompany.com\/fr\/wp-json\/wp\/v2\/pages"}],"about":[{"href":"https:\/\/www.flagshipcompany.com\/fr\/wp-json\/wp\/v2\/types\/page"}],"author":[{"embeddable":true,"href":"https:\/\/www.flagshipcompany.com\/fr\/wp-json\/wp\/v2\/users\/5"}],"replies":[{"embeddable":true,"href":"https:\/\/www.flagshipcompany.com\/fr\/wp-json\/wp\/v2\/comments?post=6114"}],"version-history":[{"count":19,"href":"https:\/\/www.flagshipcompany.com\/fr\/wp-json\/wp\/v2\/pages\/6114\/revisions"}],"predecessor-version":[{"id":15966,"href":"https:\/\/www.flagshipcompany.com\/fr\/wp-json\/wp\/v2\/pages\/6114\/revisions\/15966"}],"wp:attachment":[{"href":"https:\/\/www.flagshipcompany.com\/fr\/wp-json\/wp\/v2\/media?parent=6114"}],"curies":[{"name":"wp","href":"https:\/\/api.w.org\/{rel}","templated":true}]}}