{"id":6128,"date":"2018-10-15T17:18:00","date_gmt":"2018-10-15T17:18:00","guid":{"rendered":"https:\/\/www.flagshipcompany.com\/?page_id=6128"},"modified":"2022-10-19T15:05:15","modified_gmt":"2022-10-19T19:05:15","slug":"lexpedition-a-rabais-vancouver","status":"publish","type":"page","link":"https:\/\/www.flagshipcompany.com\/fr\/lexpedition-a-rabais-vancouver\/","title":{"rendered":"L\u2019EXP\u00c9DITION \u00c0 RABAIS VANCOUVER"},"content":{"rendered":"<div class=\"wpb-content-wrapper\"><p>[vc_row full_width=&#8221;stretch_row_content_no_spaces&#8221;][vc_column][vc_raw_html]JTNDZGl2JTIwY2xhc3MlM0QlMjJoZWFkZXItYm94LXJlbGF0aXZlJTIyJTNFJTBBJTBBJTNDZGl2JTIwY2xhc3MlM0QlMjJoZWFkZXItYm94LWJrZyUyMiUyMCUzRSUwQSUzQ2ltZyUyMHNyYyUzRCUyMmh0dHBzJTNBJTJGJTJGd3d3LmZsYWdzaGlwY29tcGFueS5jb20lMkYlMkZhcHAlMkZ1cGxvYWRzJTJGMjAxOCUyRjA5JTJGVmFuY291dmVyLWhlYWRlci0xNjAweDM4MC5qcGclMjIlMjAlMkYlM0UlMEElM0MlMkZkaXYlM0UlMEElMEElM0NkaXYlMjBjbGFzcyUzRCUyMmhlYWRlci1jZW50ZXItdGV4dC1hYnNvbHV0ZTIlMjIlM0UlMEElM0NkaXYlMjBjbGFzcyUzRCUyMmhlYWRlci1jZW50ZXItdGV4dC1hYnNvbHV0ZTItaW5uZXIlMjIlM0UlMEElM0NoMSUzRSUzQ2ZvbnQlMjBjbGFzcyUzRCUyMmxhdG8tbm9ybWFsJTIyJTNFTCVFMiU4MCU5OUVYUCVDMyU4OURJVElPTiUyMCVDMyU4MCUyMFJBQkFJUyUyQyUzQyUyRmZvbnQlM0VWYW5jb3V2ZXIlM0MlMkZoMSUzRSUzQyUyRmRpdiUzRSUwQSUzQyUyRmRpdiUzRSUwQSUyMCUyMCUyMCUyMCUwQSUzQyUyRmRpdiUzRQ==[\/vc_raw_html][\/vc_column][\/vc_row][vc_row el_class=&#8221;.eip-r1&#8243;][vc_column width=&#8221;1\/4&#8243; el_class=&#8221;.eip-r1-c1&#8243;][vc_single_image image=&#8221;5796&#8243; img_size=&#8221;full&#8221; alignment=&#8221;center&#8221;][vc_column_text]<\/p>\n<h2>EXP\u00c9DITION SANS TRACAS<br \/>\nPOUR LES PME DE VANCOUVER<\/h2>\n<p>[\/vc_column_text][\/vc_column][vc_column width=&#8221;3\/4&#8243; el_class=&#8221;.eip-r1-c2 .lato-light&#8221;][vc_column_text]<span class=\"lato-normal uppercase-all title-blue\">Votre guichet unique pour l&#8217;exp\u00e9dition \u00e0 rabais \u00e0 Vancouver! <\/span><br \/>\nSolutions Courrier FlagShip est l\u2019une des soci\u00e9t\u00e9s chef de file au Canada en mati\u00e8re de solutions d\u2019exp\u00e9dition \u00e0 rabais en ligne qui aide les petites et moyennes entreprises \u00e0 \u00e9conomiser temps et argent sur leurs envois. Nous aidons des entreprises dans tout le pays et somme sp\u00e9cialis\u00e9s dans les services d&#8217;exp\u00e9dition \u00e0 Vancouver.<\/p>\n<p>Notre solution d&#8217;exp\u00e9dition \u00e0 guichet unique et pratique permet de facilement comparer les tarifs des entreprises d&#8217;exp\u00e9dition de Purolator, UPS, FedEx, DHL et Canpar sur un seul \u00e9cran, puis de choisir le service qui vous convient. C&#8217;est aussi facile que cela. De plus, \u00e9conomisez jusqu&#8217;\u00e0 70% sur vos envois!<\/p>\n<p>Pouvez-vous vraiment \u00e9conomiser de l&#8217;argent sur vos exp\u00e9ditions \u00e0 Vancouver? OUI! Une grande partie de ce que nous faisons chez FlagShip est de permettre aux petites et moyennes entreprises d&#8217;obtenir les meilleurs tarifs et services d&#8217;exp\u00e9dition des principales entreprises d&#8217;exp\u00e9dition au Canada. <a href=\"https:\/\/www.flagshipcompany.com\/fr\/inscrivez-vous-2\/\">Ouvrez un compte gratuitement et commencez \u00e0 comparer les tarifs d&#8217;exp\u00e9dition!<\/a><\/p>\n<p><span class=\"lato-normal uppercase-all title-blue\">Nous avons des relations avec des services d&#8217;exp\u00e9dition de renom<\/span><br \/>\nChez FlagShip, nous nous sp\u00e9cialisons dans les services d&#8217;exp\u00e9dition \u00e0 Vancouver en utilisant les entreprises d&#8217;exp\u00e9dition les plus grosses et les plus reconnues. Nos relations \u00e0 long terme avec d\u2019importantes entreprises d\u2019exp\u00e9dition comme Purolator, UPS, FedEx, DHL et Canpar, nous permettent d\u2019obtenir un escompte de volume sur les frais d\u2019exp\u00e9dition \u2013 et nous vous transmettons ces \u00e9conomies. Nous ne ramassons pas ni ne d\u00e9livrons vos colis. C&#8217;est l\u2019entreprise d\u2019exp\u00e9dition de votre choix qui le fait. Nous vous proposons simplement des rabais et nous vous offrons une fa\u00e7on plus pratique pour g\u00e9rer vos envois avec le l\u2019entreprise d\u2019exp\u00e9dition de votre choix. Au c\u0153ur de notre service, on retrouve le syst\u00e8me d&#8217;exp\u00e9dition en ligne unique et convivial qui est reli\u00e9 aux principales entreprises d\u2019exp\u00e9dition.[\/vc_column_text][vc_single_image image=&#8221;10354&#8243; img_size=&#8221;full&#8221;][\/vc_column][\/vc_row][vc_row full_width=&#8221;stretch_row&#8221; css=&#8221;.vc_custom_1462695407433{background-color: #f6f7f9 !important;}&#8221; el_class=&#8221;.eip-r2&#8243;][vc_column width=&#8221;1\/2&#8243; el_class=&#8221;.eip-r2-c1 .lato-light&#8221;][vc_column_text]<\/p>\n<h2><span style=\"color: #58595b !important;\">Est-ce que l&#8217;exp\u00e9dition \u00e0 rabais vous convient?\u00a0<\/span><span style=\"color: #0ca8e2 !important; font-weight: bold;\">Si vous r\u00e9pondez OUI ci-dessous, essayez FlagShip!?<\/span><\/h2>\n<ul>\n<li>Faites-vous partie d&#8217;une petite ou moyenne entreprise?<\/li>\n<li>Exp\u00e9diez-vous r\u00e9guli\u00e8rement des colis et\/ou enveloppes\u00a0?<\/li>\n<li>Aimeriez-vous comparer des tarifs et services d&#8217;exp\u00e9dition sur un m\u00eame \u00e9cran?<\/li>\n<li>Recherchez-vous un service d&#8217;exp\u00e9dition du lendemain ou de transport?<\/li>\n<li>Recherchez-vous les tarifs d&#8217;exp\u00e9dition les plus bas \u00e0 Vancouver?<\/li>\n<\/ul>\n<p>[\/vc_column_text][\/vc_column][vc_column width=&#8221;1\/2&#8243; el_class=&#8221;.eip-r2-c2 .lato-light&#8221;][vc_column_text]<strong>Trouvez les meilleurs prix d\u2019entreprises d&#8217;exp\u00e9dition de renom pour vos envois \u00e0 Vancouver \u2013 le tout \u00e0 partir d&#8217;un m\u00eame \u00e9cran!<\/strong><\/p>\n<p>Le syst\u00e8me d&#8217;exp\u00e9dition en ligne exclusif et facile \u00e0 utiliser de FlagShip vous met en contact direct avec les meilleures entreprises d&#8217;exp\u00e9dition au Canada. Il vous permet de voir une gamme de services et de tarifs d&#8217;exp\u00e9dition de Vancouver.<\/p>\n<ul>\n<li>Comparez les tarifs pour les principales entreprises d&#8217;exp\u00e9dition \u2013 Purolator, UPS, FedEx, DHL et Canpar<\/li>\n<li>Acc\u00e9dez au syst\u00e8me d&#8217;exp\u00e9dition en ligne de FlagShip<\/li>\n<li>Couverture d&#8217;assurance suppl\u00e9mentaire \u00e0 1,25\u00a0$\/100\u00a0$<\/li>\n<li>\u00c9conomisez avec aucun frais de ramassage<\/li>\n<li>Faites votre suivi et recevez des avis de livraison par courriel pour chaque envoi<\/li>\n<li>Imprimez facilement vos \u00e9tiquettes d&#8217;exp\u00e9dition<\/li>\n<li>Recevez une facture consolid\u00e9e pour toutes vos activit\u00e9s d&#8217;exp\u00e9dition<\/li>\n<li>Envoyez et g\u00e9rez facilement des envois \u00e0 diff\u00e9rentes destinations<\/li>\n<li>Exp\u00e9diez partout \u2013 Canada, \u00c9tats-Unis et international<\/li>\n<\/ul>\n<p>[\/vc_column_text][\/vc_column][\/vc_row][vc_row el_class=&#8221;.eip-r4 .lato-light&#8221; css=&#8221;.vc_custom_1535640578951{padding-top: 40px !important;}&#8221;][vc_column][vc_column_text]<span class=\"lato-normal uppercase-all title-blue\">Est-ce que FlagShip convient \u00e0 votre entreprise de Vancouver? <\/span><br \/>\nSi vous exp\u00e9diez entre 1 envoi par mois et 40 envois par semaine, l&#8217;exp\u00e9dition \u00e0 rabais est parfaite pour votre entreprise. Il est facile d&#8217;obtenir une soumission \u2013 nous n&#8217;avons besoin que d&#8217;un emplacement d&#8217;exp\u00e9dition r\u00e9gulier, incluant le code postal de collecte et d&#8217;exp\u00e9dition, la taille et le poids du colis, ainsi que le type de service requis et nous vous montrerons instantan\u00e9ment vos prix escompt\u00e9s!<\/p>\n<p><span class=\"lato-normal uppercase-all title-blue\">Vous cherchez d&#8217;autres solutions d&#8217;exp\u00e9dition?<\/span><br \/>\nNous offrons de nombreux autres services en plus de notre programme d&#8217;exp\u00e9dition \u00e0 rabais.<\/p>\n<ul>\n<li><a href=\"https:\/\/www.flagshipcompany.com\/fr\/services-de-fret-ltl-ou-ftl\/\">Service de fret et de logistique LTL<\/a> pour vos gros envois.<\/li>\n<li><a href=\"https:\/\/www.flagshipcompany.com\/fr\/integration-au-commerce-electronique\/\">Int\u00e9gration de commerce \u00e9lectronique<\/a> pour relier les tarifs d&#8217;exp\u00e9dition \u00e0 rabais de FlagShip \u00e0 votre magasin en ligne.<\/li>\n<\/ul>\n<p><span class=\"lato-normal uppercase-all title-blue\">Vos exp\u00e9ditions sont notre priorit\u00e9<\/span><br \/>\nFlagShip est d\u00e9vou\u00e9e \u00e0 l\u2019am\u00e9lioration des entreprises de ses clients en leur offrant une exp\u00e9rience d\u2019exp\u00e9dition facile et sans stress \u00e0 un prix avantageux. Nous sommes pr\u00e9sents pour travailler avec vous et pour vous faciliter l\u2019exp\u00e9dition afin que vous puissiez vous concentrer ce qui est r\u00e9ellement important : votre entreprise.[\/vc_column_text][\/vc_column][\/vc_row][vc_row][vc_column][vc_column_text]<br \/>\n[\/vc_column_text][\/vc_column][\/vc_row][vc_row full_width=&#8221;stretch_row&#8221; el_class=&#8221;.hp-r9&#8243; css=&#8221;.vc_custom_1464935005953{background-color: #00aae2 !important;}&#8221;][vc_column width=&#8221;1\/2&#8243; el_class=&#8221;.hp-r9-c1&#8243;][vc_raw_html]JTNDZGl2JTIwY2xhc3MlM0QlMjJocC1yOS1jMS10aXRsZTElMjIlM0VDb21tZW50JTIwZCVDMyVBOWJ1dGVyJTNDJTJGZGl2JTNFJTBBJTNDZGl2JTIwY2xhc3MlM0QlMjJocC1yOS1jMS10aXRsZTIlMjIlM0VJbnNjcml2ZXotdm91cyUyMHBvdXIlMjBvYnRlbmlyJTIwdW4lMjBjb21wdGUlMjBzYW5zJTIwb2JsaWdhdGlvbiUyMGV0JTIwc2FucyUyMG1pbmltdW0lMjAlRTIlODAlOTMlMjBjJTI3ZXN0JTIwZ3JhdHVpdCUyMGV0JTIwdm91cyUyMHBvdXZleiUyMGNvbW1lbmNlciUyMG1haW50ZW5hbnQlMjElM0MlMkZkaXYlM0UlMEElM0NkaXYlMjBjbGFzcyUzRCUyMmhwLXI5LWMxLXRpdGxlMyUyMiUzRVZvdXMlMjBhdmV6JTIwZGVzJTIwcXVlc3Rpb25zJTIwb3UlMjBhaW1lcmlleiUyMG9idGVuaXIlMjB1bmUlMjBzb3VtaXNzaW9uJTIwcG91ciUyMGxlcyUyMHNlcnZpY2VzJTIwZCUyN2V4cCVDMyVBOWRpdGlvbiUyMCVDMyVBMCUyMFZhbmNvdXZlciUzRiUyMFZldWlsbGV6JTIwbm91cyUyMGFwcGVsZXIlMjBhdSUyMDElMjA4NjYlMjAzMjAtODM4My4lMjAlM0MlMkZhJTNFJTNDJTJGZGl2JTNF[\/vc_raw_html][\/vc_column][vc_column width=&#8221;1\/2&#8243; el_class=&#8221;.hp-r9-c2&#8243;][vc_column_text]<\/p>\n<div class=\"hp-r9-c2-title1\">Ouvrez un compte GRATUIT<\/div>\n<div style=\"text-align: center; margin-top: 42px;\"><a href=\"https:\/\/www.flagshipcompany.com\/fr\/inscrivez-vous-2\/\"><img decoding=\"async\" style=\"width: 180px;\" src=\"https:\/\/www.flagshipcompany.com\/app\/uploads\/2021\/01\/Allez-Y-Button.svg\" alt=\"\" title=\"\"><\/a><\/div>\n<p>[\/vc_column_text][\/vc_column][\/vc_row]<\/p>\n<\/div>","protected":false},"excerpt":{"rendered":"<p>[vc_row full_width=&#8221;stretch_row_content_no_spaces&#8221;][vc_column][vc_raw_html]JTNDZGl2JTIwY2xhc3MlM0QlMjJoZWFkZXItYm94LXJlbGF0aXZlJTIyJTNFJTBBJTBBJTNDZGl2JTIwY2xhc3MlM0QlMjJoZWFkZXItYm94LWJrZyUyMiUyMCUzRSUwQSUzQ2ltZyUyMHNyYyUzRCUyMmh0dHBzJTNBJTJGJTJGd3d3LmZsYWdzaGlwY29tcGFueS5jb20lMkYlMkZhcHAlMkZ1cGxvYWRzJTJGMjAxOCUyRjA5JTJGVmFuY291dmVyLWhlYWRlci0xNjAweDM4MC5qcGclMjIlMjAlMkYlM0UlMEElM0MlMkZkaXYlM0UlMEElMEElM0NkaXYlMjBjbGFzcyUzRCUyMmhlYWRlci1jZW50ZXItdGV4dC1hYnNvbHV0ZTIlMjIlM0UlMEElM0NkaXYlMjBjbGFzcyUzRCUyMmhlYWRlci1jZW50ZXItdGV4dC1hYnNvbHV0ZTItaW5uZXIlMjIlM0UlMEElM0NoMSUzRSUzQ2ZvbnQlMjBjbGFzcyUzRCUyMmxhdG8tbm9ybWFsJTIyJTNFTCVFMiU4MCU5OUVYUCVDMyU4OURJVElPTiUyMCVDMyU4MCUyMFJBQkFJUyUyQyUzQyUyRmZvbnQlM0VWYW5jb3V2ZXIlM0MlMkZoMSUzRSUzQyUyRmRpdiUzRSUwQSUzQyUyRmRpdiUzRSUwQSUyMCUyMCUyMCUyMCUwQSUzQyUyRmRpdiUzRQ==[\/vc_raw_html][\/vc_column][\/vc_row][vc_row el_class=&#8221;.eip-r1&#8243;][vc_column width=&#8221;1\/4&#8243; el_class=&#8221;.eip-r1-c1&#8243;][vc_single_image image=&#8221;5796&#8243; img_size=&#8221;full&#8221; alignment=&#8221;center&#8221;][vc_column_text] EXP\u00c9DITION SANS TRACAS POUR LES PME DE VANCOUVER [\/vc_column_text][\/vc_column][vc_column width=&#8221;3\/4&#8243; el_class=&#8221;.eip-r1-c2 .lato-light&#8221;][vc_column_text]Votre guichet unique pour l&#8217;exp\u00e9dition \u00e0 rabais \u00e0 Vancouver! Solutions Courrier FlagShip est l\u2019une&#8230;<\/p>\n","protected":false},"author":5,"featured_media":0,"parent":0,"menu_order":0,"comment_status":"closed","ping_status":"closed","template":"","meta":{"footnotes":""},"class_list":["post-6128","page","type-page","status-publish","hentry"],"_links":{"self":[{"href":"https:\/\/www.flagshipcompany.com\/fr\/wp-json\/wp\/v2\/pages\/6128","targetHints":{"allow":["GET"]}}],"collection":[{"href":"https:\/\/www.flagshipcompany.com\/fr\/wp-json\/wp\/v2\/pages"}],"about":[{"href":"https:\/\/www.flagshipcompany.com\/fr\/wp-json\/wp\/v2\/types\/page"}],"author":[{"embeddable":true,"href":"https:\/\/www.flagshipcompany.com\/fr\/wp-json\/wp\/v2\/users\/5"}],"replies":[{"embeddable":true,"href":"https:\/\/www.flagshipcompany.com\/fr\/wp-json\/wp\/v2\/comments?post=6128"}],"version-history":[{"count":19,"href":"https:\/\/www.flagshipcompany.com\/fr\/wp-json\/wp\/v2\/pages\/6128\/revisions"}],"predecessor-version":[{"id":15958,"href":"https:\/\/www.flagshipcompany.com\/fr\/wp-json\/wp\/v2\/pages\/6128\/revisions\/15958"}],"wp:attachment":[{"href":"https:\/\/www.flagshipcompany.com\/fr\/wp-json\/wp\/v2\/media?parent=6128"}],"curies":[{"name":"wp","href":"https:\/\/api.w.org\/{rel}","templated":true}]}}