{"id":6139,"date":"2018-10-15T17:37:28","date_gmt":"2018-10-15T17:37:28","guid":{"rendered":"https:\/\/www.flagshipcompany.com\/?page_id=6139"},"modified":"2026-04-10T13:13:13","modified_gmt":"2026-04-10T17:13:13","slug":"lexpedition-a-rabais-edmonton","status":"publish","type":"page","link":"https:\/\/www.flagshipcompany.com\/fr\/lexpedition-a-rabais-edmonton\/","title":{"rendered":"L\u2019EXP\u00c9DITION \u00c0 RABAIS EDMONTON"},"content":{"rendered":"<div class=\"wpb-content-wrapper\"><p>[vc_row full_width=&#8221;stretch_row_content_no_spaces&#8221;][vc_column][vc_raw_html]JTNDZGl2JTIwY2xhc3MlM0QlMjJoZWFkZXItYm94LXJlbGF0aXZlJTIyJTNFJTBBJTBBJTNDZGl2JTIwY2xhc3MlM0QlMjJoZWFkZXItYm94LWJrZyUyMiUyMCUzRSUwQSUzQ2ltZyUyMHNyYyUzRCUyMmh0dHBzJTNBJTJGJTJGd3d3LmZsYWdzaGlwY29tcGFueS5jb20lMkYlMkZhcHAlMkZ1cGxvYWRzJTJGMjAxOCUyRjA5JTJGRWRtb250b24taGVhZGVyLTE2MDB4MzgwLmpwZyUyMiUyMCUyRiUzRSUwQSUzQyUyRmRpdiUzRSUwQSUwQSUzQ2RpdiUyMGNsYXNzJTNEJTIyaGVhZGVyLWNlbnRlci10ZXh0LWFic29sdXRlMiUyMiUzRSUwQSUzQ2RpdiUyMGNsYXNzJTNEJTIyaGVhZGVyLWNlbnRlci10ZXh0LWFic29sdXRlMi1pbm5lciUyMiUzRSUwQSUzQ2gxJTNFJTNDZm9udCUyMGNsYXNzJTNEJTIybGF0by1ub3JtYWwlMjIlM0VMJUUyJTgwJTk5RVhQJUMzJTg5RElUSU9OJTIwJUMzJTgwJTIwUkFCQUlTJTJDJTIwJTNDJTJGZm9udCUzRUVkbW9udG9uJTNDJTJGaDElM0UlM0MlMkZkaXYlM0UlMEElM0MlMkZkaXYlM0UlMEElMjAlMjAlMjAlMjAlMEElM0MlMkZkaXYlM0U=[\/vc_raw_html][\/vc_column][\/vc_row][vc_row el_class=&#8221;.eip-r1&#8243;][vc_column width=&#8221;1\/4&#8243; el_class=&#8221;.eip-r1-c1&#8243;][vc_single_image image=&#8221;5788&#8243; img_size=&#8221;full&#8221; alignment=&#8221;center&#8221;][vc_column_text]<\/p>\n<h2>EXP\u00c9DITION SANS TRACAS<br \/>\nPOUR LES PME DE EDMONTON<\/h2>\n<p>[\/vc_column_text][\/vc_column][vc_column width=&#8221;3\/4&#8243; el_class=&#8221;.eip-r1-c2 .lato-light&#8221;][vc_column_text]<span class=\"lato-normal uppercase-all title-blue\">Exp\u00e9dition pour petites et moyennes entreprise d&#8217;Edmonton<\/span><br \/>\nFlagShip offre des <a href=\"https:\/\/www.flagshipcompany.com\/fr\/lexpedition-a-rabais\/\">solutions d&#8217;exp\u00e9dition \u00e0 rabais<\/a> aux petites et moyennes entreprises de partout au Canada et s&#8217;est engag\u00e9e \u00e0 fournir des services de messagerie hors pair \u00e0 Edmonton et sa p\u00e9riph\u00e9rie. Pour vos envois au Canada ou \u00e0 l\u2019international, FlagShip s\u2019est engag\u00e9e \u00e0 vous aider \u00e0 \u00e9conomiser temps et argent \u00e0 chaque envoi.<\/p>\n<p>Chez FlagShip, nous desservons des entreprises \u00e0 la grandeur du Canada et nous avons l\u2019expertise pour travailler avec des clients qui ont besoin de services d&#8217;exp\u00e9dition \u00e0 Edmonton \u2013 envois \u00e0 partir d&#8217;Edmonton, envois vers Edmonton \u2013 ou intra-province. Nous faisons tout cela avec les entreprises d&#8217;exp\u00e9dition les plus connues. Nos relations avec d\u2019importants services de messagerie comme Purolator, UPS et FedEx, DHL et Canpar nous permettent d\u2019obtenir un escompte de volume sur les frais d\u2019exp\u00e9dition \u2013 et nous vous transmettons ces \u00e9conomies. \u00c9conomisez jusqu&#8217;\u00e0 70% sur vos envois!.<\/p>\n<p><span class=\"lato-normal uppercase-all title-blue\">Comment nous offrons les services d&#8217;exp\u00e9dition d&#8217;Edmonton pour aider votre entreprise<\/span><br \/>\nNous ne ramassons pas ni ne d\u00e9livrons vos colis. C&#8217;est l\u2019entreprise d\u2019exp\u00e9dition de votre choix qui le fait. Nous vous proposons simplement des rabais et nous vous offrons une fa\u00e7on plus pratique pour g\u00e9rer vos envois avec le l\u2019entreprise d\u2019exp\u00e9dition de votre choix. Au c\u0153ur de notre service, on retrouve le syst\u00e8me d&#8217;exp\u00e9dition en ligne unique et convivial qui est reli\u00e9 aux principales entreprises d\u2019exp\u00e9dition. Ce syst\u00e8me vous permet d&#8217;obtenir les meilleurs tarifs en comparant instantan\u00e9ment des soumissions des principales entreprises d\u2019exp\u00e9dition, sans avoir \u00e0 faire des recherches sur divers sites. Il cr\u00e9e \u00e9galement des \u00e9tiquettes conformes pour chaque colis, conserve les informations importantes concernant vos envois pour une utilisation ult\u00e9rieure plus rapide et plus facile, et assure le suivi de vos envois.[\/vc_column_text][vc_single_image image=&#8221;10358&#8243; img_size=&#8221;full&#8221;][\/vc_column][\/vc_row][vc_row full_width=&#8221;stretch_row&#8221; css=&#8221;.vc_custom_1462695407433{background-color: #f6f7f9 !important;}&#8221; el_class=&#8221;.eip-r2&#8243;][vc_column width=&#8221;1\/2&#8243; el_class=&#8221;.eip-r2-c1 .lato-light&#8221;][vc_column_text]<\/p>\n<h2><span style=\"color: #58595b !important;\">Est-ce que l&#8217;exp\u00e9dition \u00e0 rabais vous convient? <\/span><span style=\"color: #0ca8e2 !important; font-weight: bold;\">Si vous r\u00e9pondez OUI ci-dessous, essayez FlagShip! <\/span><\/h2>\n<ul>\n<li>Faites-vous partie d&#8217;une petite ou moyenne entreprise?<\/li>\n<li>Exp\u00e9diez-vous r\u00e9guli\u00e8rement des colis et\/ou enveloppes\u00a0?<\/li>\n<li>Aimeriez-vous comparer des tarifs et services d&#8217;exp\u00e9dition sur un m\u00eame \u00e9cran?<\/li>\n<li>Recherchez-vous un service d&#8217;exp\u00e9dition du lendemain ou de transport?<\/li>\n<li>Recherchez-vous les tarifs d&#8217;exp\u00e9dition les plus bas \u00e0 Edmonton?<\/li>\n<\/ul>\n<p>[\/vc_column_text][\/vc_column][vc_column width=&#8221;1\/2&#8243; el_class=&#8221;.eip-r2-c2 .lato-light&#8221;][vc_column_text]<strong>Si vous avez une entreprise florissante \u00e0 Edmonton qui est \u00e0 la recherche de services d&#8217;exp\u00e9dition, FlagShip offre des tarifs r\u00e9duits aupr\u00e8s d\u2019entreprises d&#8217;exp\u00e9dition de renom qui vous feront \u00e9conomiser temps et argent. <\/strong><\/p>\n<ul>\n<li>Comparez les tarifs pour les principales entreprises d&#8217;exp\u00e9dition \u2013 Purolator, UPS, FedEx, DHL et Canpar<\/li>\n<li>Acc\u00e9dez au syst\u00e8me d&#8217;exp\u00e9dition en ligne de FlagShip<\/li>\n<li>Couverture d&#8217;assurance suppl\u00e9mentaire \u00e0 1,25\u00a0$\/100\u00a0$<\/li>\n<li>\u00c9conomisez avec aucun frais de ramassage<\/li>\n<li>Faites votre suivi et recevez des avis de livraison par courriel pour chaque envoi<\/li>\n<li>Imprimez facilement vos \u00e9tiquettes d&#8217;exp\u00e9dition<\/li>\n<li>Recevez une facture consolid\u00e9e pour toutes vos activit\u00e9s d&#8217;exp\u00e9dition<\/li>\n<li>Envoyez et g\u00e9rez facilement des envois \u00e0 diff\u00e9rentes destinations<\/li>\n<li>Exp\u00e9diez partout \u2013 Canada, \u00c9tats-Unis et international<\/li>\n<\/ul>\n<p>[\/vc_column_text][\/vc_column][\/vc_row][vc_row el_class=&#8221;.eip-r4 .lato-light&#8221; css=&#8221;.vc_custom_1535640578951{padding-top: 40px !important;}&#8221;][vc_column][vc_column_text]<span class=\"lato-normal uppercase-all title-blue\">Est-ce que FlagShip convient \u00e0 votre entreprise de Edmonton? <\/span><br \/>\nSi vous exp\u00e9diez entre 1 envoi par mois et 40 envois par semaine, l&#8217;exp\u00e9dition \u00e0 rabais est parfaite pour votre entreprise. Il est facile d&#8217;obtenir une soumission \u2013 nous n&#8217;avons besoin que d&#8217;un emplacement d&#8217;exp\u00e9dition r\u00e9gulier, incluant le code postal de collecte et d&#8217;exp\u00e9dition, la taille et le poids du colis, ainsi que le type de service requis et nous vous montrerons instantan\u00e9ment vos prix escompt\u00e9s!<\/p>\n<p><span class=\"lato-normal uppercase-all title-blue\">Vous cherchez d&#8217;autres solutions d&#8217;exp\u00e9dition?<\/span><br \/>\nNous offrons de nombreux autres services en plus de notre programme d&#8217;exp\u00e9dition \u00e0 rabais.<\/p>\n<ul>\n<li><a href=\"https:\/\/www.flagshipcompany.com\/fr\/services-de-fret-ltl-ou-ftl\/\">Service de fret et de logistique LTL<\/a> pour vos gros envois.<\/li>\n<li><a href=\"https:\/\/www.flagshipcompany.com\/fr\/integration-au-commerce-electronique\/\">Int\u00e9gration de commerce \u00e9lectronique<\/a> pour relier les tarifs d&#8217;exp\u00e9dition \u00e0 rabais de FlagShip \u00e0 votre magasin en ligne.<\/li>\n<\/ul>\n<p><span class=\"lato-normal uppercase-all title-blue\">Vos exp\u00e9ditions sont notre priorit\u00e9<\/span><br \/>\nFlagShip est d\u00e9vou\u00e9e \u00e0 l\u2019am\u00e9lioration des entreprises de ses clients en leur offrant une exp\u00e9rience d\u2019exp\u00e9dition facile et sans stress \u00e0 un prix avantageux. Nous sommes pr\u00e9sents pour travailler avec vous et pour vous faciliter l\u2019exp\u00e9dition afin que vous puissiez vous concentrer ce qui est r\u00e9ellement important : votre entreprise.[\/vc_column_text][\/vc_column][\/vc_row][vc_row][vc_column][vc_column_text]<br \/>\n[\/vc_column_text][\/vc_column][\/vc_row][vc_row full_width=&#8221;stretch_row&#8221; el_class=&#8221;.hp-r9&#8243; css=&#8221;.vc_custom_1464935005953{background-color: #00aae2 !important;}&#8221;][vc_column width=&#8221;1\/2&#8243; el_class=&#8221;.hp-r9-c1&#8243;][vc_raw_html]JTNDZGl2JTIwY2xhc3MlM0QlMjJocC1yOS1jMS10aXRsZTElMjIlM0VDb21tZW50JTIwZCVDMyVBOWJ1dGVyJTNDJTJGZGl2JTNFJTBBJTNDZGl2JTIwY2xhc3MlM0QlMjJocC1yOS1jMS10aXRsZTIlMjIlM0VJbnNjcml2ZXotdm91cyUyMHBvdXIlMjBvYnRlbmlyJTIwdW4lMjBjb21wdGUlMjBzYW5zJTIwb2JsaWdhdGlvbiUyMGV0JTIwc2FucyUyMG1pbmltdW0lMjAlRTIlODAlOTMlMjBjJTI3ZXN0JTIwZ3JhdHVpdCUyMGV0JTIwdm91cyUyMHBvdXZleiUyMGNvbW1lbmNlciUyMG1haW50ZW5hbnQlMjElM0MlMkZkaXYlM0UlMEElM0NkaXYlMjBjbGFzcyUzRCUyMmhwLXI5LWMxLXRpdGxlMyUyMiUzRVZvdXMlMjBhdmV6JTIwZGVzJTIwcXVlc3Rpb25zJTIwb3UlMjBhaW1lcmlleiUyMG9idGVuaXIlMjB1bmUlMjBzb3VtaXNzaW9uJTIwcG91ciUyMGxlcyUyMHNlcnZpY2VzJTIwZCUyN2V4cCVDMyVBOWRpdGlvbiUyMCVDMyVBMCUyMEVkbW9udG9uJTNGJTIwVmV1aWxsZXolMjBub3VzJTIwYXBwZWxlciUyMGF1JTIwMSUyMDg2NiUyMDMyMC04MzgzLiUyMCUzQyUyRmElM0UlM0MlMkZkaXYlM0UlMEE=[\/vc_raw_html][\/vc_column][vc_column width=&#8221;1\/2&#8243; el_class=&#8221;.hp-r9-c2&#8243;][vc_column_text]<\/p>\n<div class=\"hp-r9-c2-title1\">Ouvrez un compte GRATUIT<\/div>\n<div style=\"text-align: center; margin-top: 42px;\"><a href=\"https:\/\/www.flagshipcompany.com\/fr\/inscrivez-vous-2\/\"><img decoding=\"async\" style=\"width: 180px;\" src=\"https:\/\/www.flagshipcompany.com\/app\/uploads\/2021\/01\/Allez-Y-Button.svg\" alt=\"\" title=\"\"><\/a><\/div>\n<p>[\/vc_column_text][\/vc_column][\/vc_row]<\/p>\n<\/div>","protected":false},"excerpt":{"rendered":"<p>[vc_row full_width=&#8221;stretch_row_content_no_spaces&#8221;][vc_column][vc_raw_html]JTNDZGl2JTIwY2xhc3MlM0QlMjJoZWFkZXItYm94LXJlbGF0aXZlJTIyJTNFJTBBJTBBJTNDZGl2JTIwY2xhc3MlM0QlMjJoZWFkZXItYm94LWJrZyUyMiUyMCUzRSUwQSUzQ2ltZyUyMHNyYyUzRCUyMmh0dHBzJTNBJTJGJTJGd3d3LmZsYWdzaGlwY29tcGFueS5jb20lMkYlMkZhcHAlMkZ1cGxvYWRzJTJGMjAxOCUyRjA5JTJGRWRtb250b24taGVhZGVyLTE2MDB4MzgwLmpwZyUyMiUyMCUyRiUzRSUwQSUzQyUyRmRpdiUzRSUwQSUwQSUzQ2RpdiUyMGNsYXNzJTNEJTIyaGVhZGVyLWNlbnRlci10ZXh0LWFic29sdXRlMiUyMiUzRSUwQSUzQ2RpdiUyMGNsYXNzJTNEJTIyaGVhZGVyLWNlbnRlci10ZXh0LWFic29sdXRlMi1pbm5lciUyMiUzRSUwQSUzQ2gxJTNFJTNDZm9udCUyMGNsYXNzJTNEJTIybGF0by1ub3JtYWwlMjIlM0VMJUUyJTgwJTk5RVhQJUMzJTg5RElUSU9OJTIwJUMzJTgwJTIwUkFCQUlTJTJDJTIwJTNDJTJGZm9udCUzRUVkbW9udG9uJTNDJTJGaDElM0UlM0MlMkZkaXYlM0UlMEElM0MlMkZkaXYlM0UlMEElMjAlMjAlMjAlMjAlMEElM0MlMkZkaXYlM0U=[\/vc_raw_html][\/vc_column][\/vc_row][vc_row el_class=&#8221;.eip-r1&#8243;][vc_column width=&#8221;1\/4&#8243; el_class=&#8221;.eip-r1-c1&#8243;][vc_single_image image=&#8221;5788&#8243; img_size=&#8221;full&#8221; alignment=&#8221;center&#8221;][vc_column_text] EXP\u00c9DITION SANS TRACAS POUR LES PME DE EDMONTON [\/vc_column_text][\/vc_column][vc_column width=&#8221;3\/4&#8243; el_class=&#8221;.eip-r1-c2 .lato-light&#8221;][vc_column_text]Exp\u00e9dition pour petites et moyennes entreprise d&#8217;Edmonton FlagShip offre des solutions d&#8217;exp\u00e9dition \u00e0 rabais&#8230;<\/p>\n","protected":false},"author":5,"featured_media":0,"parent":0,"menu_order":0,"comment_status":"closed","ping_status":"closed","template":"","meta":{"footnotes":""},"class_list":["post-6139","page","type-page","status-publish","hentry"],"_links":{"self":[{"href":"https:\/\/www.flagshipcompany.com\/fr\/wp-json\/wp\/v2\/pages\/6139","targetHints":{"allow":["GET"]}}],"collection":[{"href":"https:\/\/www.flagshipcompany.com\/fr\/wp-json\/wp\/v2\/pages"}],"about":[{"href":"https:\/\/www.flagshipcompany.com\/fr\/wp-json\/wp\/v2\/types\/page"}],"author":[{"embeddable":true,"href":"https:\/\/www.flagshipcompany.com\/fr\/wp-json\/wp\/v2\/users\/5"}],"replies":[{"embeddable":true,"href":"https:\/\/www.flagshipcompany.com\/fr\/wp-json\/wp\/v2\/comments?post=6139"}],"version-history":[{"count":24,"href":"https:\/\/www.flagshipcompany.com\/fr\/wp-json\/wp\/v2\/pages\/6139\/revisions"}],"predecessor-version":[{"id":26052,"href":"https:\/\/www.flagshipcompany.com\/fr\/wp-json\/wp\/v2\/pages\/6139\/revisions\/26052"}],"wp:attachment":[{"href":"https:\/\/www.flagshipcompany.com\/fr\/wp-json\/wp\/v2\/media?parent=6139"}],"curies":[{"name":"wp","href":"https:\/\/api.w.org\/{rel}","templated":true}]}}