{"id":6541,"date":"2018-12-04T13:49:35","date_gmt":"2018-12-04T13:49:35","guid":{"rendered":"https:\/\/www.flagshipcompany.com\/?page_id=6541"},"modified":"2025-01-13T13:23:11","modified_gmt":"2025-01-13T18:23:11","slug":"services-dexpedition-internationaux","status":"publish","type":"page","link":"https:\/\/www.flagshipcompany.com\/fr\/services-dexpedition-internationaux\/","title":{"rendered":"Services D\u2019exp\u00e9dition Internationaux"},"content":{"rendered":"<div class=\"wpb-content-wrapper\"><p>[vc_row full_width=&#8221;stretch_row_content_no_spaces&#8221;][vc_column][vc_raw_html]JTNDZGl2JTIwY2xhc3MlM0QlMjJoZWFkZXItYm94LXJlbGF0aXZlJTIyJTNFJTBBJTBBJTNDZGl2JTIwY2xhc3MlM0QlMjJoZWFkZXItYm94LWJrZyUyMiUyMCUzRSUwQSUzQ2ltZyUyMHNyYyUzRCUyMiUyRmFwcCUyRnVwbG9hZHMlMkYyMDE4JTJGMTElMkZpbnRlcm5hdGlvbmFsLXNoaXBwaW5nLWhlYWRlci5wbmclMjIlMjAlMkYlM0UlMEElM0MlMkZkaXYlM0UlMEElMEElM0NkaXYlMjBjbGFzcyUzRCUyMmhlYWRlci1jZW50ZXItdGV4dC1hYnNvbHV0ZTIlMjIlM0UlMEElM0NkaXYlMjBjbGFzcyUzRCUyMmhlYWRlci1jZW50ZXItdGV4dC1hYnNvbHV0ZTItaW5uZXIlMjIlM0UlMEElM0NoMSUzRSUzQ2ZvbnQlMjBjbGFzcyUzRCUyMmxhdG8tbm9ybWFsJTIyJTNFU0VSVklDRVMlMjBEJUUyJTgwJTk5RVhQJUMzJTg5RElUSU9OJTNDJTJGZm9udCUzRSUyMElOVEVSTkFUSU9OQVVYJTNDJTJGaDElM0UlM0MlMkZkaXYlM0UlMEElM0MlMkZkaXYlM0UlMEElMjAlMjAlMjAlMjAlMEElM0MlMkZkaXYlM0U=[\/vc_raw_html][\/vc_column][\/vc_row][vc_row el_class=&#8221;.eip-r1&#8243;][vc_column width=&#8221;1\/4&#8243; el_class=&#8221;.eip-r1-c1&#8243;][vc_column_text]<\/p>\n<h2 style=\"color: #58595b !important;\">SERVICES D\u2019EXP\u00c9DITION INTERNATIONAUX POUR MOINS CHER!<\/h2>\n<p>[\/vc_column_text][\/vc_column][vc_column width=&#8221;3\/4&#8243; el_class=&#8221;.eip-r1-c1 .lato-light&#8221; css=&#8221;.vc_custom_1543430554013{padding-top: 45px !important;}&#8221;][vc_column_text]<\/p>\n<p class=\"p1\"><span class=\"s1\">FlagShip offre aux entreprises canadiennes la meilleure s\u00e9lection de tarifs d\u2019exp\u00e9dition, peu importe o\u00f9 ils exp\u00e9dient \u2013 oui, cela inclus les tarifs r\u00e9duits sur les services d\u2019exp\u00e9dition internationaux! Si votre entreprise effectue des envois domestiques, transfrontaliers ou internationaux, nous pouvons vous aider.<\/span><\/p>\n<p>[\/vc_column_text][\/vc_column][\/vc_row][vc_row el_class=&#8221;.eip-r1&#8243;][vc_column width=&#8221;1\/4&#8243; el_class=&#8221;.eip-r1-c1&#8243;][vc_single_image image=&#8221;6546&#8243; img_size=&#8221;full&#8221; onclick=&#8221;custom_link&#8221; link=&#8221;https:\/\/www.flagshipcompany.com\/fr\/inscrivez-vous\/&#8221;][\/vc_column][vc_column width=&#8221;1\/4&#8243;][vc_single_image image=&#8221;6426&#8243; img_size=&#8221;full&#8221; alignment=&#8221;center&#8221;][vc_column_text]<\/p>\n<p style=\"text-align: center;\"><strong><span style=\"color: #0ca8e2;\">Services d\u2019exp\u00e9dition domestiques<\/span><\/strong><\/p>\n<p>[\/vc_column_text][\/vc_column][vc_column width=&#8221;1\/4&#8243;][vc_single_image image=&#8221;6419&#8243; img_size=&#8221;full&#8221; alignment=&#8221;center&#8221;][vc_column_text]<\/p>\n<p style=\"text-align: center;\"><strong><span style=\"color: #0ca8e2;\">Services d\u2019exp\u00e9dition transfrontaliers<\/span><\/strong><\/p>\n<p>[\/vc_column_text][\/vc_column][vc_column width=&#8221;1\/4&#8243;][vc_single_image image=&#8221;6421&#8243; img_size=&#8221;full&#8221; alignment=&#8221;center&#8221;][vc_column_text]<\/p>\n<p style=\"text-align: center;\"><strong><span style=\"color: #0ca8e2;\">Services d\u2019exp\u00e9dition internationaux<\/span><\/strong><\/p>\n<p>[\/vc_column_text][\/vc_column][\/vc_row][vc_row full_width=&#8221;stretch_row&#8221; css=&#8221;.vc_custom_1462695407433{background-color: #f6f7f9 !important;}&#8221; el_class=&#8221;.eip-r2&#8243;][vc_column width=&#8221;1\/4&#8243; el_class=&#8221;.eip-r2-c1 .lato-light&#8221;][vc_column_text css=&#8221;.vc_custom_1543932107176{margin-bottom: 20px !important;padding-bottom: 0px !important;}&#8221;]<\/p>\n<h2 style=\"color: #575756 !important;\">COMMENT LES SERVICES D\u2019EXP\u00c9DITION INTERNATIONAUX DE FLAGSHIP AIDENT VOTRE ENTREPRISE?<\/h2>\n<p>[\/vc_column_text][vc_single_image image=&#8221;6448&#8243; img_size=&#8221;full&#8221; css=&#8221;.vc_custom_1543431684784{margin-top: 0px !important;margin-bottom: 15px !important;padding-top: 0px !important;padding-bottom: 0px !important;}&#8221;][vc_column_text]<span style=\"color: #0ca8e2; font-weight: normal;\">Nos partenariats durables avec des entreprises d\u2019exp\u00e9dition internationales comme DHL vous permettent d\u2019obtenir les meilleurs tarifs et services d\u2019exp\u00e9dition pour vos exp\u00e9ditions en dehors du Canada et des \u00c9tats-Unis.<\/span>[\/vc_column_text][\/vc_column][vc_column width=&#8221;1\/4&#8243; el_class=&#8221;.eip-r2-c2 .lato-light&#8221;][vc_single_image image=&#8221;6457&#8243; img_size=&#8221;full&#8221; alignment=&#8221;center&#8221;][vc_column_text]<\/p>\n<p style=\"text-align: center; color: #0ca8e2; font-weight: bold;\">SIMPLIFIEZ :<\/p>\n<p style=\"text-align: center;\">Comparez les tarifs d\u2019exp\u00e9dition internationaux \u00e0 rabais des principales entreprises d\u2019exp\u00e9dition en un seul endroit.<\/p>\n<p style=\"text-align: center;\">Imprimez facilement vos \u00e9tiquettes d\u2019exp\u00e9dition<\/p>\n<p style=\"text-align: center;\">Regroupez toutes vos activit\u00e9s d\u2019exp\u00e9dition sur une m\u00eame facture<\/p>\n<p>[\/vc_column_text][\/vc_column][vc_column width=&#8221;1\/4&#8243; el_class=&#8221;.eip-r2-c2 .lato-light&#8221;][vc_single_image image=&#8221;6455&#8243; img_size=&#8221;full&#8221; alignment=&#8221;center&#8221;][vc_column_text]<\/p>\n<p style=\"text-align: center; color: #0ca8e2; font-weight: bold;\">EXP\u00c9DIEZ :<\/p>\n<p style=\"text-align: center;\">Envoyez et g\u00e9rez facilement des envois \u00e0 diff\u00e9rentes destinations<\/p>\n<p style=\"text-align: center;\">Recevez des courriels de suivi et des avis de livraison pour chaque envoi<\/p>\n<p style=\"text-align: center;\">Obtenez une couverture d\u2019assurance suppl\u00e9mentaire \u00e0 1,25 $\/100 $<\/p>\n<p>[\/vc_column_text][\/vc_column][vc_column width=&#8221;1\/4&#8243; el_class=&#8221;.eip-r2-c2 .lato-light&#8221;][vc_single_image image=&#8221;6453&#8243; img_size=&#8221;full&#8221; alignment=&#8221;center&#8221;][vc_column_text]<\/p>\n<p style=\"text-align: center; color: #0ca8e2; font-weight: bold;\">\u00c9CONOMISEZ :<\/p>\n<p style=\"text-align: center;\">Payez moins pour chaque envoi en choisissant les tarifs et services qui vous conviennent<\/p>\n<p style=\"text-align: center;\">\u00c9conomisez avec aucun frais de ramassage<\/p>\n<p>[\/vc_column_text][\/vc_column][\/vc_row][vc_row content_placement=&#8221;bottom&#8221;][vc_column width=&#8221;1\/4&#8243; css=&#8221;.vc_custom_1543432065173{margin-bottom: 0px !important;padding-bottom: 0px !important;}&#8221;][vc_single_image image=&#8221;6524&#8243; img_size=&#8221;full&#8221; css=&#8221;.vc_custom_1543437136226{margin-bottom: 0px !important;padding-bottom: 0px !important;}&#8221;][\/vc_column][vc_column width=&#8221;3\/4&#8243; el_class=&#8221;.eip-r1-c1 .lato-light&#8221; css=&#8221;.vc_custom_1543432450678{padding-bottom: 60px !important;}&#8221;][vc_column_text]<span style=\"color: #00aae3; font-size: 18px;\"><b>INITIEZ LES IMPORTATIONS DE PARTOUT AU MONDE!<\/b><\/span><\/p>\n<p>Vous pouvez initier un envoi \u00e0 partir de n\u2019importe quel point d\u2019origine pour importation au Canada en quelques clics avec le syst\u00e8me d\u2019exp\u00e9dition en ligne de FlagShip. Que vous importiez une enveloppe, un petit colis ou un envoi comptant plusieurs pi\u00e8ces, vous profiterez toujours de nos tarifs d\u2019exp\u00e9dition r\u00e9duits, de notre exp\u00e9rience d\u2019exp\u00e9dition en ligne simplifi\u00e9e et de notre service \u00e0 la client\u00e8le de qualit\u00e9. Nous facilitons l\u2019exp\u00e9dition partout \u00e0 travers le monde.[\/vc_column_text][\/vc_column][\/vc_row][vc_row full_width=&#8221;stretch_row&#8221; css=&#8221;.vc_custom_1543432703160{margin-top: 0px !important;padding-top: 60px !important;background-color: #00aae3 !important;}&#8221;][vc_column el_class=&#8221;.dsp-r4-c1&#8243;][vc_column_text]<b>EXP\u00c9DITION INTERNATIONALE SIMPLIFI\u00c9E<\/b><\/p>\n<p>C\u2019est facile de traiter un envoi international avec FlagShip! Pour obtenir une estimation des services d\u2019exp\u00e9dition internationaux, cr\u00e9ez simplement un compte gratuit chez FlagShip et profitez d\u2019un acc\u00e8s instantan\u00e9 aux tarifs et options des grandes entreprises d\u2019exp\u00e9dition.[\/vc_column_text][\/vc_column][\/vc_row][vc_row full_width=&#8221;stretch_row&#8221; css=&#8221;.vc_custom_1543437334603{margin-bottom: 0px !important;padding-top: 50px !important;background-color: #00aae3 !important;}&#8221; el_class=&#8221;.dsp-r4-c1&#8243;][vc_column width=&#8221;1\/4&#8243; el_class=&#8221;.dsp-r4-c1&#8243;][vc_single_image image=&#8221;6480&#8243; img_size=&#8221;full&#8221; alignment=&#8221;center&#8221;][vc_column_text css=&#8221;.vc_custom_1543932343578{margin-bottom: 20px !important;}&#8221;]<\/p>\n<p style=\"text-align: center; color: #ffffff;\"><b>\u00c9TAPE 1 :<\/b><br \/>\n<a style=\"color: #ffffff; text-decoration: underline;\" href=\"\/?page_id=2380\">Cr\u00e9ez\/connectez-vous<\/a> \u00e0 votre compte FlagShip gratuit[\/vc_column_text][\/vc_column][vc_column width=&#8221;1\/4&#8243; el_class=&#8221;.dsp-r4-c1&#8243;][vc_single_image image=&#8221;6500&#8243; img_size=&#8221;full&#8221; alignment=&#8221;center&#8221;][vc_column_text css=&#8221;.vc_custom_1544021892305{margin-bottom: 20px !important;}&#8221;]<\/p>\n<p style=\"text-align: center; color: #ffffff;\"><b>\u00c9TAPE 2 :<\/b><br \/>\nEntrez vos renseignements d\u2019exp\u00e9dition sur la page <b>Nouvelle Exp\u00e9dition<\/b>[\/vc_column_text][\/vc_column][vc_column width=&#8221;1\/4&#8243; el_class=&#8221;.dsp-r4-c1&#8243;][vc_single_image image=&#8221;6502&#8243; img_size=&#8221;full&#8221; alignment=&#8221;center&#8221;][vc_column_text css=&#8221;.vc_custom_1543932410026{margin-bottom: 20px !important;}&#8221;]<\/p>\n<p style=\"text-align: center; color: #ffffff;\"><b>\u00c9TAPE 3 :<\/b><br \/>\nRemplissez la facture commerciale[\/vc_column_text][\/vc_column][vc_column width=&#8221;1\/4&#8243; el_class=&#8221;.dsp-r4-c1&#8243;][vc_single_image image=&#8221;6498&#8243; img_size=&#8221;full&#8221; alignment=&#8221;center&#8221;][vc_column_text css=&#8221;.vc_custom_1543932435430{margin-bottom: 20px !important;}&#8221;]<\/p>\n<p style=\"text-align: center; color: #ffffff;\"><b>\u00c9TAPE 4 : <\/b><br \/>\nChoisissez votre tarif et service d\u2019exp\u00e9dition dans notre liste d\u2019entreprises d\u2019exp\u00e9dition de renom[\/vc_column_text][\/vc_column][\/vc_row][vc_row full_width=&#8221;stretch_row&#8221; css=&#8221;.vc_custom_1543437340416{margin-top: 0px !important;padding-top: 50px !important;padding-bottom: 80px !important;background-color: #00aae3 !important;}&#8221; el_class=&#8221;.dsp-r4-c1&#8243;][vc_column width=&#8221;1\/3&#8243; el_class=&#8221;.dsp-r4-c1&#8243;][vc_single_image image=&#8221;6496&#8243; img_size=&#8221;full&#8221; alignment=&#8221;center&#8221;][vc_column_text css=&#8221;.vc_custom_1543932454548{margin-bottom: 20px !important;}&#8221;]<\/p>\n<p style=\"text-align: center; color: #ffffff;\"><b>\u00c9TAPE 5 :<\/b><br \/>\nImprimez votre documentation et votre \u00e9tiquette[\/vc_column_text][\/vc_column][vc_column width=&#8221;1\/3&#8243; el_class=&#8221;.dsp-r4-c1&#8243;][vc_single_image image=&#8221;6494&#8243; img_size=&#8221;full&#8221; alignment=&#8221;center&#8221;][vc_column_text css=&#8221;.vc_custom_1543932472826{margin-bottom: 20px !important;}&#8221;]<\/p>\n<p style=\"text-align: center; color: #ffffff;\"><b>\u00c9TAPE 6 :<\/b><br \/>\nL\u2019entreprise d\u2019exp\u00e9dition choisie viendra ramasser votre colis[\/vc_column_text][\/vc_column][vc_column width=&#8221;1\/3&#8243; el_class=&#8221;.dsp-r4-c1&#8243;][vc_single_image image=&#8221;6492&#8243; img_size=&#8221;full&#8221; alignment=&#8221;center&#8221;][vc_column_text css=&#8221;.vc_custom_1543932492013{margin-bottom: 20px !important;}&#8221;]<\/p>\n<p style=\"text-align: center; color: #ffffff;\"><b>\u00c9TAPE 7 : <\/b><br \/>\nSuivez votre colis jusqu\u2019\u00e0 ce qu\u2019il arrive \u00e0 destination[\/vc_column_text][\/vc_column][\/vc_row][vc_row el_class=&#8221;.eip-r1&#8243;][vc_column width=&#8221;3\/4&#8243; el_class=&#8221;.eip-r1-c1&#8243;][vc_column_text]<span style=\"color: #00aae3;\"><b>C\u2019est aussi simple que cela d\u2019exp\u00e9dier votre colis n\u2019importe o\u00f9 dans le monde avec nos entreprises d\u2019exp\u00e9dition internationales!<\/b><\/span><br \/>\nN\u2019oubliez pas que vous pouvez demander de l\u2019aide \u00e0 notre sympathique \u00e9quipe en tout temps. Appelez-nous au <span style=\"color: #00aae3;\">1-866-320-8383<\/span>.<\/p>\n<p>Vous voulez en savoir plus au sujet des services d\u2019exp\u00e9dition internationaux? Vous pourriez \u00eatre int\u00e9ress\u00e9 par ces billets de blogue :<\/p>\n<ul>\n<li><a href=\"\/?p=4944\">Conseils importants pour l\u2019exp\u00e9dition internationale<\/a><\/li>\n<li><a href=\"\/?p=3557\">3 conseils pour pr\u00e9parer un envoi international<\/a><\/li>\n<\/ul>\n<p>[\/vc_column_text][\/vc_column][vc_column width=&#8221;1\/4&#8243; el_class=&#8221;.eip-r1-c1&#8243;][vc_column_text]<span style=\"color: #f38d6a;\"><b>Cr\u00e9ez votre compte gratuit pour commencer une soumission ou traiter un envoi.<\/b><\/span><\/p>\n<div class=\"eip-btn2\"><a href=\"\/?page_id=2380\">Cr\u00e9er un compte<\/a><\/div>\n<p>[\/vc_column_text][\/vc_column][\/vc_row]<\/p>\n<\/div>","protected":false},"excerpt":{"rendered":"<p>[vc_row full_width=&#8221;stretch_row_content_no_spaces&#8221;][vc_column][vc_raw_html]JTNDZGl2JTIwY2xhc3MlM0QlMjJoZWFkZXItYm94LXJlbGF0aXZlJTIyJTNFJTBBJTBBJTNDZGl2JTIwY2xhc3MlM0QlMjJoZWFkZXItYm94LWJrZyUyMiUyMCUzRSUwQSUzQ2ltZyUyMHNyYyUzRCUyMiUyRmFwcCUyRnVwbG9hZHMlMkYyMDE4JTJGMTElMkZpbnRlcm5hdGlvbmFsLXNoaXBwaW5nLWhlYWRlci5wbmclMjIlMjAlMkYlM0UlMEElM0MlMkZkaXYlM0UlMEElMEElM0NkaXYlMjBjbGFzcyUzRCUyMmhlYWRlci1jZW50ZXItdGV4dC1hYnNvbHV0ZTIlMjIlM0UlMEElM0NkaXYlMjBjbGFzcyUzRCUyMmhlYWRlci1jZW50ZXItdGV4dC1hYnNvbHV0ZTItaW5uZXIlMjIlM0UlMEElM0NoMSUzRSUzQ2ZvbnQlMjBjbGFzcyUzRCUyMmxhdG8tbm9ybWFsJTIyJTNFU0VSVklDRVMlMjBEJUUyJTgwJTk5RVhQJUMzJTg5RElUSU9OJTNDJTJGZm9udCUzRSUyMElOVEVSTkFUSU9OQVVYJTNDJTJGaDElM0UlM0MlMkZkaXYlM0UlMEElM0MlMkZkaXYlM0UlMEElMjAlMjAlMjAlMjAlMEElM0MlMkZkaXYlM0U=[\/vc_raw_html][\/vc_column][\/vc_row][vc_row el_class=&#8221;.eip-r1&#8243;][vc_column width=&#8221;1\/4&#8243; el_class=&#8221;.eip-r1-c1&#8243;][vc_column_text] SERVICES D\u2019EXP\u00c9DITION INTERNATIONAUX POUR MOINS CHER! [\/vc_column_text][\/vc_column][vc_column width=&#8221;3\/4&#8243; el_class=&#8221;.eip-r1-c1 .lato-light&#8221; css=&#8221;.vc_custom_1543430554013{padding-top: 45px !important;}&#8221;][vc_column_text] FlagShip offre aux entreprises canadiennes la meilleure s\u00e9lection de tarifs d\u2019exp\u00e9dition, peu importe o\u00f9 ils&#8230;<\/p>\n","protected":false},"author":5,"featured_media":0,"parent":0,"menu_order":0,"comment_status":"closed","ping_status":"closed","template":"","meta":{"footnotes":""},"class_list":["post-6541","page","type-page","status-publish","hentry"],"_links":{"self":[{"href":"https:\/\/www.flagshipcompany.com\/fr\/wp-json\/wp\/v2\/pages\/6541","targetHints":{"allow":["GET"]}}],"collection":[{"href":"https:\/\/www.flagshipcompany.com\/fr\/wp-json\/wp\/v2\/pages"}],"about":[{"href":"https:\/\/www.flagshipcompany.com\/fr\/wp-json\/wp\/v2\/types\/page"}],"author":[{"embeddable":true,"href":"https:\/\/www.flagshipcompany.com\/fr\/wp-json\/wp\/v2\/users\/5"}],"replies":[{"embeddable":true,"href":"https:\/\/www.flagshipcompany.com\/fr\/wp-json\/wp\/v2\/comments?post=6541"}],"version-history":[{"count":14,"href":"https:\/\/www.flagshipcompany.com\/fr\/wp-json\/wp\/v2\/pages\/6541\/revisions"}],"predecessor-version":[{"id":21631,"href":"https:\/\/www.flagshipcompany.com\/fr\/wp-json\/wp\/v2\/pages\/6541\/revisions\/21631"}],"wp:attachment":[{"href":"https:\/\/www.flagshipcompany.com\/fr\/wp-json\/wp\/v2\/media?parent=6541"}],"curies":[{"name":"wp","href":"https:\/\/api.w.org\/{rel}","templated":true}]}}