{"id":6554,"date":"2018-12-04T14:23:29","date_gmt":"2018-12-04T14:23:29","guid":{"rendered":"https:\/\/www.flagshipcompany.com\/?page_id=6554"},"modified":"2025-04-25T01:47:24","modified_gmt":"2025-04-25T05:47:24","slug":"comparez-les-tarifs-dexpedition","status":"publish","type":"page","link":"https:\/\/www.flagshipcompany.com\/fr\/comparez-les-tarifs-dexpedition\/","title":{"rendered":"COMPAREZ LES TARIFS D&#8217;EXP\u00c9DITION"},"content":{"rendered":"<div class=\"wpb-content-wrapper\"><p>[vc_row full_width=&#8221;stretch_row_content_no_spaces&#8221;][vc_column][vc_raw_html]JTNDZGl2JTIwY2xhc3MlM0QlMjJoZWFkZXItYm94LXJlbGF0aXZlJTIyJTNFJTBBJTBBJTNDZGl2JTIwY2xhc3MlM0QlMjJoZWFkZXItYm94LWJrZyUyMiUyMCUzRSUwQSUzQ2ltZyUyMHNyYyUzRCUyMiUyRmFwcCUyRnVwbG9hZHMlMkYyMDE4JTJGMTElMkZjb21wYXJlLXNoaXBwaW5nLXJhdGVzLWhlYWRlci1pbWFnZS0xLnBuZyUyMiUyMCUyRiUzRSUwQSUzQyUyRmRpdiUzRSUwQSUwQSUzQ2RpdiUyMGNsYXNzJTNEJTIyaGVhZGVyLWNlbnRlci10ZXh0LWFic29sdXRlMiUyMiUzRSUwQSUzQ2RpdiUyMGNsYXNzJTNEJTIyaGVhZGVyLWNlbnRlci10ZXh0LWFic29sdXRlMi1pbm5lciUyMiUzRSUzQ2gxJTNFQ09NUEFSRVolMjAlM0Nmb250JTIwY2xhc3MlM0QlMjJsYXRvLW5vcm1hbCUyMiUzRUxFUyUyMFRBUklGUyUyMCUzQ2JyJTNFRCVFMiU4MCU5OUVYUCVDMyU4OURJVElPTiUzQyUyRmZvbnQlM0UlM0MlMkZoMSUzRSUzQyUyRmRpdiUzRSUzQyUyRmRpdiUzRSUwQSUyMCUyMCUyMCUyMCUwQSUzQyUyRmRpdiUzRQ==[\/vc_raw_html][\/vc_column][\/vc_row][vc_row full_width=&#8221;stretch_row&#8221; el_class=&#8221;.oossv2-r1&#8243; css=&#8221;.vc_custom_1543424421917{padding-right: 30% !important;padding-left: 30% !important;background-color: #f6f7f9 !important;}&#8221;][vc_column el_class=&#8221;.ooss-r1-c1&#8243;][vc_column_text]<\/p>\n<div class=\"oossv2-r1-title\"><b>COMPAREZ LES TARIFS R\u00c9DUITS DES ENTREPRISES D\u2019EXP\u00c9DITION ET CHOISISSEZ LE MEILLEUR PRIX, LE TOUT AU M\u00caME ENDROIT<\/b><\/div>\n<p>[\/vc_column_text][\/vc_column][\/vc_row][vc_row full_width=&#8221;stretch_row&#8221; el_class=&#8221;.oossv2-r2&#8243; css=&#8221;.vc_custom_1543428271957{margin-bottom: 0px !important;background-color: #f6f7f9 !important;}&#8221;][vc_column width=&#8221;1\/2&#8243; el_class=&#8221;.oossv2-r2-c1&#8243; css=&#8221;.vc_custom_1543424803505{padding-right: 0px !important;padding-left: 0px !important;}&#8221;][vc_single_image image=&#8221;6319&#8243; img_size=&#8221;full&#8221; css=&#8221;.vc_custom_1543424900405{padding-right: 0px !important;padding-left: 0px !important;}&#8221;][\/vc_column][vc_column width=&#8221;1\/2&#8243; el_class=&#8221;.oossv2-r2-c2&#8243;][vc_column_text el_class=&#8221;.ooss-r1-c2-b1&#8243;]<\/p>\n<p class=\"p1\">Personne ne veut payer trop pour l\u2019exp\u00e9dition, mais trouver une option abordable et fiable peut demander beaucoup de temps (et \u00eatre frustrant). Mais pas quand FlagShip a fait le magasinage pour vous! Similaire aux sites de voyage qui permettent de trouver des forfaits \u00e0 bas prix, vous pouvez maintenant comparer les tarifs d\u2019exp\u00e9dition et \u00e9conomiser de l\u2019argent.<\/p>\n<p class=\"p1\"><span style=\"color: #0ca8e2;\"><b>Comment comparer les tarifs d\u2019exp\u00e9dition : <\/b><\/span>Connectez-vous, entrez vos renseignements d\u2019envoi et comparez les tarifs d\u2019entreprises d\u2019exp\u00e9dition fiables, le tout sur un \u00e9cran pratique.<\/p>\n<p class=\"p1\"><span style=\"color: #0ca8e2;\"><b>\u00c7a presse?<\/b><\/span> Identifiez facilement les dates de livraison et la gamme de services disponibles, incluant l\u2019exp\u00e9dition express et acc\u00e9l\u00e9r\u00e9e.<\/p>\n<p class=\"p1\"><span style=\"color: #0ca8e2;\"><b>Vous voulez simplement le tarif le moins cher?<\/b><\/span> Notre syst\u00e8me de magasinage indiquera clairement l\u2019option la plus avantageuse en haut de la page!<\/p>\n<p class=\"p1\"><span style=\"color: #0ca8e2;\"><b>Beaucoup plus qu\u2019un calculateur de tarifs : <\/b><\/span>Lorsque vous avez trouv\u00e9 un bon tarif, vous pouvez traiter votre envoi et imprimer votre \u00e9tiquette d\u2019exp\u00e9dition en quelques clics. <b>De plus :<\/b> g\u00e9rez toutes vos activit\u00e9s d\u2019exp\u00e9dition comme le suivi des envois, la planification des ramassages, l\u2019enregistrement des renseignements d\u2019exp\u00e9dition et plus encore<\/p>\n<p>[\/vc_column_text][\/vc_column][\/vc_row][vc_row full_width=&#8221;stretch_row&#8221; css=&#8221;.vc_custom_1543425661277{padding-top: 30px !important;padding-bottom: 50px !important;background-color: #f6f7f9 !important;}&#8221;][vc_column width=&#8221;1\/2&#8243;][vc_column_text]<\/p>\n<p class=\"p1\" style=\"font-weight: bold; color: #f38d6a; font-size: 24px; margin-bottom: 6px;\"><b>Essayez-le!<\/b><\/p>\n<p class=\"p2\" style=\"margin-top: 0px;\">Cr\u00e9ez votre compte gratuit d\u00e8s maintenant pour comparer les tarifs d\u2019exp\u00e9dition vous-m\u00eame.<\/p>\n<p>[\/vc_column_text][\/vc_column][vc_column width=&#8221;1\/2&#8243;][vc_column_text]<\/p>\n<div class=\"eip-btn1\"><a href=\"https:\/\/www.flagshipcompany.com\/fr\/inscrivez-vous-2\/\">CR\u00c9ER UN COMPTE<\/a><\/div>\n<p>[\/vc_column_text][\/vc_column][\/vc_row][vc_row el_class=&#8221;.oossv2-r3&#8243; css=&#8221;.vc_custom_1543429370411{padding-bottom: 120px !important;}&#8221;][vc_column el_class=&#8221;.oossv2-r3-c1&#8243;][vc_column_text css=&#8221;.vc_custom_1722528515722{margin-top: 0px !important;padding-top: 0px !important;}&#8221;]<\/p>\n<div class=\"oossv2-r1-title\" style=\"text-align: center; margin-bottom: 10px; margin-top: 0px;\"><b>DES \u00c9CONOMIES JUSQU\u2019\u00c0 70%* SUR VOS EXP\u00c9DITIONS.<\/b><\/div>\n<p style=\"text-align: center;\">Nous travaillons en collaboration avec ces principales entreprises d\u2019exp\u00e9dition pour obtenir des tarifs r\u00e9duits, et nous vous transmettons ces \u00e9conomies.<\/p>\n<p>[\/vc_column_text][vc_single_image image=&#8221;13635&#8243; img_size=&#8221;full&#8221; alignment=&#8221;center&#8221;][vc_column_text]<\/p>\n<p style=\"text-align: center;\"><b>Calculez et comparez les tarifs r\u00e9duits des principales entreprises d\u2019exp\u00e9dition au Canada telles que Purolator, UPS, FedEx, DHL, Canpar et GLS le tout sur un m\u00eame \u00e9cran.<\/b><\/p>\n<p>[\/vc_column_text][\/vc_column][\/vc_row][vc_row full_width=&#8221;stretch_row&#8221; el_class=&#8221;.oossv2-r4&#8243; css=&#8221;.vc_custom_1543429107989{padding-top: 60px !important;background-color: #f6f5f4 !important;}&#8221;][vc_column width=&#8221;1\/2&#8243; el_class=&#8221;.oossv2-r2-c2 .lato-light&#8221;][vc_column_text]<\/p>\n<p style=\"font-weight: bold; color: #0ca8e2;\">Concentrez-vous sur votre entreprise<\/p>\n<p>Notre approche permet \u00e0 votre petite entreprise d\u2019\u00e9conomiser du temps et de l\u2019argent sur tout le processus d\u2019exp\u00e9dition \u2013 de la commande de fournitures au suivi de l\u2019\u00e9tat de votre envoi. Notre \u00e9cran de comparaison des tarifs est con\u00e7u pour que vous puissiez rapidement consulter la meilleure s\u00e9lection de tarifs d\u2019exp\u00e9ditions et vous concentrer sur votre entreprise. Notre syst\u00e8me d\u2019exp\u00e9dition en ligne est appuy\u00e9 par une \u00e9quipe d\u2019experts toujours pr\u00eats \u00e0 vous aider.<\/p>\n<p style=\"font-weight: bold;\">Appelez-nous en tout temps \u2013 Appelez-nous en tout temps \u2013 nous r\u00e9pondrons rapidement \u00e0 vos questions pour que vous puissiez vous consacrer \u00e0 votre entreprise.<\/p>\n<p style=\"font-weight: bold; color: #0ca8e2; font-size: 24px;\">1-866-320-8383<\/p>\n<p>[\/vc_column_text][\/vc_column][vc_column width=&#8221;1\/2&#8243; el_class=&#8221;.oossv2-r2-c2&#8243;][vc_single_image image=&#8221;6382&#8243; img_size=&#8221;full&#8221;][\/vc_column][\/vc_row][vc_row full_width=&#8221;stretch_row&#8221; css=&#8221;.vc_custom_1543429287621{padding-top: 50px !important;padding-bottom: 50px !important;background-color: #ffffff !important;}&#8221;][vc_column width=&#8221;2\/3&#8243; css=&#8221;.vc_custom_1543429321755{padding-top: 10px !important;}&#8221;][vc_column_text]<\/p>\n<p class=\"p1\" style=\"font-weight: bold; color: #f38d6a; margin-bottom: 6px;\"><b>Cr\u00e9ez votre compte gratuit pour commencer \u00e0 comparer les tarifs ou \u00e0 traiter un envoi :<\/b><\/p>\n<p>[\/vc_column_text][\/vc_column][vc_column width=&#8221;1\/3&#8243;][vc_column_text]<\/p>\n<div class=\"eip-btn1\"><a href=\"https:\/\/www.flagshipcompany.com\/fr\/inscrivez-vous-2\/\">CR\u00c9ER UN COMPTE<\/a><\/div>\n<p>[\/vc_column_text][\/vc_column][\/vc_row]<\/p>\n<\/div>","protected":false},"excerpt":{"rendered":"<p>[vc_row full_width=&#8221;stretch_row_content_no_spaces&#8221;][vc_column][vc_raw_html]JTNDZGl2JTIwY2xhc3MlM0QlMjJoZWFkZXItYm94LXJlbGF0aXZlJTIyJTNFJTBBJTBBJTNDZGl2JTIwY2xhc3MlM0QlMjJoZWFkZXItYm94LWJrZyUyMiUyMCUzRSUwQSUzQ2ltZyUyMHNyYyUzRCUyMiUyRmFwcCUyRnVwbG9hZHMlMkYyMDE4JTJGMTElMkZjb21wYXJlLXNoaXBwaW5nLXJhdGVzLWhlYWRlci1pbWFnZS0xLnBuZyUyMiUyMCUyRiUzRSUwQSUzQyUyRmRpdiUzRSUwQSUwQSUzQ2RpdiUyMGNsYXNzJTNEJTIyaGVhZGVyLWNlbnRlci10ZXh0LWFic29sdXRlMiUyMiUzRSUwQSUzQ2RpdiUyMGNsYXNzJTNEJTIyaGVhZGVyLWNlbnRlci10ZXh0LWFic29sdXRlMi1pbm5lciUyMiUzRSUzQ2gxJTNFQ09NUEFSRVolMjAlM0Nmb250JTIwY2xhc3MlM0QlMjJsYXRvLW5vcm1hbCUyMiUzRUxFUyUyMFRBUklGUyUyMCUzQ2JyJTNFRCVFMiU4MCU5OUVYUCVDMyU4OURJVElPTiUzQyUyRmZvbnQlM0UlM0MlMkZoMSUzRSUzQyUyRmRpdiUzRSUzQyUyRmRpdiUzRSUwQSUyMCUyMCUyMCUyMCUwQSUzQyUyRmRpdiUzRQ==[\/vc_raw_html][\/vc_column][\/vc_row][vc_row full_width=&#8221;stretch_row&#8221; el_class=&#8221;.oossv2-r1&#8243; css=&#8221;.vc_custom_1543424421917{padding-right: 30% !important;padding-left: 30% !important;background-color: #f6f7f9 !important;}&#8221;][vc_column el_class=&#8221;.ooss-r1-c1&#8243;][vc_column_text] COMPAREZ LES TARIFS R\u00c9DUITS DES ENTREPRISES D\u2019EXP\u00c9DITION ET CHOISISSEZ LE MEILLEUR PRIX, LE TOUT AU M\u00caME ENDROIT [\/vc_column_text][\/vc_column][\/vc_row][vc_row full_width=&#8221;stretch_row&#8221; el_class=&#8221;.oossv2-r2&#8243; css=&#8221;.vc_custom_1543428271957{margin-bottom:&#8230;<\/p>\n","protected":false},"author":5,"featured_media":0,"parent":0,"menu_order":0,"comment_status":"closed","ping_status":"closed","template":"","meta":{"footnotes":""},"class_list":["post-6554","page","type-page","status-publish","hentry"],"_links":{"self":[{"href":"https:\/\/www.flagshipcompany.com\/fr\/wp-json\/wp\/v2\/pages\/6554","targetHints":{"allow":["GET"]}}],"collection":[{"href":"https:\/\/www.flagshipcompany.com\/fr\/wp-json\/wp\/v2\/pages"}],"about":[{"href":"https:\/\/www.flagshipcompany.com\/fr\/wp-json\/wp\/v2\/types\/page"}],"author":[{"embeddable":true,"href":"https:\/\/www.flagshipcompany.com\/fr\/wp-json\/wp\/v2\/users\/5"}],"replies":[{"embeddable":true,"href":"https:\/\/www.flagshipcompany.com\/fr\/wp-json\/wp\/v2\/comments?post=6554"}],"version-history":[{"count":17,"href":"https:\/\/www.flagshipcompany.com\/fr\/wp-json\/wp\/v2\/pages\/6554\/revisions"}],"predecessor-version":[{"id":20653,"href":"https:\/\/www.flagshipcompany.com\/fr\/wp-json\/wp\/v2\/pages\/6554\/revisions\/20653"}],"wp:attachment":[{"href":"https:\/\/www.flagshipcompany.com\/fr\/wp-json\/wp\/v2\/media?parent=6554"}],"curies":[{"name":"wp","href":"https:\/\/api.w.org\/{rel}","templated":true}]}}