{"id":6802,"date":"2019-03-01T21:18:02","date_gmt":"2019-03-01T21:18:02","guid":{"rendered":"https:\/\/www.flagshipcompany.com\/?page_id=6802"},"modified":"2024-08-21T06:48:46","modified_gmt":"2024-08-21T10:48:46","slug":"prix-reduits","status":"publish","type":"page","link":"https:\/\/www.flagshipcompany.com\/fr\/prix-reduits\/","title":{"rendered":"TARIFS D\u2019EXP\u00c9DITION \u00c0 PRIX R\u00c9DUITS"},"content":{"rendered":"<div class=\"wpb-content-wrapper\"><p>[vc_row full_width=&#8221;stretch_row&#8221; css=&#8221;.vc_custom_1724236372425{background-image: url(https:\/\/www.flagshipcompany.com\/app\/uploads\/2024\/08\/Cheap-Shipping-Canada-5.jpg?id=20843) !important;background-position: center !important;background-repeat: no-repeat !important;background-size: cover !important;}&#8221;][vc_column width=&#8221;1\/2&#8243; offset=&#8221;vc_hidden-sm vc_hidden-xs&#8221;][vc_empty_space height=&#8221;50px&#8221;][vc_raw_html]JTNDaDElMjBjbGFzcyUzRCUyMm5vLWxpbmUlMjIlMjBzdHlsZSUzRCUyMmNvbG9yJTNBJTIwJTIzZmZmZmZmJTNCJTIwZm9udC13ZWlnaHQlM0Fib2xkJTNCJTIwZm9udC1zaXplJTNBJTIwNjBweCUzQiUyMiUzRVRhcmlmcyUyMGQlRTIlODAlOTlleHAlQzMlQTlkaXRpb24lMjAlQzMlQTAlMjBwcml4JTIwciVDMyVBOWR1aXRzJTNDJTJGaDElM0U=[\/vc_raw_html][vc_raw_html]JTNDZGl2JTIwY2xhc3MlM0QlMjJmcy1oZWFkaW5nJTIyJTNFJTBBJTNDaDIlMjBzdHlsZSUzRCUyMmNvbG9yJTNBJTIzZmZmZmZmJTIwJTIxaW1wb3J0YW50JTNCJTIyJTNFVHJvdXZleiUyMGRlcyUyMHRhcmlmcyUyMGQlRTIlODAlOTlleHAlQzMlQTlkaXRpb24lMjAlQzMlQTAlMjBwcml4JTIwciVDMyVBOWR1aXRzJTIwZXQlMjBkZXMlMjBlbnRyZXByaXNlcyUyMGQlRTIlODAlOTlleHAlQzMlQTlkaXRpb25zJTIwZmlhYmxlcyUyQyUyMGxlJTIwdG91dCUyMGF1JTIwbSVDMyVBQW1lJTIwZW5kcm9pdCUzQyUyRmgyJTNFJTBBJTNDJTJGZGl2JTNF[\/vc_raw_html][vc_empty_space height=&#8221;50px&#8221;][\/vc_column][vc_column width=&#8221;1\/2&#8243; offset=&#8221;vc_hidden-sm vc_hidden-xs&#8221;][\/vc_column][\/vc_row][vc_row full_width=&#8221;stretch_row&#8221; css=&#8221;.vc_custom_1724236700438{background-image: url(https:\/\/www.flagshipcompany.com\/app\/uploads\/2024\/08\/Cheap-Shipping-Canada-Mobile-1.jpg?id=20853) !important;background-position: center !important;background-repeat: no-repeat !important;background-size: cover !important;}&#8221;][vc_column offset=&#8221;vc_hidden-lg vc_hidden-md&#8221;][vc_empty_space height=&#8221;100px&#8221;][vc_raw_html]JTNDaDElMjBjbGFzcyUzRCUyMm5vLWxpbmUlMjIlMjBzdHlsZSUzRCUyMmNvbG9yJTNBJTIwJTIzZmZmZmZmJTNCJTIwZm9udC13ZWlnaHQlM0Fib2xkJTNCJTIyJTNFVGFyaWZzJTIwZCVFMiU4MCU5OWV4cCVDMyVBOWRpdGlvbiUyMCVDMyVBMCUyMHByaXglMjByJUMzJUE5ZHVpdHMlM0MlMkZoMSUzRQ==[\/vc_raw_html][\/vc_column][\/vc_row][vc_row full_width=&#8221;stretch_row_content_no_spaces&#8221; css=&#8221;.vc_custom_1551121618350{background-position: center !important;background-repeat: no-repeat !important;background-size: cover !important;}&#8221;][vc_column][vc_row_inner][vc_column_inner width=&#8221;1\/4&#8243; offset=&#8221;vc_hidden-lg vc_hidden-md&#8221;][\/vc_column_inner][vc_column_inner width=&#8221;1\/2&#8243; offset=&#8221;vc_hidden-lg vc_hidden-md&#8221;][vc_empty_space][vc_raw_html]JTNDZGl2JTIwY2xhc3MlM0QlMjJmcy1oZWFkaW5nJTIyJTNFJTBBJTNDaDIlMjBzdHlsZSUzRCUyMnRleHQtYWxpZ24lM0ElMjBjZW50ZXIlM0IlMjBmb250LXNpemUlM0ElMjAyNHB4JTIwJTIxaW1wb3J0YW50JTNCJTIyJTNFVHJvdXZleiUyMGRlcyUyMHRhcmlmcyUyMGQlRTIlODAlOTlleHAlQzMlQTlkaXRpb24lMjAlQzMlQTAlMjBwcml4JTIwciVDMyVBOWR1aXRzJTIwZXQlMjBkZXMlMjBlbnRyZXByaXNlcyUyMGQlRTIlODAlOTlleHAlQzMlQTlkaXRpb25zJTIwZmlhYmxlcyUyQyUyMGxlJTIwdG91dCUyMGF1JTIwbSVDMyVBQW1lJTIwZW5kcm9pdCUzQyUyRmgyJTNFJTBBJTNDJTJGZGl2JTNF[\/vc_raw_html][\/vc_column_inner][vc_column_inner width=&#8221;1\/4&#8243; offset=&#8221;vc_hidden-lg vc_hidden-md&#8221;][\/vc_column_inner][\/vc_row_inner][vc_row_inner][vc_column_inner width=&#8221;1\/4&#8243;][\/vc_column_inner][vc_column_inner width=&#8221;1\/2&#8243;][vc_empty_space][vc_column_text]<\/p>\n<p style=\"text-align: center;\">Que ce soit pour envoyer un petit colis en ville ou un envoi de fret \u00e0 l\u2019autre bout du monde, FlagShip peut vous aider \u00e0 trouver des tarifs d\u2019exp\u00e9dition \u00e0 prix r\u00e9duits aupr\u00e8s d\u2019entreprises d\u2019exp\u00e9dition et fournisseurs de services de renom.<\/p>\n<p style=\"text-align: center;\">En tant que revendeur d\u2019exp\u00e9dition autoris\u00e9, nous faisons le gros du travail pour vous \u2013 n\u00e9gocier un escompte de volume pour vous transmettre les \u00e9conomies. Vous n\u2019avez qu\u2019\u00e0 vous connecter \u00e0 votre <a href=\"\/?page_id=2380\">compte FlagShip gratuit<\/a>, \u00e0 entrer les d\u00e9tails de votre envoi et \u00e0 choisir parmi une s\u00e9lection de tarifs d\u2019exp\u00e9dition \u00e0 prix r\u00e9duits!<\/p>\n<p>[\/vc_column_text][vc_raw_html]JTNDcCUyMHN0eWxlJTNEJTIydGV4dC1hbGlnbiUzQSUyMGNlbnRlciUzQiUyMiUzRSUwQSUzQ2ElMjBjbGFzcyUzRCUyMmN0YS1idXR0b24lMjIlMjBocmVmJTNEJTIyaHR0cHMlM0ElMkYlMkZ3d3cuZmxhZ3NoaXBjb21wYW55LmNvbSUyRmZyJTJGaW5zY3JpdmV6LXZvdXMlMkYlMjIlM0UlMEElMjAlMjAlM0NzcGFuJTIwY2xhc3MlM0QlMjJjdGEtYnV0dG9uLWljb24lMjIlM0UlM0NpJTIwY2xhc3MlM0QlMjJmYSUyMGZhLWNoZWNrLWNpcmNsZS1vJTIyJTIwYXJpYS1oaWRkZW4lM0QlMjJ0cnVlJTIyJTNFJTNDJTJGaSUzRSUzQyUyRnNwYW4lM0UlMEElMjAlMjAlM0NzcGFuJTIwY2xhc3MlM0QlMjJjdGEtYnV0dG9uLXRleHQlMjIlM0VDUiVDMyU4OUVaJTIwVk9UUkUlMjBDT01QVEUlMjBHUkFUVUlUJTNDJTJGc3BhbiUzRSUwQSUyMCUzQyUyRmElM0UlMEElM0MlMkZwJTNFJTBB[\/vc_raw_html][\/vc_column_inner][vc_column_inner width=&#8221;1\/4&#8243;][\/vc_column_inner][\/vc_row_inner][\/vc_column][\/vc_row][vc_row el_class=&#8221;.eip-r1&#8243;][vc_column el_class=&#8221;.eip-r1-c1&#8243;][vc_single_image image=&#8221;13635&#8243; img_size=&#8221;full&#8221; alignment=&#8221;center&#8221;][vc_separator][vc_column_text]<\/p>\n<div class=\"oossv2-r1-title\" style=\"text-align: center; margin-bottom: 10px; margin-top: 0px;\"><b>DES \u00c9CONOMIES <span style=\"color: #ef855f;\">JUSQU\u2019\u00c0 70%*<\/span> SUR VOS EXP\u00c9DITIONS\u00a0<\/b><\/div>\n<p>[\/vc_column_text][\/vc_column][\/vc_row][vc_row css=&#8221;.vc_custom_1551298810239{padding-bottom: 40px !important;}&#8221;][vc_column width=&#8221;1\/4&#8243;][vc_column_text]<\/p>\n<h2 style=\"color: #58595b !important;\">\u00c9conomisez du temps et de l\u2019argent sur tous vos besoins d\u2019exp\u00e9dition avec des escomptes de volume aupr\u00e8s d\u2019entreprises d\u2019exp\u00e9dition de confiance<\/h2>\n<p>[\/vc_column_text][\/vc_column][vc_column width=&#8221;1\/4&#8243; css=&#8221;.vc_custom_1551298956341{margin-bottom: 20px !important;}&#8221;][vc_single_image image=&#8221;6761&#8243; img_size=&#8221;&#8221; alignment=&#8221;center&#8221; css=&#8221;.vc_custom_1551298707133{margin-bottom: 10px !important;}&#8221;][vc_column_text]<\/p>\n<p style=\"text-align: center; margin-top: 0px; margin-bottom: 10px;\"><span class=\"lato-normal uppercase-all title-blue\">\u00c0 L\u2019int\u00e9rieur Du Canada<\/span><\/p>\n<p style=\"text-align: center;\">Les relations de FlagShip avec les principales entreprises d\u2019exp\u00e9dition comme Purolator, UPS, FedEx, DHL, Canpar et GLS permettent aux petites et moyennes entreprises de profiter de tarifs d\u2019exp\u00e9dition \u00e0 prix r\u00e9duits au Canada.<\/p>\n<p>[\/vc_column_text][\/vc_column][vc_column width=&#8221;1\/4&#8243; css=&#8221;.vc_custom_1551298963245{margin-bottom: 20px !important;}&#8221;][vc_single_image image=&#8221;6772&#8243; img_size=&#8221;&#8221; alignment=&#8221;center&#8221; css=&#8221;.vc_custom_1551298846792{margin-bottom: 10px !important;}&#8221;][vc_column_text]<\/p>\n<p style=\"text-align: center; margin-top: 0px; margin-bottom: 10px;\"><span class=\"lato-normal uppercase-all title-blue\">Exp\u00e9dition internationale<\/span><\/p>\n<p style=\"text-align: center;\">Il n\u2019a jamais \u00e9t\u00e9 aussi facile d\u2019exp\u00e9dier quelque chose de l\u2019autre c\u00f4t\u00e9 de la fronti\u00e8re ou outremer. FlagShip vous donne \u00e9galement acc\u00e8s aux taux d\u2019exp\u00e9dition internationale \u00e0 rabais d\u2019entreprises d\u2019exp\u00e9dition de confiance comme Purolator, UPS, FedEx et DHL.<\/p>\n<p>[\/vc_column_text][\/vc_column][vc_column width=&#8221;1\/4&#8243; css=&#8221;.vc_custom_1551298973046{margin-bottom: 20px !important;}&#8221;][vc_single_image image=&#8221;6774&#8243; img_size=&#8221;&#8221; alignment=&#8221;center&#8221; css=&#8221;.vc_custom_1551298868380{margin-bottom: 10px !important;}&#8221;][vc_column_text]<\/p>\n<p style=\"text-align: center; margin-top: 0px; margin-bottom: 10px;\"><span class=\"lato-normal uppercase-all title-blue\">Exp\u00e9dition LTL\/FRET<\/span><\/p>\n<p style=\"text-align: center;\">Lorsque votre envoi est trop gros pour \u00eatre envoy\u00e9 par une entreprise d\u2019exp\u00e9dition standard, FlagShip peut pr\u00e9parer des envois par <a href=\"\/?page_id=2342\">chargement partiel (LTL ou less-than-truckload) ou par chargement complet (FTL ou full-truckload)<\/a> \u00e0 partir de notre r\u00e9seau de plus de 20 000 transporteurs.<\/p>\n<p>[\/vc_column_text][\/vc_column][\/vc_row][vc_row css=&#8221;.vc_custom_1551298810239{padding-bottom: 40px !important;}&#8221;][vc_column width=&#8221;1\/4&#8243;][\/vc_column][vc_column width=&#8221;1\/2&#8243; css=&#8221;.vc_custom_1551298956341{margin-bottom: 20px !important;}&#8221;][vc_raw_html]JTNDcCUyMHN0eWxlJTNEJTIyZm9udC13ZWlnaHQlM0ElMjBib2xkJTNCJTIwY29sb3IlM0ElMjAlMjMwMGE3ZTAlM0IlMjB0ZXh0LWFsaWduJTNBJTIwY2VudGVyJTNCJTIyJTNFQ3IlQzMlQTlleiUyMGdyYXR1aXRlbWVudCUyMHZvdHJlJTIwY29tcHRlJTIwZW4lMjBxdWVscXVlcyUyMGNsaWNzJTIwZXQlMjBhY2MlQzMlQTlkZXolMjBzYW5zJTIwdGFyZGVyJTIwYXV4JTIwc2VydmljZXMlMjBkJUUyJTgwJTk5ZXhwJUMzJUE5ZGl0aW9uJTIwZGUlMjBGbGFnU2hpcCUyMHNhbnMlMjBmcmFpcyUyMGRlJTIwcmFtYXNzYWdlJTJDJTIwc2FucyUyMGZyYWlzJTIwbWVuc3VlbHMlMjBldCUyMHNhbnMlMjBvYmxpZ2F0aW9ucyUyMCUzQSUzQyUyRnAlM0UlMEElM0NwJTIwc3R5bGUlM0QlMjJ0ZXh0LWFsaWduJTNBJTIwY2VudGVyJTNCJTIyJTNFJTNDYSUyMGNsYXNzJTNEJTIyZWNvbW0tb3JhbmdlLXNoYWRvdy1idXR0b24lMjIlMjBocmVmJTNEJTIyaHR0cHMlM0ElMkYlMkZ3d3cuZmxhZ3NoaXBjb21wYW55LmNvbSUyRnNpZ24tdXAlMkYlMjIlM0VDb21tZW5jZXolMjBncmF0dWl0ZW1lbnQlM0MlMkZhJTNFJTNDJTJGcCUzRQ==[\/vc_raw_html][\/vc_column][vc_column width=&#8221;1\/4&#8243; css=&#8221;.vc_custom_1551298963245{margin-bottom: 20px !important;}&#8221;][\/vc_column][\/vc_row][vc_row full_width=&#8221;stretch_row&#8221; css=&#8221;.vc_custom_1462695407433{background-color: #f6f7f9 !important;}&#8221; el_class=&#8221;.eip-r2&#8243;][vc_column el_class=&#8221;.eip-r2-c1&#8243;][vc_column_text]<\/p>\n<div class=\"oossv2-r1-title\" style=\"text-align: center; margin-bottom: 10px; margin-top: 0px;\"><b>Beaucoup plus qu\u2019un calculateur de tarifs<\/b><\/div>\n<p>[\/vc_column_text][vc_column_text]<\/p>\n<p class=\"p1\" style=\"text-align: center;\"><span class=\"s1\">Nous sommes d\u2019avis qu\u2019il faut 3 \u00e9l\u00e9ments pour assurer une excellente exp\u00e9rience d\u2019exp\u00e9dition : un processus simple, des services fiables et des tarifs d\u2019exp\u00e9ditions \u00e0 prix r\u00e9duits. Nous avons regroup\u00e9 tous ces \u00e9l\u00e9ments dans un tableau de bord en ligne facile \u00e0 utiliser dans lequel vous pouvez comparer les tarifs d\u2019exp\u00e9dition d\u2019entreprises fiables en un seul endroit. Notre <a href=\"\/?page_id=2305\">syst\u00e8me d\u2019exp\u00e9dition en ligne<\/a> vous permet de choisir votre entreprise d\u2019exp\u00e9dition, d\u2019imprimer votre \u00e9tiquette d\u2019exp\u00e9dition et de suivre votre colis en quelques clics.<\/span><\/p>\n<p>[\/vc_column_text][vc_single_image image=&#8221;6807&#8243; img_size=&#8221;full&#8221; alignment=&#8221;center&#8221;][vc_separator][vc_row_inner][vc_column_inner width=&#8221;1\/6&#8243; css=&#8221;.vc_custom_1551300009582{margin-bottom: 15px !important;}&#8221;][vc_column_text]<\/p>\n<p style=\"text-align: center; color: #0ca8e2; font-weight: bold;\">Comparez instantan\u00e9ment des tarifs d\u2019exp\u00e9dition ou obtenez une soumission pour un envoi surdimensionn\u00e9<\/p>\n<p>[\/vc_column_text][\/vc_column_inner][vc_column_inner width=&#8221;1\/6&#8243; css=&#8221;.vc_custom_1551300017719{margin-bottom: 15px !important;}&#8221;][vc_column_text]<\/p>\n<p style=\"text-align: center; color: #0ca8e2; font-weight: bold;\">Cr\u00e9ez automatiquement des \u00e9tiquettes d\u2019exp\u00e9dition conformes et planifiez des ramassages<\/p>\n<p>[\/vc_column_text][\/vc_column_inner][vc_column_inner width=&#8221;1\/6&#8243; css=&#8221;.vc_custom_1551300022398{margin-bottom: 15px !important;}&#8221;][vc_column_text]<\/p>\n<p style=\"text-align: center; color: #0ca8e2; font-weight: bold;\">Consultez les temps de transit et l\u2019information de suivi en temps r\u00e9el<\/p>\n<p>[\/vc_column_text][\/vc_column_inner][vc_column_inner width=&#8221;1\/6&#8243; css=&#8221;.vc_custom_1551300026776{margin-bottom: 15px !important;}&#8221;][vc_column_text]<\/p>\n<p style=\"text-align: center; color: #0ca8e2; font-weight: bold;\">Conservez les informations importantes concernant vos envois pour une utilisation ult\u00e9rieure plus rapide<\/p>\n<p>[\/vc_column_text][\/vc_column_inner][vc_column_inner width=&#8221;1\/6&#8243; css=&#8221;.vc_custom_1551300031443{margin-bottom: 15px !important;}&#8221;][vc_column_text]<\/p>\n<p style=\"text-align: center; color: #0ca8e2; font-weight: bold;\">Recevez une facture consolid\u00e9e pour toutes vos activit\u00e9s d\u2019exp\u00e9dition<\/p>\n<p>[\/vc_column_text][\/vc_column_inner][vc_column_inner width=&#8221;1\/6&#8243; css=&#8221;.vc_custom_1551300035980{margin-bottom: 15px !important;}&#8221;][vc_column_text]<\/p>\n<p style=\"text-align: center; color: #0ca8e2; font-weight: bold;\">Int\u00e9grez votre compte FlagShip \u00e0 votre magasin \u00e9lectronique<\/p>\n<p>[\/vc_column_text][\/vc_column_inner][\/vc_row_inner][vc_row_inner css=&#8221;.vc_custom_1551300215365{margin-top: 20px !important;}&#8221;][vc_column_inner width=&#8221;1\/3&#8243;][\/vc_column_inner][vc_column_inner width=&#8221;1\/3&#8243;][vc_raw_html]JTIwJTNDYSUyMGNsYXNzJTNEJTIyY3RhLWJ1dHRvbiUyMiUyMGhyZWYlM0QlMjJodHRwcyUzQSUyRiUyRnd3dy5mbGFnc2hpcGNvbXBhbnkuY29tJTJGZnIlMkZub3RyZS1zeXN0ZW1lLWRleHBlZGl0aW9uLWVuLWxpZ25lJTJGJTIyJTNFJTBBJTIwJTIwJTNDc3BhbiUyMGNsYXNzJTNEJTIyY3RhLWJ1dHRvbi1pY29uJTIyJTNFJTNDaSUyMGNsYXNzJTNEJTIyZmFyJTIwZmEtYXJyb3ctYWx0LWNpcmNsZS1yaWdodCUyMiUyMGFyaWEtaGlkZGVuJTNEJTIydHJ1ZSUyMiUzRSUzQyUyRmklM0UlM0MlMkZzcGFuJTNFJTBBJTIwJTIwJTNDc3BhbiUyMGNsYXNzJTNEJTIyY3RhLWJ1dHRvbi10ZXh0JTIyJTNFRU4lMjBBUFBSRU5EUkUlMjBQTFVTJTNDJTJGc3BhbiUzRSUwQSUyMCUzQyUyRmElM0UlMEE=[\/vc_raw_html][\/vc_column_inner][vc_column_inner width=&#8221;1\/3&#8243;][\/vc_column_inner][\/vc_row_inner][\/vc_column][\/vc_row][vc_row el_class=&#8221;.eip-r4&#8243; css=&#8221;.vc_custom_1724237321939{padding-top: 40px !important;}&#8221;][vc_column width=&#8221;1\/2&#8243;][vc_column_text]<\/p>\n<h2 style=\"color: #58595b !important;\">Comment FlagShip fait pour revendre des services d\u2019exp\u00e9ditions \u00e0 des tarifs si bas?<\/h2>\n<p>[\/vc_column_text][vc_column_text]Rechercher les meilleurs tarifs d\u2019exp\u00e9dition peut demander beaucoup de temps et \u00eatre frustrant. L\u2019argent que vous \u00e9conomisez ne vaut simplement pas le temps perdu. FlagShip magasine pour vous et vous offre des tarifs que vous ne pourriez pas trouver par vous-m\u00eame.<\/p>\n<p>Comment faisons-nous? FlagShip est un des principaux revendeurs d\u2019exp\u00e9dition au Canada, ce qui nous donne acc\u00e8s \u00e0 des escomptes de volume par les entreprises d\u2019exp\u00e9dition de renom qui sont g\u00e9n\u00e9ralement r\u00e9serv\u00e9s aux gros exp\u00e9diteurs. C\u2019est gr\u00e2ce \u00e0 ces partenariats que nous pouvons vous offrir les tarifs d\u2019exp\u00e9dition \u00e0 rabais r\u00e9serv\u00e9s normalement \u00e0 des grosses entreprises. De cette mani\u00e8re, vous pouvez vous concentrer sur ce qui compte vraiment : diriger votre entreprise.[\/vc_column_text][vc_column_text css=&#8221;.vc_custom_1591209070733{padding-top: 20px !important;padding-right: 20px !important;padding-bottom: 20px !important;padding-left: 20px !important;background-color: #00a7e0 !important;border-radius: 10px !important;}&#8221;]<\/p>\n<p style=\"color: #ffffff; font-weight: bold;\">C\u2019est aussi facile que \u00e7a en a l\u2019air<\/p>\n<p style=\"color: #ffffff;\">Exp\u00e9dier avec FlagShip est similaire \u00e0 acheter un voyage \u00e0 rabais sur un site de voyage en ligne. Pour commencer, il suffit de cr\u00e9er un compte FlagShip gratuit, puis d\u2019entrer toutes les informations pertinentes pour votre premier envoi comme la destination, la taille et le poids de l\u2019envoi. Notre syst\u00e8me d\u2019exp\u00e9dition en ligne vous permettra de comparer des tarifs d\u2019exp\u00e9dition \u00e0 prix r\u00e9duits, des options de service et des d\u00e9lais de livraison estim\u00e9s \u00e0 partir de notre s\u00e9lection d\u2019entreprises d\u2019exp\u00e9dition comme Purolator, UPS, FedEx, DHL, Canpar et GLS. Vous pouvez ensuite choisir soit le tarif le plus bas, l\u2019entreprise d&#8217;exp\u00e9dition de votre choix ou le d\u00e9lai de livraison le plus rapide. Toutes vos options sont pr\u00e9sent\u00e9es sur un seul \u00e9cran, ce qui simplifie la comparaison et le choix.<\/p>\n<p>[\/vc_column_text][\/vc_column][vc_column width=&#8221;1\/2&#8243;][vc_column_text css=&#8221;.vc_custom_1551476087828{padding-top: 40px !important;}&#8221;]<\/p>\n<p style=\"font-weight: bold; color: #00a7e0;\">Prix r\u00e9duits ne veut pas dire un compromis sur le service<\/p>\n<p>Avec FlagShip, non seulement vous obtiendrez des tarifs d\u2019exp\u00e9dition \u00e0 prix r\u00e9duits, vous aurez \u00e9galement acc\u00e8s \u00e0 notre \u00e9quipe de service \u00e0 la client\u00e8le sympathique et chevronn\u00e9e. Vous n\u2019\u00eates pas certain d&#8217;avoir eu le meilleur tarif? Vous voulez une soumission pour un envoi surdimensionn\u00e9? Vous avez des probl\u00e8mes de livraison? Appelez-nous, nous pouvons vous aider m\u00eame en dehors des heures de bureau. Notre \u00e9quipe ne s\u2019arr\u00eatera pas tant que vous serez satisfait de la r\u00e9solution du probl\u00e8me.<\/p>\n<p>FlagShip offre de nombreuses de mani\u00e8res d\u2019\u00e9conomiser du temps et de l\u2019argent sur vos envois : services d\u2019exp\u00e9dition domestiques, envois internationaux, importations internationales, envois de fret LTL\/FTL, int\u00e9gration de commerce \u00e9lectronique et envois personnels. Nous sommes vraiment une solution \u00e0 guichet unique pour tous vos besoins d\u2019exp\u00e9dition.<\/p>\n<p style=\"font-weight: bold;\">Voyez les tarifs d\u2019exp\u00e9dition \u00e0 prix r\u00e9duits que nous offrons en cr\u00e9ant votre compte gratuit et en commen\u00e7ant \u00e0 comparer les tarifs d\u00e8s maintenant. Besoin d\u2019aide? Appelez-nous, il nous fera plaisir de vous aider \u00e0 simplifier votre exp\u00e9dition.<\/p>\n<p>[\/vc_column_text][vc_raw_html css=&#8221;.vc_custom_1551476113561{margin-bottom: 10px !important;}&#8221;]JTIwJTNDYSUyMGNsYXNzJTNEJTIyY3RhLWJ1dHRvbiUyMiUyMGhyZWYlM0QlMjJodHRwcyUzQSUyRiUyRnd3dy5mbGFnc2hpcGNvbXBhbnkuY29tJTJGZnIlMkZpbnNjcml2ZXotdm91cyUyRiUyMiUzRSUwQSUyMCUyMCUzQ3NwYW4lMjBjbGFzcyUzRCUyMmN0YS1idXR0b24taWNvbiUyMiUzRSUzQ2klMjBjbGFzcyUzRCUyMmZhJTIwZmEtY2hlY2stY2lyY2xlLW8lMjIlMjBhcmlhLWhpZGRlbiUzRCUyMnRydWUlMjIlM0UlM0MlMkZpJTNFJTNDJTJGc3BhbiUzRSUwQSUyMCUyMCUzQ3NwYW4lMjBjbGFzcyUzRCUyMmN0YS1idXR0b24tdGV4dCUyMiUzRUNSJUMzJTg5RVolMjBWT1RSRSUyMENPTVBURSUyMEdSQVRVSVQlM0MlMkZzcGFuJTNFJTBBJTIwJTNDJTJGYSUzRSUwQQ==[\/vc_raw_html][vc_column_text]<\/p>\n<p style=\"font-weight: bold; color: #00a7e0; font-size: 120%;\">1-866-320-8383<\/p>\n<p>[\/vc_column_text][\/vc_column][\/vc_row]<\/p>\n<\/div>","protected":false},"excerpt":{"rendered":"<p>[vc_row full_width=&#8221;stretch_row&#8221; css=&#8221;.vc_custom_1724236372425{background-image: url(https:\/\/www.flagshipcompany.com\/app\/uploads\/2024\/08\/Cheap-Shipping-Canada-5.jpg?id=20843) !important;background-position: center !important;background-repeat: no-repeat !important;background-size: cover !important;}&#8221;][vc_column width=&#8221;1\/2&#8243; offset=&#8221;vc_hidden-sm vc_hidden-xs&#8221;][vc_empty_space height=&#8221;50px&#8221;][vc_raw_html]JTNDaDElMjBjbGFzcyUzRCUyMm5vLWxpbmUlMjIlMjBzdHlsZSUzRCUyMmNvbG9yJTNBJTIwJTIzZmZmZmZmJTNCJTIwZm9udC13ZWlnaHQlM0Fib2xkJTNCJTIwZm9udC1zaXplJTNBJTIwNjBweCUzQiUyMiUzRVRhcmlmcyUyMGQlRTIlODAlOTlleHAlQzMlQTlkaXRpb24lMjAlQzMlQTAlMjBwcml4JTIwciVDMyVBOWR1aXRzJTNDJTJGaDElM0U=[\/vc_raw_html][vc_raw_html]JTNDZGl2JTIwY2xhc3MlM0QlMjJmcy1oZWFkaW5nJTIyJTNFJTBBJTNDaDIlMjBzdHlsZSUzRCUyMmNvbG9yJTNBJTIzZmZmZmZmJTIwJTIxaW1wb3J0YW50JTNCJTIyJTNFVHJvdXZleiUyMGRlcyUyMHRhcmlmcyUyMGQlRTIlODAlOTlleHAlQzMlQTlkaXRpb24lMjAlQzMlQTAlMjBwcml4JTIwciVDMyVBOWR1aXRzJTIwZXQlMjBkZXMlMjBlbnRyZXByaXNlcyUyMGQlRTIlODAlOTlleHAlQzMlQTlkaXRpb25zJTIwZmlhYmxlcyUyQyUyMGxlJTIwdG91dCUyMGF1JTIwbSVDMyVBQW1lJTIwZW5kcm9pdCUzQyUyRmgyJTNFJTBBJTNDJTJGZGl2JTNF[\/vc_raw_html][vc_empty_space height=&#8221;50px&#8221;][\/vc_column][vc_column width=&#8221;1\/2&#8243; offset=&#8221;vc_hidden-sm vc_hidden-xs&#8221;][\/vc_column][\/vc_row][vc_row full_width=&#8221;stretch_row&#8221; css=&#8221;.vc_custom_1724236700438{background-image: url(https:\/\/www.flagshipcompany.com\/app\/uploads\/2024\/08\/Cheap-Shipping-Canada-Mobile-1.jpg?id=20853) !important;background-position: center !important;background-repeat: no-repeat !important;background-size: cover !important;}&#8221;][vc_column offset=&#8221;vc_hidden-lg vc_hidden-md&#8221;][vc_empty_space height=&#8221;100px&#8221;][vc_raw_html]JTNDaDElMjBjbGFzcyUzRCUyMm5vLWxpbmUlMjIlMjBzdHlsZSUzRCUyMmNvbG9yJTNBJTIwJTIzZmZmZmZmJTNCJTIwZm9udC13ZWlnaHQlM0Fib2xkJTNCJTIyJTNFVGFyaWZzJTIwZCVFMiU4MCU5OWV4cCVDMyVBOWRpdGlvbiUyMCVDMyVBMCUyMHByaXglMjByJUMzJUE5ZHVpdHMlM0MlMkZoMSUzRQ==[\/vc_raw_html][\/vc_column][\/vc_row][vc_row full_width=&#8221;stretch_row_content_no_spaces&#8221;&#8230;<\/p>\n","protected":false},"author":5,"featured_media":0,"parent":0,"menu_order":0,"comment_status":"closed","ping_status":"closed","template":"","meta":{"footnotes":""},"class_list":["post-6802","page","type-page","status-publish","hentry"],"_links":{"self":[{"href":"https:\/\/www.flagshipcompany.com\/fr\/wp-json\/wp\/v2\/pages\/6802","targetHints":{"allow":["GET"]}}],"collection":[{"href":"https:\/\/www.flagshipcompany.com\/fr\/wp-json\/wp\/v2\/pages"}],"about":[{"href":"https:\/\/www.flagshipcompany.com\/fr\/wp-json\/wp\/v2\/types\/page"}],"author":[{"embeddable":true,"href":"https:\/\/www.flagshipcompany.com\/fr\/wp-json\/wp\/v2\/users\/5"}],"replies":[{"embeddable":true,"href":"https:\/\/www.flagshipcompany.com\/fr\/wp-json\/wp\/v2\/comments?post=6802"}],"version-history":[{"count":26,"href":"https:\/\/www.flagshipcompany.com\/fr\/wp-json\/wp\/v2\/pages\/6802\/revisions"}],"predecessor-version":[{"id":20875,"href":"https:\/\/www.flagshipcompany.com\/fr\/wp-json\/wp\/v2\/pages\/6802\/revisions\/20875"}],"wp:attachment":[{"href":"https:\/\/www.flagshipcompany.com\/fr\/wp-json\/wp\/v2\/media?parent=6802"}],"curies":[{"name":"wp","href":"https:\/\/api.w.org\/{rel}","templated":true}]}}