{"id":7399,"date":"2019-04-26T19:31:29","date_gmt":"2019-04-26T19:31:29","guid":{"rendered":"https:\/\/www.flagshipcompany.com\/?page_id=7399"},"modified":"2025-10-24T11:10:46","modified_gmt":"2025-10-24T15:10:46","slug":"extension-magento","status":"publish","type":"page","link":"https:\/\/www.flagshipcompany.com\/fr\/extension-magento\/","title":{"rendered":"Module Magento"},"content":{"rendered":"<div class=\"wpb-content-wrapper\"><p>[vc_row full_width=&#8221;stretch_row&#8221; css=&#8221;.vc_custom_1554919853815{padding-top: 50px !important;background-image: url(https:\/\/www.flagshipcompany.com\/app\/uploads\/2019\/04\/Magento-bg.png?id=7306) !important;background-position: center !important;background-repeat: no-repeat !important;background-size: cover !important;}&#8221;][vc_column][vc_row_inner css=&#8221;.vc_custom_1554917761580{padding-top: 100px !important;padding-bottom: 50px !important;padding-left: 10px !important;}&#8221;][vc_column_inner][vc_raw_html]JTNDZGl2JTIwY2xhc3MlM0QlMjJoZWFkZXItY2VudGVyLXRleHQtYWJzb2x1dGUyJTIyJTIwc3R5bGUlM0QlMjJtYXJnaW4tbGVmdCUzQSUyMDBweCUzQiUyMHBhZGRpbmctbGVmdCUzQTBweCUzQiUyMiUzRSUwQSUzQ2gxJTIwc3R5bGUlM0QlMjJtYXJnaW4tbGVmdCUzQSUyMDBweCUzQiUyMHBhZGRpbmctbGVmdCUzQTBweCUzQiUyMiUzRSUzQ2ZvbnQlMjBjbGFzcyUzRCUyMmxhdG8tbm9ybWFsJTIyJTNFTW9kdWxlJTNDJTJGZm9udCUzRSUyME1hZ2VudG8lM0MlMkZoMSUzRSUzQyUyRmRpdiUzRSUwQQ==[\/vc_raw_html][\/vc_column_inner][\/vc_row_inner][vc_row_inner css=&#8221;.vc_custom_1554917059326{padding-bottom: 100px !important;background-position: center !important;background-repeat: no-repeat !important;background-size: cover !important;}&#8221;][vc_column_inner width=&#8221;2\/3&#8243;][vc_column_text]<\/p>\n<p style=\"color: #ffffff;\">Connectez votre boutique en ligne Magento directement au syst\u00e8me d\u2019exp\u00e9dition en ligne de FlagShip avec le module de FlagShip. Installez-la <span style=\"font-weight: 900; color: #ffffff;\">GRATUITEMENT<\/span> d\u00e8s aujourd\u2019hui et acc\u00e9dez \u00e0 des tarifs r\u00e9duits sur les services de transport d\u2019importantes entreprises d\u2019exp\u00e9dition telles que Purolator, UPS, FedEx, DHL, Canpar et GLS. Le module Magento de FlagShip vous permet d\u2019obtenir des prix pr\u00e9cis, de t\u00e9l\u00e9verser des donn\u00e9es d\u2019exp\u00e9dition automatiquement \u00e0 partir de votre boutique en ligne, de traiter des envois instantan\u00e9ment, d\u2019imprimer des \u00e9tiquettes, de g\u00e9rer les ramassages et plus encore!<\/p>\n<p>[\/vc_column_text][vc_raw_html css=&#8221;.vc_custom_1665590342511{padding-bottom: 40px !important;}&#8221;]JTIwJTNDcCUyMHN0eWxlJTNEJTIyY29sb3IlM0ElMjAlMjNmZmZmZmYlM0IlMjIlM0UlM0NhJTIwaHJlZiUzRCUyMmh0dHBzJTNBJTJGJTJGd3d3LmZsYWdzaGlwY29tcGFueS5jb20lMkZmciUyRmluc2NyaXZlei12b3VzJTJGJTIyJTIwc3R5bGUlM0QlMjJ0ZXh0LWRlY29yYXRpb24lM0F1bmRlcmxpbmUlM0Jjb2xvciUzQSUyMCUyM2ZmZmZmZiUzQiUyMiUzRUNyJUMzJUE5ZXolMjB2b3RyZSUyMGNvbXB0ZSUyMGdyYXR1aXQlMjBGbGFnU2hpcCUzQyUyRmElM0UlMjBwdWlzJTIwaW5zdGFsbGV6JTIwbGUlMjBtb2R1bGUlMjBNYWdlbnRvJTIwcG91ciUyMGNvbm5lY3RlciUyMGF2ZWMlMjB2b3RyZSUyMGJvdXRpcXVlJTIwZW4lMjBsaWduZSUyMCUzQSUzQyUyRnAlM0UlMEElM0NhJTIwY2xhc3MlM0QlMjJjdGEtYnV0dG9uLWJsdWUlMjIlMjBocmVmJTNEJTIyaHR0cHMlM0ElMkYlMkZnaXRodWIuY29tJTJGZmxhZ3NoaXBjb21wYW55JTJGZmxhZ3NoaXAtZm9yLW1hZ2VudG8lMjIlMjB0YXJnZXQlM0QlMjJfYmxhbmslMjIlM0UlMEElMjAlMjAlM0NzcGFuJTIwY2xhc3MlM0QlMjJjdGEtYnV0dG9uLWljb24lMjIlM0UlM0NpJTIwY2xhc3MlM0QlMjJmYXIlMjBmYS1wbHVzLXNxdWFyZSUyMiUyMGFyaWEtaGlkZGVuJTNEJTIydHJ1ZSUyMiUzRSUzQyUyRmklM0UlM0MlMkZzcGFuJTNFJTBBJTIwJTIwJTNDc3BhbiUyMGNsYXNzJTNEJTIyY3RhLWJ1dHRvbi10ZXh0JTIyJTNFSU5TVEFMTEVSJTIwTEUlMjBNT0RVTEUlMjBNQUdFTlRPJTNDJTJGc3BhbiUzRSUwQSUyMCUzQyUyRmElM0UlMEE=[\/vc_raw_html][\/vc_column_inner][vc_column_inner width=&#8221;1\/3&#8243;][vc_single_image image=&#8221;7312&#8243; img_size=&#8221;&#8221; css=&#8221;.vc_custom_1554920003927{margin-top: 0px !important;padding-top: 0px !important;}&#8221;][\/vc_column_inner][\/vc_row_inner][\/vc_column][\/vc_row][vc_row el_class=&#8221;.eip-r1&#8243;][vc_column el_class=&#8221;.eip-r1-c1&#8243;][vc_single_image image=&#8221;13635&#8243; img_size=&#8221;full&#8221; alignment=&#8221;center&#8221;][vc_separator][vc_row_inner css=&#8221;.vc_custom_1578966730983{margin-top: 30px !important;margin-bottom: 30px !important;}&#8221;][vc_column_inner width=&#8221;1\/4&#8243;][\/vc_column_inner][vc_column_inner width=&#8221;1\/2&#8243;][vc_video link=&#8221;https:\/\/youtu.be\/Jfd7CH2Qe9I &#8221; el_width=&#8221;10&#8243;][\/vc_column_inner][vc_column_inner width=&#8221;1\/4&#8243;][\/vc_column_inner][\/vc_row_inner][vc_column_text]<\/p>\n<div class=\"ecommerce-title\">Voici comment d\u00e9buter :<\/div>\n<p>[\/vc_column_text][\/vc_column][\/vc_row][vc_row css=&#8221;.vc_custom_1551298810239{padding-bottom: 40px !important;}&#8221;][vc_column width=&#8221;1\/3&#8243; css=&#8221;.vc_custom_1551298956341{margin-bottom: 20px !important;}&#8221;][vc_single_image image=&#8221;7352&#8243; img_size=&#8221;&#8221; alignment=&#8221;center&#8221; css=&#8221;.vc_custom_1554923672692{margin-bottom: 10px !important;}&#8221;][vc_column_text]<\/p>\n<div class=\"ecommerce-subtitle-blue\">\u00c9tape 1:<\/div>\n<div class=\"ecommerce-subtitle-orange\">Installation<br \/>\nFacile<\/div>\n<p style=\"text-align: center;\">Si vous n\u2019avez pas d\u00e9j\u00e0 un compte FlagShip, <a href=\"\/?page_id=2380\">cr\u00e9ez-en un maintenant GRATUITEMENT<\/a>. T\u00e9l\u00e9chargez et <a href=\"https:\/\/github.com\/flagshipcompany\/flagship-for-magento\" target=\"_blank\" rel=\"noopener noreferrer nofollow\">installez le module de FlagShip <\/a>dans votre tableau de bord Magento en quelques clics. Connectez-la \u00e0 votre compte FlagShip pour commencer \u00e0 recevoir des commandes.<\/p>\n<p>[\/vc_column_text][\/vc_column][vc_column width=&#8221;1\/3&#8243; css=&#8221;.vc_custom_1551298963245{margin-bottom: 20px !important;}&#8221;][vc_single_image image=&#8221;7332&#8243; img_size=&#8221;&#8221; alignment=&#8221;center&#8221; css=&#8221;.vc_custom_1554921575782{margin-bottom: 10px !important;}&#8221;][vc_column_text]<\/p>\n<div class=\"ecommerce-subtitle-blue\">\u00c9tape 2:<\/div>\n<div class=\"ecommerce-subtitle-orange\">Configurez vos options d\u2019exp\u00e9dition<\/div>\n<p style=\"text-align: center;\">Choisissez les entreprises et services d\u2019exp\u00e9dition que vous voulez offrir. Vous pouvez relier votre boutique en ligne directement aux tarifs d\u2019exp\u00e9dition en temps r\u00e9el pour offrir des prix \u00e0 jour. N\u2019oubliez pas inclure vos propres frais d\u2019exp\u00e9dition dans vos co\u00fbts d\u2019exp\u00e9dition!<\/p>\n<p>[\/vc_column_text][\/vc_column][vc_column width=&#8221;1\/3&#8243; css=&#8221;.vc_custom_1551298973046{margin-bottom: 20px !important;}&#8221;][vc_single_image image=&#8221;7348&#8243; img_size=&#8221;&#8221; alignment=&#8221;center&#8221; css=&#8221;.vc_custom_1554923625747{margin-bottom: 10px !important;}&#8221;][vc_column_text]<\/p>\n<div class=\"ecommerce-subtitle-blue\">\u00c9tape 3:<\/div>\n<div class=\"ecommerce-subtitle-orange\">Traitez les envois \u2013 instantan\u00e9ment!<\/div>\n<p style=\"text-align: center;\">Lorsque vous avez d\u00e9fini vos param\u00e8tres d\u2019exp\u00e9dition, vous \u00eates pr\u00eat \u00e0 recevoir des commandes. Lorsqu\u2019une transaction est termin\u00e9e dans votre boutique Magento, vous pouvez t\u00e9l\u00e9verser automatiquement toutes les donn\u00e9es vers le syst\u00e8me d\u2019exp\u00e9dition de FlagShip en un seul clic. Vous pouvez traiter les exp\u00e9ditions instantan\u00e9ment, imprimer des \u00e9tiquettes d\u2019exp\u00e9dition et g\u00e9rer les ramassages \u00e0 partir de votre tableau de bord d&#8217;administrateur Magento.<\/p>\n<p>[\/vc_column_text][\/vc_column][\/vc_row][vc_row el_class=&#8221;.eip-r1&#8243;][vc_column el_class=&#8221;.eip-r1-c1&#8243;][vc_separator color=&#8221;custom&#8221; accent_color=&#8221;#00a7e0&#8243;][vc_column_text]<\/p>\n<div class=\"ecommerce-title\">Commencez maintenant<\/div>\n<p style=\"text-align: center; margin-top: 10px;\"><a style=\"text-decoration: underline;\" href=\"https:\/\/www.flagshipcompany.com\/fr\/inscrivez-vous\/\">Cr\u00e9ez votre compte gratuit FlagShip<\/a> puis installez le module Magento pour connecter avec votre boutique en ligne :<\/p>\n<p>[\/vc_column_text][\/vc_column][\/vc_row][vc_row full_width=&#8221;stretch_row&#8221; css=&#8221;.vc_custom_1554919098004{padding-bottom: 40px !important;}&#8221;][vc_column width=&#8221;1\/6&#8243; css=&#8221;.vc_custom_1551298956341{margin-bottom: 20px !important;}&#8221;][\/vc_column][vc_column width=&#8221;2\/3&#8243; css=&#8221;.vc_custom_1554919239279{margin-bottom: 20px !important;}&#8221; offset=&#8221;vc_col-lg-offset-0 vc_col-md-offset-0 vc_col-sm-offset-0&#8243;][vc_raw_html]JTIwJTNDZGl2JTIwc3R5bGUlM0QlMjJkaXNwbGF5JTNBYmxvY2slM0IlMjB3aWR0aCUzQTQwNXB4JTNCJTIwbWFyZ2luJTNBJTIwMCUyMGF1dG8lM0IlMjB0ZXh0LWFsaWduJTNBJTIwY2VudGVyJTNCJTIyJTNFJTNDYSUyMGNsYXNzJTNEJTIyY3RhLWJ1dHRvbi1vcmFuZ2UlMjIlMjBocmVmJTNEJTIyaHR0cHMlM0ElMkYlMkZnaXRodWIuY29tJTJGZmxhZ3NoaXBjb21wYW55JTJGZmxhZ3NoaXAtZm9yLW1hZ2VudG8lMjIlMjB0YXJnZXQlM0QlMjJfYmxhbmslMjIlM0UlMEElMjAlMjAlM0NzcGFuJTIwY2xhc3MlM0QlMjJjdGEtYnV0dG9uLWljb24lMjIlM0UlM0NpJTIwY2xhc3MlM0QlMjJmYXIlMjBmYS1wbHVzLXNxdWFyZSUyMiUyMGFyaWEtaGlkZGVuJTNEJTIydHJ1ZSUyMiUzRSUzQyUyRmklM0UlM0MlMkZzcGFuJTNFJTBBJTIwJTIwJTNDc3BhbiUyMGNsYXNzJTNEJTIyY3RhLWJ1dHRvbi10ZXh0JTIyJTNFSU5TVEFMTEVSJTIwTEUlMjBNT0RVTEUlMjBNQUdFTlRPJTNDJTJGc3BhbiUzRSUwQSUyMCUzQyUyRmElM0UlMEElM0MlMkZkaXYlM0U=[\/vc_raw_html][\/vc_column][vc_column width=&#8221;1\/6&#8243; css=&#8221;.vc_custom_1551298973046{margin-bottom: 20px !important;}&#8221;][\/vc_column][\/vc_row][vc_row full_width=&#8221;stretch_row&#8221; css=&#8221;.vc_custom_1554923815058{padding-top: 50px !important;padding-bottom: 50px !important;background: #f6f7f9 url(https:\/\/www.flagshipcompany.com\/app\/uploads\/2019\/04\/magento-support-bg-2.png?id=7354) !important;background-position: center !important;background-repeat: no-repeat !important;background-size: cover !important;}&#8221; el_class=&#8221;.eip-r2&#8243;][vc_column width=&#8221;1\/3&#8243; css=&#8221;.vc_custom_1553520368699{margin-bottom: 20px !important;}&#8221;][vc_single_image image=&#8221;7011&#8243; img_size=&#8221;&#8221;][\/vc_column][vc_column width=&#8221;2\/3&#8243;][vc_column_text]<\/p>\n<div class=\"ecommerce-title\" style=\"color: #ffffff; text-align: left;\">C\u2019est facile d\u2019exp\u00e9dier lorsque vous avez un bon soutien<\/div>\n<p style=\"margin-top: 30px; color: #ffffff;\">Si l\u2019ajout d\u2019une excellente solution d\u2019exp\u00e9dition comme FlagShip \u00e0 votre boutique en ligne semble intimidant, ne vous inqui\u00e9tez pas, nous sommes l\u00e0 pour vous aider. Contactez notre soutien \u00e0 la client\u00e8le en direct au sujet de vos besoins d\u2019exp\u00e9dition, du d\u00e9but \u00e0 la fin : que vous ayez besoin d\u2019aide pour installer et configurer le module Magento pour FlagShip, ou si vous avez des probl\u00e8mes de livraison li\u00e9s \u00e0 la commande d\u2019un client. Nous serons avec vous jusqu\u2019\u00e0 ce qu\u2019\u00e0 la solution. Le soutien fiable fait partie de notre engagement \u00e0 simplifier la livraison pour le commerce en ligne.<\/p>\n<p><span style=\"font-size: 110%; font-weight: 900; color: #ffffff;\">Appelez-nous au 1-866-320-8383 ou envoyez-nous un courriel \u00e0 <a style=\"color: #ffffff;\" href=\"mailto:support@flagshipcompany.com\">support@flagshipcompany.com<\/a><\/span>[\/vc_column_text][\/vc_column][\/vc_row][vc_row full_width=&#8221;stretch_row&#8221; css=&#8221;.vc_custom_1462695407433{background-color: #f6f7f9 !important;}&#8221; el_class=&#8221;.eip-r2&#8243;][vc_column el_class=&#8221;.eip-r2-c1 .lato-light&#8221;][vc_column_text]<\/p>\n<div class=\"ecommerce-title\">Am\u00e9liorez votre boutique Magento avec ces services pour commerce en ligne<\/div>\n<p style=\"text-align: center; margin-top: 30px;\">Lorsque vous utilisez le module de FlagShip pour votre boutique Magento, vous aurez \u00e9galement acc\u00e8s aux excellents services pour commerces \u00e9lectroniques de FlagShip :<\/p>\n<p>[\/vc_column_text][vc_row_inner equal_height=&#8221;yes&#8221; content_placement=&#8221;top&#8221; gap=&#8221;20&#8243;][vc_column_inner width=&#8221;1\/2&#8243; css=&#8221;.vc_custom_1652957681696{margin-bottom: 15px !important;padding-top: 200px !important;padding-right: 20px !important;padding-bottom: 200px !important;padding-left: 20px !important;background-image: url(https:\/\/www.flagshipcompany.com\/app\/uploads\/2019\/03\/Discount-courier-bg.jpg?id=6922) !important;background-position: center !important;background-repeat: no-repeat !important;background-size: cover !important;}&#8221;][vc_column_text]<\/p>\n<div class=\"ecommerce-services-3-column\" style=\"font-weight: 900; font-size: 120%;\">Tarifs d\u2019exp\u00e9dition<br \/>\n\u00e0 rabais<\/div>\n<p>[\/vc_column_text][vc_empty_space height=&#8221;5px&#8221;][vc_column_text]<\/p>\n<div class=\"ecommerce-services-3-column\">Obtenez des tarifs r\u00e9duits qui peuvent faire \u00e9conomiser \u00e0 votre boutique en ligne en moyenne 40 % sur vos co\u00fbts d\u2019exp\u00e9dition au Canada, aux \u00c9tats-Unis et \u00e0 l\u2019international.<\/div>\n<p>[\/vc_column_text][\/vc_column_inner][vc_column_inner width=&#8221;1\/2&#8243; css=&#8221;.vc_custom_1652957687146{margin-bottom: 15px !important;padding-top: 200px !important;padding-right: 20px !important;padding-bottom: 200px !important;padding-left: 20px !important;background-image: url(https:\/\/www.flagshipcompany.com\/app\/uploads\/2019\/03\/packaging-optimizer-bg.jpg?id=6950) !important;background-position: center !important;background-repeat: no-repeat !important;background-size: cover !important;}&#8221;][vc_column_text]<\/p>\n<div class=\"ecommerce-services-3-column\" style=\"font-weight: 900; font-size: 120%;\">Calculateur de<br \/>\nl\u2019emballage optimal<\/div>\n<p>[\/vc_column_text][vc_empty_space height=&#8221;5px&#8221;][vc_column_text]<\/p>\n<div class=\"ecommerce-services-3-column\">Entrez les informations sur votre produit et choisissez automatiquement la meilleure taille de bo\u00eete pour obtenir une soumission d\u2019exp\u00e9dition pr\u00e9cise.<\/div>\n<p>[\/vc_column_text][\/vc_column_inner][\/vc_row_inner][\/vc_column][\/vc_row][vc_row el_class=&#8221;.eip-r1&#8243; css=&#8221;.vc_custom_1554920784536{padding-right: 30px !important;padding-left: 30px !important;}&#8221;][vc_column el_class=&#8221;.eip-r1-c1&#8243; css=&#8221;.vc_custom_1554920721547{padding-right: 30px !important;padding-left: 30px !important;}&#8221;][vc_column_text]<\/p>\n<div class=\"ecommerce-title\" style=\"line-height: 32px;\">Cinq raisons pour lesquelles l&#8217;extension d&#8217;exp\u00e9dition \u00e0 rabais de FlagShip est le bon choix pour votre boutique Magento!<\/div>\n<p>[\/vc_column_text][\/vc_column][\/vc_row][vc_row css=&#8221;.vc_custom_1553478483335{padding-top: 50px !important;}&#8221;][vc_column width=&#8221;1\/3&#8243; css=&#8221;.vc_custom_1553520415171{margin-bottom: 20px !important;}&#8221;][vc_single_image image=&#8221;6972&#8243; img_size=&#8221;&#8221; alignment=&#8221;center&#8221;][vc_column_text]<\/p>\n<div class=\"ecommerce-subtitle-orange\">1<\/div>\n<p style=\"text-align: center;\">Les tarifs d\u2019exp\u00e9dition r\u00e9duits instantan\u00e9s d\u2019entreprises d\u2019exp\u00e9dition de renom encouragent les d\u00e9cisions d\u2019achat.<\/p>\n<p>[\/vc_column_text][\/vc_column][vc_column width=&#8221;1\/3&#8243; css=&#8221;.vc_custom_1553520421821{margin-bottom: 20px !important;}&#8221;][vc_single_image image=&#8221;6974&#8243; img_size=&#8221;&#8221; alignment=&#8221;center&#8221;][vc_column_text]<\/p>\n<div class=\"ecommerce-subtitle-orange\">2<\/div>\n<p style=\"text-align: center;\">Des tarifs d\u2019exp\u00e9dition fixes vous aident \u00e0 am\u00e9liorer votre contr\u00f4le des co\u00fbts.<\/p>\n<p>[\/vc_column_text][\/vc_column][vc_column width=&#8221;1\/3&#8243; css=&#8221;.vc_custom_1553520427764{margin-bottom: 20px !important;}&#8221;][vc_single_image image=&#8221;6976&#8243; img_size=&#8221;&#8221; alignment=&#8221;center&#8221;][vc_column_text]<\/p>\n<div class=\"ecommerce-subtitle-orange\">3<\/div>\n<p style=\"text-align: center;\">Le t\u00e9l\u00e9versement automatique des donn\u00e9es de transaction vers le syst\u00e8me d\u2019exp\u00e9dition en ligne de FlagShip vous fait \u00e9conomiser du temps et vous simplifie la vie.<\/p>\n<p>[\/vc_column_text][\/vc_column][\/vc_row][vc_row css=&#8221;.vc_custom_1553478442343{padding-top: 40px !important;}&#8221;][vc_column width=&#8221;1\/2&#8243; css=&#8221;.vc_custom_1553520434989{margin-bottom: 20px !important;}&#8221;][vc_single_image image=&#8221;6978&#8243; img_size=&#8221;&#8221; alignment=&#8221;center&#8221;][vc_column_text]<\/p>\n<div class=\"ecommerce-subtitle-orange\">4<\/div>\n<p style=\"text-align: center;\">Vous pouvez g\u00e9rer vos envois de n\u2019importe o\u00f9, au bureau ou sur la route.<\/p>\n<p>[\/vc_column_text][\/vc_column][vc_column width=&#8221;1\/2&#8243; css=&#8221;.vc_custom_1553520443342{margin-bottom: 20px !important;}&#8221;][vc_single_image image=&#8221;6980&#8243; img_size=&#8221;&#8221; alignment=&#8221;center&#8221;][vc_column_text]<\/p>\n<div class=\"ecommerce-subtitle-orange\">5<\/div>\n<p style=\"text-align: center;\">Une exp\u00e9dition professionnelle et fiable rend vos clients heureux.<\/p>\n<p>[\/vc_column_text][\/vc_column][\/vc_row][vc_row el_class=&#8221;.eip-r1&#8243;][vc_column el_class=&#8221;.eip-r1-c1&#8243;][vc_separator color=&#8221;custom&#8221; accent_color=&#8221;#00a7e0&#8243;][vc_column_text]<\/p>\n<div class=\"ecommerce-title\">Obtenez le module Magento de FlagShip d\u00e8s maintenant :<\/div>\n<p>[\/vc_column_text][\/vc_column][\/vc_row][vc_row][vc_column width=&#8221;1\/4&#8243; css=&#8221;.vc_custom_1551298956341{margin-bottom: 20px !important;}&#8221;][\/vc_column][vc_column width=&#8221;1\/2&#8243; css=&#8221;.vc_custom_1665590368680{margin-bottom: 0px !important;}&#8221;][vc_raw_html]JTIwJTNDZGl2JTIwc3R5bGUlM0QlMjJkaXNwbGF5JTNBYmxvY2slM0IlMjB3aWR0aCUzQTQwNXB4JTNCJTIwbWFyZ2luJTNBJTIwMCUyMGF1dG8lM0IlMjB0ZXh0LWFsaWduJTNBJTIwY2VudGVyJTNCJTIyJTNFJTNDYSUyMGNsYXNzJTNEJTIyY3RhLWJ1dHRvbi1vcmFuZ2UlMjIlMjBocmVmJTNEJTIyaHR0cHMlM0ElMkYlMkZnaXRodWIuY29tJTJGZmxhZ3NoaXBjb21wYW55JTJGZmxhZ3NoaXAtZm9yLW1hZ2VudG8lMjIlMjB0YXJnZXQlM0QlMjJfYmxhbmslMjIlM0UlMEElMjAlMjAlM0NzcGFuJTIwY2xhc3MlM0QlMjJjdGEtYnV0dG9uLWljb24lMjIlM0UlM0NpJTIwY2xhc3MlM0QlMjJmYXIlMjBmYS1wbHVzLXNxdWFyZSUyMiUyMGFyaWEtaGlkZGVuJTNEJTIydHJ1ZSUyMiUzRSUzQyUyRmklM0UlM0MlMkZzcGFuJTNFJTBBJTIwJTIwJTNDc3BhbiUyMGNsYXNzJTNEJTIyY3RhLWJ1dHRvbi10ZXh0JTIyJTNFSU5TVEFMTEVSJTIwTEUlMjBNT0RVTEUlMjBNQUdFTlRPJTNDJTJGc3BhbiUzRSUwQSUyMCUzQyUyRmElM0UlMEElM0MlMkZkaXYlM0U=[\/vc_raw_html][\/vc_column][vc_column width=&#8221;1\/4&#8243; css=&#8221;.vc_custom_1551298973046{margin-bottom: 20px !important;}&#8221;][\/vc_column][\/vc_row][vc_row el_class=&#8221;.eip-r1&#8243; css=&#8221;.vc_custom_1553478853348{margin-top: 0px !important;padding-top: 0px !important;}&#8221;][vc_column el_class=&#8221;.eip-r1-c1&#8243;][vc_column_text]<\/p>\n<p style=\"text-align: center; margin-top: 10px;\">N\u2019oubliez pas de <a style=\"text-decoration: underline;\" href=\"https:\/\/www.flagshipcompany.com\/fr\/inscrivez-vous\/\">cr\u00e9er votre compte gratuit FlagShip<\/a> avant d\u2019installer le module!<\/p>\n<p>[\/vc_column_text][vc_column_text]<\/p>\n<div class=\"ecommerce-title\" style=\"line-height: normal;\"><span style=\"font-weight: normal !important; color: #636363;\">Besoin d\u2019aide?<\/span><br \/>\nAppelez-nous au 1-866-320-8383<\/div>\n<p>[\/vc_column_text][\/vc_column][\/vc_row][vc_row][vc_column width=&#8221;1\/3&#8243; css=&#8221;.vc_custom_1551298956341{margin-bottom: 20px !important;}&#8221;][\/vc_column][vc_column width=&#8221;1\/3&#8243; css=&#8221;.vc_custom_1551298963245{margin-bottom: 20px !important;}&#8221;][vc_raw_html]JTNDZGl2JTIwc3R5bGUlM0QlMjJkaXNwbGF5JTNBYmxvY2slM0IlMjB3aWR0aCUzQTE4MHB4JTNCJTIwbWFyZ2luJTNBJTIwMCUyMGF1dG8lM0IlMjB0ZXh0LWFsaWduJTNBJTIwY2VudGVyJTNCJTIyJTNFJTNDYSUyMGNsYXNzJTNEJTIyZWNvbW1lcmNlLWdyYWRpZW50LWJ1dHRvbiUyMiUyMGhyZWYlM0QlMjJtYWlsdG8lM0FzdXBwb3J0JTQwZmxhZ3NoaXBjb21wYW55LmNvbSUyMiUzRU5PVVMlMjBKT0lORFJFJTNDJTJGYSUzRSUwQQ==[\/vc_raw_html][\/vc_column][vc_column width=&#8221;1\/3&#8243; css=&#8221;.vc_custom_1551298973046{margin-bottom: 20px !important;}&#8221;][\/vc_column][\/vc_row]<\/p>\n<\/div>","protected":false},"excerpt":{"rendered":"<p>[vc_row full_width=&#8221;stretch_row&#8221; css=&#8221;.vc_custom_1554919853815{padding-top: 50px !important;background-image: url(https:\/\/www.flagshipcompany.com\/app\/uploads\/2019\/04\/Magento-bg.png?id=7306) !important;background-position: center !important;background-repeat: no-repeat !important;background-size: cover !important;}&#8221;][vc_column][vc_row_inner css=&#8221;.vc_custom_1554917761580{padding-top: 100px !important;padding-bottom: 50px !important;padding-left: 10px !important;}&#8221;][vc_column_inner][vc_raw_html]JTNDZGl2JTIwY2xhc3MlM0QlMjJoZWFkZXItY2VudGVyLXRleHQtYWJzb2x1dGUyJTIyJTIwc3R5bGUlM0QlMjJtYXJnaW4tbGVmdCUzQSUyMDBweCUzQiUyMHBhZGRpbmctbGVmdCUzQTBweCUzQiUyMiUzRSUwQSUzQ2gxJTIwc3R5bGUlM0QlMjJtYXJnaW4tbGVmdCUzQSUyMDBweCUzQiUyMHBhZGRpbmctbGVmdCUzQTBweCUzQiUyMiUzRSUzQ2ZvbnQlMjBjbGFzcyUzRCUyMmxhdG8tbm9ybWFsJTIyJTNFTW9kdWxlJTNDJTJGZm9udCUzRSUyME1hZ2VudG8lM0MlMkZoMSUzRSUzQyUyRmRpdiUzRSUwQQ==[\/vc_raw_html][\/vc_column_inner][\/vc_row_inner][vc_row_inner css=&#8221;.vc_custom_1554917059326{padding-bottom: 100px !important;background-position: center !important;background-repeat: no-repeat !important;background-size: cover !important;}&#8221;][vc_column_inner width=&#8221;2\/3&#8243;][vc_column_text] Connectez votre boutique&#8230;<\/p>\n","protected":false},"author":5,"featured_media":0,"parent":0,"menu_order":0,"comment_status":"closed","ping_status":"closed","template":"","meta":{"footnotes":""},"class_list":["post-7399","page","type-page","status-publish","hentry"],"_links":{"self":[{"href":"https:\/\/www.flagshipcompany.com\/fr\/wp-json\/wp\/v2\/pages\/7399","targetHints":{"allow":["GET"]}}],"collection":[{"href":"https:\/\/www.flagshipcompany.com\/fr\/wp-json\/wp\/v2\/pages"}],"about":[{"href":"https:\/\/www.flagshipcompany.com\/fr\/wp-json\/wp\/v2\/types\/page"}],"author":[{"embeddable":true,"href":"https:\/\/www.flagshipcompany.com\/fr\/wp-json\/wp\/v2\/users\/5"}],"replies":[{"embeddable":true,"href":"https:\/\/www.flagshipcompany.com\/fr\/wp-json\/wp\/v2\/comments?post=7399"}],"version-history":[{"count":36,"href":"https:\/\/www.flagshipcompany.com\/fr\/wp-json\/wp\/v2\/pages\/7399\/revisions"}],"predecessor-version":[{"id":16867,"href":"https:\/\/www.flagshipcompany.com\/fr\/wp-json\/wp\/v2\/pages\/7399\/revisions\/16867"}],"wp:attachment":[{"href":"https:\/\/www.flagshipcompany.com\/fr\/wp-json\/wp\/v2\/media?parent=7399"}],"curies":[{"name":"wp","href":"https:\/\/api.w.org\/{rel}","templated":true}]}}