{"id":7785,"date":"2019-06-25T18:51:22","date_gmt":"2019-06-25T18:51:22","guid":{"rendered":"https:\/\/www.flagshipcompany.com\/?page_id=7785"},"modified":"2025-01-13T13:21:29","modified_gmt":"2025-01-13T18:21:29","slug":"programme-partenaire","status":"publish","type":"page","link":"https:\/\/www.flagshipcompany.com\/fr\/programme-partenaire\/","title":{"rendered":"Programme partenaire"},"content":{"rendered":"<div class=\"wpb-content-wrapper\"><p>[vc_row full_width=&#8221;stretch_row_content_no_spaces&#8221; css=&#8221;.vc_custom_1560801727225{margin-bottom: 50px !important;}&#8221;][vc_column][vc_single_image image=&#8221;7660&#8243; img_size=&#8221;full&#8221; alignment=&#8221;center&#8221;][\/vc_column][\/vc_row][vc_row][vc_column][vc_column_text]<\/p>\n<div class=\"partner-program-title-lightblue\">Augmentez la valeur de vos adh\u00e9sions avec<\/div>\n<div class=\"partner-program-title-boldgreen\">Des solutions d\u2019exp\u00e9dition \u00e0 rabais simples, rapides et abordables<\/div>\n<p>[\/vc_column_text][vc_column_text css=&#8221;.vc_custom_1561489531706{padding-right: 10% !important;padding-left: 10% !important;}&#8221;]<\/p>\n<p class=\"p1\" style=\"text-align: center;\"><span class=\"s1\">Votre association peut maintenant offrir un nouvel incitatif important \u00e0 ses membres existants et potentiels : une solution d\u2019exp\u00e9dition simple et rentable qui r\u00e9pond aux besoins sp\u00e9cifiques d\u2019une vaste gamme d\u2019entreprises.<\/span><\/p>\n<p>[\/vc_column_text][\/vc_column][\/vc_row][vc_row full_width=&#8221;stretch_row&#8221; equal_height=&#8221;yes&#8221; el_class=&#8221;.oossv2-r1&#8243; css=&#8221;.vc_custom_1560802607015{margin-top: 50px !important;margin-bottom: 0px !important;padding-top: 60px !important;padding-bottom: 20px !important;background-color: #f6f7f9 !important;}&#8221;][vc_column][vc_column_text css=&#8221;.vc_custom_1561489474778{padding-right: 10% !important;padding-left: 10% !important;}&#8221;]<\/p>\n<div class=\"oossv2-r1-title\"><b>Attirez de nouveaux membres et encouragez les renouvellements avec ces avantages commerciaux :<\/b><\/div>\n<p>[\/vc_column_text][\/vc_column][\/vc_row][vc_row full_width=&#8221;stretch_row&#8221; el_class=&#8221;.oossv2-r1&#8243; css=&#8221;.vc_custom_1560802599475{margin-top: 0px !important;padding-top: 40px !important;background-color: #f6f7f9 !important;}&#8221;][vc_column width=&#8221;1\/12&#8243;][\/vc_column][vc_column width=&#8221;1\/6&#8243; css=&#8221;.vc_custom_1560802577274{padding-bottom: 60px !important;}&#8221;][vc_single_image image=&#8221;16417&#8243; img_size=&#8221;full&#8221; alignment=&#8221;center&#8221;][vc_column_text]<\/p>\n<p class=\"p1\" style=\"text-align: center;\"><span class=\"s1\">Comparez et s\u00e9lectionnez Les tarifs r\u00e9duits d\u2019entreprises d\u2019exp\u00e9dition r\u00e9put\u00e9es<\/span><\/p>\n<p>[\/vc_column_text][\/vc_column][vc_column width=&#8221;1\/6&#8243; css=&#8221;.vc_custom_1560802525500{padding-bottom: 60px !important;}&#8221;][vc_single_image image=&#8221;12374&#8243; img_size=&#8221;full&#8221; alignment=&#8221;center&#8221;][vc_column_text]<\/p>\n<p class=\"p1\" style=\"text-align: center;\"><span class=\"s1\">\u00c9conomisez jusqu&#8217;\u00e0 70% sur les frais d&#8217;exp\u00e9ditions de toutes tailles<\/span><\/p>\n<p>[\/vc_column_text][\/vc_column][vc_column width=&#8221;1\/6&#8243; css=&#8221;.vc_custom_1560802538004{padding-bottom: 60px !important;}&#8221;][vc_single_image image=&#8221;7699&#8243; img_size=&#8221;full&#8221; alignment=&#8221;center&#8221;][vc_column_text]<\/p>\n<p class=\"p1\" style=\"text-align: center;\"><span class=\"s1\">D\u2019excellents tarifs et services d\u2019exp\u00e9dition n\u2019importe o\u00f9 dans le monde<\/span><\/p>\n<p>[\/vc_column_text][\/vc_column][vc_column width=&#8221;1\/6&#8243; css=&#8221;.vc_custom_1560802543219{padding-bottom: 60px !important;}&#8221;][vc_single_image image=&#8221;7702&#8243; img_size=&#8221;full&#8221; alignment=&#8221;center&#8221;][vc_column_text]<\/p>\n<p class=\"p1\" style=\"text-align: center;\"><span class=\"s1\">Facile \u00e0 utiliser \u2013 inscrivez-vous pour un compte en ligne gratuit et commencez!<\/span><\/p>\n<p>[\/vc_column_text][\/vc_column][vc_column width=&#8221;1\/6&#8243; css=&#8221;.vc_custom_1560802547852{padding-bottom: 60px !important;}&#8221;][vc_single_image image=&#8221;7705&#8243; img_size=&#8221;full&#8221; alignment=&#8221;center&#8221;][vc_column_text]<\/p>\n<p class=\"p1\" style=\"text-align: center;\"><span class=\"s1\">Suivi automatique et aucuns frais de ramassage<\/span><\/p>\n<p>[\/vc_column_text][\/vc_column][vc_column width=&#8221;1\/12&#8243;][\/vc_column][\/vc_row][vc_row full_width=&#8221;stretch_row&#8221; el_class=&#8221;.dsp-r3&#8243; css=&#8221;.vc_custom_1560800519301{background-color: #00aae3 !important;}&#8221;][vc_column][vc_column_text]<\/p>\n<div class=\"dsp-r3-title\"><b>Comment fonctionne notre programme de partenariat r\u00e9put\u00e9<\/b><\/div>\n<div class=\"dsp-r3-sub-title\">Nous voulons rendre le processus de partenariat le plus simple possible pour vous. FlagShip s\u2019occupe de tout avec un niveau de service personnalis\u00e9 de qualit\u00e9, incluant :<\/div>\n<p>[\/vc_column_text][\/vc_column][\/vc_row][vc_row full_width=&#8221;stretch_row&#8221; css=&#8221;.vc_custom_1560802366239{margin-bottom: 0px !important;padding-bottom: 0px !important;background-color: #00aae3 !important;}&#8221;][vc_column width=&#8221;1\/4&#8243; el_class=&#8221;.dsp-r5-c1&#8243; css=&#8221;.vc_custom_1560802167587{padding-top: 15px !important;padding-right: 20% !important;padding-bottom: 15px !important;padding-left: 20% !important;}&#8221;][vc_column_text]<\/p>\n<div class=\"dsp-num-item\" style=\"text-align: center; margin-left: auto; margin-right: auto;\">1<\/div>\n<p style=\"text-align: center;\">Configurer des pages d\u2019accueil personnalis\u00e9es pour l\u2019inscription des membres<\/p>\n<p>[\/vc_column_text][\/vc_column][vc_column width=&#8221;1\/4&#8243; el_class=&#8221;.dsp-r5-c1&#8243; css=&#8221;.vc_custom_1560802287831{padding-top: 15px !important;padding-right: 20% !important;padding-bottom: 15px !important;padding-left: 20% !important;}&#8221;][vc_column_text]<\/p>\n<div class=\"dsp-num-item\" style=\"text-align: center; margin-left: auto; margin-right: auto;\">2<\/div>\n<p style=\"text-align: center;\">G\u00e9rer le syst\u00e8me d\u2019exp\u00e9dition en ligne<\/p>\n<p>[\/vc_column_text][\/vc_column][vc_column width=&#8221;1\/4&#8243; el_class=&#8221;.dsp-r5-c1&#8243; css=&#8221;.vc_custom_1560802293999{padding-top: 15px !important;padding-right: 20% !important;padding-bottom: 15px !important;padding-left: 20% !important;}&#8221;][vc_column_text]<\/p>\n<div class=\"dsp-num-item\" style=\"text-align: center; margin-left: auto; margin-right: auto;\">3<\/div>\n<p style=\"text-align: center;\">Service client directement de FlagShip pour toutes questions reli\u00e9es \u00e0 l\u2019exp\u00e9dition<\/p>\n<p>[\/vc_column_text][\/vc_column][vc_column width=&#8221;1\/4&#8243; el_class=&#8221;.dsp-r5-c1&#8243; css=&#8221;.vc_custom_1561494037121{padding-top: 15px !important;padding-right: 20% !important;padding-bottom: 15px !important;padding-left: 20% !important;}&#8221;][vc_column_text]<\/p>\n<div class=\"dsp-num-item\" style=\"text-align: center; margin-left: auto; margin-right: auto;\">4<\/div>\n<p style=\"text-align: center;\">Une trousse \u00e0 outils marketing facile \u00e0 utiliser pour promouvoir l\u2019offre d\u2019exp\u00e9dition \u00e0 rabais aux membres<\/p>\n<p>[\/vc_column_text][\/vc_column][\/vc_row][vc_row full_width=&#8221;stretch_row&#8221; css=&#8221;.vc_custom_1560802323518{margin-top: 0px !important;padding-bottom: 40px !important;background-color: #00aae3 !important;}&#8221;][vc_column width=&#8221;1\/3&#8243; el_class=&#8221;.dsp-r5-c1&#8243; css=&#8221;.vc_custom_1560802185132{padding-top: 15px !important;padding-right: 20% !important;padding-bottom: 15px !important;padding-left: 20% !important;}&#8221;][vc_column_text]<\/p>\n<div class=\"dsp-num-item\" style=\"text-align: center; margin-left: auto; margin-right: auto;\">5<\/div>\n<p style=\"text-align: center;\">Un rapport mensuel des inscriptions de vos membres<\/p>\n<p>[\/vc_column_text][\/vc_column][vc_column width=&#8221;1\/3&#8243; el_class=&#8221;.dsp-r5-c1&#8243; css=&#8221;.vc_custom_1560802275215{padding-top: 15px !important;padding-right: 20% !important;padding-bottom: 15px !important;padding-left: 20% !important;}&#8221;][vc_column_text]<\/p>\n<div class=\"dsp-num-item\" style=\"text-align: center; margin-left: auto; margin-right: auto;\">6<\/div>\n<p style=\"text-align: center;\">Un rapport de commission trimestriel pour votre association<\/p>\n<p>[\/vc_column_text][\/vc_column][vc_column width=&#8221;1\/3&#8243; el_class=&#8221;.dsp-r5-c1&#8243; css=&#8221;.vc_custom_1560802282954{padding-top: 15px !important;padding-right: 20% !important;padding-bottom: 15px !important;padding-left: 20% !important;}&#8221;][vc_column_text]<\/p>\n<div class=\"dsp-num-item\" style=\"text-align: center; margin-left: auto; margin-right: auto;\">7<\/div>\n<p style=\"text-align: center;\">Une communication claire et continue<\/p>\n<p>[\/vc_column_text][\/vc_column][\/vc_row][vc_row full_width=&#8221;stretch_row&#8221; css=&#8221;.vc_custom_1560801946642{padding-top: 40px !important;padding-bottom: 60px !important;background-color: #b2c750 !important;}&#8221;][vc_column][vc_column_text css=&#8221;.vc_custom_1560801832591{margin-bottom: 20px !important;padding-bottom: 0px !important;}&#8221;]<\/p>\n<div class=\"dsp-r3-title\" style=\"font-size: 56px; text-align: center;\">+<\/div>\n<p>[\/vc_column_text][vc_column_text css=&#8221;.vc_custom_1561493103758{margin-top: 0px !important;padding-top: 0px !important;}&#8221;]<\/p>\n<div class=\"dsp-r3-sub-title\" style=\"text-align: center; font-weight: 900;\">Tout le travail administratif est g\u00e9r\u00e9 sans frais suppl\u00e9mentaires ou co\u00fbts cach\u00e9s. Les commissions pay\u00e9es sur les envois des membres retournent \u00e0 votre association pour vous aider \u00e0 d\u00e9velopper et \u00e0 op\u00e9rer davantage de programmes de soutien pour votre base de membres.<\/div>\n<p>[\/vc_column_text][\/vc_column][\/vc_row][vc_row full_width=&#8221;stretch_row&#8221; css=&#8221;.vc_custom_1560803294957{padding-top: 60px !important;padding-bottom: 60px !important;}&#8221;][vc_column width=&#8221;1\/6&#8243;][\/vc_column][vc_column width=&#8221;2\/3&#8243;][vc_column_text]<\/p>\n<div class=\"oossv2-r1-title\" style=\"text-align: center; margin-bottom: 10px; margin-top: 0px;\"><b>AIMERIEZ-VOUS DISCUTER D\u2019UN PARTENARIAT?<\/b><\/div>\n<p style=\"text-align: center;\">FlagShip, nous avons une approche personnalis\u00e9e en tout temps. Nous vous aiderons \u00e0 chaque \u00e9tape pour la mise en place r\u00e9ussie de votre programme. Contactez-nous pour commencer la discussion :<\/p>\n<table style=\"height: 29px; width: 100%; border-style: none;\">\n<tbody>\n<tr>\n<td style=\"width: 20%; border-style: none;\"><\/td>\n<td style=\"width: 390.640625px; border-style: none;\"><div class=\"wpforms-container wpforms-container-full\" id=\"wpforms-13393\"><form id=\"wpforms-form-13393\" class=\"wpforms-validate wpforms-form\" data-formid=\"13393\" method=\"post\" enctype=\"multipart\/form-data\" action=\"\/fr\/wp-json\/wp\/v2\/pages\/7785\" data-token=\"8de4f3c012a184d90751c5c0e5006b3a\" data-token-time=\"1776061973\"><noscript class=\"wpforms-error-noscript\">Please enable JavaScript in your browser to complete this form.<\/noscript><div class=\"wpforms-field-container\"><div id=\"wpforms-13393-field_0-container\" class=\"wpforms-field wpforms-field-name\" data-field-id=\"0\"><label class=\"wpforms-field-label\" for=\"wpforms-13393-field_0\">Nom <span class=\"wpforms-required-label\">*<\/span><\/label><input type=\"text\" id=\"wpforms-13393-field_0\" class=\"wpforms-field-medium wpforms-field-required\" name=\"wpforms[fields][0]\" required><\/div><div id=\"wpforms-13393-field_1-container\" class=\"wpforms-field wpforms-field-email\" data-field-id=\"1\"><label class=\"wpforms-field-label\" for=\"wpforms-13393-field_1\">Courriel <span class=\"wpforms-required-label\">*<\/span><\/label><input type=\"email\" id=\"wpforms-13393-field_1\" class=\"wpforms-field-medium wpforms-field-required\" name=\"wpforms[fields][1]\" spellcheck=\"false\" required><\/div><div id=\"wpforms-13393-field_2-container\" class=\"wpforms-field wpforms-field-textarea\" data-field-id=\"2\"><label class=\"wpforms-field-label\" for=\"wpforms-13393-field_2\">Message <span class=\"wpforms-required-label\">*<\/span><\/label><textarea id=\"wpforms-13393-field_2\" class=\"wpforms-field-medium wpforms-field-required\" name=\"wpforms[fields][2]\" required><\/textarea><\/div><\/div><!-- .wpforms-field-container --><div class=\"wpforms-submit-container\" ><input type=\"hidden\" name=\"wpforms[id]\" value=\"13393\"><input type=\"hidden\" name=\"page_title\" value=\"\"><input type=\"hidden\" name=\"page_url\" value=\"https:\/\/www.flagshipcompany.com\/fr\/wp-json\/wp\/v2\/pages\/7785\"><button type=\"submit\" name=\"wpforms[submit]\" id=\"wpforms-submit-13393\" class=\"wpforms-submit\" data-alt-text=\"Envoi...\" data-submit-text=\"Envoyer\" aria-live=\"assertive\" value=\"wpforms-submit\">Envoyer<\/button><\/div><\/form><\/div>  <!-- .wpforms-container --><\/td>\n<td style=\"width: 20%; border-style: none;\"><\/td>\n<\/tr>\n<\/tbody>\n<\/table>\n<p style=\"text-align: center; font-size: 110%; font-weight: 900; color: #00aae3; margin-bottom: 0px;\">Daniel Rondeau<\/p>\n<p style=\"text-align: center; margin-top: 0px; margin-bottom: 0px;\">Directeur, Comptes nationaux<\/p>\n<p style=\"text-align: center; margin-top: 0px;\"><a style=\"color: #00aae3;\" href=\"mailto:daniel@flagshipcompany.com;\">daniel@flagshipcompany.com<\/a> | <span style=\"color: #00aae3;\">1.866.320.8383 ext. 252<\/span><\/p>\n<p>[\/vc_column_text][\/vc_column][vc_column width=&#8221;1\/6&#8243;][\/vc_column][\/vc_row]<\/p>\n<\/div>","protected":false},"excerpt":{"rendered":"<p>[vc_row full_width=&#8221;stretch_row_content_no_spaces&#8221; css=&#8221;.vc_custom_1560801727225{margin-bottom: 50px !important;}&#8221;][vc_column][vc_single_image image=&#8221;7660&#8243; img_size=&#8221;full&#8221; alignment=&#8221;center&#8221;][\/vc_column][\/vc_row][vc_row][vc_column][vc_column_text] Augmentez la valeur de vos adh\u00e9sions avec Des solutions d\u2019exp\u00e9dition \u00e0 rabais simples, rapides et abordables [\/vc_column_text][vc_column_text css=&#8221;.vc_custom_1561489531706{padding-right: 10% !important;padding-left: 10% !important;}&#8221;] Votre association peut&#8230;<\/p>\n","protected":false},"author":5,"featured_media":0,"parent":0,"menu_order":0,"comment_status":"closed","ping_status":"closed","template":"","meta":{"footnotes":""},"class_list":["post-7785","page","type-page","status-publish","hentry"],"_links":{"self":[{"href":"https:\/\/www.flagshipcompany.com\/fr\/wp-json\/wp\/v2\/pages\/7785","targetHints":{"allow":["GET"]}}],"collection":[{"href":"https:\/\/www.flagshipcompany.com\/fr\/wp-json\/wp\/v2\/pages"}],"about":[{"href":"https:\/\/www.flagshipcompany.com\/fr\/wp-json\/wp\/v2\/types\/page"}],"author":[{"embeddable":true,"href":"https:\/\/www.flagshipcompany.com\/fr\/wp-json\/wp\/v2\/users\/5"}],"replies":[{"embeddable":true,"href":"https:\/\/www.flagshipcompany.com\/fr\/wp-json\/wp\/v2\/comments?post=7785"}],"version-history":[{"count":18,"href":"https:\/\/www.flagshipcompany.com\/fr\/wp-json\/wp\/v2\/pages\/7785\/revisions"}],"predecessor-version":[{"id":16419,"href":"https:\/\/www.flagshipcompany.com\/fr\/wp-json\/wp\/v2\/pages\/7785\/revisions\/16419"}],"wp:attachment":[{"href":"https:\/\/www.flagshipcompany.com\/fr\/wp-json\/wp\/v2\/media?parent=7785"}],"curies":[{"name":"wp","href":"https:\/\/api.w.org\/{rel}","templated":true}]}}