{"id":8832,"date":"2019-11-01T18:06:18","date_gmt":"2019-11-01T18:06:18","guid":{"rendered":"https:\/\/www.flagshipcompany.com\/prestashop-shipping-module\/"},"modified":"2026-02-23T10:06:12","modified_gmt":"2026-02-23T15:06:12","slug":"application-prestashop","status":"publish","type":"page","link":"https:\/\/www.flagshipcompany.com\/fr\/application-prestashop\/","title":{"rendered":"Application PrestaShop"},"content":{"rendered":"<div class=\"wpb-content-wrapper\"><p>[vc_row full_width=&#8221;stretch_row&#8221; css=&#8221;.vc_custom_1572631722018{background-image: url(https:\/\/www.flagshipcompany.com\/app\/uploads\/2019\/11\/prestashop-header-bg.png?id=8698) !important;background-position: center !important;background-repeat: no-repeat !important;background-size: cover !important;}&#8221;][vc_column][vc_row_inner css=&#8221;.vc_custom_1553273181268{padding-top: 100px !important;padding-bottom: 100px !important;background-position: center !important;background-repeat: no-repeat !important;background-size: cover !important;}&#8221;][vc_column_inner width=&#8221;2\/3&#8243;][vc_raw_html]JTNDZGl2JTIwY2xhc3MlM0QlMjJoZWFkZXItYm94LXJlbGF0aXZlJTIyJTIwc3R5bGUlM0QlMjJtYXJnaW4tbGVmdCUzQSUyMDBweCUzQiUyMHBhZGRpbmctbGVmdCUzQTBweCUzQiUyMiUzRSUwQSUzQ2RpdiUyMGNsYXNzJTNEJTIyaGVhZGVyLWNlbnRlci10ZXh0LWFic29sdXRlMiUyMiUyMHN0eWxlJTNEJTIybWFyZ2luLWxlZnQlM0ElMjAwcHglM0IlMjBwYWRkaW5nLWxlZnQlM0EwcHglM0IlMjIlM0UlMEElM0NkaXYlMjBjbGFzcyUzRCUyMmhlYWRlci1jZW50ZXItdGV4dC1hYnNvbHV0ZTItaW5uZXIlMjIlMjBzdHlsZSUzRCUyMm1hcmdpbi1sZWZ0JTNBJTIwMHB4JTNCJTIwcGFkZGluZy1sZWZ0JTNBMHB4JTNCJTIyJTNFJTBBJTNDaDElMjBzdHlsZSUzRCUyMm1hcmdpbi1sZWZ0JTNBJTIwMHB4JTNCJTIwcGFkZGluZy1sZWZ0JTNBMHB4JTNCJTIwZm9udC1zaXplJTNBJTIwOTAlMjUlMjIlM0UlM0Nmb250JTIwY2xhc3MlM0QlMjJsYXRvLW5vcm1hbCUyMiUzRUFwcGxpY2F0aW9uJTNDJTJGZm9udCUzRSUyMFByZXN0YVNob3AlM0MlMkZoMSUzRSUzQyUyRmRpdiUzRSUwQSUzQyUyRmRpdiUzRSUwQSUzQyUyRmRpdiUzRQ==[\/vc_raw_html][vc_empty_space height=&#8221;20px&#8221;][vc_column_text]<\/p>\n<p style=\"color: #ffffff;\">Connectez votre boutique en ligne PrestaShop directement au syst\u00e8me d\u2019exp\u00e9dition en ligne de FlagShip avec l\u2019application de FlagShip. Installez-la <span style=\"font-weight: 900; color: #ffffff;\">GRATUITEMENT<\/span> d\u00e8s aujourd\u2019hui et acc\u00e9dez \u00e0 des tarifs r\u00e9duits sur les services de transport d\u2019importantes entreprises d\u2019exp\u00e9dition telles que Purolator, UPS, FedEx, DHL, Canpar et GLS. L\u2019application PrestaShop de FlagShip vous permet d\u2019obtenir des prix pr\u00e9cis, de t\u00e9l\u00e9verser des donn\u00e9es d\u2019exp\u00e9dition automatiquement \u00e0 partir de votre boutique en ligne, de traiter des envois instantan\u00e9ment, d\u2019imprimer des \u00e9tiquettes, de g\u00e9rer les ramassages et plus encore!<\/p>\n<p>[\/vc_column_text][vc_raw_html css=&#8221;&#8221;]JTNDcCUyMHN0eWxlJTNEJTIyY29sb3IlM0ElMjAlMjNmZmZmZmYlM0IlMjIlM0UlMEQlMEElMjAlMjAlM0NhJTIwaHJlZiUzRCUyMmh0dHBzJTNBJTJGJTJGd3d3LmZsYWdzaGlwY29tcGFueS5jb20lMkZmciUyRmluc2NyaXZlei12b3VzJTJGJTIyJTIwc3R5bGUlM0QlMjJ0ZXh0LWRlY29yYXRpb24lM0F1bmRlcmxpbmUlM0Jjb2xvciUzQSUyMCUyM2ZmZmZmZiUzQiUyMiUzRSUwRCUwQSUyMCUyMCUyMCUyMENyJUMzJUE5ZXolMjB2b3RyZSUyMGNvbXB0ZSUyMEZsYWdTaGlwJTIwZ3JhdHVpdCUwRCUwQSUyMCUyMCUzQyUyRmElM0UlMEQlMEElMjAlMjBwdWlzJTIwaW5zdGFsbGV6JTIwbGUlMjBtb2R1bGUlMjBQcmVzdGFTaG9wJTIwcG91ciUyMGNvbm5lY3RlciUyMHZvdHJlJTIwYm91dGlxdWUlMjBlbiUyMGxpZ25lJTIwJTNBJTBEJTBBJTNDJTJGcCUzRSUwRCUwQSUwRCUwQSUzQ3AlMjBzdHlsZSUzRCUyMmNvbG9yJTNBJTIwJTIzZmZmZmZmJTNCJTIwZm9udC1zaXplJTNBJTIwMTRweCUzQiUyMG1hcmdpbi10b3AlM0ElMjA1cHglM0IlMjBvcGFjaXR5JTNBJTIwMC45JTNCJTIyJTNFJTBEJTBBJTIwJTIwQ29tcGF0aWJsZSUyMGF2ZWMlM0ElMjBQcmVzdGFTaG9wJTIwMS43LnglMjBldCUyMDgueCUwRCUwQSUzQyUyRnAlM0UlMEQlMEElMEQlMEElM0NhJTIwY2xhc3MlM0QlMjJjdGEtYnV0dG9uLXBpbmslMjIlMjBocmVmJTNEJTIyaHR0cHMlM0ElMkYlMkZnaXRodWIuY29tJTJGZmxhZ3NoaXBjb21wYW55JTJGZmxhZ3NoaXAtZm9yLXByZXN0YXNob3AlMjIlMjB0YXJnZXQlM0QlMjJfYmxhbmslMjIlM0UlMEQlMEElMjAlMjAlM0NzcGFuJTIwY2xhc3MlM0QlMjJjdGEtYnV0dG9uLWljb24lMjIlM0UlMEQlMEElMjAlMjAlMjAlMjAlM0NpJTIwY2xhc3MlM0QlMjJmYXIlMjBmYS1wbHVzLXNxdWFyZSUyMiUyMGFyaWEtaGlkZGVuJTNEJTIydHJ1ZSUyMiUzRSUzQyUyRmklM0UlMEQlMEElMjAlMjAlM0MlMkZzcGFuJTNFJTBEJTBBJTIwJTIwJTNDc3BhbiUyMGNsYXNzJTNEJTIyY3RhLWJ1dHRvbi10ZXh0JTIyJTNFSU5TVEFMTEVSJTIwTEUlMjBNT0RVTEUlMjBQUkVTVEFTSE9QJTNDJTJGc3BhbiUzRSUwRCUwQSUzQyUyRmElM0U=[\/vc_raw_html][\/vc_column_inner][vc_column_inner width=&#8221;1\/3&#8243;][vc_single_image image=&#8221;8701&#8243; img_size=&#8221;&#8221; css=&#8221;.vc_custom_1572631799994{margin-top: 60px !important;}&#8221;][\/vc_column_inner][\/vc_row_inner][\/vc_column][\/vc_row][vc_row el_class=&#8221;.eip-r1&#8243;][vc_column el_class=&#8221;.eip-r1-c1&#8243;][vc_single_image image=&#8221;13635&#8243; img_size=&#8221;full&#8221; alignment=&#8221;center&#8221;][vc_separator][vc_row_inner css=&#8221;.vc_custom_1578967109975{margin-top: 30px !important;margin-bottom: 30px !important;}&#8221;][vc_column_inner width=&#8221;1\/4&#8243;][\/vc_column_inner][vc_column_inner width=&#8221;1\/2&#8243;][vc_video link=&#8221;https:\/\/youtu.be\/Jfd7CH2Qe9I&#8221; el_width=&#8221;10&#8243;][\/vc_column_inner][vc_column_inner width=&#8221;1\/4&#8243;][\/vc_column_inner][\/vc_row_inner][vc_column_text]<\/p>\n<div class=\"ecommerce-title\">Voici comment d\u00e9buter :<\/div>\n<p>[\/vc_column_text][\/vc_column][\/vc_row][vc_row css=&#8221;.vc_custom_1551298810239{padding-bottom: 40px !important;}&#8221;][vc_column width=&#8221;1\/3&#8243; css=&#8221;.vc_custom_1551298956341{margin-bottom: 20px !important;}&#8221;][vc_single_image image=&#8221;8708&#8243; img_size=&#8221;&#8221; alignment=&#8221;center&#8221; css=&#8221;.vc_custom_1572632377538{margin-bottom: 10px !important;}&#8221;][vc_column_text css=&#8221;&#8221;]<\/p>\n<div class=\"ecommerce-subtitle-blue\">\u00c9tape 1 :<\/div>\n<div class=\"ecommerce-subtitle-pink\">INSTALLATION<br \/>\nFACILE<\/div>\n<p style=\"text-align: center;\">Si vous n\u2019avez pas encore de compte FlagShip, <a href=\"\/?page_id=2149\">cr\u00e9ez-en un maintenant GRATUITEMENT<\/a>. T\u00e9l\u00e9chargez et <a href=\"https:\/\/github.com\/flagshipcompany\/flagship-for-prestashop\" target=\"_blank\" rel=\"noopener noreferrer nofollow\">installez l\u2019application de FlagShip<\/a> dans votre tableau de bord PrestaShop en quelques clics. Connectez-la \u00e0 votre compte FlagShip pour commencer \u00e0 recevoir des commandes.<\/p>\n<p style=\"text-align: center; margin-top: 10px;\"><strong>Compatibilit\u00e9 du module :<\/strong> PrestaShop 1.7.x et 8.x.<\/p>\n<p>[\/vc_column_text][\/vc_column][vc_column width=&#8221;1\/3&#8243; css=&#8221;.vc_custom_1551298963245{margin-bottom: 20px !important;}&#8221;][vc_single_image image=&#8221;8710&#8243; img_size=&#8221;&#8221; alignment=&#8221;center&#8221; css=&#8221;.vc_custom_1572632404691{margin-bottom: 10px !important;}&#8221;][vc_column_text]<\/p>\n<div class=\"ecommerce-subtitle-blue\">\u00c9tape 2 :<\/div>\n<div class=\"ecommerce-subtitle-pink\">CONFIGUREZ VOS OPTIONS D\u2019EXP\u00c9DITION<\/div>\n<p style=\"text-align: center;\">Choisissez les entreprises et services d\u2019exp\u00e9dition que vous voulez offrir. Vous pouvez relier votre boutique en ligne directement aux tarifs d\u2019exp\u00e9dition en temps r\u00e9el pour offrir des prix \u00e0 jour. N\u2019oubliez pas inclure vos propres frais d\u2019exp\u00e9dition dans vos co\u00fbts d\u2019exp\u00e9dition!<\/p>\n<p>[\/vc_column_text][\/vc_column][vc_column width=&#8221;1\/3&#8243; css=&#8221;.vc_custom_1551298973046{margin-bottom: 20px !important;}&#8221;][vc_single_image image=&#8221;8712&#8243; img_size=&#8221;&#8221; alignment=&#8221;center&#8221; css=&#8221;.vc_custom_1572632426395{margin-bottom: 10px !important;}&#8221;][vc_column_text]<\/p>\n<div class=\"ecommerce-subtitle-blue\">\u00c9tape 3 :<\/div>\n<div class=\"ecommerce-subtitle-pink\">TRAITEZ LES ENVOIS \u2013 INSTANTAN\u00c9MENT!<\/div>\n<p style=\"text-align: center;\">Lorsque vous avez d\u00e9fini vos param\u00e8tres d\u2019exp\u00e9dition, vous \u00eates pr\u00eat \u00e0 recevoir des commandes. Lorsqu\u2019une transaction est termin\u00e9e dans votre boutique PrestaShop, vous pouvez t\u00e9l\u00e9verser automatiquement toutes les donn\u00e9es vers le syst\u00e8me d\u2019exp\u00e9dition de FlagShip en un seul clic. Vous pouvez traiter les exp\u00e9ditions instantan\u00e9ment, imprimer des \u00e9tiquettes d\u2019exp\u00e9dition et g\u00e9rer les ramassages \u00e0 partir de votre tableau de bord d\u2019administrateur PrestaShop.<\/p>\n<p>[\/vc_column_text][\/vc_column][\/vc_row][vc_row el_class=&#8221;.eip-r1&#8243;][vc_column el_class=&#8221;.eip-r1-c1&#8243;][vc_separator color=&#8221;custom&#8221; accent_color=&#8221;#00a7e0&#8243;][vc_column_text css=&#8221;&#8221;]<\/p>\n<div class=\"ecommerce-title\">Commencez maintenant<\/div>\n<p style=\"text-align: center; margin-top: 10px;\"><a style=\"text-decoration: underline;\" href=\"https:\/\/www.flagshipcompany.com\/fr\/inscrivez-vous\/\">Cr\u00e9ez votre compte gratuit FlagShip<\/a> puis installez l\u2019application PrestaShop pour connecter avec votre boutique en ligne :<\/p>\n<p style=\"text-align: center; margin-top: 10px; font-size: 14px;\"><strong>Compatible avec :<\/strong> PrestaShop 1.7.x et 8.x.<\/p>\n<p>[\/vc_column_text][\/vc_column][\/vc_row][vc_row css=&#8221;.vc_custom_1551298810239{padding-bottom: 40px !important;}&#8221;][vc_column width=&#8221;1\/4&#8243; css=&#8221;.vc_custom_1551298956341{margin-bottom: 20px !important;}&#8221;][\/vc_column][vc_column width=&#8221;1\/2&#8243; css=&#8221;.vc_custom_1551298963245{margin-bottom: 20px !important;}&#8221;][vc_raw_html]JTIwJTNDZGl2JTIwc3R5bGUlM0QlMjJkaXNwbGF5JTNBYmxvY2slM0IlMjB3aWR0aCUzQTQxMHB4JTNCJTIwbWFyZ2luJTNBJTIwMCUyMGF1dG8lM0IlMjB0ZXh0LWFsaWduJTNBJTIwY2VudGVyJTNCJTIyJTNFJTNDYSUyMGNsYXNzJTNEJTIyY3RhLWJ1dHRvbi1waW5rJTIyJTIwaHJlZiUzRCUyMmh0dHBzJTNBJTJGJTJGZ2l0aHViLmNvbSUyRmZsYWdzaGlwY29tcGFueSUyRmZsYWdzaGlwLWZvci1wcmVzdGFzaG9wJTIyJTIwdGFyZ2V0JTNEJTIyX2JsYW5rJTIyJTNFJTBBJTIwJTIwJTNDc3BhbiUyMGNsYXNzJTNEJTIyY3RhLWJ1dHRvbi1pY29uJTIyJTNFJTNDaSUyMGNsYXNzJTNEJTIyZmFyJTIwZmEtcGx1cy1zcXVhcmUlMjIlMjBhcmlhLWhpZGRlbiUzRCUyMnRydWUlMjIlM0UlM0MlMkZpJTNFJTNDJTJGc3BhbiUzRSUwQSUyMCUyMCUzQ3NwYW4lMjBjbGFzcyUzRCUyMmN0YS1idXR0b24tdGV4dCUyMiUzRUlOU1RBTExFUiUyMEwlRTIlODAlOTlBUFBMSUNBVElPTiUyMFBSRVNUQVNIT1AlM0MlMkZzcGFuJTNFJTBBJTIwJTNDJTJGYSUzRSUwQSUzQyUyRmRpdiUzRQ==[\/vc_raw_html][\/vc_column][vc_column width=&#8221;1\/4&#8243; css=&#8221;.vc_custom_1551298973046{margin-bottom: 20px !important;}&#8221;][\/vc_column][\/vc_row][vc_row full_width=&#8221;stretch_row&#8221; css=&#8221;.vc_custom_1572633015455{padding-top: 50px !important;padding-bottom: 50px !important;background: #f6f7f9 url(https:\/\/www.flagshipcompany.com\/app\/uploads\/2019\/11\/prestashop-support-bg.png?id=8717) !important;background-position: center !important;background-repeat: no-repeat !important;background-size: cover !important;}&#8221; el_class=&#8221;.eip-r2&#8243;][vc_column width=&#8221;1\/3&#8243; css=&#8221;.vc_custom_1553520368699{margin-bottom: 20px !important;}&#8221;][vc_single_image image=&#8221;7011&#8243; img_size=&#8221;&#8221;][\/vc_column][vc_column width=&#8221;2\/3&#8243;][vc_column_text]<\/p>\n<div class=\"ecommerce-title\" style=\"color: #ffffff; text-align: left;\">C\u2019est facile d\u2019exp\u00e9dier lorsque vous avez un bon soutien<\/div>\n<p style=\"margin-top: 30px; color: #ffffff;\">Si l\u2019ajout d\u2019une excellente solution d\u2019exp\u00e9dition comme FlagShip \u00e0 votre boutique en ligne semble intimidant, ne vous inqui\u00e9tez pas, nous sommes l\u00e0 pour vous aider. Contactez notre soutien \u00e0 la client\u00e8le en direct au sujet de vos besoins d\u2019exp\u00e9dition, du d\u00e9but \u00e0 la fin : que vous ayez besoin d\u2019aide pour installer et configurer l\u2019application PrestaShop pour FlagShip, ou si vous avez des probl\u00e8mes de livraison li\u00e9s \u00e0 la commande d\u2019un client. Nous serons avec vous jusqu\u2019\u00e0 ce qu\u2019\u00e0 la solution. Le soutien fiable fait partie de notre engagement \u00e0 simplifier la livraison pour le commerce en ligne.<\/p>\n<p><span style=\"font-size: 110%; font-weight: 900; color: #ffffff;\">Appelez-nous au 1-866-320-8383 ou envoyez-nous un courriel \u00e0 <a style=\"color: #ffffff;\" href=\"mailto:support@flagshipcompany.com\">support@flagshipcompany.com<\/a><\/span>[\/vc_column_text][\/vc_column][\/vc_row][vc_row full_width=&#8221;stretch_row&#8221; css=&#8221;.vc_custom_1462695407433{background-color: #f6f7f9 !important;}&#8221; el_class=&#8221;.eip-r2&#8243;][vc_column el_class=&#8221;.eip-r2-c1 .lato-light&#8221;][vc_column_text]<\/p>\n<div class=\"ecommerce-title\">Am\u00e9liorez votre boutique PrestaShop avec ces services pour commerce en ligne<\/div>\n<p style=\"text-align: center; margin-top: 30px;\">Lorsque vous utilisez l\u2019application de FlagShip pour votre boutique PrestaShop, vous aurez \u00e9galement acc\u00e8s aux excellents services pour commerces \u00e9lectroniques de FlagShip :<\/p>\n<p>[\/vc_column_text][vc_row_inner equal_height=&#8221;yes&#8221; content_placement=&#8221;middle&#8221; gap=&#8221;20&#8243;][vc_column_inner width=&#8221;1\/2&#8243; css=&#8221;.vc_custom_1652957891346{margin-bottom: 15px !important;padding-top: 200px !important;padding-right: 20px !important;padding-bottom: 200px !important;padding-left: 20px !important;background-image: url(https:\/\/www.flagshipcompany.com\/app\/uploads\/2019\/03\/Discount-courier-bg.jpg?id=6922) !important;background-position: center !important;background-repeat: no-repeat !important;background-size: cover !important;}&#8221;][vc_column_text]<\/p>\n<div class=\"ecommerce-services-3-column\" style=\"font-weight: 900; font-size: 120%;\">Tarifs d\u2019exp\u00e9dition<br \/>\n\u00e0 rabais<\/div>\n<p>[\/vc_column_text][vc_empty_space height=&#8221;5px&#8221;][vc_column_text]<\/p>\n<div class=\"ecommerce-services-3-column\">Obtenez des tarifs r\u00e9duits qui peuvent faire \u00e9conomiser \u00e0 votre boutique en ligne en moyenne 40 % sur vos co\u00fbts d\u2019exp\u00e9dition au Canada, aux \u00c9tats-Unis et \u00e0 l\u2019international.<\/div>\n<p>[\/vc_column_text][\/vc_column_inner][vc_column_inner width=&#8221;1\/2&#8243; css=&#8221;.vc_custom_1652957898297{margin-bottom: 15px !important;padding-top: 200px !important;padding-right: 20px !important;padding-bottom: 200px !important;padding-left: 20px !important;background-image: url(https:\/\/www.flagshipcompany.com\/app\/uploads\/2019\/03\/packaging-optimizer-bg.jpg?id=6950) !important;background-position: center !important;background-repeat: no-repeat !important;background-size: cover !important;}&#8221;][vc_column_text]<\/p>\n<div class=\"ecommerce-services-3-column\" style=\"font-weight: 900; font-size: 120%;\">Calculateur de<br \/>\nl\u2019emballage optimal<\/div>\n<p>[\/vc_column_text][vc_empty_space height=&#8221;5px&#8221;][vc_column_text]<\/p>\n<div class=\"ecommerce-services-3-column\">Entrez les informations sur votre produit et choisissez automatiquement la meilleure taille de bo\u00eete pour obtenir une soumission d\u2019exp\u00e9dition pr\u00e9cise.<\/div>\n<p>[\/vc_column_text][\/vc_column_inner][\/vc_row_inner][\/vc_column][\/vc_row][vc_row el_class=&#8221;.eip-r1&#8243;][vc_column el_class=&#8221;.eip-r1-c1&#8243;][vc_column_text]<\/p>\n<div class=\"ecommerce-title\">Cinq raisons pour lesquelles l\u2019extension d\u2019exp\u00e9dition \u00e0 rabais de FlagShip est le bon choix pour votre boutique PrestaShop!<\/div>\n<p>[\/vc_column_text][\/vc_column][\/vc_row][vc_row css=&#8221;.vc_custom_1553478483335{padding-top: 50px !important;}&#8221;][vc_column width=&#8221;1\/3&#8243; css=&#8221;.vc_custom_1553520415171{margin-bottom: 20px !important;}&#8221;][vc_single_image image=&#8221;6972&#8243; img_size=&#8221;&#8221; alignment=&#8221;center&#8221;][vc_column_text]<\/p>\n<div class=\"ecommerce-subtitle-green\">1<\/div>\n<p style=\"text-align: center;\">Les tarifs d\u2019exp\u00e9dition r\u00e9duits instantan\u00e9s d\u2019entreprises d\u2019exp\u00e9dition de renom encouragent les d\u00e9cisions d\u2019achat.<\/p>\n<p>[\/vc_column_text][\/vc_column][vc_column width=&#8221;1\/3&#8243; css=&#8221;.vc_custom_1553520421821{margin-bottom: 20px !important;}&#8221;][vc_single_image image=&#8221;6974&#8243; img_size=&#8221;&#8221; alignment=&#8221;center&#8221;][vc_column_text]<\/p>\n<div class=\"ecommerce-subtitle-green\">2<\/div>\n<p style=\"text-align: center;\">Des tarifs d\u2019exp\u00e9dition fixes vous aident \u00e0 am\u00e9liorer votre contr\u00f4le des co\u00fbts.<\/p>\n<p>[\/vc_column_text][\/vc_column][vc_column width=&#8221;1\/3&#8243; css=&#8221;.vc_custom_1553520427764{margin-bottom: 20px !important;}&#8221;][vc_single_image image=&#8221;6976&#8243; img_size=&#8221;&#8221; alignment=&#8221;center&#8221;][vc_column_text]<\/p>\n<div class=\"ecommerce-subtitle-green\">3<\/div>\n<p style=\"text-align: center;\">Le t\u00e9l\u00e9versement automatique des donn\u00e9es de transaction vers le syst\u00e8me d\u2019exp\u00e9dition en ligne de FlagShip vous fait \u00e9conomiser du temps et vous simplifie la vie.<\/p>\n<p>[\/vc_column_text][\/vc_column][\/vc_row][vc_row css=&#8221;.vc_custom_1553478442343{padding-top: 40px !important;}&#8221;][vc_column width=&#8221;1\/2&#8243; css=&#8221;.vc_custom_1553520434989{margin-bottom: 20px !important;}&#8221;][vc_single_image image=&#8221;6978&#8243; img_size=&#8221;&#8221; alignment=&#8221;center&#8221;][vc_column_text]<\/p>\n<div class=\"ecommerce-subtitle-green\">4<\/div>\n<p style=\"text-align: center;\">Vous pouvez g\u00e9rer vos envois de n\u2019importe o\u00f9, au bureau ou sur la route.<\/p>\n<p>[\/vc_column_text][\/vc_column][vc_column width=&#8221;1\/2&#8243; css=&#8221;.vc_custom_1553520443342{margin-bottom: 20px !important;}&#8221;][vc_single_image image=&#8221;6980&#8243; img_size=&#8221;&#8221; alignment=&#8221;center&#8221;][vc_column_text]<\/p>\n<div class=\"ecommerce-subtitle-green\">5<\/div>\n<p style=\"text-align: center;\">Une exp\u00e9dition professionnelle et fiable rend vos clients heureux.<\/p>\n<p>[\/vc_column_text][\/vc_column][\/vc_row][vc_row el_class=&#8221;.eip-r1&#8243;][vc_column el_class=&#8221;.eip-r1-c1&#8243;][vc_separator color=&#8221;custom&#8221; accent_color=&#8221;#00a7e0&#8243;][vc_column_text]<\/p>\n<div class=\"ecommerce-title\">Obtenez l\u2019application PrestaShop de FlagShip d\u00e8s maintenant :<\/div>\n<p>[\/vc_column_text][\/vc_column][\/vc_row][vc_row][vc_column width=&#8221;1\/6&#8243; css=&#8221;.vc_custom_1551298956341{margin-bottom: 20px !important;}&#8221;][\/vc_column][vc_column width=&#8221;1\/12&#8243; css=&#8221;.vc_custom_1665665794314{margin-bottom: 0px !important;}&#8221;][vc_raw_html]JTIwJTNDZGl2JTIwc3R5bGUlM0QlMjJkaXNwbGF5JTNBYmxvY2slM0IlMjB3aWR0aCUzQTQxMHB4JTNCJTIwbWFyZ2luJTNBJTIwMCUyMGF1dG8lM0IlMjB0ZXh0LWFsaWduJTNBJTIwY2VudGVyJTNCJTIyJTNFJTNDYSUyMGNsYXNzJTNEJTIyY3RhLWJ1dHRvbi1waW5rJTIyJTIwaHJlZiUzRCUyMmh0dHBzJTNBJTJGJTJGZ2l0aHViLmNvbSUyRmZsYWdzaGlwY29tcGFueSUyRmZsYWdzaGlwLWZvci1wcmVzdGFzaG9wJTIyJTIwdGFyZ2V0JTNEJTIyX2JsYW5rJTIyJTNFJTBBJTIwJTIwJTNDc3BhbiUyMGNsYXNzJTNEJTIyY3RhLWJ1dHRvbi1pY29uJTIyJTNFJTNDaSUyMGNsYXNzJTNEJTIyZmFyJTIwZmEtcGx1cy1zcXVhcmUlMjIlMjBhcmlhLWhpZGRlbiUzRCUyMnRydWUlMjIlM0UlM0MlMkZpJTNFJTNDJTJGc3BhbiUzRSUwQSUyMCUyMCUzQ3NwYW4lMjBjbGFzcyUzRCUyMmN0YS1idXR0b24tdGV4dCUyMiUzRUlOU1RBTExFUiUyMEwlRTIlODAlOTlBUFBMSUNBVElPTiUyMFBSRVNUQVNIT1AlM0MlMkZzcGFuJTNFJTBBJTIwJTNDJTJGYSUzRSUzQyUyRmRpdiUzRSUwQQ==[\/vc_raw_html][\/vc_column][vc_column width=&#8221;1\/6&#8243; css=&#8221;.vc_custom_1551298973046{margin-bottom: 20px !important;}&#8221;][\/vc_column][\/vc_row][vc_row el_class=&#8221;.eip-r1&#8243; css=&#8221;.vc_custom_1553478853348{margin-top: 0px !important;padding-top: 0px !important;}&#8221;][vc_column el_class=&#8221;.eip-r1-c1&#8243;][vc_column_text]<\/p>\n<p style=\"text-align: center; margin-top: 10px;\">N\u2019oubliez pas de <a style=\"text-decoration: underline;\" href=\"https:\/\/www.flagshipcompany.com\/fr\/inscrivez-vous\/\">cr\u00e9er votre compte gratuit FlagShip<\/a> avant d\u2019installer l\u2019application!<\/p>\n<p>[\/vc_column_text][vc_column_text]<\/p>\n<div class=\"ecommerce-title\" style=\"line-height: normal;\"><span style=\"font-weight: normal !important; color: #636363;\">Besoin d\u2019aide?<\/span><br \/>\nAppelez-nous au 1-866-320-8383<\/div>\n<p>[\/vc_column_text][\/vc_column][\/vc_row][vc_row][vc_column width=&#8221;1\/3&#8243; css=&#8221;.vc_custom_1551298956341{margin-bottom: 20px !important;}&#8221;][\/vc_column][vc_column width=&#8221;1\/3&#8243;][vc_raw_html]JTNDZGl2JTIwc3R5bGUlM0QlMjJkaXNwbGF5JTNBYmxvY2slM0IlMjB3aWR0aCUzQTE4MHB4JTNCJTIwbWFyZ2luJTNBJTIwMCUyMGF1dG8lM0IlMjB0ZXh0LWFsaWduJTNBJTIwY2VudGVyJTNCJTIyJTNFJTNDYSUyMGNsYXNzJTNEJTIyZWNvbW1lcmNlLWdyYWRpZW50LWJ1dHRvbiUyMiUyMGhyZWYlM0QlMjJtYWlsdG8lM0FzdXBwb3J0JTQwZmxhZ3NoaXBjb21wYW55LmNvbSUyMiUzRU5PVVMlMjBKT0lORFJFJTNDJTJGYSUzRSUwQQ==[\/vc_raw_html][\/vc_column][vc_column width=&#8221;1\/3&#8243;][\/vc_column][\/vc_row]<\/p>\n<\/div>","protected":false},"excerpt":{"rendered":"<p>[vc_row full_width=&#8221;stretch_row&#8221; css=&#8221;.vc_custom_1572631722018{background-image: url(https:\/\/www.flagshipcompany.com\/app\/uploads\/2019\/11\/prestashop-header-bg.png?id=8698) !important;background-position: center !important;background-repeat: no-repeat !important;background-size: cover !important;}&#8221;][vc_column][vc_row_inner css=&#8221;.vc_custom_1553273181268{padding-top: 100px !important;padding-bottom: 100px !important;background-position: center !important;background-repeat: no-repeat !important;background-size: cover !important;}&#8221;][vc_column_inner width=&#8221;2\/3&#8243;][vc_raw_html]JTNDZGl2JTIwY2xhc3MlM0QlMjJoZWFkZXItYm94LXJlbGF0aXZlJTIyJTIwc3R5bGUlM0QlMjJtYXJnaW4tbGVmdCUzQSUyMDBweCUzQiUyMHBhZGRpbmctbGVmdCUzQTBweCUzQiUyMiUzRSUwQSUzQ2RpdiUyMGNsYXNzJTNEJTIyaGVhZGVyLWNlbnRlci10ZXh0LWFic29sdXRlMiUyMiUyMHN0eWxlJTNEJTIybWFyZ2luLWxlZnQlM0ElMjAwcHglM0IlMjBwYWRkaW5nLWxlZnQlM0EwcHglM0IlMjIlM0UlMEElM0NkaXYlMjBjbGFzcyUzRCUyMmhlYWRlci1jZW50ZXItdGV4dC1hYnNvbHV0ZTItaW5uZXIlMjIlMjBzdHlsZSUzRCUyMm1hcmdpbi1sZWZ0JTNBJTIwMHB4JTNCJTIwcGFkZGluZy1sZWZ0JTNBMHB4JTNCJTIyJTNFJTBBJTNDaDElMjBzdHlsZSUzRCUyMm1hcmdpbi1sZWZ0JTNBJTIwMHB4JTNCJTIwcGFkZGluZy1sZWZ0JTNBMHB4JTNCJTIwZm9udC1zaXplJTNBJTIwOTAlMjUlMjIlM0UlM0Nmb250JTIwY2xhc3MlM0QlMjJsYXRvLW5vcm1hbCUyMiUzRUFwcGxpY2F0aW9uJTNDJTJGZm9udCUzRSUyMFByZXN0YVNob3AlM0MlMkZoMSUzRSUzQyUyRmRpdiUzRSUwQSUzQyUyRmRpdiUzRSUwQSUzQyUyRmRpdiUzRQ==[\/vc_raw_html][vc_empty_space height=&#8221;20px&#8221;][vc_column_text] Connectez votre boutique en ligne PrestaShop directement au syst\u00e8me&#8230;<\/p>\n","protected":false},"author":5,"featured_media":0,"parent":0,"menu_order":0,"comment_status":"closed","ping_status":"closed","template":"","meta":{"footnotes":""},"class_list":["post-8832","page","type-page","status-publish","hentry"],"_links":{"self":[{"href":"https:\/\/www.flagshipcompany.com\/fr\/wp-json\/wp\/v2\/pages\/8832","targetHints":{"allow":["GET"]}}],"collection":[{"href":"https:\/\/www.flagshipcompany.com\/fr\/wp-json\/wp\/v2\/pages"}],"about":[{"href":"https:\/\/www.flagshipcompany.com\/fr\/wp-json\/wp\/v2\/types\/page"}],"author":[{"embeddable":true,"href":"https:\/\/www.flagshipcompany.com\/fr\/wp-json\/wp\/v2\/users\/5"}],"replies":[{"embeddable":true,"href":"https:\/\/www.flagshipcompany.com\/fr\/wp-json\/wp\/v2\/comments?post=8832"}],"version-history":[{"count":31,"href":"https:\/\/www.flagshipcompany.com\/fr\/wp-json\/wp\/v2\/pages\/8832\/revisions"}],"predecessor-version":[{"id":25299,"href":"https:\/\/www.flagshipcompany.com\/fr\/wp-json\/wp\/v2\/pages\/8832\/revisions\/25299"}],"wp:attachment":[{"href":"https:\/\/www.flagshipcompany.com\/fr\/wp-json\/wp\/v2\/media?parent=8832"}],"curies":[{"name":"wp","href":"https:\/\/api.w.org\/{rel}","templated":true}]}}