{"id":9532,"date":"2020-05-12T19:36:08","date_gmt":"2020-05-12T19:36:08","guid":{"rendered":"https:\/\/www.flagshipcompany.com\/?page_id=9532"},"modified":"2025-04-25T01:15:07","modified_gmt":"2025-04-25T05:15:07","slug":"transporteur-de-colis","status":"publish","type":"page","link":"https:\/\/www.flagshipcompany.com\/fr\/transporteur-de-colis\/","title":{"rendered":"TRANSPORTEUR DE COLIS"},"content":{"rendered":"<div class=\"wpb-content-wrapper\"><p>[vc_row full_width=&#8221;stretch_row_content_no_spaces&#8221;][vc_column][vc_raw_html]JTNDZGl2JTIwY2xhc3MlM0QlMjJoZWFkZXItYm94LXJlbGF0aXZlJTIyJTNFJTBBJTBBJTNDZGl2JTIwY2xhc3MlM0QlMjJoZWFkZXItYm94LWJrZyUyMiUyMCUzRSUwQSUzQ2ltZyUyMHNyYyUzRCUyMmh0dHBzJTNBJTJGJTJGZmxhZ3NoaXBjb21wYW55LmNvbSUyRmFwcCUyRnVwbG9hZHMlMkYyMDE5JTJGMDIlMkZjaGVhcC1zaGlwcGluZy1oZWFkZXIucG5nJTIyJTIwJTJGJTNFJTBBJTNDJTJGZGl2JTNFJTBBJTBBJTNDZGl2JTIwY2xhc3MlM0QlMjJoZWFkZXItY2VudGVyLXRleHQtYWJzb2x1dGUyJTIyJTNFJTBBJTNDZGl2JTIwY2xhc3MlM0QlMjJoZWFkZXItY2VudGVyLXRleHQtYWJzb2x1dGUyLWlubmVyJTIyJTNFJTBBJTNDaDElM0UlM0Nmb250JTIwY2xhc3MlM0QlMjJsYXRvLW5vcm1hbCUyMiUzRVRSQU5TUE9SVEVVUiUyMERFJTIwQ09MSVMlMjAlMjAlM0MlMkZmb250JTNFJTNDJTJGaDElM0UlM0MlMkZkaXYlM0UlMEElM0MlMkZkaXYlM0UlMEElMjAlMjAlMjAlMjAlMEElM0MlMkZkaXYlM0U=[\/vc_raw_html][\/vc_column][\/vc_row][vc_row full_width=&#8221;stretch_row_content_no_spaces&#8221; css=&#8221;.vc_custom_1551121618350{background-position: center !important;background-repeat: no-repeat !important;background-size: cover !important;}&#8221;][vc_column][vc_row_inner css=&#8221;.vc_custom_1589310388400{padding-right: 200px !important;background-image: url(https:\/\/www.flagshipcompany.com\/app\/uploads\/2020\/05\/885&#215;258.png?id=9465) !important;background-position: center !important;background-repeat: no-repeat !important;background-size: cover !important;}&#8221;][vc_column_inner width=&#8221;1\/2&#8243;][\/vc_column_inner][vc_column_inner width=&#8221;1\/2&#8243; offset=&#8221;vc_hidden-sm vc_hidden-xs&#8221;][vc_single_image image=&#8221;9509&#8243;][vc_column_text]<span class=\"lato-normal uppercase-all title-blue\" style=\"font-size: 120% !important;\">Qu&#8217;est-ce qu&#8217;un transporteur?\u00a0<\/span><\/p>\n<p>De nombreuses petites et moyennes entreprises partout au Canada recherchent un transporteur de colis cr\u00e9dible et rentable pour leur succ\u00e8s commercial. Essentiellement, un transporteur, \u00e0 sa d\u00e9finition la plus fondamentale, fournit des services de transport pour les marchandises du point A au point B, en livrant des produits d&#8217;un emplacement \u00e0 un autre.<\/p>\n<p>L\u2019exp\u00e9dition est un \u00e9l\u00e9ment essentiel du succ\u00e8s d\u2019une entreprise; il est essentiel d\u2019obtenir les produits et autres exp\u00e9ditions aux clients \u00e0 temps, sans dommage et \u00e0 bon prix. Il est important de choisir un transporteur fiable pour vous assurer que vos marchandises sont transport\u00e9es de fa\u00e7on s\u00e9curitaire et efficace \u00e0 votre client. C&#8217;est pourquoi FlagShip collabore uniquement avec les principaux transporteurs comme Purolator, UPS, FedEx, Canpar, DHL et GLS. Que vos exp\u00e9ditions soient \u00e0 l&#8217;autre bout de la ville ou dans un autre pays, nous avons la solution d&#8217;exp\u00e9dition pour vous.[\/vc_column_text][vc_raw_html]JTIwJTNDYSUyMGNsYXNzJTNEJTIyY3RhLWJ1dHRvbiUyMiUyMGhyZWYlM0QlMjJodHRwcyUzQSUyRiUyRnd3dy5mbGFnc2hpcGNvbXBhbnkuY29tJTJGZnIlMkZpbnNjcml2ZXotdm91cyUyRiUyMiUzRSUwQSUyMCUyMCUzQ3NwYW4lMjBjbGFzcyUzRCUyMmN0YS1idXR0b24taWNvbiUyMiUzRSUzQ2klMjBjbGFzcyUzRCUyMmZhJTIwZmEtY2hlY2stY2lyY2xlLW8lMjIlMjBhcmlhLWhpZGRlbiUzRCUyMnRydWUlMjIlM0UlM0MlMkZpJTNFJTNDJTJGc3BhbiUzRSUwQSUyMCUyMCUzQ3NwYW4lMjBjbGFzcyUzRCUyMmN0YS1idXR0b24tdGV4dCUyMiUzRUNSJUMzJTg5RVolMjBWT1RSRSUyMENPTVBURSUyMEdSQVRVSVQlM0MlMkZzcGFuJTNFJTBBJTIwJTNDJTJGYSUzRSUwQQ==[\/vc_raw_html][\/vc_column_inner][\/vc_row_inner][\/vc_column][\/vc_row][vc_row el_class=&#8221;.eip-r4 .lato-light&#8221; css=&#8221;.vc_custom_1535640578951{padding-top: 40px !important;}&#8221;][vc_column width=&#8221;1\/2&#8243;][vc_column_text]<\/p>\n<h2 style=\"color: #58595b !important;\">QUE FAUT-IL RECHERCHER DANS UN SERVICE DE TRANSPORTEUR?<\/h2>\n<p>[\/vc_column_text][vc_column_text]Un transporteur fiable exp\u00e9diera vos marchandises efficacement et s&#8217;assurera qu&#8217;elles sont en bon \u00e9tat. Mais il y a d&#8217;autres offres de services et caract\u00e9ristiques \u00e0 prendre en consid\u00e9ration :<\/p>\n<ul>\n<li><strong>Co\u00fbt :<\/strong> les frais d&#8217;exp\u00e9dition peuvent s&#8217;additionner. Que vous exp\u00e9diiez \u00e0 une autre ville ou \u00e0 un autre pays, assurez-vous d\u2019obtenir le meilleur prix pour aider \u00e0 r\u00e9duire vos frais d\u2019exp\u00e9dition.<\/li>\n<li><strong>Facilit\u00e9 de devis et de traitement des envois :<\/strong> le temps est de l\u2019argent, alors ne perdez pas votre temps et assurez-vous de choisir un syst\u00e8me d\u2019exp\u00e9dition qui peut vous fournir un devis pr\u00e9cis tout en facilitant le traitement de l\u2019exp\u00e9dition pour la livraison.<\/li>\n<li><strong>Suivi des exp\u00e9ditions :<\/strong> pour vous offrir la tranquillit\u00e9 d\u2019esprit, assurez-vous que le transporteur dispose d\u2019un moyen fiable de faire le suivi de vos exp\u00e9ditions, afin que vous sachiez l\u2019\u00e9tat de votre exp\u00e9dition \u00e0 chaque \u00e9tape.<\/li>\n<li><strong>Assurance :<\/strong> bien que des accidents puissent survenir, il est important que le transporteur que vous choisissez sache comment g\u00e9rer un envoi endommag\u00e9 ou perdu. Nos transporteurs offrent une assurance jusqu&#8217;\u00e0 100 $, tandis que FlagShip offre <a href=\"\/?page_id=3261\" target=\"_blank\" rel=\"noopener noreferrer\">une option d&#8217;assurance \u00e0 l&#8217;interne<\/a> tr\u00e8s concurrentielle pour prot\u00e9ger votre envoi contre les pertes ou les dommages et assurer que toutes les r\u00e9clamations requises se d\u00e9roulent aussi bien que possible.<\/li>\n<li><strong>Soutien :<\/strong> si vous avez des questions sur l\u2019exp\u00e9dition avant d\u2019obtenir un devis ou des questions sur votre exp\u00e9dition apr\u00e8s la livraison, assurez-vous que le service de livraison que vous utilisez peut vous fournir le soutien dont vous avez besoin. Il n&#8217;y a rien de plus frustrant que d&#8217;avoir un probl\u00e8me avec une livraison sans avoir recours au service de livraison que vous avez utilis\u00e9.<\/li>\n<\/ul>\n<p>[\/vc_column_text][\/vc_column][vc_column width=&#8221;1\/2&#8243;][vc_column_text css=&#8221;.vc_custom_1589310605892{padding-top: 40px !important;}&#8221;]<\/p>\n<p style=\"font-weight: bold; color: #00a7e0;\">Pourquoi FlagShip?<\/p>\n<p>Non seulement nous offrons un service fiable et efficace, mais nous offrons aussi des tarifs d\u2019exp\u00e9dition abordables avec des principaux transporteurs, le tout au m\u00eame endroit! En tant que l&#8217;un des plus grands revendeurs autoris\u00e9s du Canada, nous n\u00e9gocions les rabais d&#8217;exp\u00e9dition et vous les offrons. Il n&#8217;y a qu&#8217;un seul num\u00e9ro de t\u00e9l\u00e9phone \u00e0 composer, une seule facture consolid\u00e9e, un service \u00e0 la client\u00e8le en direct (m\u00eame apr\u00e8s les heures d&#8217;ouverture!) et les plus r\u00e9centes innovations technologiques. Si votre magasin en ligne a besoin d\u2019un moyen facile d\u2019exp\u00e9dition, vous \u00eates au bon endroit. Vous n\u2019avez qu\u2019\u00e0 ouvrir une session sur votre compte FlagShip gratuit et \u00e0 commencer \u00e0 exp\u00e9dier efficacement pour vous permettre de revenir \u00e0 ce qui est important &#8211; l\u2019exploitation de votre entreprise.[\/vc_column_text][vc_raw_html css=&#8221;.vc_custom_1551476113561{margin-bottom: 10px !important;}&#8221;]JTIwJTNDYSUyMGNsYXNzJTNEJTIyY3RhLWJ1dHRvbiUyMiUyMGhyZWYlM0QlMjJodHRwcyUzQSUyRiUyRnd3dy5mbGFnc2hpcGNvbXBhbnkuY29tJTJGZnIlMkZpbnNjcml2ZXotdm91cyUyRiUyMiUzRSUwQSUyMCUyMCUzQ3NwYW4lMjBjbGFzcyUzRCUyMmN0YS1idXR0b24taWNvbiUyMiUzRSUzQ2klMjBjbGFzcyUzRCUyMmZhJTIwZmEtY2hlY2stY2lyY2xlLW8lMjIlMjBhcmlhLWhpZGRlbiUzRCUyMnRydWUlMjIlM0UlM0MlMkZpJTNFJTNDJTJGc3BhbiUzRSUwQSUyMCUyMCUzQ3NwYW4lMjBjbGFzcyUzRCUyMmN0YS1idXR0b24tdGV4dCUyMiUzRUNSJUMzJTg5RVolMjBWT1RSRSUyMENPTVBURSUyMEdSQVRVSVQlM0MlMkZzcGFuJTNFJTBBJTIwJTNDJTJGYSUzRSUwQQ==[\/vc_raw_html][vc_column_text]<\/p>\n<p style=\"font-weight: bold; color: #00a7e0; font-size: 120%;\">Pour obtenir de l&#8217;aide, composez le 1-866-320-8383<\/p>\n<p>[\/vc_column_text][vc_column_text css=&#8221;.vc_custom_1591207645099{padding-top: 20px !important;padding-right: 20px !important;padding-bottom: 20px !important;padding-left: 20px !important;background-color: #00a7e0 !important;border-radius: 10px !important;}&#8221;]<\/p>\n<p style=\"color: #ffffff; font-weight: bold;\">C\u2019est aussi facile que \u00e7a en a l\u2019air<\/p>\n<p style=\"color: #ffffff;\">Exp\u00e9dier avec FlagShip est similaire \u00e0 acheter un voyage \u00e0 rabais sur un site de voyage en ligne. Pour commencer, il suffit de cr\u00e9er un compte FlagShip gratuit, puis d\u2019entrer toutes les informations pertinentes pour votre premier envoi comme la destination, la taille et le poids de l\u2019envoi. Notre syst\u00e8me d\u2019exp\u00e9dition en ligne vous permettra de comparer des tarifs d\u2019exp\u00e9dition \u00e0 prix r\u00e9duits, des options de service et des d\u00e9lais de livraison estim\u00e9s \u00e0 partir de notre s\u00e9lection d\u2019entreprises d\u2019exp\u00e9dition comme Purolator, UPS, FedEx, DHL, Canpar et GLS. Vous pouvez ensuite choisir soit le tarif le plus bas, l\u2019entreprise d&#8217;exp\u00e9dition de votre choix ou le d\u00e9lai de livraison le plus rapide. Toutes vos options sont pr\u00e9sent\u00e9es sur un seul \u00e9cran, ce qui simplifie la comparaison et le choix.<\/p>\n<p>[\/vc_column_text][\/vc_column][\/vc_row][vc_row el_class=&#8221;.eip-r1&#8243;][vc_column el_class=&#8221;.eip-r1-c1&#8243;][vc_single_image image=&#8221;13635&#8243; img_size=&#8221;full&#8221; alignment=&#8221;center&#8221;][vc_column_text]<\/p>\n<div class=\"oossv2-r1-title\" style=\"text-align: center; margin-bottom: 10px; margin-top: 0px;\"><b><b><b>DES <span style=\"color: #ef855f;\">\u00c9CONOMISEZ JUSQU&#8217;\u00c0 70%\u00a0 <\/span><\/b><\/b><\/b><b>SUR VOS EXP\u00c9DITIONS<\/b><\/div>\n<p>[\/vc_column_text][vc_separator][\/vc_column][\/vc_row][vc_row css=&#8221;.vc_custom_1551298810239{padding-bottom: 40px !important;}&#8221;][vc_column width=&#8221;1\/4&#8243;][vc_column_text]<\/p>\n<h2 style=\"color: #58595b !important;\">\u00c9conomisez du temps et de l\u2019argent sur tous vos besoins d\u2019exp\u00e9dition avec des escomptes de volume aupr\u00e8s d\u2019entreprises d\u2019exp\u00e9dition de confiance<\/h2>\n<p>[\/vc_column_text][\/vc_column][vc_column width=&#8221;1\/4&#8243; css=&#8221;.vc_custom_1551298956341{margin-bottom: 20px !important;}&#8221;][vc_single_image image=&#8221;6761&#8243; img_size=&#8221;&#8221; alignment=&#8221;center&#8221; css=&#8221;.vc_custom_1551298707133{margin-bottom: 10px !important;}&#8221;][vc_column_text]<\/p>\n<p style=\"text-align: center; margin-top: 0px; margin-bottom: 10px;\"><span class=\"lato-normal uppercase-all title-blue\">\u00c0 L\u2019int\u00e9rieur Du Canada<\/span><\/p>\n<p style=\"text-align: center;\">Les relations de FlagShip avec les principales entreprises d\u2019exp\u00e9dition comme Purolator, UPS, FedEx, DHL, Canpar et GLS permettent aux petites et moyennes entreprises de profiter de tarifs d\u2019exp\u00e9dition \u00e0 prix r\u00e9duits au Canada.<\/p>\n<p>[\/vc_column_text][\/vc_column][vc_column width=&#8221;1\/4&#8243; css=&#8221;.vc_custom_1551298963245{margin-bottom: 20px !important;}&#8221;][vc_single_image image=&#8221;6772&#8243; img_size=&#8221;&#8221; alignment=&#8221;center&#8221; css=&#8221;.vc_custom_1551298846792{margin-bottom: 10px !important;}&#8221;][vc_column_text]<\/p>\n<p style=\"text-align: center; margin-top: 0px; margin-bottom: 10px;\"><span class=\"lato-normal uppercase-all title-blue\">Exp\u00e9dition internationale<\/span><\/p>\n<p style=\"text-align: center;\">Il n\u2019a jamais \u00e9t\u00e9 aussi facile d\u2019exp\u00e9dier quelque chose de l\u2019autre c\u00f4t\u00e9 de la fronti\u00e8re ou outremer. FlagShip vous donne \u00e9galement acc\u00e8s aux taux d\u2019exp\u00e9dition internationale \u00e0 rabais d\u2019entreprises d\u2019exp\u00e9dition de confiance comme Purolator, UPS, FedEx et DHL.<\/p>\n<p>[\/vc_column_text][\/vc_column][vc_column width=&#8221;1\/4&#8243; css=&#8221;.vc_custom_1551298973046{margin-bottom: 20px !important;}&#8221;][vc_single_image image=&#8221;6774&#8243; img_size=&#8221;&#8221; alignment=&#8221;center&#8221; css=&#8221;.vc_custom_1551298868380{margin-bottom: 10px !important;}&#8221;][vc_column_text]<\/p>\n<p style=\"text-align: center; margin-top: 0px; margin-bottom: 10px;\"><span class=\"lato-normal uppercase-all title-blue\">Exp\u00e9dition LTL\/FRET<\/span><\/p>\n<p style=\"text-align: center;\">Lorsque votre envoi est trop gros pour \u00eatre envoy\u00e9 par une entreprise d\u2019exp\u00e9dition standard, FlagShip peut pr\u00e9parer des envois par <a href=\"\/?page_id=2342\">chargement partiel (LTL ou less-than-truckload) ou par chargement complet (FTL ou full-truckload)<\/a> \u00e0 partir de notre r\u00e9seau de plus de 20 000 transporteurs.<\/p>\n<p>[\/vc_column_text][\/vc_column][\/vc_row][vc_row full_width=&#8221;stretch_row&#8221; css=&#8221;.vc_custom_1462695407433{background-color: #f6f7f9 !important;}&#8221; el_class=&#8221;.eip-r2&#8243;][vc_column el_class=&#8221;.eip-r2-c1 .lato-light&#8221;][vc_column_text]<\/p>\n<div class=\"oossv2-r1-title\" style=\"text-align: center; margin-bottom: 10px; margin-top: 0px;\"><b>Beaucoup plus qu\u2019un calculateur de tarifs<\/b><\/div>\n<p>[\/vc_column_text][vc_column_text]<\/p>\n<p class=\"p1\" style=\"text-align: center;\"><span class=\"s1\">Nous sommes d\u2019avis qu\u2019il faut 3 \u00e9l\u00e9ments pour assurer une excellente exp\u00e9rience d\u2019exp\u00e9dition : un processus simple, des services fiables et des tarifs d\u2019exp\u00e9ditions \u00e0 prix r\u00e9duits. Nous avons regroup\u00e9 tous ces \u00e9l\u00e9ments dans un tableau de bord en ligne facile \u00e0 utiliser dans lequel vous pouvez comparer les tarifs d\u2019exp\u00e9dition d\u2019entreprises fiables en un seul endroit. Notre <a href=\"\/?page_id=2305\">syst\u00e8me d\u2019exp\u00e9dition en ligne<\/a> vous permet de choisir votre entreprise d\u2019exp\u00e9dition, d\u2019imprimer votre \u00e9tiquette d\u2019exp\u00e9dition et de suivre votre colis en quelques clics.<\/span><\/p>\n<p>[\/vc_column_text][vc_single_image image=&#8221;6807&#8243; img_size=&#8221;full&#8221; alignment=&#8221;center&#8221;][vc_separator][vc_row_inner][vc_column_inner width=&#8221;1\/6&#8243; css=&#8221;.vc_custom_1551300009582{margin-bottom: 15px !important;}&#8221;][vc_column_text]<\/p>\n<p style=\"text-align: center; color: #0ca8e2; font-weight: bold;\">Comparez instantan\u00e9ment des tarifs d\u2019exp\u00e9dition ou obtenez une soumission pour un envoi surdimensionn\u00e9<\/p>\n<p>[\/vc_column_text][\/vc_column_inner][vc_column_inner width=&#8221;1\/6&#8243; css=&#8221;.vc_custom_1551300017719{margin-bottom: 15px !important;}&#8221;][vc_column_text]<\/p>\n<p style=\"text-align: center; color: #0ca8e2; font-weight: bold;\">Cr\u00e9ez automatiquement des \u00e9tiquettes d\u2019exp\u00e9dition conformes et planifiez des ramassages<\/p>\n<p>[\/vc_column_text][\/vc_column_inner][vc_column_inner width=&#8221;1\/6&#8243; css=&#8221;.vc_custom_1551300022398{margin-bottom: 15px !important;}&#8221;][vc_column_text]<\/p>\n<p style=\"text-align: center; color: #0ca8e2; font-weight: bold;\">Consultez les temps de transit et l\u2019information de suivi en temps r\u00e9el<\/p>\n<p>[\/vc_column_text][\/vc_column_inner][vc_column_inner width=&#8221;1\/6&#8243; css=&#8221;.vc_custom_1551300026776{margin-bottom: 15px !important;}&#8221;][vc_column_text]<\/p>\n<p style=\"text-align: center; color: #0ca8e2; font-weight: bold;\">Conservez les informations importantes concernant vos envois pour une utilisation ult\u00e9rieure plus rapide<\/p>\n<p>[\/vc_column_text][\/vc_column_inner][vc_column_inner width=&#8221;1\/6&#8243; css=&#8221;.vc_custom_1551300031443{margin-bottom: 15px !important;}&#8221;][vc_column_text]<\/p>\n<p style=\"text-align: center; color: #0ca8e2; font-weight: bold;\">Recevez une facture consolid\u00e9e pour toutes vos activit\u00e9s d\u2019exp\u00e9dition<\/p>\n<p>[\/vc_column_text][\/vc_column_inner][vc_column_inner width=&#8221;1\/6&#8243; css=&#8221;.vc_custom_1551300035980{margin-bottom: 15px !important;}&#8221;][vc_column_text]<\/p>\n<p style=\"text-align: center; color: #0ca8e2; font-weight: bold;\">Int\u00e9grez votre compte FlagShip \u00e0 votre magasin \u00e9lectronique<\/p>\n<p>[\/vc_column_text][\/vc_column_inner][\/vc_row_inner][vc_row_inner css=&#8221;.vc_custom_1551300215365{margin-top: 20px !important;}&#8221;][vc_column_inner width=&#8221;1\/3&#8243;][\/vc_column_inner][vc_column_inner width=&#8221;1\/3&#8243;][vc_raw_html]JTIwJTNDYSUyMGNsYXNzJTNEJTIyY3RhLWJ1dHRvbiUyMiUyMGhyZWYlM0QlMjJodHRwcyUzQSUyRiUyRnd3dy5mbGFnc2hpcGNvbXBhbnkuY29tJTJGZnIlMkZub3RyZS1zeXN0ZW1lLWRleHBlZGl0aW9uLWVuLWxpZ25lJTJGJTIyJTNFJTBBJTIwJTIwJTNDc3BhbiUyMGNsYXNzJTNEJTIyY3RhLWJ1dHRvbi1pY29uJTIyJTNFJTNDaSUyMGNsYXNzJTNEJTIyZmFyJTIwZmEtYXJyb3ctYWx0LWNpcmNsZS1yaWdodCUyMiUyMGFyaWEtaGlkZGVuJTNEJTIydHJ1ZSUyMiUzRSUzQyUyRmklM0UlM0MlMkZzcGFuJTNFJTBBJTIwJTIwJTNDc3BhbiUyMGNsYXNzJTNEJTIyY3RhLWJ1dHRvbi10ZXh0JTIyJTNFRU4lMjBBUFBSRU5EUkUlMjBQTFVTJTNDJTJGc3BhbiUzRSUwQSUyMCUzQyUyRmElM0UlMEE=[\/vc_raw_html][\/vc_column_inner][vc_column_inner width=&#8221;1\/3&#8243;][\/vc_column_inner][\/vc_row_inner][\/vc_column][\/vc_row]<\/p>\n<\/div>","protected":false},"excerpt":{"rendered":"<p>[vc_row full_width=&#8221;stretch_row_content_no_spaces&#8221;][vc_column][vc_raw_html]JTNDZGl2JTIwY2xhc3MlM0QlMjJoZWFkZXItYm94LXJlbGF0aXZlJTIyJTNFJTBBJTBBJTNDZGl2JTIwY2xhc3MlM0QlMjJoZWFkZXItYm94LWJrZyUyMiUyMCUzRSUwQSUzQ2ltZyUyMHNyYyUzRCUyMmh0dHBzJTNBJTJGJTJGZmxhZ3NoaXBjb21wYW55LmNvbSUyRmFwcCUyRnVwbG9hZHMlMkYyMDE5JTJGMDIlMkZjaGVhcC1zaGlwcGluZy1oZWFkZXIucG5nJTIyJTIwJTJGJTNFJTBBJTNDJTJGZGl2JTNFJTBBJTBBJTNDZGl2JTIwY2xhc3MlM0QlMjJoZWFkZXItY2VudGVyLXRleHQtYWJzb2x1dGUyJTIyJTNFJTBBJTNDZGl2JTIwY2xhc3MlM0QlMjJoZWFkZXItY2VudGVyLXRleHQtYWJzb2x1dGUyLWlubmVyJTIyJTNFJTBBJTNDaDElM0UlM0Nmb250JTIwY2xhc3MlM0QlMjJsYXRvLW5vcm1hbCUyMiUzRVRSQU5TUE9SVEVVUiUyMERFJTIwQ09MSVMlMjAlMjAlM0MlMkZmb250JTNFJTNDJTJGaDElM0UlM0MlMkZkaXYlM0UlMEElM0MlMkZkaXYlM0UlMEElMjAlMjAlMjAlMjAlMEElM0MlMkZkaXYlM0U=[\/vc_raw_html][\/vc_column][\/vc_row][vc_row full_width=&#8221;stretch_row_content_no_spaces&#8221; css=&#8221;.vc_custom_1551121618350{background-position: center !important;background-repeat: no-repeat !important;background-size: cover !important;}&#8221;][vc_column][vc_row_inner css=&#8221;.vc_custom_1589310388400{padding-right: 200px !important;background-image: url(https:\/\/www.flagshipcompany.com\/app\/uploads\/2020\/05\/885&#215;258.png?id=9465) !important;background-position: center !important;background-repeat: no-repeat !important;background-size: cover !important;}&#8221;][vc_column_inner width=&#8221;1\/2&#8243;][\/vc_column_inner][vc_column_inner width=&#8221;1\/2&#8243; offset=&#8221;vc_hidden-sm vc_hidden-xs&#8221;][vc_single_image image=&#8221;9509&#8243;][vc_column_text]Qu&#8217;est-ce qu&#8217;un transporteur?\u00a0 De nombreuses petites et moyennes&#8230;<\/p>\n","protected":false},"author":5,"featured_media":0,"parent":0,"menu_order":0,"comment_status":"closed","ping_status":"closed","template":"","meta":{"footnotes":""},"class_list":["post-9532","page","type-page","status-publish","hentry"],"_links":{"self":[{"href":"https:\/\/www.flagshipcompany.com\/fr\/wp-json\/wp\/v2\/pages\/9532","targetHints":{"allow":["GET"]}}],"collection":[{"href":"https:\/\/www.flagshipcompany.com\/fr\/wp-json\/wp\/v2\/pages"}],"about":[{"href":"https:\/\/www.flagshipcompany.com\/fr\/wp-json\/wp\/v2\/types\/page"}],"author":[{"embeddable":true,"href":"https:\/\/www.flagshipcompany.com\/fr\/wp-json\/wp\/v2\/users\/5"}],"replies":[{"embeddable":true,"href":"https:\/\/www.flagshipcompany.com\/fr\/wp-json\/wp\/v2\/comments?post=9532"}],"version-history":[{"count":38,"href":"https:\/\/www.flagshipcompany.com\/fr\/wp-json\/wp\/v2\/pages\/9532\/revisions"}],"predecessor-version":[{"id":16665,"href":"https:\/\/www.flagshipcompany.com\/fr\/wp-json\/wp\/v2\/pages\/9532\/revisions\/16665"}],"wp:attachment":[{"href":"https:\/\/www.flagshipcompany.com\/fr\/wp-json\/wp\/v2\/media?parent=9532"}],"curies":[{"name":"wp","href":"https:\/\/api.w.org\/{rel}","templated":true}]}}